{"id":3791,"date":"2016-10-28T14:47:57","date_gmt":"2016-10-28T14:47:57","guid":{"rendered":"http:\/\/hospitaldaher.com.br\/plastica\/?page_id=3791"},"modified":"2022-09-23T08:24:14","modified_gmt":"2022-09-23T11:24:14","slug":"o-plug-flap-retalhos-em-ilha-da-mama","status":"publish","type":"page","link":"https:\/\/hospitaldaher.com.br\/plastica\/cirurgias-plasticas\/cirurgias-nas-mamas-as-reconstrucoes-mamarias\/o-plug-flap-retalhos-em-ilha-da-mama\/","title":{"rendered":"Retalhos em Ilha-plug flap"},"content":{"rendered":"<section class=\"l-section wpb_row height_medium\"><div class=\"l-section-h i-cf\"><div class=\"g-cols vc_row via_grid cols_1 laptops-cols_inherit tablets-cols_inherit mobiles-cols_1 valign_top type_default stacking_default\"><div class=\"wpb_column vc_column_container\"><div class=\"vc_column-inner\"><div class=\"g-cols wpb_row via_grid cols_1 laptops-cols_inherit tablets-cols_inherit mobiles-cols_1 valign_top type_default stacking_default\"><div class=\"wpb_column vc_column_container\"><div class=\"vc_column-inner\"><div class=\"wpb_text_column\"><div class=\"wpb_wrapper\"><p>Os cirurgi\u00f5es pl\u00e1sticos se prepararam para as reconstru\u00e7\u00f5es totais da mama mas n\u00e3o estavam preparadas para as reconstru\u00e7\u00f5es parciais.<\/p>\n<p>Assim quando os mastologistas come\u00e7aram a adotar condutas mais conservadoras produzindo feridas menores nas mamas, chamada de Quadrantectomias, embora muito menos traum\u00e1ticos que as mastectomias radicais, o seu fechamento simples provocava resultados distorcidos e inaceit\u00e1veis esteticamente.<\/p>\n<\/div><\/div><div class=\"w-separator size_medium\"><\/div><\/div><\/div><\/div><div class=\"g-cols wpb_row via_grid cols_2 laptops-cols_inherit tablets-cols_inherit mobiles-cols_1 valign_middle type_default stacking_default\"><div class=\"wpb_column vc_column_container\"><div class=\"vc_column-inner\"><div class=\"w-image align_center\"><div class=\"w-image-h\"><img loading=\"lazy\" decoding=\"async\" width=\"281\" height=\"151\" src=\"https:\/\/hospitaldaher.com.br\/plastica\/wp-content\/uploads\/2016\/10\/83.jpg\" class=\"attachment-full size-full\" alt=\"\" srcset=\"https:\/\/hospitaldaher.com.br\/plastica\/wp-content\/uploads\/2016\/10\/83.jpg 281w, https:\/\/hospitaldaher.com.br\/plastica\/wp-content\/uploads\/2016\/10\/83-150x81.jpg 150w\" sizes=\"(max-width: 281px) 100vw, 281px\" \/><\/div><\/div><\/div><\/div><div class=\"wpb_column vc_column_container\"><div class=\"vc_column-inner\"><div class=\"w-image align_center\"><div class=\"w-image-h\"><img loading=\"lazy\" decoding=\"async\" width=\"300\" height=\"216\" src=\"https:\/\/hospitaldaher.com.br\/plastica\/wp-content\/uploads\/2016\/10\/84-300x216.jpg\" class=\"attachment-medium size-medium\" alt=\"\" srcset=\"https:\/\/hospitaldaher.com.br\/plastica\/wp-content\/uploads\/2016\/10\/84-300x216.jpg 300w, https:\/\/hospitaldaher.com.br\/plastica\/wp-content\/uploads\/2016\/10\/84-450x324.jpg 450w, https:\/\/hospitaldaher.com.br\/plastica\/wp-content\/uploads\/2016\/10\/84.jpg 555w, https:\/\/hospitaldaher.com.br\/plastica\/wp-content\/uploads\/2016\/10\/84-150x108.jpg 150w\" sizes=\"(max-width: 300px) 100vw, 300px\" \/><\/div><\/div><\/div><\/div><\/div><div class=\"g-cols wpb_row via_grid cols_2 laptops-cols_inherit tablets-cols_inherit mobiles-cols_1 valign_top type_default stacking_default\"><div class=\"wpb_column vc_column_container\"><div class=\"vc_column-inner\"><div class=\"w-separator size_small\"><\/div><div class=\"wpb_text_column us_custom_9720dd5b\"><div class=\"wpb_wrapper\"><p style=\"text-align: center;\">O \u201cPlug Flap\u201d ou retalho em ilha da mama: t\u00e9cnica inventada pelo Dr. Daher para reconstru\u00e7\u00e3o mam\u00e1ria p\u00f3s quadrantectomia. Vista frontal.<\/p>\n<\/div><\/div><\/div><\/div><div class=\"wpb_column vc_column_container\"><div class=\"vc_column-inner\"><div class=\"w-separator size_small\"><\/div><div class=\"wpb_text_column us_custom_9720dd5b\"><div class=\"wpb_wrapper\"><p style=\"text-align: center;\">Reconstru\u00e7\u00e3o mam\u00e1ria pelo \u201cplug flap\u201d p\u00f3s quadrantectomia. Vista de perfil.<\/p>\n<\/div><\/div><\/div><\/div><\/div><\/div><\/div><\/div><\/div><\/section><section class=\"l-section wpb_row height_medium color_alternate\"><div class=\"l-section-h i-cf\"><div class=\"g-cols vc_row via_grid cols_1 laptops-cols_inherit tablets-cols_inherit mobiles-cols_1 valign_top type_default stacking_default\"><div class=\"wpb_column vc_column_container\"><div class=\"vc_column-inner\"><div class=\"g-cols wpb_row via_grid cols_2 laptops-cols_inherit tablets-cols_inherit mobiles-cols_1 valign_middle type_default stacking_default\"><div class=\"wpb_column vc_column_container\"><div class=\"vc_column-inner\"><div class=\"wpb_text_column\"><div class=\"wpb_wrapper\"><h3 style=\"text-align: justify;\"><strong>UMA EXPERI\u00caNCIA PESSOAL<\/strong><\/h3>\n<p style=\"text-align: justify;\">Sempre muito dedicado a este cap\u00edtulo da cirurgia pl\u00e1stica deparei-me com um caso de amputa\u00e7\u00e3o parcial, de solu\u00e7\u00e3o dific\u00edlima, onde o mastologista retirara todo o quadrante central (mamilo e aureola, projetada em um grande cilindro at\u00e9 o plano muscular na parede anterior no t\u00f3rax).<\/p>\n<p style=\"text-align: justify;\">Neste dia e neste caso, em um momento de ilumina\u00e7\u00e3o divina, concebi um procedimento que viria a se transformar depois em uma t\u00e9cnica que auxiliou e auxilia muitos cirurgi\u00f5es pl\u00e1sticos em todo o mundo e beneficia centenas de pacientes.<\/p>\n<p style=\"text-align: justify;\">Das contribui\u00e7\u00f5es que dei a Medicina, embora n\u00e3o seja a que tenha tido maior notoriedade acho que foi a de maior import\u00e2ncia: Foram os Retalhos em Ilha das Mamas, que chamo tamb\u00e9m de \u201cPlug-Flaps\u201d.<\/p>\n<p style=\"text-align: justify;\">Esta t\u00e9cnica se aplica quando o mastologista retira um segmento da mama, geralmente agregado a um segmento da pele mais pr\u00f3xima ao tumor (ou mesmo sem este fragmento de pele). Para melhor visualiza\u00e7\u00e3o, imagine um orif\u00edcio cil\u00edndrico, profundo, na forma de um gargalo de garrafa que atravessa toda a mama, desde a pele at\u00e9 as costelas.<\/p>\n<p style=\"text-align: justify;\">Neste momento o cirurgi\u00e3o pl\u00e1stico vai em alguma regi\u00e3o do polo inferior da mama, de preferencia onde h\u00e1 exuber\u00e2ncia ou \u201csobra\u201d de tecido, onde a mama \u00e9 ca\u00edda, desenha e esculpe um \u201ccilindro\u201d de tecido com pele em seu topo(ou n\u00e3o, dependendo da ferida deixada pelo mastologista), e este cilindro fica preso ao plano profundo onde entram as art\u00e9rias e veias, conferindo-lhe vida.<\/p>\n<\/div><\/div><\/div><\/div><div class=\"wpb_column vc_column_container\"><div class=\"vc_column-inner\"><div class=\"wpb_text_column\"><div class=\"wpb_wrapper\"><p style=\"text-align: justify;\">Ap\u00f3s, o cirurgi\u00e3o far\u00e1 com que a extremidade livre deste cilindro atravesse os tecidos sadios da mama por pequeno t\u00fanel, levando-o para preencher a \u00e1rea amputada como uma rolha que se encaixa no gargalo ou o pino de uma tomada que se encaixa em seu orif\u00edcio. \u00c9 o \u201cPLUG\u201d, que se encaixa como que se fosse no buraco de uma tomada.<\/p>\n<p style=\"text-align: justify;\">Reparada a ferida originada pela retirada do tumor, acabamos de modelar a mama em sua melhor forma est\u00e9tica, buscando-se um bonito cone, harmonioso com a outra mama, usando-se as t\u00e9cnicas cl\u00e1ssicas de pl\u00e1stica mamaria e, se necess\u00e1rio trabalhamos a mama remanescente para uma maior harmonia.<\/p>\n<p style=\"text-align: justify;\">\u00c9 t\u00e9cnica de extrema simplicidade que, depois de concebida, foi fundamentada por pesquisas anat\u00f4micas sobre os vasos que saem da parede do t\u00f3rax, pesquisas estas desenvolvidas por mim e depois confirmadas por outros pesquisadores.<\/p>\n<p style=\"text-align: justify;\">Com esta t\u00e9cnica, faz-se a retirada da \u00e1rea doente de forma conservadora e o paciente preserva sua mama em quase sua totalidade, melhorando na maioria das vezes sua forma.<\/p>\n<\/div><\/div><div class=\"w-separator size_medium\"><\/div><div class=\"w-hwrapper align_none valign_top\"><div class=\"w-image align_center\"><div class=\"w-image-h\"><img loading=\"lazy\" decoding=\"async\" width=\"395\" height=\"559\" src=\"https:\/\/hospitaldaher.com.br\/plastica\/wp-content\/uploads\/2016\/10\/85.jpg\" class=\"attachment-large size-large\" alt=\"\" srcset=\"https:\/\/hospitaldaher.com.br\/plastica\/wp-content\/uploads\/2016\/10\/85.jpg 395w, https:\/\/hospitaldaher.com.br\/plastica\/wp-content\/uploads\/2016\/10\/85-212x300.jpg 212w, https:\/\/hospitaldaher.com.br\/plastica\/wp-content\/uploads\/2016\/10\/85-106x150.jpg 106w, https:\/\/hospitaldaher.com.br\/plastica\/wp-content\/uploads\/2016\/10\/85-325x460.jpg 325w\" sizes=\"(max-width: 395px) 100vw, 395px\" \/><\/div><\/div><div class=\"w-separator size_small\"><\/div><div class=\"wpb_text_column us_custom_9720dd5b\"><div class=\"wpb_wrapper\"><p>O \u201cPlug Flap\u201d ou retalhos em ilha da mama, descrito por Daher, pode ter formas e volumes diversos, dependendo da les\u00e3o resultante da quadrantectomia, o que confere grande flexibilidade a t\u00e9cnica.<\/p>\n<\/div><\/div><\/div><\/div><\/div><\/div><\/div><\/div><\/div><\/div><\/section>\n","protected":false},"excerpt":{"rendered":"Os cirurgi\u00f5es pl\u00e1sticos se prepararam para as reconstru\u00e7\u00f5es totais da mama mas n\u00e3o estavam preparadas para as reconstru\u00e7\u00f5es parciais. Assim quando os mastologistas come\u00e7aram a adotar condutas mais conservadoras produzindo feridas menores nas mamas, chamada de Quadrantectomias, embora muito menos traum\u00e1ticos que as mastectomias radicais, o seu fechamento simples provocava resultados distorcidos e inaceit\u00e1veis esteticamente....","protected":false},"author":2,"featured_media":0,"parent":3800,"menu_order":0,"comment_status":"closed","ping_status":"closed","template":"","meta":{"footnotes":""},"yoast_head":"<!-- This site is optimized with the Yoast SEO plugin v21.6 - https:\/\/yoast.com\/wordpress\/plugins\/seo\/ -->\n<title>Retalhos em Ilha-plug flap - Dr. Jos\u00e9 Carlos Daher<\/title>\n<meta name=\"robots\" content=\"index, follow, max-snippet:-1, max-image-preview:large, max-video-preview:-1\" \/>\n<link rel=\"canonical\" href=\"https:\/\/hospitaldaher.com.br\/plastica\/cirurgias-plasticas\/cirurgias-nas-mamas-as-reconstrucoes-mamarias\/o-plug-flap-retalhos-em-ilha-da-mama\/\" \/>\n<meta property=\"og:locale\" content=\"pt_BR\" \/>\n<meta property=\"og:type\" content=\"article\" \/>\n<meta property=\"og:title\" content=\"Retalhos em Ilha-plug flap - Dr. Jos\u00e9 Carlos Daher\" \/>\n<meta property=\"og:url\" content=\"https:\/\/hospitaldaher.com.br\/plastica\/cirurgias-plasticas\/cirurgias-nas-mamas-as-reconstrucoes-mamarias\/o-plug-flap-retalhos-em-ilha-da-mama\/\" \/>\n<meta property=\"og:site_name\" content=\"Dr. Jos\u00e9 Carlos Daher\" \/>\n<meta property=\"article:publisher\" content=\"https:\/\/www.facebook.com\/daherplastica\/\" \/>\n<meta property=\"article:modified_time\" content=\"2022-09-23T11:24:14+00:00\" \/>\n<meta name=\"twitter:card\" content=\"summary_large_image\" \/>\n<meta name=\"twitter:label1\" content=\"Est. tempo de leitura\" \/>\n\t<meta name=\"twitter:data1\" content=\"4 minutos\" \/>\n<script type=\"application\/ld+json\" class=\"yoast-schema-graph\">{\"@context\":\"https:\/\/schema.org\",\"@graph\":[{\"@type\":\"NewsArticle\",\"@id\":\"https:\/\/hospitaldaher.com.br\/plastica\/cirurgias-plasticas\/cirurgias-nas-mamas-as-reconstrucoes-mamarias\/o-plug-flap-retalhos-em-ilha-da-mama\/#article\",\"isPartOf\":{\"@id\":\"https:\/\/hospitaldaher.com.br\/plastica\/cirurgias-plasticas\/cirurgias-nas-mamas-as-reconstrucoes-mamarias\/o-plug-flap-retalhos-em-ilha-da-mama\/\"},\"author\":{\"name\":\"Rodrigo Souza\",\"@id\":\"https:\/\/hospitaldaher.com.br\/plastica\/#\/schema\/person\/c5815cf777240b18b88be2b1e11beec5\"},\"headline\":\"Retalhos em Ilha-plug flap\",\"datePublished\":\"2016-10-28T14:47:57+00:00\",\"dateModified\":\"2022-09-23T11:24:14+00:00\",\"mainEntityOfPage\":{\"@id\":\"https:\/\/hospitaldaher.com.br\/plastica\/cirurgias-plasticas\/cirurgias-nas-mamas-as-reconstrucoes-mamarias\/o-plug-flap-retalhos-em-ilha-da-mama\/\"},\"wordCount\":815,\"publisher\":{\"@id\":\"https:\/\/hospitaldaher.com.br\/plastica\/#organization\"},\"inLanguage\":\"pt-BR\"},{\"@type\":[\"WebPage\",\"MedicalWebPage\"],\"@id\":\"https:\/\/hospitaldaher.com.br\/plastica\/cirurgias-plasticas\/cirurgias-nas-mamas-as-reconstrucoes-mamarias\/o-plug-flap-retalhos-em-ilha-da-mama\/\",\"url\":\"https:\/\/hospitaldaher.com.br\/plastica\/cirurgias-plasticas\/cirurgias-nas-mamas-as-reconstrucoes-mamarias\/o-plug-flap-retalhos-em-ilha-da-mama\/\",\"name\":\"Retalhos em Ilha-plug flap - Dr. Jos\u00e9 Carlos Daher\",\"isPartOf\":{\"@id\":\"https:\/\/hospitaldaher.com.br\/plastica\/#website\"},\"datePublished\":\"2016-10-28T14:47:57+00:00\",\"dateModified\":\"2022-09-23T11:24:14+00:00\",\"breadcrumb\":{\"@id\":\"https:\/\/hospitaldaher.com.br\/plastica\/cirurgias-plasticas\/cirurgias-nas-mamas-as-reconstrucoes-mamarias\/o-plug-flap-retalhos-em-ilha-da-mama\/#breadcrumb\"},\"inLanguage\":\"pt-BR\",\"potentialAction\":[{\"@type\":\"ReadAction\",\"target\":[\"https:\/\/hospitaldaher.com.br\/plastica\/cirurgias-plasticas\/cirurgias-nas-mamas-as-reconstrucoes-mamarias\/o-plug-flap-retalhos-em-ilha-da-mama\/\"]}]},{\"@type\":\"BreadcrumbList\",\"@id\":\"https:\/\/hospitaldaher.com.br\/plastica\/cirurgias-plasticas\/cirurgias-nas-mamas-as-reconstrucoes-mamarias\/o-plug-flap-retalhos-em-ilha-da-mama\/#breadcrumb\",\"itemListElement\":[{\"@type\":\"ListItem\",\"position\":1,\"name\":\"In\u00edcio\",\"item\":\"https:\/\/hospitaldaher.com.br\/plastica\/\"},{\"@type\":\"ListItem\",\"position\":2,\"name\":\"Cirurgias Pl\u00e1sticas\",\"item\":\"https:\/\/hospitaldaher.com.br\/plastica\/cirurgias-plasticas\/\"},{\"@type\":\"ListItem\",\"position\":3,\"name\":\"Reconstru\u00e7\u00f5es mam\u00e1rias\",\"item\":\"https:\/\/hospitaldaher.com.br\/plastica\/cirurgias-plasticas\/cirurgias-nas-mamas-as-reconstrucoes-mamarias\/\"},{\"@type\":\"ListItem\",\"position\":4,\"name\":\"Retalhos em Ilha-plug flap\"}]},{\"@type\":\"WebSite\",\"@id\":\"https:\/\/hospitaldaher.com.br\/plastica\/#website\",\"url\":\"https:\/\/hospitaldaher.com.br\/plastica\/\",\"name\":\"Dr. Jos\u00e9 Carlos Daher\",\"description\":\"Cirurgia Pl\u00e1stica\",\"publisher\":{\"@id\":\"https:\/\/hospitaldaher.com.br\/plastica\/#organization\"},\"potentialAction\":[{\"@type\":\"SearchAction\",\"target\":{\"@type\":\"EntryPoint\",\"urlTemplate\":\"https:\/\/hospitaldaher.com.br\/plastica\/?s={search_term_string}\"},\"query-input\":\"required name=search_term_string\"}],\"inLanguage\":\"pt-BR\"},{\"@type\":\"Organization\",\"@id\":\"https:\/\/hospitaldaher.com.br\/plastica\/#organization\",\"name\":\"Daher Pl\u00e1stica - Dr. Jos\u00e9 Carlos Daher e Dr. Leonardo Daher\",\"url\":\"https:\/\/hospitaldaher.com.br\/plastica\/\",\"logo\":{\"@type\":\"ImageObject\",\"inLanguage\":\"pt-BR\",\"@id\":\"https:\/\/hospitaldaher.com.br\/plastica\/#\/schema\/logo\/image\/\",\"url\":\"https:\/\/hospitaldaher.com.br\/plastica\/wp-content\/uploads\/2022\/09\/Logo_Jose_Carlos_Daher_em_Brasilia_Black.svg\",\"contentUrl\":\"https:\/\/hospitaldaher.com.br\/plastica\/wp-content\/uploads\/2022\/09\/Logo_Jose_Carlos_Daher_em_Brasilia_Black.svg\",\"width\":\"1030\",\"height\":\"1030\",\"caption\":\"Daher Pl\u00e1stica - Dr. Jos\u00e9 Carlos Daher e Dr. Leonardo Daher\"},\"image\":{\"@id\":\"https:\/\/hospitaldaher.com.br\/plastica\/#\/schema\/logo\/image\/\"},\"sameAs\":[\"https:\/\/www.facebook.com\/daherplastica\/\",\"https:\/\/www.instagram.com\/doutor_daher\/\"]},{\"@type\":\"Person\",\"@id\":\"https:\/\/hospitaldaher.com.br\/plastica\/#\/schema\/person\/c5815cf777240b18b88be2b1e11beec5\",\"name\":\"Rodrigo Souza\",\"image\":{\"@type\":\"ImageObject\",\"inLanguage\":\"pt-BR\",\"@id\":\"https:\/\/hospitaldaher.com.br\/plastica\/#\/schema\/person\/image\/\",\"url\":\"https:\/\/hospitaldaher.com.br\/plastica\/wp-content\/litespeed\/avatar\/8066cc10441b38f9f1b28973ebaf07e9.jpg?ver=1775653742\",\"contentUrl\":\"https:\/\/hospitaldaher.com.br\/plastica\/wp-content\/litespeed\/avatar\/8066cc10441b38f9f1b28973ebaf07e9.jpg?ver=1775653742\",\"caption\":\"Rodrigo Souza\"}}]}<\/script>\n<!-- \/ Yoast SEO plugin. -->","yoast_head_json":{"title":"Retalhos em Ilha-plug flap - Dr. Jos\u00e9 Carlos Daher","robots":{"index":"index","follow":"follow","max-snippet":"max-snippet:-1","max-image-preview":"max-image-preview:large","max-video-preview":"max-video-preview:-1"},"canonical":"https:\/\/hospitaldaher.com.br\/plastica\/cirurgias-plasticas\/cirurgias-nas-mamas-as-reconstrucoes-mamarias\/o-plug-flap-retalhos-em-ilha-da-mama\/","og_locale":"pt_BR","og_type":"article","og_title":"Retalhos em Ilha-plug flap - Dr. Jos\u00e9 Carlos Daher","og_url":"https:\/\/hospitaldaher.com.br\/plastica\/cirurgias-plasticas\/cirurgias-nas-mamas-as-reconstrucoes-mamarias\/o-plug-flap-retalhos-em-ilha-da-mama\/","og_site_name":"Dr. Jos\u00e9 Carlos Daher","article_publisher":"https:\/\/www.facebook.com\/daherplastica\/","article_modified_time":"2022-09-23T11:24:14+00:00","twitter_card":"summary_large_image","twitter_misc":{"Est. tempo de leitura":"4 minutos"},"schema":{"@context":"https:\/\/schema.org","@graph":[{"@type":"NewsArticle","@id":"https:\/\/hospitaldaher.com.br\/plastica\/cirurgias-plasticas\/cirurgias-nas-mamas-as-reconstrucoes-mamarias\/o-plug-flap-retalhos-em-ilha-da-mama\/#article","isPartOf":{"@id":"https:\/\/hospitaldaher.com.br\/plastica\/cirurgias-plasticas\/cirurgias-nas-mamas-as-reconstrucoes-mamarias\/o-plug-flap-retalhos-em-ilha-da-mama\/"},"author":{"name":"Rodrigo Souza","@id":"https:\/\/hospitaldaher.com.br\/plastica\/#\/schema\/person\/c5815cf777240b18b88be2b1e11beec5"},"headline":"Retalhos em Ilha-plug flap","datePublished":"2016-10-28T14:47:57+00:00","dateModified":"2022-09-23T11:24:14+00:00","mainEntityOfPage":{"@id":"https:\/\/hospitaldaher.com.br\/plastica\/cirurgias-plasticas\/cirurgias-nas-mamas-as-reconstrucoes-mamarias\/o-plug-flap-retalhos-em-ilha-da-mama\/"},"wordCount":815,"publisher":{"@id":"https:\/\/hospitaldaher.com.br\/plastica\/#organization"},"inLanguage":"pt-BR"},{"@type":["WebPage","MedicalWebPage"],"@id":"https:\/\/hospitaldaher.com.br\/plastica\/cirurgias-plasticas\/cirurgias-nas-mamas-as-reconstrucoes-mamarias\/o-plug-flap-retalhos-em-ilha-da-mama\/","url":"https:\/\/hospitaldaher.com.br\/plastica\/cirurgias-plasticas\/cirurgias-nas-mamas-as-reconstrucoes-mamarias\/o-plug-flap-retalhos-em-ilha-da-mama\/","name":"Retalhos em Ilha-plug flap - Dr. Jos\u00e9 Carlos Daher","isPartOf":{"@id":"https:\/\/hospitaldaher.com.br\/plastica\/#website"},"datePublished":"2016-10-28T14:47:57+00:00","dateModified":"2022-09-23T11:24:14+00:00","breadcrumb":{"@id":"https:\/\/hospitaldaher.com.br\/plastica\/cirurgias-plasticas\/cirurgias-nas-mamas-as-reconstrucoes-mamarias\/o-plug-flap-retalhos-em-ilha-da-mama\/#breadcrumb"},"inLanguage":"pt-BR","potentialAction":[{"@type":"ReadAction","target":["https:\/\/hospitaldaher.com.br\/plastica\/cirurgias-plasticas\/cirurgias-nas-mamas-as-reconstrucoes-mamarias\/o-plug-flap-retalhos-em-ilha-da-mama\/"]}]},{"@type":"BreadcrumbList","@id":"https:\/\/hospitaldaher.com.br\/plastica\/cirurgias-plasticas\/cirurgias-nas-mamas-as-reconstrucoes-mamarias\/o-plug-flap-retalhos-em-ilha-da-mama\/#breadcrumb","itemListElement":[{"@type":"ListItem","position":1,"name":"In\u00edcio","item":"https:\/\/hospitaldaher.com.br\/plastica\/"},{"@type":"ListItem","position":2,"name":"Cirurgias Pl\u00e1sticas","item":"https:\/\/hospitaldaher.com.br\/plastica\/cirurgias-plasticas\/"},{"@type":"ListItem","position":3,"name":"Reconstru\u00e7\u00f5es mam\u00e1rias","item":"https:\/\/hospitaldaher.com.br\/plastica\/cirurgias-plasticas\/cirurgias-nas-mamas-as-reconstrucoes-mamarias\/"},{"@type":"ListItem","position":4,"name":"Retalhos em Ilha-plug flap"}]},{"@type":"WebSite","@id":"https:\/\/hospitaldaher.com.br\/plastica\/#website","url":"https:\/\/hospitaldaher.com.br\/plastica\/","name":"Dr. Jos\u00e9 Carlos Daher","description":"Cirurgia Pl\u00e1stica","publisher":{"@id":"https:\/\/hospitaldaher.com.br\/plastica\/#organization"},"potentialAction":[{"@type":"SearchAction","target":{"@type":"EntryPoint","urlTemplate":"https:\/\/hospitaldaher.com.br\/plastica\/?s={search_term_string}"},"query-input":"required name=search_term_string"}],"inLanguage":"pt-BR"},{"@type":"Organization","@id":"https:\/\/hospitaldaher.com.br\/plastica\/#organization","name":"Daher Pl\u00e1stica - Dr. Jos\u00e9 Carlos Daher e Dr. Leonardo Daher","url":"https:\/\/hospitaldaher.com.br\/plastica\/","logo":{"@type":"ImageObject","inLanguage":"pt-BR","@id":"https:\/\/hospitaldaher.com.br\/plastica\/#\/schema\/logo\/image\/","url":"https:\/\/hospitaldaher.com.br\/plastica\/wp-content\/uploads\/2022\/09\/Logo_Jose_Carlos_Daher_em_Brasilia_Black.svg","contentUrl":"https:\/\/hospitaldaher.com.br\/plastica\/wp-content\/uploads\/2022\/09\/Logo_Jose_Carlos_Daher_em_Brasilia_Black.svg","width":"1030","height":"1030","caption":"Daher Pl\u00e1stica - Dr. Jos\u00e9 Carlos Daher e Dr. Leonardo Daher"},"image":{"@id":"https:\/\/hospitaldaher.com.br\/plastica\/#\/schema\/logo\/image\/"},"sameAs":["https:\/\/www.facebook.com\/daherplastica\/","https:\/\/www.instagram.com\/doutor_daher\/"]},{"@type":"Person","@id":"https:\/\/hospitaldaher.com.br\/plastica\/#\/schema\/person\/c5815cf777240b18b88be2b1e11beec5","name":"Rodrigo Souza","image":{"@type":"ImageObject","inLanguage":"pt-BR","@id":"https:\/\/hospitaldaher.com.br\/plastica\/#\/schema\/person\/image\/","url":"https:\/\/hospitaldaher.com.br\/plastica\/wp-content\/litespeed\/avatar\/8066cc10441b38f9f1b28973ebaf07e9.jpg?ver=1775653742","contentUrl":"https:\/\/hospitaldaher.com.br\/plastica\/wp-content\/litespeed\/avatar\/8066cc10441b38f9f1b28973ebaf07e9.jpg?ver=1775653742","caption":"Rodrigo Souza"}}]}},"_links":{"self":[{"href":"https:\/\/hospitaldaher.com.br\/plastica\/wp-json\/wp\/v2\/pages\/3791"}],"collection":[{"href":"https:\/\/hospitaldaher.com.br\/plastica\/wp-json\/wp\/v2\/pages"}],"about":[{"href":"https:\/\/hospitaldaher.com.br\/plastica\/wp-json\/wp\/v2\/types\/page"}],"author":[{"embeddable":true,"href":"https:\/\/hospitaldaher.com.br\/plastica\/wp-json\/wp\/v2\/users\/2"}],"replies":[{"embeddable":true,"href":"https:\/\/hospitaldaher.com.br\/plastica\/wp-json\/wp\/v2\/comments?post=3791"}],"version-history":[{"count":2,"href":"https:\/\/hospitaldaher.com.br\/plastica\/wp-json\/wp\/v2\/pages\/3791\/revisions"}],"predecessor-version":[{"id":7288,"href":"https:\/\/hospitaldaher.com.br\/plastica\/wp-json\/wp\/v2\/pages\/3791\/revisions\/7288"}],"up":[{"embeddable":true,"href":"https:\/\/hospitaldaher.com.br\/plastica\/wp-json\/wp\/v2\/pages\/3800"}],"wp:attachment":[{"href":"https:\/\/hospitaldaher.com.br\/plastica\/wp-json\/wp\/v2\/media?parent=3791"}],"curies":[{"name":"wp","href":"https:\/\/api.w.org\/{rel}","templated":true}]}}