{"id":3800,"date":"2016-10-28T15:07:13","date_gmt":"2016-10-28T15:07:13","guid":{"rendered":"http:\/\/hospitaldaher.com.br\/plastica\/?page_id=3800"},"modified":"2022-09-27T08:43:06","modified_gmt":"2022-09-27T11:43:06","slug":"cirurgias-nas-mamas-as-reconstrucoes-mamarias","status":"publish","type":"page","link":"https:\/\/hospitaldaher.com.br\/plastica\/cirurgias-plasticas\/cirurgias-nas-mamas-as-reconstrucoes-mamarias\/","title":{"rendered":"Reconstru\u00e7\u00f5es mam\u00e1rias"},"content":{"rendered":"<section class=\"l-section wpb_row height_small\"><div class=\"l-section-h i-cf\"><div class=\"g-cols vc_row via_grid cols_1 laptops-cols_inherit tablets-cols_inherit mobiles-cols_1 valign_top type_default stacking_default\"><div class=\"wpb_column vc_column_container\"><div class=\"vc_column-inner\"><div class=\"g-cols wpb_row via_grid cols_2 laptops-cols_inherit tablets-cols_inherit mobiles-cols_1 valign_top type_default stacking_default\"><div class=\"wpb_column vc_column_container\"><div class=\"vc_column-inner\"><div class=\"w-image align_center\"><div class=\"w-image-h\"><img loading=\"lazy\" decoding=\"async\" width=\"800\" height=\"600\" src=\"https:\/\/hospitaldaher.com.br\/plastica\/wp-content\/uploads\/2016\/10\/14-1.jpg\" class=\"attachment-large size-large\" alt=\"\" srcset=\"https:\/\/hospitaldaher.com.br\/plastica\/wp-content\/uploads\/2016\/10\/14-1.jpg 800w, https:\/\/hospitaldaher.com.br\/plastica\/wp-content\/uploads\/2016\/10\/14-1-300x225.jpg 300w, https:\/\/hospitaldaher.com.br\/plastica\/wp-content\/uploads\/2016\/10\/14-1-768x576.jpg 768w, https:\/\/hospitaldaher.com.br\/plastica\/wp-content\/uploads\/2016\/10\/14-1-705x529.jpg 705w, https:\/\/hospitaldaher.com.br\/plastica\/wp-content\/uploads\/2016\/10\/14-1-450x338.jpg 450w, https:\/\/hospitaldaher.com.br\/plastica\/wp-content\/uploads\/2016\/10\/14-1-150x113.jpg 150w, https:\/\/hospitaldaher.com.br\/plastica\/wp-content\/uploads\/2016\/10\/14-1-600x450.jpg 600w\" sizes=\"(max-width: 800px) 100vw, 800px\" \/><\/div><\/div><div class=\"w-separator size_small\"><\/div><div class=\"wpb_text_column us_custom_9720dd5b\"><div class=\"wpb_wrapper\"><p style=\"text-align: center;\">As mamas: constitu\u00eddas de pele, tecido gorduroso, tecido glandular e f\u00e1scias; local de maior incid\u00eancia de c\u00e2ncer na mulher; na maioria das vezes cur\u00e1vel, desde que descoberto precocemente. \u00c9 indispens\u00e1vel o exame preventivo de c\u00e2ncer.<\/p>\n<\/div><\/div><\/div><\/div><div class=\"wpb_column vc_column_container\"><div class=\"vc_column-inner\"><div class=\"wpb_text_column\"><div class=\"wpb_wrapper\"><p style=\"text-align: justify;\">\u201cEm termos de express\u00e3o corporal, as mamas est\u00e3o para a mulher assim como o p\u00eanis est\u00e1 para o homem.\u2019 As mamas t\u00eam uma enorme import\u00e2ncia para a preserva\u00e7\u00e3o da integridade psicol\u00f3gica da mulher.<\/p>\n<p style=\"text-align: justify;\">A causa maior da mutila\u00e7\u00e3o das mamas \u00e9 o c\u00e2ncer, onde o mastologista (cancerologista) \u00e9 obrigado a amputar total ou parcialmente a mama para extirpar a doen\u00e7a (existem outras causas como queimaduras, abcesso, etc, que tamb\u00e9m mutilam as mamas, por\u00e9m muito menos importantes estatisticamente).<\/p>\n<p style=\"text-align: justify;\">Em casos de c\u00e2ncer, antigamente fazia-se como rotina a amputa\u00e7\u00e3o total e n\u00e3o havia a reconstru\u00e7\u00e3o mam\u00e1ria imediata.<br \/>\nIsso levava a um per\u00edodo terr\u00edvel na vida da mulher, que al\u00e9m das grandes incertezas por causa da sua doen\u00e7a, carregava a perda de um de seus \u00f3rg\u00e3os de maior import\u00e2ncia, s\u00edmbolo de seu g\u00eanero e de sua feminilidade.<\/p>\n<p style=\"text-align: justify;\">Hoje, o tratamento de c\u00e2ncer de mama \u00e9 multidisciplinar, envolvendo o oncologista cl\u00ednico, radioterapeuta, patologista, fisioterapeuta, psic\u00f3logo, etc., e o indispens\u00e1vel bin\u00f4mio, mastologista e cirurgi\u00e3o pl\u00e1stico.<\/p>\n<p style=\"text-align: justify;\">O cirurgi\u00e3o pl\u00e1stico junto ao mastologista, no ato operat\u00f3rio do c\u00e2ncer de mama \u00e9 a nosso ver indispens\u00e1vel, seja para reconstruir a mama imediatamente ou para um apoio ao mastologista, visando planejar e preparar o campo para a reconstru\u00e7\u00e3o tardia.<\/p>\n<\/div><\/div><\/div><\/div><\/div><\/div><\/div><\/div><\/div><\/section><section class=\"l-section wpb_row height_large color_alternate\"><div class=\"l-section-h i-cf\"><div class=\"g-cols vc_row via_grid cols_1 laptops-cols_inherit tablets-cols_inherit mobiles-cols_1 valign_top type_default stacking_default\"><div class=\"wpb_column vc_column_container\"><div class=\"vc_column-inner\"><div class=\"g-cols wpb_row via_grid cols_2 laptops-cols_inherit tablets-cols_inherit mobiles-cols_1 valign_top type_default stacking_default\"><div class=\"wpb_column vc_column_container\"><div class=\"vc_column-inner\"><div class=\"wpb_text_column\"><div class=\"wpb_wrapper\"><h2>Reconstru\u00e7\u00f5es mam\u00e1rias<\/h2>\n<p><strong>Classifica\u00e7\u00e3o<\/strong>:<\/p>\n<p><i class=\"fal fa-check-circle\"><\/i> Reconstru\u00e7\u00f5es totais;<br \/>\n<i class=\"fal fa-check-circle\"><\/i> Reconstru\u00e7\u00f5es parciais.<\/p>\n<p>Reconstru\u00e7\u00f5es totais da mama: aplicam-se aos casos em que o mastologista ou cancerologista retiraram a mama toda para o tratamento da doen\u00e7a.<\/p>\n<p>Aqui, n\u00f3s temos as seguintes t\u00e9cnicas b\u00e1sicas:<\/p>\n<p><i class=\"fal fa-check-circle\"><\/i> TRAM (retalho transverso mio-cut\u00e2neo abdominal);<br \/>\n<i class=\"fal fa-check-circle\"><\/i> Retalho do m\u00fasculo grande dorsal;<br \/>\n<i class=\"fal fa-check-circle\"><\/i> Expansores;<br \/>\n<i class=\"fal fa-check-circle\"><\/i> Outros Retalhos.<\/p>\n<p>Reconstru\u00e7\u00f5es parciais da mama: para os casos em que o mastologista retirou parte da mama (quadrantectomias).<br \/>\nAs t\u00e9cnicas b\u00e1sicas s\u00e3o:<\/p>\n<p><i class=\"fal fa-check-circle\"><\/i> Plug-Flap;<br \/>\n<i class=\"fal fa-check-circle\"><\/i> Outros retalhos.<\/p>\n<\/div><\/div><\/div><\/div><div class=\"wpb_column vc_column_container\"><div class=\"vc_column-inner\"><div class=\"w-image align_center\"><div class=\"w-image-h\"><img loading=\"lazy\" decoding=\"async\" width=\"411\" height=\"586\" src=\"https:\/\/hospitaldaher.com.br\/plastica\/wp-content\/uploads\/2016\/10\/Untitled-15.jpg\" class=\"attachment-large size-large\" alt=\"\" srcset=\"https:\/\/hospitaldaher.com.br\/plastica\/wp-content\/uploads\/2016\/10\/Untitled-15.jpg 411w, https:\/\/hospitaldaher.com.br\/plastica\/wp-content\/uploads\/2016\/10\/Untitled-15-210x300.jpg 210w, https:\/\/hospitaldaher.com.br\/plastica\/wp-content\/uploads\/2016\/10\/Untitled-15-105x150.jpg 105w, https:\/\/hospitaldaher.com.br\/plastica\/wp-content\/uploads\/2016\/10\/Untitled-15-323x460.jpg 323w\" sizes=\"(max-width: 411px) 100vw, 411px\" \/><\/div><\/div><div class=\"w-separator size_small\"><\/div><div class=\"wpb_text_column us_custom_9720dd5b\"><div class=\"wpb_wrapper\"><p style=\"text-align: center;\">Porcentagem de incid\u00eancia de tumores de mama distribu\u00eddos por quadrantes.<\/p>\n<\/div><\/div><\/div><\/div><\/div><\/div><\/div><\/div><\/div><\/section><section class=\"l-section wpb_row height_small\"><div class=\"l-section-h i-cf\"><div class=\"g-cols vc_row via_grid cols_1 laptops-cols_inherit tablets-cols_inherit mobiles-cols_1 valign_top type_default stacking_default\"><div class=\"wpb_column vc_column_container\"><div class=\"vc_column-inner\"><div class=\"g-cols wpb_row via_grid cols_1-4-1 laptops-cols_inherit tablets-cols_inherit mobiles-cols_1 valign_top type_default stacking_default\"><div class=\"wpb_column vc_column_container\"><div class=\"vc_column-inner\"><\/div><\/div><div class=\"wpb_column vc_column_container\"><div class=\"vc_column-inner\"><div class=\"w-image align_center\"><div class=\"w-image-h\"><img loading=\"lazy\" decoding=\"async\" width=\"1030\" height=\"921\" src=\"https:\/\/hospitaldaher.com.br\/plastica\/wp-content\/uploads\/2016\/10\/20-01-1030x921.jpg\" class=\"attachment-large size-large\" alt=\"\" srcset=\"https:\/\/hospitaldaher.com.br\/plastica\/wp-content\/uploads\/2016\/10\/20-01-1030x921.jpg 1030w, https:\/\/hospitaldaher.com.br\/plastica\/wp-content\/uploads\/2016\/10\/20-01-300x268.jpg 300w, https:\/\/hospitaldaher.com.br\/plastica\/wp-content\/uploads\/2016\/10\/20-01-768x687.jpg 768w, https:\/\/hospitaldaher.com.br\/plastica\/wp-content\/uploads\/2016\/10\/20-01-1500x1342.jpg 1500w, https:\/\/hospitaldaher.com.br\/plastica\/wp-content\/uploads\/2016\/10\/20-01-705x631.jpg 705w, https:\/\/hospitaldaher.com.br\/plastica\/wp-content\/uploads\/2016\/10\/20-01-450x402.jpg 450w, https:\/\/hospitaldaher.com.br\/plastica\/wp-content\/uploads\/2016\/10\/20-01-150x134.jpg 150w, https:\/\/hospitaldaher.com.br\/plastica\/wp-content\/uploads\/2016\/10\/20-01-514x460.jpg 514w\" sizes=\"(max-width: 1030px) 100vw, 1030px\" \/><\/div><\/div><div class=\"w-separator size_small\"><\/div><div class=\"wpb_text_column us_custom_9720dd5b\"><div class=\"wpb_wrapper\"><p style=\"text-align: center;\">T\u00e9cnica de reconstru\u00e7\u00e3o mam\u00e1ria apresentada por Daher em 1980, de coloca\u00e7\u00e3o de silicone sob o m\u00fasculo e enxerto de pele total sobre o mesmo. \u00c9 indicada nos casos em que se deseja tratamentos r\u00e1pidas e menos invasivos.<\/p>\n<\/div><\/div><\/div><\/div><div class=\"wpb_column vc_column_container\"><div class=\"vc_column-inner\"><\/div><\/div><\/div><\/div><\/div><\/div><\/div><\/section>\n","protected":false},"excerpt":{"rendered":"As mamas: constitu\u00eddas de pele, tecido gorduroso, tecido glandular e f\u00e1scias; local de maior incid\u00eancia de c\u00e2ncer na mulher; na maioria das vezes cur\u00e1vel, desde que descoberto precocemente. \u00c9 indispens\u00e1vel o exame preventivo de c\u00e2ncer. \u201cEm termos de express\u00e3o corporal, as mamas est\u00e3o para a mulher assim como o p\u00eanis est\u00e1 para o homem.\u2019 As...","protected":false},"author":2,"featured_media":0,"parent":7169,"menu_order":0,"comment_status":"closed","ping_status":"closed","template":"","meta":{"footnotes":""},"yoast_head":"<!-- This site is optimized with the Yoast SEO plugin v21.6 - https:\/\/yoast.com\/wordpress\/plugins\/seo\/ -->\n<title>Reconstru\u00e7\u00f5es mam\u00e1rias - Dr. Jos\u00e9 Carlos Daher<\/title>\n<meta name=\"robots\" content=\"index, follow, max-snippet:-1, max-image-preview:large, max-video-preview:-1\" \/>\n<link rel=\"canonical\" href=\"https:\/\/hospitaldaher.com.br\/plastica\/cirurgias-plasticas\/cirurgias-nas-mamas-as-reconstrucoes-mamarias\/\" \/>\n<meta property=\"og:locale\" content=\"pt_BR\" \/>\n<meta property=\"og:type\" content=\"article\" \/>\n<meta property=\"og:title\" content=\"Reconstru\u00e7\u00f5es mam\u00e1rias - Dr. Jos\u00e9 Carlos Daher\" \/>\n<meta property=\"og:url\" content=\"https:\/\/hospitaldaher.com.br\/plastica\/cirurgias-plasticas\/cirurgias-nas-mamas-as-reconstrucoes-mamarias\/\" \/>\n<meta property=\"og:site_name\" content=\"Dr. Jos\u00e9 Carlos Daher\" \/>\n<meta property=\"article:publisher\" content=\"https:\/\/www.facebook.com\/daherplastica\/\" \/>\n<meta property=\"article:modified_time\" content=\"2022-09-27T11:43:06+00:00\" \/>\n<meta name=\"twitter:card\" content=\"summary_large_image\" \/>\n<meta name=\"twitter:label1\" content=\"Est. tempo de leitura\" \/>\n\t<meta name=\"twitter:data1\" content=\"3 minutos\" \/>\n<script type=\"application\/ld+json\" class=\"yoast-schema-graph\">{\"@context\":\"https:\/\/schema.org\",\"@graph\":[{\"@type\":\"NewsArticle\",\"@id\":\"https:\/\/hospitaldaher.com.br\/plastica\/cirurgias-plasticas\/cirurgias-nas-mamas-as-reconstrucoes-mamarias\/#article\",\"isPartOf\":{\"@id\":\"https:\/\/hospitaldaher.com.br\/plastica\/cirurgias-plasticas\/cirurgias-nas-mamas-as-reconstrucoes-mamarias\/\"},\"author\":{\"name\":\"Rodrigo Souza\",\"@id\":\"https:\/\/hospitaldaher.com.br\/plastica\/#\/schema\/person\/c5815cf777240b18b88be2b1e11beec5\"},\"headline\":\"Reconstru\u00e7\u00f5es mam\u00e1rias\",\"datePublished\":\"2016-10-28T15:07:13+00:00\",\"dateModified\":\"2022-09-27T11:43:06+00:00\",\"mainEntityOfPage\":{\"@id\":\"https:\/\/hospitaldaher.com.br\/plastica\/cirurgias-plasticas\/cirurgias-nas-mamas-as-reconstrucoes-mamarias\/\"},\"wordCount\":622,\"publisher\":{\"@id\":\"https:\/\/hospitaldaher.com.br\/plastica\/#organization\"},\"inLanguage\":\"pt-BR\"},{\"@type\":[\"WebPage\",\"MedicalWebPage\"],\"@id\":\"https:\/\/hospitaldaher.com.br\/plastica\/cirurgias-plasticas\/cirurgias-nas-mamas-as-reconstrucoes-mamarias\/\",\"url\":\"https:\/\/hospitaldaher.com.br\/plastica\/cirurgias-plasticas\/cirurgias-nas-mamas-as-reconstrucoes-mamarias\/\",\"name\":\"Reconstru\u00e7\u00f5es mam\u00e1rias - Dr. Jos\u00e9 Carlos Daher\",\"isPartOf\":{\"@id\":\"https:\/\/hospitaldaher.com.br\/plastica\/#website\"},\"datePublished\":\"2016-10-28T15:07:13+00:00\",\"dateModified\":\"2022-09-27T11:43:06+00:00\",\"breadcrumb\":{\"@id\":\"https:\/\/hospitaldaher.com.br\/plastica\/cirurgias-plasticas\/cirurgias-nas-mamas-as-reconstrucoes-mamarias\/#breadcrumb\"},\"inLanguage\":\"pt-BR\",\"potentialAction\":[{\"@type\":\"ReadAction\",\"target\":[\"https:\/\/hospitaldaher.com.br\/plastica\/cirurgias-plasticas\/cirurgias-nas-mamas-as-reconstrucoes-mamarias\/\"]}]},{\"@type\":\"BreadcrumbList\",\"@id\":\"https:\/\/hospitaldaher.com.br\/plastica\/cirurgias-plasticas\/cirurgias-nas-mamas-as-reconstrucoes-mamarias\/#breadcrumb\",\"itemListElement\":[{\"@type\":\"ListItem\",\"position\":1,\"name\":\"In\u00edcio\",\"item\":\"https:\/\/hospitaldaher.com.br\/plastica\/\"},{\"@type\":\"ListItem\",\"position\":2,\"name\":\"Cirurgias Pl\u00e1sticas\",\"item\":\"https:\/\/hospitaldaher.com.br\/plastica\/cirurgias-plasticas\/\"},{\"@type\":\"ListItem\",\"position\":3,\"name\":\"Reconstru\u00e7\u00f5es mam\u00e1rias\"}]},{\"@type\":\"WebSite\",\"@id\":\"https:\/\/hospitaldaher.com.br\/plastica\/#website\",\"url\":\"https:\/\/hospitaldaher.com.br\/plastica\/\",\"name\":\"Dr. Jos\u00e9 Carlos Daher\",\"description\":\"Cirurgia Pl\u00e1stica\",\"publisher\":{\"@id\":\"https:\/\/hospitaldaher.com.br\/plastica\/#organization\"},\"potentialAction\":[{\"@type\":\"SearchAction\",\"target\":{\"@type\":\"EntryPoint\",\"urlTemplate\":\"https:\/\/hospitaldaher.com.br\/plastica\/?s={search_term_string}\"},\"query-input\":\"required name=search_term_string\"}],\"inLanguage\":\"pt-BR\"},{\"@type\":\"Organization\",\"@id\":\"https:\/\/hospitaldaher.com.br\/plastica\/#organization\",\"name\":\"Daher Pl\u00e1stica - Dr. Jos\u00e9 Carlos Daher e Dr. Leonardo Daher\",\"url\":\"https:\/\/hospitaldaher.com.br\/plastica\/\",\"logo\":{\"@type\":\"ImageObject\",\"inLanguage\":\"pt-BR\",\"@id\":\"https:\/\/hospitaldaher.com.br\/plastica\/#\/schema\/logo\/image\/\",\"url\":\"https:\/\/hospitaldaher.com.br\/plastica\/wp-content\/uploads\/2022\/09\/Logo_Jose_Carlos_Daher_em_Brasilia_Black.svg\",\"contentUrl\":\"https:\/\/hospitaldaher.com.br\/plastica\/wp-content\/uploads\/2022\/09\/Logo_Jose_Carlos_Daher_em_Brasilia_Black.svg\",\"width\":\"1030\",\"height\":\"1030\",\"caption\":\"Daher Pl\u00e1stica - Dr. Jos\u00e9 Carlos Daher e Dr. Leonardo Daher\"},\"image\":{\"@id\":\"https:\/\/hospitaldaher.com.br\/plastica\/#\/schema\/logo\/image\/\"},\"sameAs\":[\"https:\/\/www.facebook.com\/daherplastica\/\",\"https:\/\/www.instagram.com\/doutor_daher\/\"]},{\"@type\":\"Person\",\"@id\":\"https:\/\/hospitaldaher.com.br\/plastica\/#\/schema\/person\/c5815cf777240b18b88be2b1e11beec5\",\"name\":\"Rodrigo Souza\",\"image\":{\"@type\":\"ImageObject\",\"inLanguage\":\"pt-BR\",\"@id\":\"https:\/\/hospitaldaher.com.br\/plastica\/#\/schema\/person\/image\/\",\"url\":\"https:\/\/hospitaldaher.com.br\/plastica\/wp-content\/litespeed\/avatar\/8066cc10441b38f9f1b28973ebaf07e9.jpg?ver=1775653742\",\"contentUrl\":\"https:\/\/hospitaldaher.com.br\/plastica\/wp-content\/litespeed\/avatar\/8066cc10441b38f9f1b28973ebaf07e9.jpg?ver=1775653742\",\"caption\":\"Rodrigo Souza\"}}]}<\/script>\n<!-- \/ Yoast SEO plugin. -->","yoast_head_json":{"title":"Reconstru\u00e7\u00f5es mam\u00e1rias - Dr. Jos\u00e9 Carlos Daher","robots":{"index":"index","follow":"follow","max-snippet":"max-snippet:-1","max-image-preview":"max-image-preview:large","max-video-preview":"max-video-preview:-1"},"canonical":"https:\/\/hospitaldaher.com.br\/plastica\/cirurgias-plasticas\/cirurgias-nas-mamas-as-reconstrucoes-mamarias\/","og_locale":"pt_BR","og_type":"article","og_title":"Reconstru\u00e7\u00f5es mam\u00e1rias - Dr. Jos\u00e9 Carlos Daher","og_url":"https:\/\/hospitaldaher.com.br\/plastica\/cirurgias-plasticas\/cirurgias-nas-mamas-as-reconstrucoes-mamarias\/","og_site_name":"Dr. Jos\u00e9 Carlos Daher","article_publisher":"https:\/\/www.facebook.com\/daherplastica\/","article_modified_time":"2022-09-27T11:43:06+00:00","twitter_card":"summary_large_image","twitter_misc":{"Est. tempo de leitura":"3 minutos"},"schema":{"@context":"https:\/\/schema.org","@graph":[{"@type":"NewsArticle","@id":"https:\/\/hospitaldaher.com.br\/plastica\/cirurgias-plasticas\/cirurgias-nas-mamas-as-reconstrucoes-mamarias\/#article","isPartOf":{"@id":"https:\/\/hospitaldaher.com.br\/plastica\/cirurgias-plasticas\/cirurgias-nas-mamas-as-reconstrucoes-mamarias\/"},"author":{"name":"Rodrigo Souza","@id":"https:\/\/hospitaldaher.com.br\/plastica\/#\/schema\/person\/c5815cf777240b18b88be2b1e11beec5"},"headline":"Reconstru\u00e7\u00f5es mam\u00e1rias","datePublished":"2016-10-28T15:07:13+00:00","dateModified":"2022-09-27T11:43:06+00:00","mainEntityOfPage":{"@id":"https:\/\/hospitaldaher.com.br\/plastica\/cirurgias-plasticas\/cirurgias-nas-mamas-as-reconstrucoes-mamarias\/"},"wordCount":622,"publisher":{"@id":"https:\/\/hospitaldaher.com.br\/plastica\/#organization"},"inLanguage":"pt-BR"},{"@type":["WebPage","MedicalWebPage"],"@id":"https:\/\/hospitaldaher.com.br\/plastica\/cirurgias-plasticas\/cirurgias-nas-mamas-as-reconstrucoes-mamarias\/","url":"https:\/\/hospitaldaher.com.br\/plastica\/cirurgias-plasticas\/cirurgias-nas-mamas-as-reconstrucoes-mamarias\/","name":"Reconstru\u00e7\u00f5es mam\u00e1rias - Dr. Jos\u00e9 Carlos Daher","isPartOf":{"@id":"https:\/\/hospitaldaher.com.br\/plastica\/#website"},"datePublished":"2016-10-28T15:07:13+00:00","dateModified":"2022-09-27T11:43:06+00:00","breadcrumb":{"@id":"https:\/\/hospitaldaher.com.br\/plastica\/cirurgias-plasticas\/cirurgias-nas-mamas-as-reconstrucoes-mamarias\/#breadcrumb"},"inLanguage":"pt-BR","potentialAction":[{"@type":"ReadAction","target":["https:\/\/hospitaldaher.com.br\/plastica\/cirurgias-plasticas\/cirurgias-nas-mamas-as-reconstrucoes-mamarias\/"]}]},{"@type":"BreadcrumbList","@id":"https:\/\/hospitaldaher.com.br\/plastica\/cirurgias-plasticas\/cirurgias-nas-mamas-as-reconstrucoes-mamarias\/#breadcrumb","itemListElement":[{"@type":"ListItem","position":1,"name":"In\u00edcio","item":"https:\/\/hospitaldaher.com.br\/plastica\/"},{"@type":"ListItem","position":2,"name":"Cirurgias Pl\u00e1sticas","item":"https:\/\/hospitaldaher.com.br\/plastica\/cirurgias-plasticas\/"},{"@type":"ListItem","position":3,"name":"Reconstru\u00e7\u00f5es mam\u00e1rias"}]},{"@type":"WebSite","@id":"https:\/\/hospitaldaher.com.br\/plastica\/#website","url":"https:\/\/hospitaldaher.com.br\/plastica\/","name":"Dr. Jos\u00e9 Carlos Daher","description":"Cirurgia Pl\u00e1stica","publisher":{"@id":"https:\/\/hospitaldaher.com.br\/plastica\/#organization"},"potentialAction":[{"@type":"SearchAction","target":{"@type":"EntryPoint","urlTemplate":"https:\/\/hospitaldaher.com.br\/plastica\/?s={search_term_string}"},"query-input":"required name=search_term_string"}],"inLanguage":"pt-BR"},{"@type":"Organization","@id":"https:\/\/hospitaldaher.com.br\/plastica\/#organization","name":"Daher Pl\u00e1stica - Dr. Jos\u00e9 Carlos Daher e Dr. Leonardo Daher","url":"https:\/\/hospitaldaher.com.br\/plastica\/","logo":{"@type":"ImageObject","inLanguage":"pt-BR","@id":"https:\/\/hospitaldaher.com.br\/plastica\/#\/schema\/logo\/image\/","url":"https:\/\/hospitaldaher.com.br\/plastica\/wp-content\/uploads\/2022\/09\/Logo_Jose_Carlos_Daher_em_Brasilia_Black.svg","contentUrl":"https:\/\/hospitaldaher.com.br\/plastica\/wp-content\/uploads\/2022\/09\/Logo_Jose_Carlos_Daher_em_Brasilia_Black.svg","width":"1030","height":"1030","caption":"Daher Pl\u00e1stica - Dr. Jos\u00e9 Carlos Daher e Dr. Leonardo Daher"},"image":{"@id":"https:\/\/hospitaldaher.com.br\/plastica\/#\/schema\/logo\/image\/"},"sameAs":["https:\/\/www.facebook.com\/daherplastica\/","https:\/\/www.instagram.com\/doutor_daher\/"]},{"@type":"Person","@id":"https:\/\/hospitaldaher.com.br\/plastica\/#\/schema\/person\/c5815cf777240b18b88be2b1e11beec5","name":"Rodrigo Souza","image":{"@type":"ImageObject","inLanguage":"pt-BR","@id":"https:\/\/hospitaldaher.com.br\/plastica\/#\/schema\/person\/image\/","url":"https:\/\/hospitaldaher.com.br\/plastica\/wp-content\/litespeed\/avatar\/8066cc10441b38f9f1b28973ebaf07e9.jpg?ver=1775653742","contentUrl":"https:\/\/hospitaldaher.com.br\/plastica\/wp-content\/litespeed\/avatar\/8066cc10441b38f9f1b28973ebaf07e9.jpg?ver=1775653742","caption":"Rodrigo Souza"}}]}},"_links":{"self":[{"href":"https:\/\/hospitaldaher.com.br\/plastica\/wp-json\/wp\/v2\/pages\/3800"}],"collection":[{"href":"https:\/\/hospitaldaher.com.br\/plastica\/wp-json\/wp\/v2\/pages"}],"about":[{"href":"https:\/\/hospitaldaher.com.br\/plastica\/wp-json\/wp\/v2\/types\/page"}],"author":[{"embeddable":true,"href":"https:\/\/hospitaldaher.com.br\/plastica\/wp-json\/wp\/v2\/users\/2"}],"replies":[{"embeddable":true,"href":"https:\/\/hospitaldaher.com.br\/plastica\/wp-json\/wp\/v2\/comments?post=3800"}],"version-history":[{"count":2,"href":"https:\/\/hospitaldaher.com.br\/plastica\/wp-json\/wp\/v2\/pages\/3800\/revisions"}],"predecessor-version":[{"id":7284,"href":"https:\/\/hospitaldaher.com.br\/plastica\/wp-json\/wp\/v2\/pages\/3800\/revisions\/7284"}],"up":[{"embeddable":true,"href":"https:\/\/hospitaldaher.com.br\/plastica\/wp-json\/wp\/v2\/pages\/7169"}],"wp:attachment":[{"href":"https:\/\/hospitaldaher.com.br\/plastica\/wp-json\/wp\/v2\/media?parent=3800"}],"curies":[{"name":"wp","href":"https:\/\/api.w.org\/{rel}","templated":true}]}}