{"id":3814,"date":"2016-10-28T16:29:55","date_gmt":"2016-10-28T16:29:55","guid":{"rendered":"http:\/\/hospitaldaher.com.br\/plastica\/?page_id=3814"},"modified":"2022-09-20T12:01:31","modified_gmt":"2022-09-20T15:01:31","slug":"bichectomia","status":"publish","type":"page","link":"https:\/\/hospitaldaher.com.br\/plastica\/cirurgias-plasticas-na-face\/bichectomia\/","title":{"rendered":"Bichectomia"},"content":{"rendered":"<section class=\"l-section wpb_row height_small\"><div class=\"l-section-h i-cf\"><div class=\"g-cols vc_row via_grid cols_1 laptops-cols_inherit tablets-cols_inherit mobiles-cols_1 valign_top type_default stacking_default\"><div class=\"wpb_column vc_column_container\"><div class=\"vc_column-inner\"><div class=\"g-cols wpb_row via_grid cols_2 laptops-cols_inherit tablets-cols_inherit mobiles-cols_1 valign_top type_default stacking_default\"><div class=\"wpb_column vc_column_container\"><div class=\"vc_column-inner\"><div class=\"wpb_text_column\"><div class=\"wpb_wrapper\"><p style=\"text-align: justify;\">Este \u00e9 um termo, talvez pouco adequado para o tratamento da &#8220;bola c\u00e9lulo-adiposa de Bichat&#8221;.<\/p>\n<p style=\"text-align: justify;\">Entretanto este tratamento que popularizou-se como &#8220;bichectomia&#8221;, refere-se a procedimento cir\u00fargico em que se retira total ou parcialmente o tecido gorduroso profundo que existe nas bochechas e que foi descrito pelo anatomista Bichat. Tem como prop\u00f3sito, fazer o afundamento desta regi\u00e3o, as bochechas, transformando as faces muito redondas em faces mais estreitas, mais encovadas nas laterais, levando mesmo a a um aspecto mais \u2018\u2019triangular\u2019\u2019 do rosto. Serve para descaracterizar as faces redondas, ditas &#8220;em lua cheia\u2019\u2019.<\/p>\n<p style=\"text-align: justify;\">Um dos s\u00edmbolos atuais da beleza de rosto feminino e o da atriz Angelina Jolie, t\u00e3o conhecido pela sua intensa exposi\u00e7\u00e3o na m\u00eddia. Apreciada quer seja pelos seu l\u00e1bios grossos e carnudos, (o que se consegue hoje de maneira segura com os enxertos de gordura), quer seja pelo seu rosto com as ma\u00e7\u00e3s salientes e bochechas encovadas, este \u00faltimo efeito conseguido pelo tratamento das bolas c\u00e9lulo-adiposas de Bichat.<\/p>\n<p style=\"text-align: justify;\">Este procedimento cir\u00fargico, embora exija profundo e sofisticado conhecimento da anatomia da face, da\u00ed ser um campo exclusivo de a\u00e7\u00e3o dos cirurgi\u00f5es pl\u00e1sticos, \u00e9 muito pouco invasivo e interfere pouqu\u00edssimo no corpo do paciente, por ser de a\u00e7\u00e3o restrita a pequena \u00e1rea, sem perdas sangu\u00edneas e praticamente sem complica\u00e7\u00f5es, desde que executado com maestria.<\/p>\n<p style=\"text-align: justify;\">Pratica-se esta cirurgia por incis\u00e3o de aproximadamente um cm. dentro da boca, junto e posterior \u00e0 arcada dent\u00e1ria superior, e por este acessos o cirurgi\u00e3o identifica e extrai o tecido gorduroso. \u00c9 um ato operat\u00f3rio de curta dura\u00e7\u00e3o (alguns minutos), exclu\u00eddo o ritual de preparo e assepsia do rosto do paciente.<\/p>\n<\/div><\/div><\/div><\/div><div class=\"wpb_column vc_column_container\"><div class=\"vc_column-inner\"><div class=\"wpb_text_column\"><div class=\"wpb_wrapper\"><p style=\"text-align: justify;\">N\u00e3o se trata de procedimento em que o cirurgi\u00e3o possa antever o resultado final, pois ele est\u00e1 limitado \u00e0 quantidade de gordura al\u00ed existente. Se ela for abundante, conseguir-se-\u00e1 um encovamento maior. Se n\u00e3o, conseguir-se-\u00e1 sempre um encovamento, mas talvez menor do que aquele que o paciente sonhou.<\/p>\n<p style=\"text-align: justify;\">Quando se quer complementar este resultado, pode-se lan\u00e7ar m\u00e3o da associa\u00e7\u00e3o da lipoescultura facial, nos moldes do trabalho que publicamos em 1988 (The importance of redefining facial contours throug the liposculpture) demonstrando a \u2018\u2019import\u00e2ncia de se redefinir os contornos faciais atrav\u00e9s da lipoescultura\u2019\u2019, procedimento que praticamos de rotina desde 1985. Mas esta complementa\u00e7\u00e3o, se necess\u00e1ria, s\u00f3 dever\u00e1 ser indicada em um segundo tempo, de forma complementar ap\u00f3s ter-se verificado o resultado definitivo da &#8220;bichectomia\u2019\u2019 praticada, o que se verifica de 60 a 90 dias ap\u00f3s o ato operat\u00f3rio.<\/p>\n<p style=\"text-align: justify;\">O p\u00f3s operat\u00f3rio \u00e9 simples, n\u00e3o \u00e9 doloroso e requer apenas uma higiene bucal adequada, com dieta pastosa nos primeiros quatro dias e ap\u00f3s, dieta normal.<\/p>\n<p style=\"text-align: justify;\">Este procedimento j\u00e1 muito praticado a muitos anos associado \u00e0s cirurgias de rejuvenescimento facial pelo lado externo das bochechas, popularizou-se recentemente pela praticidade do acesso endo bucal pelos custos menores e aplicabilidade em pacientes jovens, frequentemente insatisfeitas com o contorno muito redondo de seus rostos.<\/p>\n<\/div><\/div><\/div><\/div><\/div><\/div><\/div><\/div><\/div><\/section>\n","protected":false},"excerpt":{"rendered":"Este \u00e9 um termo, talvez pouco adequado para o tratamento da &#8220;bola c\u00e9lulo-adiposa de Bichat&#8221;. Entretanto este tratamento que popularizou-se como &#8220;bichectomia&#8221;, refere-se a procedimento cir\u00fargico em que se retira total ou parcialmente o tecido gorduroso profundo que existe nas bochechas e que foi descrito pelo anatomista Bichat. Tem como prop\u00f3sito, fazer o afundamento desta...","protected":false},"author":2,"featured_media":0,"parent":3811,"menu_order":0,"comment_status":"closed","ping_status":"closed","template":"","meta":{"footnotes":""},"yoast_head":"<!-- This site is optimized with the Yoast SEO plugin v21.6 - https:\/\/yoast.com\/wordpress\/plugins\/seo\/ -->\n<title>Bichectomia - Dr. Jos\u00e9 Carlos Daher<\/title>\n<meta name=\"robots\" content=\"index, follow, max-snippet:-1, max-image-preview:large, max-video-preview:-1\" \/>\n<link rel=\"canonical\" href=\"https:\/\/hospitaldaher.com.br\/plastica\/cirurgias-plasticas-na-face\/bichectomia\/\" \/>\n<meta property=\"og:locale\" content=\"pt_BR\" \/>\n<meta property=\"og:type\" content=\"article\" \/>\n<meta property=\"og:title\" content=\"Bichectomia - Dr. Jos\u00e9 Carlos Daher\" \/>\n<meta property=\"og:url\" content=\"https:\/\/hospitaldaher.com.br\/plastica\/cirurgias-plasticas-na-face\/bichectomia\/\" \/>\n<meta property=\"og:site_name\" content=\"Dr. Jos\u00e9 Carlos Daher\" \/>\n<meta property=\"article:publisher\" content=\"https:\/\/www.facebook.com\/daherplastica\/\" \/>\n<meta property=\"article:modified_time\" content=\"2022-09-20T15:01:31+00:00\" \/>\n<meta name=\"twitter:card\" content=\"summary_large_image\" \/>\n<meta name=\"twitter:label1\" content=\"Est. tempo de leitura\" \/>\n\t<meta name=\"twitter:data1\" content=\"3 minutos\" \/>\n<script type=\"application\/ld+json\" class=\"yoast-schema-graph\">{\"@context\":\"https:\/\/schema.org\",\"@graph\":[{\"@type\":\"NewsArticle\",\"@id\":\"https:\/\/hospitaldaher.com.br\/plastica\/cirurgias-plasticas-na-face\/bichectomia\/#article\",\"isPartOf\":{\"@id\":\"https:\/\/hospitaldaher.com.br\/plastica\/cirurgias-plasticas-na-face\/bichectomia\/\"},\"author\":{\"name\":\"Rodrigo Souza\",\"@id\":\"https:\/\/hospitaldaher.com.br\/plastica\/#\/schema\/person\/c5815cf777240b18b88be2b1e11beec5\"},\"headline\":\"Bichectomia\",\"datePublished\":\"2016-10-28T16:29:55+00:00\",\"dateModified\":\"2022-09-20T15:01:31+00:00\",\"mainEntityOfPage\":{\"@id\":\"https:\/\/hospitaldaher.com.br\/plastica\/cirurgias-plasticas-na-face\/bichectomia\/\"},\"wordCount\":545,\"publisher\":{\"@id\":\"https:\/\/hospitaldaher.com.br\/plastica\/#organization\"},\"inLanguage\":\"pt-BR\"},{\"@type\":[\"WebPage\",\"MedicalWebPage\"],\"@id\":\"https:\/\/hospitaldaher.com.br\/plastica\/cirurgias-plasticas-na-face\/bichectomia\/\",\"url\":\"https:\/\/hospitaldaher.com.br\/plastica\/cirurgias-plasticas-na-face\/bichectomia\/\",\"name\":\"Bichectomia - Dr. Jos\u00e9 Carlos Daher\",\"isPartOf\":{\"@id\":\"https:\/\/hospitaldaher.com.br\/plastica\/#website\"},\"datePublished\":\"2016-10-28T16:29:55+00:00\",\"dateModified\":\"2022-09-20T15:01:31+00:00\",\"breadcrumb\":{\"@id\":\"https:\/\/hospitaldaher.com.br\/plastica\/cirurgias-plasticas-na-face\/bichectomia\/#breadcrumb\"},\"inLanguage\":\"pt-BR\",\"potentialAction\":[{\"@type\":\"ReadAction\",\"target\":[\"https:\/\/hospitaldaher.com.br\/plastica\/cirurgias-plasticas-na-face\/bichectomia\/\"]}]},{\"@type\":\"BreadcrumbList\",\"@id\":\"https:\/\/hospitaldaher.com.br\/plastica\/cirurgias-plasticas-na-face\/bichectomia\/#breadcrumb\",\"itemListElement\":[{\"@type\":\"ListItem\",\"position\":1,\"name\":\"In\u00edcio\",\"item\":\"https:\/\/hospitaldaher.com.br\/plastica\/\"},{\"@type\":\"ListItem\",\"position\":2,\"name\":\"Cirurgias Pl\u00e1sticas na Face\",\"item\":\"https:\/\/hospitaldaher.com.br\/plastica\/cirurgias-plasticas-na-face\/\"},{\"@type\":\"ListItem\",\"position\":3,\"name\":\"Bichectomia\"}]},{\"@type\":\"WebSite\",\"@id\":\"https:\/\/hospitaldaher.com.br\/plastica\/#website\",\"url\":\"https:\/\/hospitaldaher.com.br\/plastica\/\",\"name\":\"Dr. Jos\u00e9 Carlos Daher\",\"description\":\"Cirurgia Pl\u00e1stica\",\"publisher\":{\"@id\":\"https:\/\/hospitaldaher.com.br\/plastica\/#organization\"},\"potentialAction\":[{\"@type\":\"SearchAction\",\"target\":{\"@type\":\"EntryPoint\",\"urlTemplate\":\"https:\/\/hospitaldaher.com.br\/plastica\/?s={search_term_string}\"},\"query-input\":\"required name=search_term_string\"}],\"inLanguage\":\"pt-BR\"},{\"@type\":\"Organization\",\"@id\":\"https:\/\/hospitaldaher.com.br\/plastica\/#organization\",\"name\":\"Daher Pl\u00e1stica - Dr. Jos\u00e9 Carlos Daher e Dr. Leonardo Daher\",\"url\":\"https:\/\/hospitaldaher.com.br\/plastica\/\",\"logo\":{\"@type\":\"ImageObject\",\"inLanguage\":\"pt-BR\",\"@id\":\"https:\/\/hospitaldaher.com.br\/plastica\/#\/schema\/logo\/image\/\",\"url\":\"https:\/\/hospitaldaher.com.br\/plastica\/wp-content\/uploads\/2022\/09\/Logo_Jose_Carlos_Daher_em_Brasilia_Black.svg\",\"contentUrl\":\"https:\/\/hospitaldaher.com.br\/plastica\/wp-content\/uploads\/2022\/09\/Logo_Jose_Carlos_Daher_em_Brasilia_Black.svg\",\"width\":\"1030\",\"height\":\"1030\",\"caption\":\"Daher Pl\u00e1stica - Dr. Jos\u00e9 Carlos Daher e Dr. Leonardo Daher\"},\"image\":{\"@id\":\"https:\/\/hospitaldaher.com.br\/plastica\/#\/schema\/logo\/image\/\"},\"sameAs\":[\"https:\/\/www.facebook.com\/daherplastica\/\",\"https:\/\/www.instagram.com\/doutor_daher\/\"]},{\"@type\":\"Person\",\"@id\":\"https:\/\/hospitaldaher.com.br\/plastica\/#\/schema\/person\/c5815cf777240b18b88be2b1e11beec5\",\"name\":\"Rodrigo Souza\",\"image\":{\"@type\":\"ImageObject\",\"inLanguage\":\"pt-BR\",\"@id\":\"https:\/\/hospitaldaher.com.br\/plastica\/#\/schema\/person\/image\/\",\"url\":\"https:\/\/hospitaldaher.com.br\/plastica\/wp-content\/litespeed\/avatar\/8066cc10441b38f9f1b28973ebaf07e9.jpg?ver=1775653742\",\"contentUrl\":\"https:\/\/hospitaldaher.com.br\/plastica\/wp-content\/litespeed\/avatar\/8066cc10441b38f9f1b28973ebaf07e9.jpg?ver=1775653742\",\"caption\":\"Rodrigo Souza\"}}]}<\/script>\n<!-- \/ Yoast SEO plugin. -->","yoast_head_json":{"title":"Bichectomia - Dr. Jos\u00e9 Carlos Daher","robots":{"index":"index","follow":"follow","max-snippet":"max-snippet:-1","max-image-preview":"max-image-preview:large","max-video-preview":"max-video-preview:-1"},"canonical":"https:\/\/hospitaldaher.com.br\/plastica\/cirurgias-plasticas-na-face\/bichectomia\/","og_locale":"pt_BR","og_type":"article","og_title":"Bichectomia - Dr. Jos\u00e9 Carlos Daher","og_url":"https:\/\/hospitaldaher.com.br\/plastica\/cirurgias-plasticas-na-face\/bichectomia\/","og_site_name":"Dr. Jos\u00e9 Carlos Daher","article_publisher":"https:\/\/www.facebook.com\/daherplastica\/","article_modified_time":"2022-09-20T15:01:31+00:00","twitter_card":"summary_large_image","twitter_misc":{"Est. tempo de leitura":"3 minutos"},"schema":{"@context":"https:\/\/schema.org","@graph":[{"@type":"NewsArticle","@id":"https:\/\/hospitaldaher.com.br\/plastica\/cirurgias-plasticas-na-face\/bichectomia\/#article","isPartOf":{"@id":"https:\/\/hospitaldaher.com.br\/plastica\/cirurgias-plasticas-na-face\/bichectomia\/"},"author":{"name":"Rodrigo Souza","@id":"https:\/\/hospitaldaher.com.br\/plastica\/#\/schema\/person\/c5815cf777240b18b88be2b1e11beec5"},"headline":"Bichectomia","datePublished":"2016-10-28T16:29:55+00:00","dateModified":"2022-09-20T15:01:31+00:00","mainEntityOfPage":{"@id":"https:\/\/hospitaldaher.com.br\/plastica\/cirurgias-plasticas-na-face\/bichectomia\/"},"wordCount":545,"publisher":{"@id":"https:\/\/hospitaldaher.com.br\/plastica\/#organization"},"inLanguage":"pt-BR"},{"@type":["WebPage","MedicalWebPage"],"@id":"https:\/\/hospitaldaher.com.br\/plastica\/cirurgias-plasticas-na-face\/bichectomia\/","url":"https:\/\/hospitaldaher.com.br\/plastica\/cirurgias-plasticas-na-face\/bichectomia\/","name":"Bichectomia - Dr. Jos\u00e9 Carlos Daher","isPartOf":{"@id":"https:\/\/hospitaldaher.com.br\/plastica\/#website"},"datePublished":"2016-10-28T16:29:55+00:00","dateModified":"2022-09-20T15:01:31+00:00","breadcrumb":{"@id":"https:\/\/hospitaldaher.com.br\/plastica\/cirurgias-plasticas-na-face\/bichectomia\/#breadcrumb"},"inLanguage":"pt-BR","potentialAction":[{"@type":"ReadAction","target":["https:\/\/hospitaldaher.com.br\/plastica\/cirurgias-plasticas-na-face\/bichectomia\/"]}]},{"@type":"BreadcrumbList","@id":"https:\/\/hospitaldaher.com.br\/plastica\/cirurgias-plasticas-na-face\/bichectomia\/#breadcrumb","itemListElement":[{"@type":"ListItem","position":1,"name":"In\u00edcio","item":"https:\/\/hospitaldaher.com.br\/plastica\/"},{"@type":"ListItem","position":2,"name":"Cirurgias Pl\u00e1sticas na Face","item":"https:\/\/hospitaldaher.com.br\/plastica\/cirurgias-plasticas-na-face\/"},{"@type":"ListItem","position":3,"name":"Bichectomia"}]},{"@type":"WebSite","@id":"https:\/\/hospitaldaher.com.br\/plastica\/#website","url":"https:\/\/hospitaldaher.com.br\/plastica\/","name":"Dr. Jos\u00e9 Carlos Daher","description":"Cirurgia Pl\u00e1stica","publisher":{"@id":"https:\/\/hospitaldaher.com.br\/plastica\/#organization"},"potentialAction":[{"@type":"SearchAction","target":{"@type":"EntryPoint","urlTemplate":"https:\/\/hospitaldaher.com.br\/plastica\/?s={search_term_string}"},"query-input":"required name=search_term_string"}],"inLanguage":"pt-BR"},{"@type":"Organization","@id":"https:\/\/hospitaldaher.com.br\/plastica\/#organization","name":"Daher Pl\u00e1stica - Dr. Jos\u00e9 Carlos Daher e Dr. Leonardo Daher","url":"https:\/\/hospitaldaher.com.br\/plastica\/","logo":{"@type":"ImageObject","inLanguage":"pt-BR","@id":"https:\/\/hospitaldaher.com.br\/plastica\/#\/schema\/logo\/image\/","url":"https:\/\/hospitaldaher.com.br\/plastica\/wp-content\/uploads\/2022\/09\/Logo_Jose_Carlos_Daher_em_Brasilia_Black.svg","contentUrl":"https:\/\/hospitaldaher.com.br\/plastica\/wp-content\/uploads\/2022\/09\/Logo_Jose_Carlos_Daher_em_Brasilia_Black.svg","width":"1030","height":"1030","caption":"Daher Pl\u00e1stica - Dr. Jos\u00e9 Carlos Daher e Dr. Leonardo Daher"},"image":{"@id":"https:\/\/hospitaldaher.com.br\/plastica\/#\/schema\/logo\/image\/"},"sameAs":["https:\/\/www.facebook.com\/daherplastica\/","https:\/\/www.instagram.com\/doutor_daher\/"]},{"@type":"Person","@id":"https:\/\/hospitaldaher.com.br\/plastica\/#\/schema\/person\/c5815cf777240b18b88be2b1e11beec5","name":"Rodrigo Souza","image":{"@type":"ImageObject","inLanguage":"pt-BR","@id":"https:\/\/hospitaldaher.com.br\/plastica\/#\/schema\/person\/image\/","url":"https:\/\/hospitaldaher.com.br\/plastica\/wp-content\/litespeed\/avatar\/8066cc10441b38f9f1b28973ebaf07e9.jpg?ver=1775653742","contentUrl":"https:\/\/hospitaldaher.com.br\/plastica\/wp-content\/litespeed\/avatar\/8066cc10441b38f9f1b28973ebaf07e9.jpg?ver=1775653742","caption":"Rodrigo Souza"}}]}},"_links":{"self":[{"href":"https:\/\/hospitaldaher.com.br\/plastica\/wp-json\/wp\/v2\/pages\/3814"}],"collection":[{"href":"https:\/\/hospitaldaher.com.br\/plastica\/wp-json\/wp\/v2\/pages"}],"about":[{"href":"https:\/\/hospitaldaher.com.br\/plastica\/wp-json\/wp\/v2\/types\/page"}],"author":[{"embeddable":true,"href":"https:\/\/hospitaldaher.com.br\/plastica\/wp-json\/wp\/v2\/users\/2"}],"replies":[{"embeddable":true,"href":"https:\/\/hospitaldaher.com.br\/plastica\/wp-json\/wp\/v2\/comments?post=3814"}],"version-history":[{"count":1,"href":"https:\/\/hospitaldaher.com.br\/plastica\/wp-json\/wp\/v2\/pages\/3814\/revisions"}],"predecessor-version":[{"id":7245,"href":"https:\/\/hospitaldaher.com.br\/plastica\/wp-json\/wp\/v2\/pages\/3814\/revisions\/7245"}],"up":[{"embeddable":true,"href":"https:\/\/hospitaldaher.com.br\/plastica\/wp-json\/wp\/v2\/pages\/3811"}],"wp:attachment":[{"href":"https:\/\/hospitaldaher.com.br\/plastica\/wp-json\/wp\/v2\/media?parent=3814"}],"curies":[{"name":"wp","href":"https:\/\/api.w.org\/{rel}","templated":true}]}}