{"id":3820,"date":"2016-10-28T16:33:48","date_gmt":"2016-10-28T16:33:48","guid":{"rendered":"http:\/\/hospitaldaher.com.br\/plastica\/?page_id=3820"},"modified":"2022-09-27T07:40:16","modified_gmt":"2022-09-27T10:40:16","slug":"calvicie-e-os-implantes-capilares","status":"publish","type":"page","link":"https:\/\/hospitaldaher.com.br\/plastica\/cirurgias-plasticas\/calvicie-e-os-implantes-capilares\/","title":{"rendered":"Calv\u00edcie e os Implantes Capilares"},"content":{"rendered":"<section class=\"l-section wpb_row height_small\"><div class=\"l-section-h i-cf\"><div class=\"g-cols vc_row via_grid cols_1 laptops-cols_inherit tablets-cols_inherit mobiles-cols_1 valign_top type_default stacking_default\"><div class=\"wpb_column vc_column_container\"><div class=\"vc_column-inner\"><div class=\"g-cols wpb_row via_grid cols_2 laptops-cols_inherit tablets-cols_inherit mobiles-cols_1 valign_middle type_default stacking_default\"><div class=\"wpb_column vc_column_container\"><div class=\"vc_column-inner\"><div class=\"wpb_text_column\"><div class=\"wpb_wrapper\"><p style=\"text-align: justify;\">A cirurgia da calv\u00edcie, \u00e9 uma das que teve o maior progresso nos \u00faltimos 20 anos.<\/p>\n<p style=\"text-align: justify;\">Anteriormente consistia em tirar pequenas ilhas circulares de tecido do couro cabeludo da regi\u00e3o posterior da cabe\u00e7a, onde est\u00e3o os fios que n\u00e3o t\u00eam a mensagem gen\u00e9tica para cair precocemente. Estas ilhas, de 2, 3, ou 4 mm. de di\u00e2metro eram transplantadas para a regi\u00e3o calva.<\/p>\n<p style=\"text-align: justify;\">Embora houvesse efici\u00eancia no crescimento dos cabelos, as ilhas circulares e com limites muito definidos davam um aspecto pouco natural, lembrando os ditos \u201ccabelos de bonecas\u201d.<\/p>\n<\/div><\/div><\/div><\/div><div class=\"wpb_column vc_column_container\"><div class=\"vc_column-inner\">[vc_raw_html]JTNDaWZyYW1lJTIwc3JjJTNEJTIyaHR0cHMlM0ElMkYlMkZwbGF5ZXIudW5kZXJzdGFuZC5jb20lMkZkcmpjZGFoZXIlMkZwdC1CUiUyRjJjMmE3NjA5LTQzMDYtNDU2MS05MDkzLWJlNmQ1YTc1ZTA4YiUyRmIxNWM3MGE2LTVhZDEtNDJmMy05YjExLTNlY2U1YzQxNDcwMCUzRnBhdXNlRmlyc3RTdGVwJTNEMSUyMiUyMHdpZHRoJTNEJTIyMTAwJTI1JTIyJTIwaGVpZ2h0JTNEJTIyMzYwJTIyJTIwZnJhbWVib3JkZXIlM0QlMjIwJTIyJTIwc2Nyb2xsaW5nJTNEJTIybm8lMjIlMjBhbGxvd2Z1bGxzY3JlZW4lM0QlMjJhbGxvd2Z1bGxzY3JlZW4lMjIlM0UlM0MlMkZpZnJhbWUlM0U=[\/vc_raw_html]<\/div><\/div><\/div><\/div><\/div><\/div><\/div><\/section><section class=\"l-section wpb_row height_medium color_alternate\"><div class=\"l-section-h i-cf\"><div class=\"g-cols vc_row via_grid cols_1 laptops-cols_inherit tablets-cols_inherit mobiles-cols_1 valign_top type_default stacking_default\"><div class=\"wpb_column vc_column_container\"><div class=\"vc_column-inner\"><div class=\"g-cols wpb_row via_grid cols_2 laptops-cols_inherit tablets-cols_inherit mobiles-cols_1 valign_top type_default stacking_default\"><div class=\"wpb_column vc_column_container\"><div class=\"vc_column-inner\"><div class=\"w-image align_center\"><div class=\"w-image-h\"><img loading=\"lazy\" decoding=\"async\" width=\"437\" height=\"460\" src=\"https:\/\/hospitaldaher.com.br\/plastica\/wp-content\/uploads\/2016\/10\/calvice-homem-01.jpg\" class=\"attachment-us_600_460 size-us_600_460\" alt=\"\" srcset=\"https:\/\/hospitaldaher.com.br\/plastica\/wp-content\/uploads\/2016\/10\/calvice-homem-01.jpg 964w, https:\/\/hospitaldaher.com.br\/plastica\/wp-content\/uploads\/2016\/10\/calvice-homem-01-285x300.jpg 285w, https:\/\/hospitaldaher.com.br\/plastica\/wp-content\/uploads\/2016\/10\/calvice-homem-01-768x809.jpg 768w, https:\/\/hospitaldaher.com.br\/plastica\/wp-content\/uploads\/2016\/10\/calvice-homem-01-670x705.jpg 670w, https:\/\/hospitaldaher.com.br\/plastica\/wp-content\/uploads\/2016\/10\/calvice-homem-01-450x474.jpg 450w, https:\/\/hospitaldaher.com.br\/plastica\/wp-content\/uploads\/2016\/10\/calvice-homem-01-142x150.jpg 142w, https:\/\/hospitaldaher.com.br\/plastica\/wp-content\/uploads\/2016\/10\/calvice-homem-01-437x460.jpg 437w\" sizes=\"(max-width: 437px) 100vw, 437px\" \/><\/div><\/div><div class=\"w-separator size_small\"><\/div><div class=\"wpb_text_column us_custom_9720dd5b\"><div class=\"wpb_wrapper\"><p style=\"text-align: center;\">Transplante capilar: desenho das micro ilhas onde \u00e9 importante preservar<br \/>\nos bulbos pilosos. Preserva-se de um a quatro por ilha, para que sejam<br \/>\ntransplantados. Preferencialmente da zona pilosa da regi\u00e3o posterior,<br \/>\nonde o cabelo n\u00e3o cai, e da zona doadora.<\/p>\n<\/div><\/div><\/div><\/div><div class=\"wpb_column vc_column_container\"><div class=\"vc_column-inner\"><div class=\"wpb_text_column\"><div class=\"wpb_wrapper\"><p style=\"text-align: justify;\">A t\u00e9cnica evoluiu bastante depois que, em vez de se retirar ilhas da \u00e1rea de cabelo bom, passamos a retirar micro-ilhas: uma faixa de tecido com cabelo que, levada ao microsc\u00f3pio \u00e9 separada em centenas de micro- ilhas com 1 , 2 ou 3 bulbos pilosos em cada uma. As micro-ilhas s\u00e3o colocadas na \u00e1rea receptora atrav\u00e9s de m\u00ednimos furos feitos por uma agulha.<\/p>\n<p style=\"text-align: justify;\">Assim os resultados s\u00e3o, pode-se dizer, muito naturais, quase perfeitos. Os cabelos transplantados \u201cpegam\u201d em grande percentagem, crescem naturalmente, aos tr\u00eas meses de p\u00f3s-operat\u00f3rio j\u00e1 podem ser penteados e aos 6 meses, cortados. Isto tudo somado \u00e0 vantagem de que estes fios n\u00e3o tem tend\u00eancia a cair, podendo permanecer por praticamente toda a vida.<\/p>\n<p style=\"text-align: justify;\">\u00c9 uma cirurgia geralmente realizada sob anestesia local e, na maioria das vezes, com alta no mesmo dia.<\/p>\n<p style=\"text-align: justify;\">Seu maior inconveniente talvez sejam os custos pois, embora seja de baixo risco, dependendo do caso demanda v\u00e1rias horas de utiliza\u00e7\u00e3o do Centro Cir\u00fargico.<\/p>\n<\/div><\/div><\/div><\/div><\/div><\/div><\/div><\/div><\/div><\/section><section class=\"l-section wpb_row height_medium\"><div class=\"l-section-h i-cf\"><div class=\"g-cols vc_row via_grid cols_1 laptops-cols_inherit tablets-cols_inherit mobiles-cols_1 valign_top type_default stacking_default\"><div class=\"wpb_column vc_column_container\"><div class=\"vc_column-inner\"><div class=\"g-cols wpb_row via_grid cols_2 laptops-cols_inherit tablets-cols_inherit mobiles-cols_1 valign_middle type_default stacking_default\"><div class=\"wpb_column vc_column_container\"><div class=\"vc_column-inner\"><div class=\"w-image align_center\"><div class=\"w-image-h\"><img loading=\"lazy\" decoding=\"async\" width=\"964\" height=\"859\" src=\"https:\/\/hospitaldaher.com.br\/plastica\/wp-content\/uploads\/2016\/10\/calvicie-mulher-01.jpg\" class=\"attachment-large size-large\" alt=\"\" srcset=\"https:\/\/hospitaldaher.com.br\/plastica\/wp-content\/uploads\/2016\/10\/calvicie-mulher-01.jpg 964w, https:\/\/hospitaldaher.com.br\/plastica\/wp-content\/uploads\/2016\/10\/calvicie-mulher-01-300x267.jpg 300w, https:\/\/hospitaldaher.com.br\/plastica\/wp-content\/uploads\/2016\/10\/calvicie-mulher-01-768x684.jpg 768w, https:\/\/hospitaldaher.com.br\/plastica\/wp-content\/uploads\/2016\/10\/calvicie-mulher-01-705x628.jpg 705w, https:\/\/hospitaldaher.com.br\/plastica\/wp-content\/uploads\/2016\/10\/calvicie-mulher-01-450x401.jpg 450w, https:\/\/hospitaldaher.com.br\/plastica\/wp-content\/uploads\/2016\/10\/calvicie-mulher-01-150x134.jpg 150w, https:\/\/hospitaldaher.com.br\/plastica\/wp-content\/uploads\/2016\/10\/calvicie-mulher-01-516x460.jpg 516w\" sizes=\"(max-width: 964px) 100vw, 964px\" \/><\/div><\/div><div class=\"w-separator size_small\"><\/div><div class=\"wpb_text_column us_custom_9720dd5b\"><div class=\"wpb_wrapper\"><p style=\"text-align: center;\">Cirurgia reparadora do couro cabeludo. Um dif\u00edcil caso de alopecia p\u00f3s queimadura. Foi planejada uma ilha de tecidos pilosos na regi\u00e3o posterior da cabe\u00e7a, que ap\u00f3s quatro cambalhotas chegar\u00e1 \u00e0 regi\u00e3o frontal, criando uma nova linha de implanta\u00e7\u00e3o de cabelos. O cabelo crescer\u00e1 abundantemente cobrindo a calv\u00edcie residual posterior ao retalho.<\/p>\n<\/div><\/div><\/div><\/div><div class=\"wpb_column vc_column_container\"><div class=\"vc_column-inner\">[vc_raw_html]JTNDaWZyYW1lJTIwc3JjJTNEJTIyaHR0cHMlM0ElMkYlMkZwbGF5ZXIudW5kZXJzdGFuZC5jb20lMkZkcmpjZGFoZXIlMkZwdC1CUiUyRjJjMmE3NjA5LTQzMDYtNDU2MS05MDkzLWJlNmQ1YTc1ZTA4YiUyRmJiNTE3YWI3LTVkODctNDhlMC04M2FkLTlhN2IyOGUyMmI0OSUzRnBhdXNlRmlyc3RTdGVwJTNEMSUyMiUyMHdpZHRoJTNEJTIyMTAwJTI1JTIyJTIwaGVpZ2h0JTNEJTIyNDAwJTIyJTIwZnJhbWVib3JkZXIlM0QlMjIwJTIyJTIwc2Nyb2xsaW5nJTNEJTIybm8lMjIlMjBhbGxvd2Z1bGxzY3JlZW4lM0QlMjJhbGxvd2Z1bGxzY3JlZW4lMjIlM0UlM0MlMkZpZnJhbWUlM0U=[\/vc_raw_html]<\/div><\/div><\/div><\/div><\/div><\/div><\/div><\/section>\n","protected":false},"excerpt":{"rendered":"A cirurgia da calv\u00edcie, \u00e9 uma das que teve o maior progresso nos \u00faltimos 20 anos. Anteriormente consistia em tirar pequenas ilhas circulares de tecido do couro cabeludo da regi\u00e3o posterior da cabe\u00e7a, onde est\u00e3o os fios que n\u00e3o t\u00eam a mensagem gen\u00e9tica para cair precocemente. Estas ilhas, de 2, 3, ou 4 mm. de...","protected":false},"author":2,"featured_media":0,"parent":7169,"menu_order":0,"comment_status":"closed","ping_status":"closed","template":"","meta":{"footnotes":""},"yoast_head":"<!-- This site is optimized with the Yoast SEO plugin v21.6 - https:\/\/yoast.com\/wordpress\/plugins\/seo\/ -->\n<title>Calv\u00edcie e os Implantes Capilares - Dr. Jos\u00e9 Carlos Daher<\/title>\n<meta name=\"robots\" content=\"index, follow, max-snippet:-1, max-image-preview:large, max-video-preview:-1\" \/>\n<link rel=\"canonical\" href=\"https:\/\/hospitaldaher.com.br\/plastica\/cirurgias-plasticas\/calvicie-e-os-implantes-capilares\/\" \/>\n<meta property=\"og:locale\" content=\"pt_BR\" \/>\n<meta property=\"og:type\" content=\"article\" \/>\n<meta property=\"og:title\" content=\"Calv\u00edcie e os Implantes Capilares - Dr. Jos\u00e9 Carlos Daher\" \/>\n<meta property=\"og:url\" content=\"https:\/\/hospitaldaher.com.br\/plastica\/cirurgias-plasticas\/calvicie-e-os-implantes-capilares\/\" \/>\n<meta property=\"og:site_name\" content=\"Dr. Jos\u00e9 Carlos Daher\" \/>\n<meta property=\"article:publisher\" content=\"https:\/\/www.facebook.com\/daherplastica\/\" \/>\n<meta property=\"article:modified_time\" content=\"2022-09-27T10:40:16+00:00\" \/>\n<meta name=\"twitter:card\" content=\"summary_large_image\" \/>\n<meta name=\"twitter:label1\" content=\"Est. tempo de leitura\" \/>\n\t<meta name=\"twitter:data1\" content=\"3 minutos\" \/>\n<script type=\"application\/ld+json\" class=\"yoast-schema-graph\">{\"@context\":\"https:\/\/schema.org\",\"@graph\":[{\"@type\":\"NewsArticle\",\"@id\":\"https:\/\/hospitaldaher.com.br\/plastica\/cirurgias-plasticas\/calvicie-e-os-implantes-capilares\/#article\",\"isPartOf\":{\"@id\":\"https:\/\/hospitaldaher.com.br\/plastica\/cirurgias-plasticas\/calvicie-e-os-implantes-capilares\/\"},\"author\":{\"name\":\"Rodrigo Souza\",\"@id\":\"https:\/\/hospitaldaher.com.br\/plastica\/#\/schema\/person\/c5815cf777240b18b88be2b1e11beec5\"},\"headline\":\"Calv\u00edcie e os Implantes Capilares\",\"datePublished\":\"2016-10-28T16:33:48+00:00\",\"dateModified\":\"2022-09-27T10:40:16+00:00\",\"mainEntityOfPage\":{\"@id\":\"https:\/\/hospitaldaher.com.br\/plastica\/cirurgias-plasticas\/calvicie-e-os-implantes-capilares\/\"},\"wordCount\":656,\"publisher\":{\"@id\":\"https:\/\/hospitaldaher.com.br\/plastica\/#organization\"},\"inLanguage\":\"pt-BR\"},{\"@type\":[\"WebPage\",\"MedicalWebPage\"],\"@id\":\"https:\/\/hospitaldaher.com.br\/plastica\/cirurgias-plasticas\/calvicie-e-os-implantes-capilares\/\",\"url\":\"https:\/\/hospitaldaher.com.br\/plastica\/cirurgias-plasticas\/calvicie-e-os-implantes-capilares\/\",\"name\":\"Calv\u00edcie e os Implantes Capilares - Dr. Jos\u00e9 Carlos Daher\",\"isPartOf\":{\"@id\":\"https:\/\/hospitaldaher.com.br\/plastica\/#website\"},\"datePublished\":\"2016-10-28T16:33:48+00:00\",\"dateModified\":\"2022-09-27T10:40:16+00:00\",\"breadcrumb\":{\"@id\":\"https:\/\/hospitaldaher.com.br\/plastica\/cirurgias-plasticas\/calvicie-e-os-implantes-capilares\/#breadcrumb\"},\"inLanguage\":\"pt-BR\",\"potentialAction\":[{\"@type\":\"ReadAction\",\"target\":[\"https:\/\/hospitaldaher.com.br\/plastica\/cirurgias-plasticas\/calvicie-e-os-implantes-capilares\/\"]}]},{\"@type\":\"BreadcrumbList\",\"@id\":\"https:\/\/hospitaldaher.com.br\/plastica\/cirurgias-plasticas\/calvicie-e-os-implantes-capilares\/#breadcrumb\",\"itemListElement\":[{\"@type\":\"ListItem\",\"position\":1,\"name\":\"In\u00edcio\",\"item\":\"https:\/\/hospitaldaher.com.br\/plastica\/\"},{\"@type\":\"ListItem\",\"position\":2,\"name\":\"Cirurgias Pl\u00e1sticas\",\"item\":\"https:\/\/hospitaldaher.com.br\/plastica\/cirurgias-plasticas\/\"},{\"@type\":\"ListItem\",\"position\":3,\"name\":\"Calv\u00edcie e os Implantes Capilares\"}]},{\"@type\":\"WebSite\",\"@id\":\"https:\/\/hospitaldaher.com.br\/plastica\/#website\",\"url\":\"https:\/\/hospitaldaher.com.br\/plastica\/\",\"name\":\"Dr. Jos\u00e9 Carlos Daher\",\"description\":\"Cirurgia Pl\u00e1stica\",\"publisher\":{\"@id\":\"https:\/\/hospitaldaher.com.br\/plastica\/#organization\"},\"potentialAction\":[{\"@type\":\"SearchAction\",\"target\":{\"@type\":\"EntryPoint\",\"urlTemplate\":\"https:\/\/hospitaldaher.com.br\/plastica\/?s={search_term_string}\"},\"query-input\":\"required name=search_term_string\"}],\"inLanguage\":\"pt-BR\"},{\"@type\":\"Organization\",\"@id\":\"https:\/\/hospitaldaher.com.br\/plastica\/#organization\",\"name\":\"Daher Pl\u00e1stica - Dr. Jos\u00e9 Carlos Daher e Dr. Leonardo Daher\",\"url\":\"https:\/\/hospitaldaher.com.br\/plastica\/\",\"logo\":{\"@type\":\"ImageObject\",\"inLanguage\":\"pt-BR\",\"@id\":\"https:\/\/hospitaldaher.com.br\/plastica\/#\/schema\/logo\/image\/\",\"url\":\"https:\/\/hospitaldaher.com.br\/plastica\/wp-content\/uploads\/2022\/09\/Logo_Jose_Carlos_Daher_em_Brasilia_Black.svg\",\"contentUrl\":\"https:\/\/hospitaldaher.com.br\/plastica\/wp-content\/uploads\/2022\/09\/Logo_Jose_Carlos_Daher_em_Brasilia_Black.svg\",\"width\":\"1030\",\"height\":\"1030\",\"caption\":\"Daher Pl\u00e1stica - Dr. Jos\u00e9 Carlos Daher e Dr. Leonardo Daher\"},\"image\":{\"@id\":\"https:\/\/hospitaldaher.com.br\/plastica\/#\/schema\/logo\/image\/\"},\"sameAs\":[\"https:\/\/www.facebook.com\/daherplastica\/\",\"https:\/\/www.instagram.com\/doutor_daher\/\"]},{\"@type\":\"Person\",\"@id\":\"https:\/\/hospitaldaher.com.br\/plastica\/#\/schema\/person\/c5815cf777240b18b88be2b1e11beec5\",\"name\":\"Rodrigo Souza\",\"image\":{\"@type\":\"ImageObject\",\"inLanguage\":\"pt-BR\",\"@id\":\"https:\/\/hospitaldaher.com.br\/plastica\/#\/schema\/person\/image\/\",\"url\":\"https:\/\/hospitaldaher.com.br\/plastica\/wp-content\/litespeed\/avatar\/8066cc10441b38f9f1b28973ebaf07e9.jpg?ver=1775653742\",\"contentUrl\":\"https:\/\/hospitaldaher.com.br\/plastica\/wp-content\/litespeed\/avatar\/8066cc10441b38f9f1b28973ebaf07e9.jpg?ver=1775653742\",\"caption\":\"Rodrigo Souza\"}}]}<\/script>\n<!-- \/ Yoast SEO plugin. -->","yoast_head_json":{"title":"Calv\u00edcie e os Implantes Capilares - Dr. Jos\u00e9 Carlos Daher","robots":{"index":"index","follow":"follow","max-snippet":"max-snippet:-1","max-image-preview":"max-image-preview:large","max-video-preview":"max-video-preview:-1"},"canonical":"https:\/\/hospitaldaher.com.br\/plastica\/cirurgias-plasticas\/calvicie-e-os-implantes-capilares\/","og_locale":"pt_BR","og_type":"article","og_title":"Calv\u00edcie e os Implantes Capilares - Dr. Jos\u00e9 Carlos Daher","og_url":"https:\/\/hospitaldaher.com.br\/plastica\/cirurgias-plasticas\/calvicie-e-os-implantes-capilares\/","og_site_name":"Dr. Jos\u00e9 Carlos Daher","article_publisher":"https:\/\/www.facebook.com\/daherplastica\/","article_modified_time":"2022-09-27T10:40:16+00:00","twitter_card":"summary_large_image","twitter_misc":{"Est. tempo de leitura":"3 minutos"},"schema":{"@context":"https:\/\/schema.org","@graph":[{"@type":"NewsArticle","@id":"https:\/\/hospitaldaher.com.br\/plastica\/cirurgias-plasticas\/calvicie-e-os-implantes-capilares\/#article","isPartOf":{"@id":"https:\/\/hospitaldaher.com.br\/plastica\/cirurgias-plasticas\/calvicie-e-os-implantes-capilares\/"},"author":{"name":"Rodrigo Souza","@id":"https:\/\/hospitaldaher.com.br\/plastica\/#\/schema\/person\/c5815cf777240b18b88be2b1e11beec5"},"headline":"Calv\u00edcie e os Implantes Capilares","datePublished":"2016-10-28T16:33:48+00:00","dateModified":"2022-09-27T10:40:16+00:00","mainEntityOfPage":{"@id":"https:\/\/hospitaldaher.com.br\/plastica\/cirurgias-plasticas\/calvicie-e-os-implantes-capilares\/"},"wordCount":656,"publisher":{"@id":"https:\/\/hospitaldaher.com.br\/plastica\/#organization"},"inLanguage":"pt-BR"},{"@type":["WebPage","MedicalWebPage"],"@id":"https:\/\/hospitaldaher.com.br\/plastica\/cirurgias-plasticas\/calvicie-e-os-implantes-capilares\/","url":"https:\/\/hospitaldaher.com.br\/plastica\/cirurgias-plasticas\/calvicie-e-os-implantes-capilares\/","name":"Calv\u00edcie e os Implantes Capilares - Dr. Jos\u00e9 Carlos Daher","isPartOf":{"@id":"https:\/\/hospitaldaher.com.br\/plastica\/#website"},"datePublished":"2016-10-28T16:33:48+00:00","dateModified":"2022-09-27T10:40:16+00:00","breadcrumb":{"@id":"https:\/\/hospitaldaher.com.br\/plastica\/cirurgias-plasticas\/calvicie-e-os-implantes-capilares\/#breadcrumb"},"inLanguage":"pt-BR","potentialAction":[{"@type":"ReadAction","target":["https:\/\/hospitaldaher.com.br\/plastica\/cirurgias-plasticas\/calvicie-e-os-implantes-capilares\/"]}]},{"@type":"BreadcrumbList","@id":"https:\/\/hospitaldaher.com.br\/plastica\/cirurgias-plasticas\/calvicie-e-os-implantes-capilares\/#breadcrumb","itemListElement":[{"@type":"ListItem","position":1,"name":"In\u00edcio","item":"https:\/\/hospitaldaher.com.br\/plastica\/"},{"@type":"ListItem","position":2,"name":"Cirurgias Pl\u00e1sticas","item":"https:\/\/hospitaldaher.com.br\/plastica\/cirurgias-plasticas\/"},{"@type":"ListItem","position":3,"name":"Calv\u00edcie e os Implantes Capilares"}]},{"@type":"WebSite","@id":"https:\/\/hospitaldaher.com.br\/plastica\/#website","url":"https:\/\/hospitaldaher.com.br\/plastica\/","name":"Dr. Jos\u00e9 Carlos Daher","description":"Cirurgia Pl\u00e1stica","publisher":{"@id":"https:\/\/hospitaldaher.com.br\/plastica\/#organization"},"potentialAction":[{"@type":"SearchAction","target":{"@type":"EntryPoint","urlTemplate":"https:\/\/hospitaldaher.com.br\/plastica\/?s={search_term_string}"},"query-input":"required name=search_term_string"}],"inLanguage":"pt-BR"},{"@type":"Organization","@id":"https:\/\/hospitaldaher.com.br\/plastica\/#organization","name":"Daher Pl\u00e1stica - Dr. Jos\u00e9 Carlos Daher e Dr. Leonardo Daher","url":"https:\/\/hospitaldaher.com.br\/plastica\/","logo":{"@type":"ImageObject","inLanguage":"pt-BR","@id":"https:\/\/hospitaldaher.com.br\/plastica\/#\/schema\/logo\/image\/","url":"https:\/\/hospitaldaher.com.br\/plastica\/wp-content\/uploads\/2022\/09\/Logo_Jose_Carlos_Daher_em_Brasilia_Black.svg","contentUrl":"https:\/\/hospitaldaher.com.br\/plastica\/wp-content\/uploads\/2022\/09\/Logo_Jose_Carlos_Daher_em_Brasilia_Black.svg","width":"1030","height":"1030","caption":"Daher Pl\u00e1stica - Dr. Jos\u00e9 Carlos Daher e Dr. Leonardo Daher"},"image":{"@id":"https:\/\/hospitaldaher.com.br\/plastica\/#\/schema\/logo\/image\/"},"sameAs":["https:\/\/www.facebook.com\/daherplastica\/","https:\/\/www.instagram.com\/doutor_daher\/"]},{"@type":"Person","@id":"https:\/\/hospitaldaher.com.br\/plastica\/#\/schema\/person\/c5815cf777240b18b88be2b1e11beec5","name":"Rodrigo Souza","image":{"@type":"ImageObject","inLanguage":"pt-BR","@id":"https:\/\/hospitaldaher.com.br\/plastica\/#\/schema\/person\/image\/","url":"https:\/\/hospitaldaher.com.br\/plastica\/wp-content\/litespeed\/avatar\/8066cc10441b38f9f1b28973ebaf07e9.jpg?ver=1775653742","contentUrl":"https:\/\/hospitaldaher.com.br\/plastica\/wp-content\/litespeed\/avatar\/8066cc10441b38f9f1b28973ebaf07e9.jpg?ver=1775653742","caption":"Rodrigo Souza"}}]}},"_links":{"self":[{"href":"https:\/\/hospitaldaher.com.br\/plastica\/wp-json\/wp\/v2\/pages\/3820"}],"collection":[{"href":"https:\/\/hospitaldaher.com.br\/plastica\/wp-json\/wp\/v2\/pages"}],"about":[{"href":"https:\/\/hospitaldaher.com.br\/plastica\/wp-json\/wp\/v2\/types\/page"}],"author":[{"embeddable":true,"href":"https:\/\/hospitaldaher.com.br\/plastica\/wp-json\/wp\/v2\/users\/2"}],"replies":[{"embeddable":true,"href":"https:\/\/hospitaldaher.com.br\/plastica\/wp-json\/wp\/v2\/comments?post=3820"}],"version-history":[{"count":2,"href":"https:\/\/hospitaldaher.com.br\/plastica\/wp-json\/wp\/v2\/pages\/3820\/revisions"}],"predecessor-version":[{"id":7262,"href":"https:\/\/hospitaldaher.com.br\/plastica\/wp-json\/wp\/v2\/pages\/3820\/revisions\/7262"}],"up":[{"embeddable":true,"href":"https:\/\/hospitaldaher.com.br\/plastica\/wp-json\/wp\/v2\/pages\/7169"}],"wp:attachment":[{"href":"https:\/\/hospitaldaher.com.br\/plastica\/wp-json\/wp\/v2\/media?parent=3820"}],"curies":[{"name":"wp","href":"https:\/\/api.w.org\/{rel}","templated":true}]}}