{"id":3829,"date":"2016-10-28T16:48:51","date_gmt":"2016-10-28T16:48:51","guid":{"rendered":"http:\/\/hospitaldaher.com.br\/plastica\/?page_id=3829"},"modified":"2022-09-22T10:52:38","modified_gmt":"2022-09-22T13:52:38","slug":"mentoplastias-hipo-e-hipermentonismo","status":"publish","type":"page","link":"https:\/\/hospitaldaher.com.br\/plastica\/cirurgias-plasticas-na-face\/mentoplastias-hipo-e-hipermentonismo\/","title":{"rendered":"Queixo (Mento)"},"content":{"rendered":"<section class=\"l-section wpb_row height_small\"><div class=\"l-section-h i-cf\"><div class=\"g-cols vc_row via_grid cols_1 laptops-cols_inherit tablets-cols_inherit mobiles-cols_1 valign_top type_default stacking_default\"><div class=\"wpb_column vc_column_container\"><div class=\"vc_column-inner\"><div class=\"g-cols wpb_row via_grid cols_2 laptops-cols_inherit tablets-cols_inherit mobiles-cols_1 valign_top type_default stacking_default\"><div class=\"wpb_column vc_column_container\"><div class=\"vc_column-inner\"><div class=\"wpb_text_column\"><div class=\"wpb_wrapper\"><p style=\"text-align: justify;\">A mentoplastia, ou pl\u00e1stica do queixo, \u00e9 uma cirurgia muito pouco invasiva quando \u00e9 para se aumenta-lo (casos de hipomentonismo) e de \u00f3timos resultados, pelo importante papel que o mento exerce no equil\u00edbrio da face. O queixo se alia ao nariz para dar o equil\u00edbrio do perfil facial.<\/p>\n<p style=\"text-align: justify;\">O paciente de nariz normal ou um pouco maior, se o mento \u00e9 pequeno leva ao rosto estereotipado chamado de \u2018rosto de passarinho\u2019 (Bird Face).<\/p>\n<p>A corre\u00e7\u00e3o do hipomentonismo consiste, basicamente na coloca\u00e7\u00e3o de pequeno implante de silicone s\u00f3lido por sobre o osso da mand\u00edbula em sua parte central. A incis\u00e3o \u00e9 por dentro do l\u00e1bio inferior, na mucosa, onde a cicatriza\u00e7\u00e3o \u00e9 bastante r\u00e1pida.<\/p>\n<p>Os resultados s\u00e3o imediatos, quando j\u00e1 se aprecia a proje\u00e7\u00e3o dada ao mento. A recupera\u00e7\u00e3o imediata \u00e9 de 6 a 8 dias, indolor, devendo-se atentar apenas para pequeno edema que desaparece nas duas primeiras semanas em seu volume principal.<\/p>\n<p>Como em qualquer cirurgia de implante de silicone, \u00e9 bom ter em mente que pode ser rejeitado pelo organismo, embora a pratica cl\u00ednica mostre que \u00e9 rar\u00edssimo que ocorra nesta regi\u00e3o.<\/p>\n<\/div><\/div><\/div><\/div><div class=\"wpb_column vc_column_container\"><div class=\"vc_column-inner\">[vc_raw_html]JTNDaWZyYW1lJTIwc3JjJTNEJTIyaHR0cHMlM0ElMkYlMkZwbGF5ZXIudW5kZXJzdGFuZC5jb20lMkZkcmpjZGFoZXIlMkZwdC1CUiUyRjJjMmE3NjA5LTQzMDYtNDU2MS05MDkzLWJlNmQ1YTc1ZTA4YiUyRmY0NjU5YTgzLWE0NWYtNDg2Yi04ZDg5LTk5ZmU1OWUyMWY5NSUzRnBhdXNlRmlyc3RTdGVwJTNEMSUyMiUyMHdpZHRoJTNEJTIyMTAwJTI1JTIyJTIwaGVpZ2h0JTNEJTIyNTU3JTIyJTIwZnJhbWVib3JkZXIlM0QlMjIwJTIyJTIwc2Nyb2xsaW5nJTNEJTIybm8lMjIlMjBhbGxvd2Z1bGxzY3JlZW4lM0QlMjJhbGxvd2Z1bGxzY3JlZW4lMjIlM0UlM0MlMkZpZnJhbWUlM0U=[\/vc_raw_html]<\/div><\/div><\/div><\/div><\/div><\/div><\/div><\/section><section class=\"l-section wpb_row height_large color_alternate\"><div class=\"l-section-h i-cf\"><div class=\"g-cols vc_row via_grid cols_1 laptops-cols_inherit tablets-cols_inherit mobiles-cols_1 valign_top type_default stacking_default\"><div class=\"wpb_column vc_column_container\"><div class=\"vc_column-inner\"><div class=\"g-cols wpb_row via_grid cols_1 laptops-cols_inherit tablets-cols_inherit mobiles-cols_1 valign_top type_default stacking_default\"><div class=\"wpb_column vc_column_container\"><div class=\"vc_column-inner\"><div class=\"wpb_text_column\"><div class=\"wpb_wrapper\"><p style=\"text-align: justify;\">Outro aspecto interessante desta cirurgia, al\u00e9m de seus surpreendentes e imediatos resultados \u00e9 a sua reversibilidade, ou seja, retirado o implante por qualquer raz\u00e3o que seja, volta-se exatamente \u00e0 situa\u00e7\u00e3o anterior \u00e0 cirurgia.<\/p>\n<p style=\"text-align: justify;\">J\u00e1 a corre\u00e7\u00e3o do hipermentonismo , pode ser corrigida por uma cirurgia menor de tratamento pela redu\u00e7\u00e3o basilar da mand\u00edbula, ou pode exigir estudos mais aprofundados da mordida do paciente para se diferenciar o hiprermentonismo do prognatismo, este \u00faltimo resultante do crescimento exagerado da mand\u00edbula como um todo.<\/p>\n<p style=\"text-align: justify;\">O cirurgi\u00e3o pl\u00e1stico far\u00e1 facilmente este diagn\u00f3stico diferencial, sendo que o tratamento do prognatismo ser\u00e1 feito por cirurgi\u00e3o pl\u00e1sticos cr\u00e2neo maxilo facial ou pelos cirurgi\u00f5es dentistas buco maxilo faciais.<\/p>\n<\/div><\/div><\/div><\/div><\/div><\/div><\/div><\/div><\/div><\/section>\n","protected":false},"excerpt":{"rendered":"A mentoplastia, ou pl\u00e1stica do queixo, \u00e9 uma cirurgia muito pouco invasiva quando \u00e9 para se aumenta-lo (casos de hipomentonismo) e de \u00f3timos resultados, pelo importante papel que o mento exerce no equil\u00edbrio da face. O queixo se alia ao nariz para dar o equil\u00edbrio do perfil facial. O paciente de nariz normal ou um...","protected":false},"author":2,"featured_media":0,"parent":3811,"menu_order":0,"comment_status":"closed","ping_status":"closed","template":"","meta":{"footnotes":""},"yoast_head":"<!-- This site is optimized with the Yoast SEO plugin v21.6 - https:\/\/yoast.com\/wordpress\/plugins\/seo\/ -->\n<title>Queixo (Mento) - Dr. Jos\u00e9 Carlos Daher<\/title>\n<meta name=\"robots\" content=\"index, follow, max-snippet:-1, max-image-preview:large, max-video-preview:-1\" \/>\n<link rel=\"canonical\" href=\"https:\/\/hospitaldaher.com.br\/plastica\/cirurgias-plasticas-na-face\/mentoplastias-hipo-e-hipermentonismo\/\" \/>\n<meta property=\"og:locale\" content=\"pt_BR\" \/>\n<meta property=\"og:type\" content=\"article\" \/>\n<meta property=\"og:title\" content=\"Queixo (Mento) - Dr. Jos\u00e9 Carlos Daher\" \/>\n<meta property=\"og:url\" content=\"https:\/\/hospitaldaher.com.br\/plastica\/cirurgias-plasticas-na-face\/mentoplastias-hipo-e-hipermentonismo\/\" \/>\n<meta property=\"og:site_name\" content=\"Dr. Jos\u00e9 Carlos Daher\" \/>\n<meta property=\"article:publisher\" content=\"https:\/\/www.facebook.com\/daherplastica\/\" \/>\n<meta property=\"article:modified_time\" content=\"2022-09-22T13:52:38+00:00\" \/>\n<meta name=\"twitter:card\" content=\"summary_large_image\" \/>\n<meta name=\"twitter:label1\" content=\"Est. tempo de leitura\" \/>\n\t<meta name=\"twitter:data1\" content=\"2 minutos\" \/>\n<script type=\"application\/ld+json\" class=\"yoast-schema-graph\">{\"@context\":\"https:\/\/schema.org\",\"@graph\":[{\"@type\":\"NewsArticle\",\"@id\":\"https:\/\/hospitaldaher.com.br\/plastica\/cirurgias-plasticas-na-face\/mentoplastias-hipo-e-hipermentonismo\/#article\",\"isPartOf\":{\"@id\":\"https:\/\/hospitaldaher.com.br\/plastica\/cirurgias-plasticas-na-face\/mentoplastias-hipo-e-hipermentonismo\/\"},\"author\":{\"name\":\"Rodrigo Souza\",\"@id\":\"https:\/\/hospitaldaher.com.br\/plastica\/#\/schema\/person\/c5815cf777240b18b88be2b1e11beec5\"},\"headline\":\"Queixo (Mento)\",\"datePublished\":\"2016-10-28T16:48:51+00:00\",\"dateModified\":\"2022-09-22T13:52:38+00:00\",\"mainEntityOfPage\":{\"@id\":\"https:\/\/hospitaldaher.com.br\/plastica\/cirurgias-plasticas-na-face\/mentoplastias-hipo-e-hipermentonismo\/\"},\"wordCount\":437,\"publisher\":{\"@id\":\"https:\/\/hospitaldaher.com.br\/plastica\/#organization\"},\"inLanguage\":\"pt-BR\"},{\"@type\":[\"WebPage\",\"MedicalWebPage\"],\"@id\":\"https:\/\/hospitaldaher.com.br\/plastica\/cirurgias-plasticas-na-face\/mentoplastias-hipo-e-hipermentonismo\/\",\"url\":\"https:\/\/hospitaldaher.com.br\/plastica\/cirurgias-plasticas-na-face\/mentoplastias-hipo-e-hipermentonismo\/\",\"name\":\"Queixo (Mento) - Dr. Jos\u00e9 Carlos Daher\",\"isPartOf\":{\"@id\":\"https:\/\/hospitaldaher.com.br\/plastica\/#website\"},\"datePublished\":\"2016-10-28T16:48:51+00:00\",\"dateModified\":\"2022-09-22T13:52:38+00:00\",\"breadcrumb\":{\"@id\":\"https:\/\/hospitaldaher.com.br\/plastica\/cirurgias-plasticas-na-face\/mentoplastias-hipo-e-hipermentonismo\/#breadcrumb\"},\"inLanguage\":\"pt-BR\",\"potentialAction\":[{\"@type\":\"ReadAction\",\"target\":[\"https:\/\/hospitaldaher.com.br\/plastica\/cirurgias-plasticas-na-face\/mentoplastias-hipo-e-hipermentonismo\/\"]}]},{\"@type\":\"BreadcrumbList\",\"@id\":\"https:\/\/hospitaldaher.com.br\/plastica\/cirurgias-plasticas-na-face\/mentoplastias-hipo-e-hipermentonismo\/#breadcrumb\",\"itemListElement\":[{\"@type\":\"ListItem\",\"position\":1,\"name\":\"In\u00edcio\",\"item\":\"https:\/\/hospitaldaher.com.br\/plastica\/\"},{\"@type\":\"ListItem\",\"position\":2,\"name\":\"Cirurgias Pl\u00e1sticas na Face\",\"item\":\"https:\/\/hospitaldaher.com.br\/plastica\/cirurgias-plasticas-na-face\/\"},{\"@type\":\"ListItem\",\"position\":3,\"name\":\"Queixo (Mento)\"}]},{\"@type\":\"WebSite\",\"@id\":\"https:\/\/hospitaldaher.com.br\/plastica\/#website\",\"url\":\"https:\/\/hospitaldaher.com.br\/plastica\/\",\"name\":\"Dr. Jos\u00e9 Carlos Daher\",\"description\":\"Cirurgia Pl\u00e1stica\",\"publisher\":{\"@id\":\"https:\/\/hospitaldaher.com.br\/plastica\/#organization\"},\"potentialAction\":[{\"@type\":\"SearchAction\",\"target\":{\"@type\":\"EntryPoint\",\"urlTemplate\":\"https:\/\/hospitaldaher.com.br\/plastica\/?s={search_term_string}\"},\"query-input\":\"required name=search_term_string\"}],\"inLanguage\":\"pt-BR\"},{\"@type\":\"Organization\",\"@id\":\"https:\/\/hospitaldaher.com.br\/plastica\/#organization\",\"name\":\"Daher Pl\u00e1stica - Dr. Jos\u00e9 Carlos Daher e Dr. Leonardo Daher\",\"url\":\"https:\/\/hospitaldaher.com.br\/plastica\/\",\"logo\":{\"@type\":\"ImageObject\",\"inLanguage\":\"pt-BR\",\"@id\":\"https:\/\/hospitaldaher.com.br\/plastica\/#\/schema\/logo\/image\/\",\"url\":\"https:\/\/hospitaldaher.com.br\/plastica\/wp-content\/uploads\/2022\/09\/Logo_Jose_Carlos_Daher_em_Brasilia_Black.svg\",\"contentUrl\":\"https:\/\/hospitaldaher.com.br\/plastica\/wp-content\/uploads\/2022\/09\/Logo_Jose_Carlos_Daher_em_Brasilia_Black.svg\",\"width\":\"1030\",\"height\":\"1030\",\"caption\":\"Daher Pl\u00e1stica - Dr. Jos\u00e9 Carlos Daher e Dr. Leonardo Daher\"},\"image\":{\"@id\":\"https:\/\/hospitaldaher.com.br\/plastica\/#\/schema\/logo\/image\/\"},\"sameAs\":[\"https:\/\/www.facebook.com\/daherplastica\/\",\"https:\/\/www.instagram.com\/doutor_daher\/\"]},{\"@type\":\"Person\",\"@id\":\"https:\/\/hospitaldaher.com.br\/plastica\/#\/schema\/person\/c5815cf777240b18b88be2b1e11beec5\",\"name\":\"Rodrigo Souza\",\"image\":{\"@type\":\"ImageObject\",\"inLanguage\":\"pt-BR\",\"@id\":\"https:\/\/hospitaldaher.com.br\/plastica\/#\/schema\/person\/image\/\",\"url\":\"https:\/\/hospitaldaher.com.br\/plastica\/wp-content\/litespeed\/avatar\/8066cc10441b38f9f1b28973ebaf07e9.jpg?ver=1775653742\",\"contentUrl\":\"https:\/\/hospitaldaher.com.br\/plastica\/wp-content\/litespeed\/avatar\/8066cc10441b38f9f1b28973ebaf07e9.jpg?ver=1775653742\",\"caption\":\"Rodrigo Souza\"}}]}<\/script>\n<!-- \/ Yoast SEO plugin. -->","yoast_head_json":{"title":"Queixo (Mento) - Dr. Jos\u00e9 Carlos Daher","robots":{"index":"index","follow":"follow","max-snippet":"max-snippet:-1","max-image-preview":"max-image-preview:large","max-video-preview":"max-video-preview:-1"},"canonical":"https:\/\/hospitaldaher.com.br\/plastica\/cirurgias-plasticas-na-face\/mentoplastias-hipo-e-hipermentonismo\/","og_locale":"pt_BR","og_type":"article","og_title":"Queixo (Mento) - Dr. Jos\u00e9 Carlos Daher","og_url":"https:\/\/hospitaldaher.com.br\/plastica\/cirurgias-plasticas-na-face\/mentoplastias-hipo-e-hipermentonismo\/","og_site_name":"Dr. Jos\u00e9 Carlos Daher","article_publisher":"https:\/\/www.facebook.com\/daherplastica\/","article_modified_time":"2022-09-22T13:52:38+00:00","twitter_card":"summary_large_image","twitter_misc":{"Est. tempo de leitura":"2 minutos"},"schema":{"@context":"https:\/\/schema.org","@graph":[{"@type":"NewsArticle","@id":"https:\/\/hospitaldaher.com.br\/plastica\/cirurgias-plasticas-na-face\/mentoplastias-hipo-e-hipermentonismo\/#article","isPartOf":{"@id":"https:\/\/hospitaldaher.com.br\/plastica\/cirurgias-plasticas-na-face\/mentoplastias-hipo-e-hipermentonismo\/"},"author":{"name":"Rodrigo Souza","@id":"https:\/\/hospitaldaher.com.br\/plastica\/#\/schema\/person\/c5815cf777240b18b88be2b1e11beec5"},"headline":"Queixo (Mento)","datePublished":"2016-10-28T16:48:51+00:00","dateModified":"2022-09-22T13:52:38+00:00","mainEntityOfPage":{"@id":"https:\/\/hospitaldaher.com.br\/plastica\/cirurgias-plasticas-na-face\/mentoplastias-hipo-e-hipermentonismo\/"},"wordCount":437,"publisher":{"@id":"https:\/\/hospitaldaher.com.br\/plastica\/#organization"},"inLanguage":"pt-BR"},{"@type":["WebPage","MedicalWebPage"],"@id":"https:\/\/hospitaldaher.com.br\/plastica\/cirurgias-plasticas-na-face\/mentoplastias-hipo-e-hipermentonismo\/","url":"https:\/\/hospitaldaher.com.br\/plastica\/cirurgias-plasticas-na-face\/mentoplastias-hipo-e-hipermentonismo\/","name":"Queixo (Mento) - Dr. Jos\u00e9 Carlos Daher","isPartOf":{"@id":"https:\/\/hospitaldaher.com.br\/plastica\/#website"},"datePublished":"2016-10-28T16:48:51+00:00","dateModified":"2022-09-22T13:52:38+00:00","breadcrumb":{"@id":"https:\/\/hospitaldaher.com.br\/plastica\/cirurgias-plasticas-na-face\/mentoplastias-hipo-e-hipermentonismo\/#breadcrumb"},"inLanguage":"pt-BR","potentialAction":[{"@type":"ReadAction","target":["https:\/\/hospitaldaher.com.br\/plastica\/cirurgias-plasticas-na-face\/mentoplastias-hipo-e-hipermentonismo\/"]}]},{"@type":"BreadcrumbList","@id":"https:\/\/hospitaldaher.com.br\/plastica\/cirurgias-plasticas-na-face\/mentoplastias-hipo-e-hipermentonismo\/#breadcrumb","itemListElement":[{"@type":"ListItem","position":1,"name":"In\u00edcio","item":"https:\/\/hospitaldaher.com.br\/plastica\/"},{"@type":"ListItem","position":2,"name":"Cirurgias Pl\u00e1sticas na Face","item":"https:\/\/hospitaldaher.com.br\/plastica\/cirurgias-plasticas-na-face\/"},{"@type":"ListItem","position":3,"name":"Queixo (Mento)"}]},{"@type":"WebSite","@id":"https:\/\/hospitaldaher.com.br\/plastica\/#website","url":"https:\/\/hospitaldaher.com.br\/plastica\/","name":"Dr. Jos\u00e9 Carlos Daher","description":"Cirurgia Pl\u00e1stica","publisher":{"@id":"https:\/\/hospitaldaher.com.br\/plastica\/#organization"},"potentialAction":[{"@type":"SearchAction","target":{"@type":"EntryPoint","urlTemplate":"https:\/\/hospitaldaher.com.br\/plastica\/?s={search_term_string}"},"query-input":"required name=search_term_string"}],"inLanguage":"pt-BR"},{"@type":"Organization","@id":"https:\/\/hospitaldaher.com.br\/plastica\/#organization","name":"Daher Pl\u00e1stica - Dr. Jos\u00e9 Carlos Daher e Dr. Leonardo Daher","url":"https:\/\/hospitaldaher.com.br\/plastica\/","logo":{"@type":"ImageObject","inLanguage":"pt-BR","@id":"https:\/\/hospitaldaher.com.br\/plastica\/#\/schema\/logo\/image\/","url":"https:\/\/hospitaldaher.com.br\/plastica\/wp-content\/uploads\/2022\/09\/Logo_Jose_Carlos_Daher_em_Brasilia_Black.svg","contentUrl":"https:\/\/hospitaldaher.com.br\/plastica\/wp-content\/uploads\/2022\/09\/Logo_Jose_Carlos_Daher_em_Brasilia_Black.svg","width":"1030","height":"1030","caption":"Daher Pl\u00e1stica - Dr. Jos\u00e9 Carlos Daher e Dr. Leonardo Daher"},"image":{"@id":"https:\/\/hospitaldaher.com.br\/plastica\/#\/schema\/logo\/image\/"},"sameAs":["https:\/\/www.facebook.com\/daherplastica\/","https:\/\/www.instagram.com\/doutor_daher\/"]},{"@type":"Person","@id":"https:\/\/hospitaldaher.com.br\/plastica\/#\/schema\/person\/c5815cf777240b18b88be2b1e11beec5","name":"Rodrigo Souza","image":{"@type":"ImageObject","inLanguage":"pt-BR","@id":"https:\/\/hospitaldaher.com.br\/plastica\/#\/schema\/person\/image\/","url":"https:\/\/hospitaldaher.com.br\/plastica\/wp-content\/litespeed\/avatar\/8066cc10441b38f9f1b28973ebaf07e9.jpg?ver=1775653742","contentUrl":"https:\/\/hospitaldaher.com.br\/plastica\/wp-content\/litespeed\/avatar\/8066cc10441b38f9f1b28973ebaf07e9.jpg?ver=1775653742","caption":"Rodrigo Souza"}}]}},"_links":{"self":[{"href":"https:\/\/hospitaldaher.com.br\/plastica\/wp-json\/wp\/v2\/pages\/3829"}],"collection":[{"href":"https:\/\/hospitaldaher.com.br\/plastica\/wp-json\/wp\/v2\/pages"}],"about":[{"href":"https:\/\/hospitaldaher.com.br\/plastica\/wp-json\/wp\/v2\/types\/page"}],"author":[{"embeddable":true,"href":"https:\/\/hospitaldaher.com.br\/plastica\/wp-json\/wp\/v2\/users\/2"}],"replies":[{"embeddable":true,"href":"https:\/\/hospitaldaher.com.br\/plastica\/wp-json\/wp\/v2\/comments?post=3829"}],"version-history":[{"count":2,"href":"https:\/\/hospitaldaher.com.br\/plastica\/wp-json\/wp\/v2\/pages\/3829\/revisions"}],"predecessor-version":[{"id":7257,"href":"https:\/\/hospitaldaher.com.br\/plastica\/wp-json\/wp\/v2\/pages\/3829\/revisions\/7257"}],"up":[{"embeddable":true,"href":"https:\/\/hospitaldaher.com.br\/plastica\/wp-json\/wp\/v2\/pages\/3811"}],"wp:attachment":[{"href":"https:\/\/hospitaldaher.com.br\/plastica\/wp-json\/wp\/v2\/media?parent=3829"}],"curies":[{"name":"wp","href":"https:\/\/api.w.org\/{rel}","templated":true}]}}