{"id":4078,"date":"2016-11-08T13:22:03","date_gmt":"2016-11-08T13:22:03","guid":{"rendered":"http:\/\/hospitaldaher.com.br\/plastica\/?page_id=4078"},"modified":"2022-09-28T17:31:01","modified_gmt":"2022-09-28T20:31:01","slug":"cicatrizes","status":"publish","type":"page","link":"https:\/\/hospitaldaher.com.br\/plastica\/cirurgias-plasticas\/cicatrizes\/","title":{"rendered":"Cicatrizes"},"content":{"rendered":"<section class=\"l-section wpb_row height_small\"><div class=\"l-section-h i-cf\"><div class=\"g-cols vc_row via_grid cols_1 laptops-cols_inherit tablets-cols_inherit mobiles-cols_1 valign_top type_default stacking_default\"><div class=\"wpb_column vc_column_container\"><div class=\"vc_column-inner\"><div class=\"g-cols wpb_row via_grid cols_2 laptops-cols_inherit tablets-cols_inherit mobiles-cols_1 valign_top type_default stacking_default\"><div class=\"wpb_column vc_column_container\"><div class=\"vc_column-inner\"><div class=\"wpb_text_column\"><div class=\"wpb_wrapper\"><p style=\"text-align: justify;\">Muitas pessoas tem em seu corpo cicatrizes inest\u00e9ticas ou indesej\u00e1veis, que foram produzidas por diferentes causas: cirurgias anteriores, acidentes, cortes na inf\u00e2ncia, cirurgias de urg\u00eancia, fur\u00fanculos, queimaduras, etc.<\/p>\n<p style=\"text-align: justify;\">Existe uma cren\u00e7a popular de que indo ao cirurgi\u00e3o pl\u00e1stico ele retira e desaparece com a cicatriz. Isto \u00e9 um mito que tem que ser devidamente esclarecido: uma vez produzida uma cicatriz no corpo humano ela existir\u00e1 sempre, por toda a vida. O cirurgi\u00e3o pl\u00e1stico, consegue cicatrizes melhores, porque ele usa uma t\u00e9cnica, materiais e fios adequados e sabe como colocar as cicatrizes, escolhendo as \u00e1reas e dire\u00e7\u00f5es onde sabiamente elas t\u00eam mais chances de se tornar impercept\u00edveis, ou pouco percept\u00edveis e pouco importantes.<\/p>\n<p style=\"text-align: justify;\">Em certas cirurgias est\u00e9ticas, como no caso das mamoplastias e abdominoplastias, o cirurgi\u00e3o conseguir\u00e1 as melhores cicatrizes poss\u00edveis atrav\u00e9s de t\u00e9cnicas, mas elas sempre existir\u00e3o e ser\u00e3o mais ou menos importantes segundo o corpo de cada paciente.<\/p>\n<\/div><\/div><\/div><\/div><div class=\"wpb_column vc_column_container\"><div class=\"vc_column-inner\"><div class=\"wpb_text_column\"><div class=\"wpb_wrapper\"><p style=\"text-align: justify;\">O tratamento das cicatrizes indesej\u00e1veis pode consistir em refaz\u00ea-las com t\u00e9cnicas mais apuradas, mudar seu direcionamento, &#8220;quebrando-as&#8221; por t\u00e9cnica pr\u00f3pria (as zetaplastias), ou ainda injetando em seu interior doses fracionadas de corticoide de longa dura\u00e7\u00e3o, o que deve ser realizado por m\u00e9dicos que dominem estas dosagens.<\/p>\n<p style=\"text-align: justify;\">O lixamento (peeling) da cicatriz, embora divulgados popularmente como solu\u00e7\u00f5es, n\u00e3o \u00e9 o tratamento adequado para cicatrizes. Pode sim ser usado lixar-se a cicatriz nas sua \u00e1rea perif\u00e9rica, vizinha, no mesmo ato operat\u00f3rio em que a cicatriz \u00e9 retirada. Nesses casos pode-se obter resultados bem melhores, com cicatrizes finais bem menos aparentes.<\/p>\n<\/div><\/div><\/div><\/div><\/div><\/div><\/div><\/div><\/div><\/section><section class=\"l-section wpb_row height_large color_alternate\"><div class=\"l-section-h i-cf\"><div class=\"g-cols vc_row via_grid cols_1 laptops-cols_inherit tablets-cols_inherit mobiles-cols_1 valign_top type_default stacking_default\"><div class=\"wpb_column vc_column_container\"><div class=\"vc_column-inner\"><div class=\"wpb_text_column\"><div class=\"wpb_wrapper\"><h2>O LASER TIRA CICATRIZES?<\/h2>\n<\/div><\/div><div class=\"w-separator size_small\"><\/div><div class=\"g-cols wpb_row via_grid cols_2 laptops-cols_inherit tablets-cols_inherit mobiles-cols_1 valign_top type_default stacking_default\"><div class=\"wpb_column vc_column_container\"><div class=\"vc_column-inner\"><div class=\"wpb_text_column\"><div class=\"wpb_wrapper\"><p style=\"text-align: justify;\">Para o tratamento das cicatrizes, ajuda, mas para o tratamento das tatuagens \u00e9 muito bom.<\/p>\n<p style=\"text-align: justify;\">O Laser \u00e9 hoje uma poderosa arma auxiliar da cirurgia pl\u00e1stica para certas cicatrizes. Por exemplo, existem certos tipos de feridas contaminadas, resultantes de traumas ou de pontos que se abriram que fecham muito mais r\u00e1pido se usarmos uma aplica\u00e7\u00e3o espec\u00edfica de laser.<\/p>\n<p style=\"text-align: justify;\">Existe a proposta do Laser de CO2, indicado para cicatrizes exuberantes o que pode ser uma boa indica\u00e7\u00e3o para determinados casos.<\/p>\n<p><strong>TATUAGENS<\/strong>: hoje podem ser tratadas de maneira bastante eficiente com o uso de um tipo espec\u00edfico de laser. Existem aparelhos espec\u00edficos.<\/p>\n<\/div><\/div><\/div><\/div><div class=\"wpb_column vc_column_container\"><div class=\"vc_column-inner\"><div class=\"wpb_text_column\"><div class=\"wpb_wrapper\"><p style=\"text-align: justify;\">O \u2018\u2019Spectra\u2019\u2019 \u00e9 um deles e \u00e9 no momento o que tem melhor n\u00edvel de efici\u00eancia para &#8220;apagar&#8221; tatuagens, principalmente aquelas com pigmento negro, mas tamb\u00e9m \u00e9 indicado para todas as cores.<\/p>\n<p style=\"text-align: justify;\">Este equipamento (Spectra), tem tamb\u00e9m a propriedade de tratar olheiras, manchas de pele, cloasma grav\u00eddico, nevus cong\u00eanitos e micoses das unhas entre outras indica\u00e7\u00f5es, tendo tamb\u00e9m um bom aproveitamento para a melhoria da textura da pele. Pode ser considerado um tratamento de rejuvenescimento que precede o tratamento cir\u00fargico para as pacientes que ainda n\u00e3o querem se submeter \u00e0 pl\u00e1stica facial.<\/p>\n<\/div><\/div><\/div><\/div><\/div><\/div><\/div><\/div><\/div><\/section>\n","protected":false},"excerpt":{"rendered":"Muitas pessoas tem em seu corpo cicatrizes inest\u00e9ticas ou indesej\u00e1veis, que foram produzidas por diferentes causas: cirurgias anteriores, acidentes, cortes na inf\u00e2ncia, cirurgias de urg\u00eancia, fur\u00fanculos, queimaduras, etc. Existe uma cren\u00e7a popular de que indo ao cirurgi\u00e3o pl\u00e1stico ele retira e desaparece com a cicatriz. Isto \u00e9 um mito que tem que ser devidamente esclarecido:...","protected":false},"author":3,"featured_media":0,"parent":7169,"menu_order":0,"comment_status":"closed","ping_status":"closed","template":"","meta":{"footnotes":""},"yoast_head":"<!-- This site is optimized with the Yoast SEO plugin v21.6 - https:\/\/yoast.com\/wordpress\/plugins\/seo\/ -->\n<title>Cicatrizes | Dr. Jos\u00e9 Carlos Daher<\/title>\n<meta name=\"robots\" content=\"index, follow, max-snippet:-1, max-image-preview:large, max-video-preview:-1\" \/>\n<link rel=\"canonical\" href=\"https:\/\/hospitaldaher.com.br\/plastica\/cirurgias-plasticas\/cicatrizes\/\" \/>\n<meta property=\"og:locale\" content=\"pt_BR\" \/>\n<meta property=\"og:type\" content=\"article\" \/>\n<meta property=\"og:title\" content=\"Cicatrizes | Dr. Jos\u00e9 Carlos Daher\" \/>\n<meta property=\"og:url\" content=\"https:\/\/hospitaldaher.com.br\/plastica\/cirurgias-plasticas\/cicatrizes\/\" \/>\n<meta property=\"og:site_name\" content=\"Dr. Jos\u00e9 Carlos Daher\" \/>\n<meta property=\"article:publisher\" content=\"https:\/\/www.facebook.com\/daherplastica\/\" \/>\n<meta property=\"article:modified_time\" content=\"2022-09-28T20:31:01+00:00\" \/>\n<meta name=\"twitter:card\" content=\"summary_large_image\" \/>\n<meta name=\"twitter:label1\" content=\"Est. tempo de leitura\" \/>\n\t<meta name=\"twitter:data1\" content=\"3 minutos\" \/>\n<script type=\"application\/ld+json\" class=\"yoast-schema-graph\">{\"@context\":\"https:\/\/schema.org\",\"@graph\":[{\"@type\":\"NewsArticle\",\"@id\":\"https:\/\/hospitaldaher.com.br\/plastica\/cirurgias-plasticas\/cicatrizes\/#article\",\"isPartOf\":{\"@id\":\"https:\/\/hospitaldaher.com.br\/plastica\/cirurgias-plasticas\/cicatrizes\/\"},\"author\":{\"name\":\"Juliana Vaz\",\"@id\":\"https:\/\/hospitaldaher.com.br\/plastica\/#\/schema\/person\/0bb76ae6158fc52d618a2577ef5ca2d6\"},\"headline\":\"Cicatrizes\",\"datePublished\":\"2016-11-08T13:22:03+00:00\",\"dateModified\":\"2022-09-28T20:31:01+00:00\",\"mainEntityOfPage\":{\"@id\":\"https:\/\/hospitaldaher.com.br\/plastica\/cirurgias-plasticas\/cicatrizes\/\"},\"wordCount\":585,\"publisher\":{\"@id\":\"https:\/\/hospitaldaher.com.br\/plastica\/#organization\"},\"inLanguage\":\"pt-BR\"},{\"@type\":[\"WebPage\",\"MedicalWebPage\"],\"@id\":\"https:\/\/hospitaldaher.com.br\/plastica\/cirurgias-plasticas\/cicatrizes\/\",\"url\":\"https:\/\/hospitaldaher.com.br\/plastica\/cirurgias-plasticas\/cicatrizes\/\",\"name\":\"Cicatrizes | Dr. Jos\u00e9 Carlos Daher\",\"isPartOf\":{\"@id\":\"https:\/\/hospitaldaher.com.br\/plastica\/#website\"},\"datePublished\":\"2016-11-08T13:22:03+00:00\",\"dateModified\":\"2022-09-28T20:31:01+00:00\",\"breadcrumb\":{\"@id\":\"https:\/\/hospitaldaher.com.br\/plastica\/cirurgias-plasticas\/cicatrizes\/#breadcrumb\"},\"inLanguage\":\"pt-BR\",\"potentialAction\":[{\"@type\":\"ReadAction\",\"target\":[\"https:\/\/hospitaldaher.com.br\/plastica\/cirurgias-plasticas\/cicatrizes\/\"]}]},{\"@type\":\"BreadcrumbList\",\"@id\":\"https:\/\/hospitaldaher.com.br\/plastica\/cirurgias-plasticas\/cicatrizes\/#breadcrumb\",\"itemListElement\":[{\"@type\":\"ListItem\",\"position\":1,\"name\":\"In\u00edcio\",\"item\":\"https:\/\/hospitaldaher.com.br\/plastica\/\"},{\"@type\":\"ListItem\",\"position\":2,\"name\":\"Cirurgias Pl\u00e1sticas\",\"item\":\"https:\/\/hospitaldaher.com.br\/plastica\/cirurgias-plasticas\/\"},{\"@type\":\"ListItem\",\"position\":3,\"name\":\"Cicatrizes\"}]},{\"@type\":\"WebSite\",\"@id\":\"https:\/\/hospitaldaher.com.br\/plastica\/#website\",\"url\":\"https:\/\/hospitaldaher.com.br\/plastica\/\",\"name\":\"Dr. Jos\u00e9 Carlos Daher\",\"description\":\"Cirurgia Pl\u00e1stica\",\"publisher\":{\"@id\":\"https:\/\/hospitaldaher.com.br\/plastica\/#organization\"},\"potentialAction\":[{\"@type\":\"SearchAction\",\"target\":{\"@type\":\"EntryPoint\",\"urlTemplate\":\"https:\/\/hospitaldaher.com.br\/plastica\/?s={search_term_string}\"},\"query-input\":\"required name=search_term_string\"}],\"inLanguage\":\"pt-BR\"},{\"@type\":\"Organization\",\"@id\":\"https:\/\/hospitaldaher.com.br\/plastica\/#organization\",\"name\":\"Daher Pl\u00e1stica - Dr. Jos\u00e9 Carlos Daher e Dr. Leonardo Daher\",\"url\":\"https:\/\/hospitaldaher.com.br\/plastica\/\",\"logo\":{\"@type\":\"ImageObject\",\"inLanguage\":\"pt-BR\",\"@id\":\"https:\/\/hospitaldaher.com.br\/plastica\/#\/schema\/logo\/image\/\",\"url\":\"https:\/\/hospitaldaher.com.br\/plastica\/wp-content\/uploads\/2022\/09\/Logo_Jose_Carlos_Daher_em_Brasilia_Black.svg\",\"contentUrl\":\"https:\/\/hospitaldaher.com.br\/plastica\/wp-content\/uploads\/2022\/09\/Logo_Jose_Carlos_Daher_em_Brasilia_Black.svg\",\"width\":\"1030\",\"height\":\"1030\",\"caption\":\"Daher Pl\u00e1stica - Dr. Jos\u00e9 Carlos Daher e Dr. Leonardo Daher\"},\"image\":{\"@id\":\"https:\/\/hospitaldaher.com.br\/plastica\/#\/schema\/logo\/image\/\"},\"sameAs\":[\"https:\/\/www.facebook.com\/daherplastica\/\",\"https:\/\/www.instagram.com\/doutor_daher\/\"]},{\"@type\":\"Person\",\"@id\":\"https:\/\/hospitaldaher.com.br\/plastica\/#\/schema\/person\/0bb76ae6158fc52d618a2577ef5ca2d6\",\"name\":\"Juliana Vaz\",\"image\":{\"@type\":\"ImageObject\",\"inLanguage\":\"pt-BR\",\"@id\":\"https:\/\/hospitaldaher.com.br\/plastica\/#\/schema\/person\/image\/\",\"url\":\"https:\/\/hospitaldaher.com.br\/plastica\/wp-content\/litespeed\/avatar\/842d8ea3f17809cdac54bf9cada4a39c.jpg?ver=1775653742\",\"contentUrl\":\"https:\/\/hospitaldaher.com.br\/plastica\/wp-content\/litespeed\/avatar\/842d8ea3f17809cdac54bf9cada4a39c.jpg?ver=1775653742\",\"caption\":\"Juliana Vaz\"}}]}<\/script>\n<!-- \/ Yoast SEO plugin. -->","yoast_head_json":{"title":"Cicatrizes | Dr. Jos\u00e9 Carlos Daher","robots":{"index":"index","follow":"follow","max-snippet":"max-snippet:-1","max-image-preview":"max-image-preview:large","max-video-preview":"max-video-preview:-1"},"canonical":"https:\/\/hospitaldaher.com.br\/plastica\/cirurgias-plasticas\/cicatrizes\/","og_locale":"pt_BR","og_type":"article","og_title":"Cicatrizes | Dr. Jos\u00e9 Carlos Daher","og_url":"https:\/\/hospitaldaher.com.br\/plastica\/cirurgias-plasticas\/cicatrizes\/","og_site_name":"Dr. Jos\u00e9 Carlos Daher","article_publisher":"https:\/\/www.facebook.com\/daherplastica\/","article_modified_time":"2022-09-28T20:31:01+00:00","twitter_card":"summary_large_image","twitter_misc":{"Est. tempo de leitura":"3 minutos"},"schema":{"@context":"https:\/\/schema.org","@graph":[{"@type":"NewsArticle","@id":"https:\/\/hospitaldaher.com.br\/plastica\/cirurgias-plasticas\/cicatrizes\/#article","isPartOf":{"@id":"https:\/\/hospitaldaher.com.br\/plastica\/cirurgias-plasticas\/cicatrizes\/"},"author":{"name":"Juliana Vaz","@id":"https:\/\/hospitaldaher.com.br\/plastica\/#\/schema\/person\/0bb76ae6158fc52d618a2577ef5ca2d6"},"headline":"Cicatrizes","datePublished":"2016-11-08T13:22:03+00:00","dateModified":"2022-09-28T20:31:01+00:00","mainEntityOfPage":{"@id":"https:\/\/hospitaldaher.com.br\/plastica\/cirurgias-plasticas\/cicatrizes\/"},"wordCount":585,"publisher":{"@id":"https:\/\/hospitaldaher.com.br\/plastica\/#organization"},"inLanguage":"pt-BR"},{"@type":["WebPage","MedicalWebPage"],"@id":"https:\/\/hospitaldaher.com.br\/plastica\/cirurgias-plasticas\/cicatrizes\/","url":"https:\/\/hospitaldaher.com.br\/plastica\/cirurgias-plasticas\/cicatrizes\/","name":"Cicatrizes | Dr. Jos\u00e9 Carlos Daher","isPartOf":{"@id":"https:\/\/hospitaldaher.com.br\/plastica\/#website"},"datePublished":"2016-11-08T13:22:03+00:00","dateModified":"2022-09-28T20:31:01+00:00","breadcrumb":{"@id":"https:\/\/hospitaldaher.com.br\/plastica\/cirurgias-plasticas\/cicatrizes\/#breadcrumb"},"inLanguage":"pt-BR","potentialAction":[{"@type":"ReadAction","target":["https:\/\/hospitaldaher.com.br\/plastica\/cirurgias-plasticas\/cicatrizes\/"]}]},{"@type":"BreadcrumbList","@id":"https:\/\/hospitaldaher.com.br\/plastica\/cirurgias-plasticas\/cicatrizes\/#breadcrumb","itemListElement":[{"@type":"ListItem","position":1,"name":"In\u00edcio","item":"https:\/\/hospitaldaher.com.br\/plastica\/"},{"@type":"ListItem","position":2,"name":"Cirurgias Pl\u00e1sticas","item":"https:\/\/hospitaldaher.com.br\/plastica\/cirurgias-plasticas\/"},{"@type":"ListItem","position":3,"name":"Cicatrizes"}]},{"@type":"WebSite","@id":"https:\/\/hospitaldaher.com.br\/plastica\/#website","url":"https:\/\/hospitaldaher.com.br\/plastica\/","name":"Dr. Jos\u00e9 Carlos Daher","description":"Cirurgia Pl\u00e1stica","publisher":{"@id":"https:\/\/hospitaldaher.com.br\/plastica\/#organization"},"potentialAction":[{"@type":"SearchAction","target":{"@type":"EntryPoint","urlTemplate":"https:\/\/hospitaldaher.com.br\/plastica\/?s={search_term_string}"},"query-input":"required name=search_term_string"}],"inLanguage":"pt-BR"},{"@type":"Organization","@id":"https:\/\/hospitaldaher.com.br\/plastica\/#organization","name":"Daher Pl\u00e1stica - Dr. Jos\u00e9 Carlos Daher e Dr. Leonardo Daher","url":"https:\/\/hospitaldaher.com.br\/plastica\/","logo":{"@type":"ImageObject","inLanguage":"pt-BR","@id":"https:\/\/hospitaldaher.com.br\/plastica\/#\/schema\/logo\/image\/","url":"https:\/\/hospitaldaher.com.br\/plastica\/wp-content\/uploads\/2022\/09\/Logo_Jose_Carlos_Daher_em_Brasilia_Black.svg","contentUrl":"https:\/\/hospitaldaher.com.br\/plastica\/wp-content\/uploads\/2022\/09\/Logo_Jose_Carlos_Daher_em_Brasilia_Black.svg","width":"1030","height":"1030","caption":"Daher Pl\u00e1stica - Dr. Jos\u00e9 Carlos Daher e Dr. Leonardo Daher"},"image":{"@id":"https:\/\/hospitaldaher.com.br\/plastica\/#\/schema\/logo\/image\/"},"sameAs":["https:\/\/www.facebook.com\/daherplastica\/","https:\/\/www.instagram.com\/doutor_daher\/"]},{"@type":"Person","@id":"https:\/\/hospitaldaher.com.br\/plastica\/#\/schema\/person\/0bb76ae6158fc52d618a2577ef5ca2d6","name":"Juliana Vaz","image":{"@type":"ImageObject","inLanguage":"pt-BR","@id":"https:\/\/hospitaldaher.com.br\/plastica\/#\/schema\/person\/image\/","url":"https:\/\/hospitaldaher.com.br\/plastica\/wp-content\/litespeed\/avatar\/842d8ea3f17809cdac54bf9cada4a39c.jpg?ver=1775653742","contentUrl":"https:\/\/hospitaldaher.com.br\/plastica\/wp-content\/litespeed\/avatar\/842d8ea3f17809cdac54bf9cada4a39c.jpg?ver=1775653742","caption":"Juliana Vaz"}}]}},"_links":{"self":[{"href":"https:\/\/hospitaldaher.com.br\/plastica\/wp-json\/wp\/v2\/pages\/4078"}],"collection":[{"href":"https:\/\/hospitaldaher.com.br\/plastica\/wp-json\/wp\/v2\/pages"}],"about":[{"href":"https:\/\/hospitaldaher.com.br\/plastica\/wp-json\/wp\/v2\/types\/page"}],"author":[{"embeddable":true,"href":"https:\/\/hospitaldaher.com.br\/plastica\/wp-json\/wp\/v2\/users\/3"}],"replies":[{"embeddable":true,"href":"https:\/\/hospitaldaher.com.br\/plastica\/wp-json\/wp\/v2\/comments?post=4078"}],"version-history":[{"count":3,"href":"https:\/\/hospitaldaher.com.br\/plastica\/wp-json\/wp\/v2\/pages\/4078\/revisions"}],"predecessor-version":[{"id":7328,"href":"https:\/\/hospitaldaher.com.br\/plastica\/wp-json\/wp\/v2\/pages\/4078\/revisions\/7328"}],"up":[{"embeddable":true,"href":"https:\/\/hospitaldaher.com.br\/plastica\/wp-json\/wp\/v2\/pages\/7169"}],"wp:attachment":[{"href":"https:\/\/hospitaldaher.com.br\/plastica\/wp-json\/wp\/v2\/media?parent=4078"}],"curies":[{"name":"wp","href":"https:\/\/api.w.org\/{rel}","templated":true}]}}