{"id":4177,"date":"2016-11-08T18:09:12","date_gmt":"2016-11-08T18:09:12","guid":{"rendered":"http:\/\/hospitaldaher.com.br\/plastica\/?page_id=4177"},"modified":"2022-09-27T09:27:29","modified_gmt":"2022-09-27T12:27:29","slug":"palpebras","status":"publish","type":"page","link":"https:\/\/hospitaldaher.com.br\/plastica\/cirurgias-plasticas\/palpebras\/","title":{"rendered":"P\u00e1lpebras"},"content":{"rendered":"<section class=\"l-section wpb_row height_small\"><div class=\"l-section-h i-cf\"><div class=\"g-cols vc_row via_grid cols_1 laptops-cols_inherit tablets-cols_inherit mobiles-cols_1 valign_top type_default stacking_default\"><div class=\"wpb_column vc_column_container\"><div class=\"vc_column-inner\"><div class=\"g-cols wpb_row via_grid cols_2 laptops-cols_inherit tablets-cols_inherit mobiles-cols_1 valign_top type_default stacking_default\"><div class=\"wpb_column vc_column_container\"><div class=\"vc_column-inner\"><div class=\"wpb_text_column\"><div class=\"wpb_wrapper\"><p style=\"text-align: justify;\">Estas cirurgias visam a corre\u00e7\u00e3o do excesso de pele nas p\u00e1lpebras superiores e inferiores, e, al\u00e9m disto, o tratamento das bolsas palpebrais redundantes (olheiras) nas p\u00e1lpebras inferiores, ou mesmo das p\u00e1lpebras superiores onde se situam junto ao nariz e s\u00e3o menores.<\/p>\n<p style=\"text-align: justify;\">As incis\u00f5es nas p\u00e1lpebras superiores s\u00e3o na prega de flex\u00e3o da pele, identific\u00e1vel quando o olho est\u00e1 aberto e nas p\u00e1lpebras inferiores, acompanham de c\u00edlios inferiores, bem pr\u00f3ximo a eles, prolongando-se aproximadamente 0,5 ou 1 cm al\u00e9m do canto externo dos olhos. Esta cirurgia tem um efeito altamente rejuvenescedor e valoriza os olhos, primeiro ponto de contato entre as pessoas.<\/p>\n<p style=\"text-align: justify;\">Sempre que houver indica\u00e7\u00e3o, deve ser praticada junto com a pl\u00e1stica da face pois os resultados s\u00e3o mais completos.<\/p>\n<\/div><\/div><\/div><\/div><div class=\"wpb_column vc_column_container\"><div class=\"vc_column-inner\"><div class=\"w-image align_center\"><div class=\"w-image-h\"><img loading=\"lazy\" decoding=\"async\" width=\"250\" height=\"311\" src=\"https:\/\/hospitaldaher.com.br\/plastica\/wp-content\/uploads\/2016\/11\/1-e1480602804439.jpg\" class=\"attachment-large size-large\" alt=\"\" srcset=\"https:\/\/hospitaldaher.com.br\/plastica\/wp-content\/uploads\/2016\/11\/1-e1480602804439.jpg 250w, https:\/\/hospitaldaher.com.br\/plastica\/wp-content\/uploads\/2016\/11\/1-e1480602804439-241x300.jpg 241w, https:\/\/hospitaldaher.com.br\/plastica\/wp-content\/uploads\/2016\/11\/1-e1480602804439-121x150.jpg 121w\" sizes=\"(max-width: 250px) 100vw, 250px\" \/><\/div><\/div><div class=\"w-separator size_small\"><\/div><div class=\"wpb_text_column us_custom_f73f4019\"><div class=\"wpb_wrapper\"><p style=\"text-align: center;\">Cirurgia das p\u00e1lpebras: Pode ser feita<br \/>\nisoladamente ou associada \u00e0 cirurgia<br \/>\ndo rejuvenescimento facial.<\/p>\n<\/div><\/div><\/div><\/div><\/div><\/div><\/div><\/div><\/div><\/section><section class=\"l-section wpb_row height_large color_alternate\"><div class=\"l-section-h i-cf\"><div class=\"g-cols vc_row via_grid cols_1 laptops-cols_inherit tablets-cols_inherit mobiles-cols_1 valign_top type_default stacking_default\"><div class=\"wpb_column vc_column_container\"><div class=\"vc_column-inner\"><div class=\"g-cols wpb_row via_grid cols_1 laptops-cols_inherit tablets-cols_inherit mobiles-cols_1 valign_top type_default stacking_default\"><div class=\"wpb_column vc_column_container\"><div class=\"vc_column-inner\"><div class=\"wpb_text_column\"><div class=\"wpb_wrapper\"><p style=\"text-align: justify;\">Existem por\u00e9m pacientes, ainda jovens ou de meia idade, que n\u00e3o tem indica\u00e7\u00e3o para a pl\u00e1stica da face, mas tem para as p\u00e1lpebras, situa\u00e7\u00e3o em que esta cirurgia ser\u00e1 realizada separadamente. As cirurgias das p\u00e1lpebras isoladamente n\u00e3o resolvem os p\u00e9s de galinha nas laterais das p\u00e1lpebras, embora as melhorem bastante. Estas, ter\u00e3o que ser associadas \u00e0 Toxina Botul\u00ednica, que traz excelentes resultados nestes casos. Entretanto, se a pl\u00e1stica das p\u00e1lpebras estiver associada \u00e0 pl\u00e1stica da face, existem recursos t\u00e9cnicos que atenuam consideravelmente os p\u00e9s de galinha, mesmo sem o uso da Toxina Botul\u00ednica.<\/p>\n<p style=\"text-align: justify;\">Quanto \u00e0s p\u00e1lpebras inferiores \u00e9 importante considerar que s\u00e3o cirurgias cada vez mais conservadoras. Observou-se que as bolsas t\u00e3o temidas e que lavariam \u00e0s olheiras, nem sempre s\u00e3o resultado de hipertrofia das bolsas gordurosas e sim a migra\u00e7\u00e3o para baixo do colch\u00e3o de gordura ao redor dos olhos.<\/p>\n<p style=\"text-align: justify;\">Assim, a tend\u00eancia atual \u00e9 de retiradas m\u00ednimas de pele e inje\u00e7\u00f5es de gordura peri orbit\u00e1ria nesta regi\u00e3o. Somado a isto trata-se as olheiras escurecidas com o raio laser tipo Spectra, que tamb\u00e9m pode ser usado para o rejuvenescimento da pele na regi\u00e3o, com resultados surpreendentes.<\/p>\n<p style=\"text-align: justify;\">Os pontos s\u00e3o retirados no 2\u00ba ou 3\u00ba dia de p\u00f3s-operat\u00f3rio e as cicatrizes ap\u00f3s 30\/60 dias s\u00e3o praticamente invis\u00edveis.<\/p>\n<p style=\"text-align: justify;\">N\u00e3o h\u00e1 curativo fechado. Ap\u00f3s a cirurgia \u00e9 recomendada uma bolsa de gelo nas primeiras horas do p\u00f3s operat\u00f3rio. Embora deva ser sempre realizada em centro cir\u00fargico, n\u00e3o \u00e9 obrigat\u00f3rio o pernoite no hospital.<\/p>\n<\/div><\/div><\/div><\/div><\/div><\/div><\/div><\/div><\/div><\/section><section class=\"l-section wpb_row height_large\"><div class=\"l-section-h i-cf\"><div class=\"g-cols vc_row via_grid cols_1 laptops-cols_inherit tablets-cols_inherit mobiles-cols_1 valign_top type_default stacking_default\"><div class=\"wpb_column vc_column_container\"><div class=\"vc_column-inner\"><div class=\"g-cols wpb_row via_grid cols_1-4-1 laptops-cols_inherit tablets-cols_inherit mobiles-cols_1 valign_top type_default stacking_default\"><div class=\"wpb_column vc_column_container\"><div class=\"vc_column-inner\"><\/div><\/div><div class=\"wpb_column vc_column_container\"><div class=\"vc_column-inner\"><div class=\"wpb_text_column\"><div class=\"wpb_wrapper\"><h3 style=\"text-align: center;\">Blefaroplastia &#8211; P\u00e1lpebras Inferiores (Externa)<\/h3>\n<\/div><\/div><div class=\"w-separator size_small\"><\/div>[vc_raw_html]JTNDaWZyYW1lJTIwc3JjJTNEJTIyaHR0cHMlM0ElMkYlMkZwbGF5ZXIudW5kZXJzdGFuZC5jb20lMkZkcmpjZGFoZXIlMkZwdC1CUiUyRjJjMmE3NjA5LTQzMDYtNDU2MS05MDkzLWJlNmQ1YTc1ZTA4YiUyRjE3MmM4ZjM1LTQ4Y2UtNGEyYS1iZjEyLTY5YzI1MWQ0MDk0YyUzRnBhdXNlRmlyc3RTdGVwJTNEMSUyMiUyMHdpZHRoJTNEJTIyMTAwJTI1JTIyJTIwaGVpZ2h0JTNEJTIyNDQwJTIyJTIwZnJhbWVib3JkZXIlM0QlMjIwJTIyJTIwc2Nyb2xsaW5nJTNEJTIybm8lMjIlMjBhbGxvd2Z1bGxzY3JlZW4lM0QlMjJhbGxvd2Z1bGxzY3JlZW4lMjIlM0UlM0MlMkZpZnJhbWUlM0U=[\/vc_raw_html]<\/div><\/div><div class=\"wpb_column vc_column_container\"><div class=\"vc_column-inner\"><\/div><\/div><\/div><\/div><\/div><\/div><\/div><\/section><section class=\"l-section wpb_row height_large color_alternate\"><div class=\"l-section-h i-cf\"><div class=\"g-cols vc_row via_grid cols_1 laptops-cols_inherit tablets-cols_inherit mobiles-cols_1 valign_top type_default stacking_default\"><div class=\"wpb_column vc_column_container\"><div class=\"vc_column-inner\"><div class=\"g-cols wpb_row via_grid cols_1-4-1 laptops-cols_inherit tablets-cols_inherit mobiles-cols_1 valign_top type_default stacking_default\"><div class=\"wpb_column vc_column_container\"><div class=\"vc_column-inner\"><\/div><\/div><div class=\"wpb_column vc_column_container\"><div class=\"vc_column-inner\"><div class=\"wpb_text_column\"><div class=\"wpb_wrapper\"><h3 style=\"text-align: center;\">Blefaroplastia &#8211; P\u00e1lpebras Inferiores (Interna)<\/h3>\n<\/div><\/div><div class=\"w-separator size_small\"><\/div>[vc_raw_html]JTNDaWZyYW1lJTIwc3JjJTNEJTIyaHR0cHMlM0ElMkYlMkZwbGF5ZXIudW5kZXJzdGFuZC5jb20lMkZkcmpjZGFoZXIlMkZwdC1CUiUyRjJjMmE3NjA5LTQzMDYtNDU2MS05MDkzLWJlNmQ1YTc1ZTA4YiUyRjUzNzcyM2YxLWFhYjYtNDRhOC1iYzE5LTk3YTFkY2IzYzQzMCUzRnBhdXNlRmlyc3RTdGVwJTNEMSUyMiUyMHdpZHRoJTNEJTIyMTAwJTI1JTIyJTIwaGVpZ2h0JTNEJTIyNDQwJTIyJTIwZnJhbWVib3JkZXIlM0QlMjIwJTIyJTIwc2Nyb2xsaW5nJTNEJTIybm8lMjIlMjBhbGxvd2Z1bGxzY3JlZW4lM0QlMjJhbGxvd2Z1bGxzY3JlZW4lMjIlM0UlM0MlMkZpZnJhbWUlM0U=[\/vc_raw_html]<\/div><\/div><div class=\"wpb_column vc_column_container\"><div class=\"vc_column-inner\"><\/div><\/div><\/div><\/div><\/div><\/div><\/div><\/section><section class=\"l-section wpb_row height_large\"><div class=\"l-section-h i-cf\"><div class=\"g-cols vc_row via_grid cols_1 laptops-cols_inherit tablets-cols_inherit mobiles-cols_1 valign_top type_default stacking_default\"><div class=\"wpb_column vc_column_container\"><div class=\"vc_column-inner\"><div class=\"g-cols wpb_row via_grid cols_1-4-1 laptops-cols_inherit tablets-cols_inherit mobiles-cols_1 valign_top type_default stacking_default\"><div class=\"wpb_column vc_column_container\"><div class=\"vc_column-inner\"><\/div><\/div><div class=\"wpb_column vc_column_container\"><div class=\"vc_column-inner\"><div class=\"wpb_text_column\"><div class=\"wpb_wrapper\"><h3 style=\"text-align: center;\">Blefaroplastia &#8211; P\u00e1lpebras Superiores<\/h3>\n<\/div><\/div><div class=\"w-separator size_small\"><\/div>[vc_raw_html]JTNDaWZyYW1lJTIwc3JjJTNEJTIyaHR0cHMlM0ElMkYlMkZwbGF5ZXIudW5kZXJzdGFuZC5jb20lMkZkcmpjZGFoZXIlMkZwdC1CUiUyRjJjMmE3NjA5LTQzMDYtNDU2MS05MDkzLWJlNmQ1YTc1ZTA4YiUyRmFiMjIxNzJlLTBiMTItNDFmNS1hODZlLTUyOTg4MDQ5MmQyNyUzRnBhdXNlRmlyc3RTdGVwJTNEMSUyMiUyMHdpZHRoJTNEJTIyMTAwJTI1JTIyJTIwaGVpZ2h0JTNEJTIyNTU3JTIyJTIwZnJhbWVib3JkZXIlM0QlMjIwJTIyJTIwc2Nyb2xsaW5nJTNEJTIybm8lMjIlMjBhbGxvd2Z1bGxzY3JlZW4lM0QlMjJhbGxvd2Z1bGxzY3JlZW4lMjIlM0UlM0MlMkZpZnJhbWUlM0U=[\/vc_raw_html]<\/div><\/div><div class=\"wpb_column vc_column_container\"><div class=\"vc_column-inner\"><\/div><\/div><\/div><\/div><\/div><\/div><\/div><\/section>\n","protected":false},"excerpt":{"rendered":"Estas cirurgias visam a corre\u00e7\u00e3o do excesso de pele nas p\u00e1lpebras superiores e inferiores, e, al\u00e9m disto, o tratamento das bolsas palpebrais redundantes (olheiras) nas p\u00e1lpebras inferiores, ou mesmo das p\u00e1lpebras superiores onde se situam junto ao nariz e s\u00e3o menores. As incis\u00f5es nas p\u00e1lpebras superiores s\u00e3o na prega de flex\u00e3o da pele, identific\u00e1vel quando...","protected":false},"author":3,"featured_media":0,"parent":7169,"menu_order":0,"comment_status":"closed","ping_status":"closed","template":"","meta":{"footnotes":""},"yoast_head":"<!-- This site is optimized with the Yoast SEO plugin v21.6 - https:\/\/yoast.com\/wordpress\/plugins\/seo\/ -->\n<title>P\u00e1lpebras - Dr. Jos\u00e9 Carlos Daher<\/title>\n<meta name=\"robots\" content=\"index, follow, max-snippet:-1, max-image-preview:large, max-video-preview:-1\" \/>\n<link rel=\"canonical\" href=\"https:\/\/hospitaldaher.com.br\/plastica\/cirurgias-plasticas\/palpebras\/\" \/>\n<meta property=\"og:locale\" content=\"pt_BR\" \/>\n<meta property=\"og:type\" content=\"article\" \/>\n<meta property=\"og:title\" content=\"P\u00e1lpebras - Dr. Jos\u00e9 Carlos Daher\" \/>\n<meta property=\"og:url\" content=\"https:\/\/hospitaldaher.com.br\/plastica\/cirurgias-plasticas\/palpebras\/\" \/>\n<meta property=\"og:site_name\" content=\"Dr. Jos\u00e9 Carlos Daher\" \/>\n<meta property=\"article:publisher\" content=\"https:\/\/www.facebook.com\/daherplastica\/\" \/>\n<meta property=\"article:modified_time\" content=\"2022-09-27T12:27:29+00:00\" \/>\n<meta name=\"twitter:card\" content=\"summary_large_image\" \/>\n<meta name=\"twitter:label1\" content=\"Est. tempo de leitura\" \/>\n\t<meta name=\"twitter:data1\" content=\"4 minutos\" \/>\n<script type=\"application\/ld+json\" class=\"yoast-schema-graph\">{\"@context\":\"https:\/\/schema.org\",\"@graph\":[{\"@type\":\"NewsArticle\",\"@id\":\"https:\/\/hospitaldaher.com.br\/plastica\/cirurgias-plasticas\/palpebras\/#article\",\"isPartOf\":{\"@id\":\"https:\/\/hospitaldaher.com.br\/plastica\/cirurgias-plasticas\/palpebras\/\"},\"author\":{\"name\":\"Juliana Vaz\",\"@id\":\"https:\/\/hospitaldaher.com.br\/plastica\/#\/schema\/person\/0bb76ae6158fc52d618a2577ef5ca2d6\"},\"headline\":\"P\u00e1lpebras\",\"datePublished\":\"2016-11-08T18:09:12+00:00\",\"dateModified\":\"2022-09-27T12:27:29+00:00\",\"mainEntityOfPage\":{\"@id\":\"https:\/\/hospitaldaher.com.br\/plastica\/cirurgias-plasticas\/palpebras\/\"},\"wordCount\":841,\"publisher\":{\"@id\":\"https:\/\/hospitaldaher.com.br\/plastica\/#organization\"},\"inLanguage\":\"pt-BR\"},{\"@type\":[\"WebPage\",\"MedicalWebPage\"],\"@id\":\"https:\/\/hospitaldaher.com.br\/plastica\/cirurgias-plasticas\/palpebras\/\",\"url\":\"https:\/\/hospitaldaher.com.br\/plastica\/cirurgias-plasticas\/palpebras\/\",\"name\":\"P\u00e1lpebras - Dr. Jos\u00e9 Carlos Daher\",\"isPartOf\":{\"@id\":\"https:\/\/hospitaldaher.com.br\/plastica\/#website\"},\"datePublished\":\"2016-11-08T18:09:12+00:00\",\"dateModified\":\"2022-09-27T12:27:29+00:00\",\"breadcrumb\":{\"@id\":\"https:\/\/hospitaldaher.com.br\/plastica\/cirurgias-plasticas\/palpebras\/#breadcrumb\"},\"inLanguage\":\"pt-BR\",\"potentialAction\":[{\"@type\":\"ReadAction\",\"target\":[\"https:\/\/hospitaldaher.com.br\/plastica\/cirurgias-plasticas\/palpebras\/\"]}]},{\"@type\":\"BreadcrumbList\",\"@id\":\"https:\/\/hospitaldaher.com.br\/plastica\/cirurgias-plasticas\/palpebras\/#breadcrumb\",\"itemListElement\":[{\"@type\":\"ListItem\",\"position\":1,\"name\":\"In\u00edcio\",\"item\":\"https:\/\/hospitaldaher.com.br\/plastica\/\"},{\"@type\":\"ListItem\",\"position\":2,\"name\":\"Cirurgias Pl\u00e1sticas\",\"item\":\"https:\/\/hospitaldaher.com.br\/plastica\/cirurgias-plasticas\/\"},{\"@type\":\"ListItem\",\"position\":3,\"name\":\"P\u00e1lpebras\"}]},{\"@type\":\"WebSite\",\"@id\":\"https:\/\/hospitaldaher.com.br\/plastica\/#website\",\"url\":\"https:\/\/hospitaldaher.com.br\/plastica\/\",\"name\":\"Dr. Jos\u00e9 Carlos Daher\",\"description\":\"Cirurgia Pl\u00e1stica\",\"publisher\":{\"@id\":\"https:\/\/hospitaldaher.com.br\/plastica\/#organization\"},\"potentialAction\":[{\"@type\":\"SearchAction\",\"target\":{\"@type\":\"EntryPoint\",\"urlTemplate\":\"https:\/\/hospitaldaher.com.br\/plastica\/?s={search_term_string}\"},\"query-input\":\"required name=search_term_string\"}],\"inLanguage\":\"pt-BR\"},{\"@type\":\"Organization\",\"@id\":\"https:\/\/hospitaldaher.com.br\/plastica\/#organization\",\"name\":\"Daher Pl\u00e1stica - Dr. Jos\u00e9 Carlos Daher e Dr. Leonardo Daher\",\"url\":\"https:\/\/hospitaldaher.com.br\/plastica\/\",\"logo\":{\"@type\":\"ImageObject\",\"inLanguage\":\"pt-BR\",\"@id\":\"https:\/\/hospitaldaher.com.br\/plastica\/#\/schema\/logo\/image\/\",\"url\":\"https:\/\/hospitaldaher.com.br\/plastica\/wp-content\/uploads\/2022\/09\/Logo_Jose_Carlos_Daher_em_Brasilia_Black.svg\",\"contentUrl\":\"https:\/\/hospitaldaher.com.br\/plastica\/wp-content\/uploads\/2022\/09\/Logo_Jose_Carlos_Daher_em_Brasilia_Black.svg\",\"width\":\"1030\",\"height\":\"1030\",\"caption\":\"Daher Pl\u00e1stica - Dr. Jos\u00e9 Carlos Daher e Dr. Leonardo Daher\"},\"image\":{\"@id\":\"https:\/\/hospitaldaher.com.br\/plastica\/#\/schema\/logo\/image\/\"},\"sameAs\":[\"https:\/\/www.facebook.com\/daherplastica\/\",\"https:\/\/www.instagram.com\/doutor_daher\/\"]},{\"@type\":\"Person\",\"@id\":\"https:\/\/hospitaldaher.com.br\/plastica\/#\/schema\/person\/0bb76ae6158fc52d618a2577ef5ca2d6\",\"name\":\"Juliana Vaz\",\"image\":{\"@type\":\"ImageObject\",\"inLanguage\":\"pt-BR\",\"@id\":\"https:\/\/hospitaldaher.com.br\/plastica\/#\/schema\/person\/image\/\",\"url\":\"https:\/\/hospitaldaher.com.br\/plastica\/wp-content\/litespeed\/avatar\/842d8ea3f17809cdac54bf9cada4a39c.jpg?ver=1775653742\",\"contentUrl\":\"https:\/\/hospitaldaher.com.br\/plastica\/wp-content\/litespeed\/avatar\/842d8ea3f17809cdac54bf9cada4a39c.jpg?ver=1775653742\",\"caption\":\"Juliana Vaz\"}}]}<\/script>\n<!-- \/ Yoast SEO plugin. -->","yoast_head_json":{"title":"P\u00e1lpebras - Dr. Jos\u00e9 Carlos Daher","robots":{"index":"index","follow":"follow","max-snippet":"max-snippet:-1","max-image-preview":"max-image-preview:large","max-video-preview":"max-video-preview:-1"},"canonical":"https:\/\/hospitaldaher.com.br\/plastica\/cirurgias-plasticas\/palpebras\/","og_locale":"pt_BR","og_type":"article","og_title":"P\u00e1lpebras - Dr. Jos\u00e9 Carlos Daher","og_url":"https:\/\/hospitaldaher.com.br\/plastica\/cirurgias-plasticas\/palpebras\/","og_site_name":"Dr. Jos\u00e9 Carlos Daher","article_publisher":"https:\/\/www.facebook.com\/daherplastica\/","article_modified_time":"2022-09-27T12:27:29+00:00","twitter_card":"summary_large_image","twitter_misc":{"Est. tempo de leitura":"4 minutos"},"schema":{"@context":"https:\/\/schema.org","@graph":[{"@type":"NewsArticle","@id":"https:\/\/hospitaldaher.com.br\/plastica\/cirurgias-plasticas\/palpebras\/#article","isPartOf":{"@id":"https:\/\/hospitaldaher.com.br\/plastica\/cirurgias-plasticas\/palpebras\/"},"author":{"name":"Juliana Vaz","@id":"https:\/\/hospitaldaher.com.br\/plastica\/#\/schema\/person\/0bb76ae6158fc52d618a2577ef5ca2d6"},"headline":"P\u00e1lpebras","datePublished":"2016-11-08T18:09:12+00:00","dateModified":"2022-09-27T12:27:29+00:00","mainEntityOfPage":{"@id":"https:\/\/hospitaldaher.com.br\/plastica\/cirurgias-plasticas\/palpebras\/"},"wordCount":841,"publisher":{"@id":"https:\/\/hospitaldaher.com.br\/plastica\/#organization"},"inLanguage":"pt-BR"},{"@type":["WebPage","MedicalWebPage"],"@id":"https:\/\/hospitaldaher.com.br\/plastica\/cirurgias-plasticas\/palpebras\/","url":"https:\/\/hospitaldaher.com.br\/plastica\/cirurgias-plasticas\/palpebras\/","name":"P\u00e1lpebras - Dr. Jos\u00e9 Carlos Daher","isPartOf":{"@id":"https:\/\/hospitaldaher.com.br\/plastica\/#website"},"datePublished":"2016-11-08T18:09:12+00:00","dateModified":"2022-09-27T12:27:29+00:00","breadcrumb":{"@id":"https:\/\/hospitaldaher.com.br\/plastica\/cirurgias-plasticas\/palpebras\/#breadcrumb"},"inLanguage":"pt-BR","potentialAction":[{"@type":"ReadAction","target":["https:\/\/hospitaldaher.com.br\/plastica\/cirurgias-plasticas\/palpebras\/"]}]},{"@type":"BreadcrumbList","@id":"https:\/\/hospitaldaher.com.br\/plastica\/cirurgias-plasticas\/palpebras\/#breadcrumb","itemListElement":[{"@type":"ListItem","position":1,"name":"In\u00edcio","item":"https:\/\/hospitaldaher.com.br\/plastica\/"},{"@type":"ListItem","position":2,"name":"Cirurgias Pl\u00e1sticas","item":"https:\/\/hospitaldaher.com.br\/plastica\/cirurgias-plasticas\/"},{"@type":"ListItem","position":3,"name":"P\u00e1lpebras"}]},{"@type":"WebSite","@id":"https:\/\/hospitaldaher.com.br\/plastica\/#website","url":"https:\/\/hospitaldaher.com.br\/plastica\/","name":"Dr. Jos\u00e9 Carlos Daher","description":"Cirurgia Pl\u00e1stica","publisher":{"@id":"https:\/\/hospitaldaher.com.br\/plastica\/#organization"},"potentialAction":[{"@type":"SearchAction","target":{"@type":"EntryPoint","urlTemplate":"https:\/\/hospitaldaher.com.br\/plastica\/?s={search_term_string}"},"query-input":"required name=search_term_string"}],"inLanguage":"pt-BR"},{"@type":"Organization","@id":"https:\/\/hospitaldaher.com.br\/plastica\/#organization","name":"Daher Pl\u00e1stica - Dr. Jos\u00e9 Carlos Daher e Dr. Leonardo Daher","url":"https:\/\/hospitaldaher.com.br\/plastica\/","logo":{"@type":"ImageObject","inLanguage":"pt-BR","@id":"https:\/\/hospitaldaher.com.br\/plastica\/#\/schema\/logo\/image\/","url":"https:\/\/hospitaldaher.com.br\/plastica\/wp-content\/uploads\/2022\/09\/Logo_Jose_Carlos_Daher_em_Brasilia_Black.svg","contentUrl":"https:\/\/hospitaldaher.com.br\/plastica\/wp-content\/uploads\/2022\/09\/Logo_Jose_Carlos_Daher_em_Brasilia_Black.svg","width":"1030","height":"1030","caption":"Daher Pl\u00e1stica - Dr. Jos\u00e9 Carlos Daher e Dr. Leonardo Daher"},"image":{"@id":"https:\/\/hospitaldaher.com.br\/plastica\/#\/schema\/logo\/image\/"},"sameAs":["https:\/\/www.facebook.com\/daherplastica\/","https:\/\/www.instagram.com\/doutor_daher\/"]},{"@type":"Person","@id":"https:\/\/hospitaldaher.com.br\/plastica\/#\/schema\/person\/0bb76ae6158fc52d618a2577ef5ca2d6","name":"Juliana Vaz","image":{"@type":"ImageObject","inLanguage":"pt-BR","@id":"https:\/\/hospitaldaher.com.br\/plastica\/#\/schema\/person\/image\/","url":"https:\/\/hospitaldaher.com.br\/plastica\/wp-content\/litespeed\/avatar\/842d8ea3f17809cdac54bf9cada4a39c.jpg?ver=1775653742","contentUrl":"https:\/\/hospitaldaher.com.br\/plastica\/wp-content\/litespeed\/avatar\/842d8ea3f17809cdac54bf9cada4a39c.jpg?ver=1775653742","caption":"Juliana Vaz"}}]}},"_links":{"self":[{"href":"https:\/\/hospitaldaher.com.br\/plastica\/wp-json\/wp\/v2\/pages\/4177"}],"collection":[{"href":"https:\/\/hospitaldaher.com.br\/plastica\/wp-json\/wp\/v2\/pages"}],"about":[{"href":"https:\/\/hospitaldaher.com.br\/plastica\/wp-json\/wp\/v2\/types\/page"}],"author":[{"embeddable":true,"href":"https:\/\/hospitaldaher.com.br\/plastica\/wp-json\/wp\/v2\/users\/3"}],"replies":[{"embeddable":true,"href":"https:\/\/hospitaldaher.com.br\/plastica\/wp-json\/wp\/v2\/comments?post=4177"}],"version-history":[{"count":3,"href":"https:\/\/hospitaldaher.com.br\/plastica\/wp-json\/wp\/v2\/pages\/4177\/revisions"}],"predecessor-version":[{"id":7255,"href":"https:\/\/hospitaldaher.com.br\/plastica\/wp-json\/wp\/v2\/pages\/4177\/revisions\/7255"}],"up":[{"embeddable":true,"href":"https:\/\/hospitaldaher.com.br\/plastica\/wp-json\/wp\/v2\/pages\/7169"}],"wp:attachment":[{"href":"https:\/\/hospitaldaher.com.br\/plastica\/wp-json\/wp\/v2\/media?parent=4177"}],"curies":[{"name":"wp","href":"https:\/\/api.w.org\/{rel}","templated":true}]}}