{"id":4185,"date":"2016-11-08T18:32:28","date_gmt":"2016-11-08T18:32:28","guid":{"rendered":"http:\/\/hospitaldaher.com.br\/plastica\/?page_id=4185"},"modified":"2022-09-27T09:31:19","modified_gmt":"2022-09-27T12:31:19","slug":"rinoplastia","status":"publish","type":"page","link":"https:\/\/hospitaldaher.com.br\/plastica\/cirurgias-plasticas\/rinoplastia\/","title":{"rendered":"Rinoplastia"},"content":{"rendered":"<section class=\"l-section wpb_row height_small\"><div class=\"l-section-h i-cf\"><div class=\"g-cols vc_row via_grid cols_1 laptops-cols_inherit tablets-cols_inherit mobiles-cols_1 valign_top type_default stacking_default\"><div class=\"wpb_column vc_column_container\"><div class=\"vc_column-inner\"><div class=\"g-cols wpb_row via_grid cols_2 laptops-cols_inherit tablets-cols_inherit mobiles-cols_1 valign_top type_default stacking_default\"><div class=\"wpb_column vc_column_container\"><div class=\"vc_column-inner\"><div class=\"wpb_text_column\"><div class=\"wpb_wrapper\"><p style=\"text-align: justify;\">A Rinoplastia ou Cirurgia do Nariz tem como objetivo modelar a pir\u00e2mide nasal, esta estrutura anat\u00f4mica \u00edmpar que colocada no centro da face se relaciona esteticamente com todas as outras estruturas vizinhas, exercendo um papel fundamenta na harmonia do rosto.<\/p>\n<p style=\"text-align: justify;\">\u00c0s vezes, pequenos detalhes de posicionamento, \u00e2ngulo do nariz com o l\u00e1bio superior, largura dos ossos nasais, uma ponta grossa ou uma pequena giba (dorso alto), combinados ou isoladamente, podem gerar uma desarmonia na beleza facial, da mesma forma que, corrigidos \u00e0s vezes em pequenos detalhes, podem transformar um rosto de feio e desproporcionado a bonito e exuberante, ou simplesmente mais bonito.<\/p>\n<p style=\"text-align: justify;\">\u00c9 uma das cirurgias menos invasivas do arsenal da cirurgia pl\u00e1stica, pois \u00e9 praticada em \u00e1rea m\u00ednima e mexe muito pouco com a economia do corpo do paciente. Por outro lado, sob o ponto de vista t\u00e9cnico \u00e9 de longe a mais sofisticadas das cirurgias est\u00e9ticas.<\/p>\n<\/div><\/div><\/div><\/div><div class=\"wpb_column vc_column_container\"><div class=\"vc_column-inner\"><div class=\"w-image align_center\"><div class=\"w-image-h\"><img loading=\"lazy\" decoding=\"async\" width=\"617\" height=\"402\" src=\"https:\/\/hospitaldaher.com.br\/plastica\/wp-content\/uploads\/2016\/11\/59.jpg\" class=\"attachment-full size-full\" alt=\"\" srcset=\"https:\/\/hospitaldaher.com.br\/plastica\/wp-content\/uploads\/2016\/11\/59.jpg 617w, https:\/\/hospitaldaher.com.br\/plastica\/wp-content\/uploads\/2016\/11\/59-300x195.jpg 300w, https:\/\/hospitaldaher.com.br\/plastica\/wp-content\/uploads\/2016\/11\/59-450x293.jpg 450w, https:\/\/hospitaldaher.com.br\/plastica\/wp-content\/uploads\/2016\/11\/59-150x98.jpg 150w, https:\/\/hospitaldaher.com.br\/plastica\/wp-content\/uploads\/2016\/11\/59-600x391.jpg 600w\" sizes=\"(max-width: 617px) 100vw, 617px\" \/><\/div><\/div><div class=\"w-separator size_small\"><\/div><div class=\"wpb_text_column us_custom_9720dd5b\"><div class=\"wpb_wrapper\"><p style=\"text-align: center;\">Rinoplastias: atualmente, os enxertos de silicone, ossos ou cartilagem s\u00e3o amplamente utilizados nas rinoplastias. Os de cartilagem s\u00e3o os<br \/>\npreferidos sendo retirados de prefer\u00eancia do septo nasal, orelha<br \/>\ne mais raramente, das costelas.<\/p>\n<\/div><\/div><\/div><\/div><\/div><\/div><\/div><\/div><\/div><\/section><section class=\"l-section wpb_row height_medium color_alternate\"><div class=\"l-section-h i-cf\"><div class=\"g-cols vc_row via_grid cols_1 laptops-cols_inherit tablets-cols_inherit mobiles-cols_1 valign_top type_default stacking_default\"><div class=\"wpb_column vc_column_container\"><div class=\"vc_column-inner\"><div class=\"g-cols wpb_row via_grid cols_2 laptops-cols_inherit tablets-cols_inherit mobiles-cols_1 valign_middle type_default stacking_default\"><div class=\"wpb_column vc_column_container\"><div class=\"vc_column-inner\"><div class=\"wpb_text_column\"><div class=\"wpb_wrapper\"><p style=\"text-align: justify;\">Para se obter o m\u00e1ximo resultado poss\u00edvel daquele determinado nariz, um grande n\u00famero de vari\u00e1veis anat\u00f4micas e t\u00e9cnicas, podem gerar uma infinidade de diferentes op\u00e7\u00f5es para o programa operat\u00f3rio. \u00c9 portanto uma cirurgia para m\u00e9dicos dedicados ao tema e experimentados.<\/p>\n<p style=\"text-align: justify;\">\u00c9 preciso entender que cada caso, ou seja, cada tipo de nariz tem um potencial pr\u00f3prio m\u00e1ximo. Isto significa que o resultado que o cirurgi\u00e3o pode obter, depende fundamentalmente do material, do nariz que ele est\u00e1 trabalhando. Em outras palavras o cirurgi\u00e3o n\u00e3o est\u00e1 trabalhando uma pe\u00e7a de cera onde ele pode esculpir o que quiser.<\/p>\n<p style=\"text-align: justify;\">Ele est\u00e1 condicionado \u00e0queles tecidos vivos daquele nariz e sua arte reside em obter o m\u00e1ximo resultado que este material pode dar, sob o ponto de vista est\u00e9tico e funcional. Existem portanto limites. Esta cirurgia ocorre por dentro das narinas sendo as cicatrizes invis\u00edveis.<\/p>\n<\/div><\/div><\/div><\/div><div class=\"wpb_column vc_column_container\"><div class=\"vc_column-inner\"><div class=\"w-image align_center\"><div class=\"w-image-h\"><img loading=\"lazy\" decoding=\"async\" width=\"1030\" height=\"816\" src=\"https:\/\/hospitaldaher.com.br\/plastica\/wp-content\/uploads\/2016\/11\/58-01-1030x816.jpg\" class=\"attachment-large size-large\" alt=\"\" srcset=\"https:\/\/hospitaldaher.com.br\/plastica\/wp-content\/uploads\/2016\/11\/58-01-1030x816.jpg 1030w, https:\/\/hospitaldaher.com.br\/plastica\/wp-content\/uploads\/2016\/11\/58-01-300x238.jpg 300w, https:\/\/hospitaldaher.com.br\/plastica\/wp-content\/uploads\/2016\/11\/58-01-768x608.jpg 768w, https:\/\/hospitaldaher.com.br\/plastica\/wp-content\/uploads\/2016\/11\/58-01-1500x1188.jpg 1500w, https:\/\/hospitaldaher.com.br\/plastica\/wp-content\/uploads\/2016\/11\/58-01-705x558.jpg 705w, https:\/\/hospitaldaher.com.br\/plastica\/wp-content\/uploads\/2016\/11\/58-01-450x356.jpg 450w, https:\/\/hospitaldaher.com.br\/plastica\/wp-content\/uploads\/2016\/11\/58-01-150x119.jpg 150w, https:\/\/hospitaldaher.com.br\/plastica\/wp-content\/uploads\/2016\/11\/58-01-581x460.jpg 581w\" sizes=\"(max-width: 1030px) 100vw, 1030px\" \/><\/div><\/div><div class=\"w-separator size_small\"><\/div><div class=\"wpb_text_column us_custom_9720dd5b\"><div class=\"wpb_wrapper\"><p style=\"text-align: center;\">A rinoplastia \u00e9 classificada como a \u201crainha das cirurgias\u201d. Embora pouco invasiva, necessita conhecimentos e t\u00e9cnicas sofisticadas. Os resultados imediatos, mesmo que muito bons, podem sofrer altera\u00e7\u00f5es no decorrer dos primeiros 14 meses, podendo haver indica\u00e7\u00e3o de a\u00e7\u00f5es complementares.<\/p>\n<\/div><\/div><\/div><\/div><\/div><\/div><\/div><\/div><\/div><\/section><section class=\"l-section wpb_row height_large\"><div class=\"l-section-h i-cf\"><div class=\"g-cols vc_row via_grid cols_1 laptops-cols_inherit tablets-cols_inherit mobiles-cols_1 valign_top type_default stacking_default\"><div class=\"wpb_column vc_column_container\"><div class=\"vc_column-inner\"><div class=\"g-cols wpb_row via_grid cols_2 laptops-cols_inherit tablets-cols_inherit mobiles-cols_1 valign_top type_default stacking_default\"><div class=\"wpb_column vc_column_container\"><div class=\"vc_column-inner\"><div class=\"wpb_text_column\"><div class=\"wpb_wrapper\"><p style=\"text-align: justify;\">Em certas circunst\u00e2ncias especificas temos necessidade de cicatrizes externas que, ainda assim s\u00e3o impercept\u00edveis. Isto ocorre quando \u00e9 necess\u00e1ria a redu\u00e7\u00e3o das asas nasais, quando fazemos pequenos enxertos de cartilagem na columela, ou ainda quando se praticar a t\u00e9cnica chamada de rinoplastia aberta que exige uma pequena incis\u00e3o transversal na columela.<\/p>\n<p style=\"text-align: justify;\">No p\u00f3s-operat\u00f3rio, normalmente n\u00e3o se coloca tamp\u00f5es nas narinas como antigamente. A cirurgia de nariz, pode (e deve) ser associada \u00e0 corre\u00e7\u00e3o do desvio de septo nasal e esta associa\u00e7\u00e3o \u00e9 freq\u00fcente. O cirurgi\u00e3o pl\u00e1stico convocar\u00e1 um otorrino para acompanha-lo se julgar que as deformidades funcionais o exigem.<\/p>\n<p style=\"text-align: justify;\">Embora tenhamos visto outras especialidades anunciando profissionais que fazem rinoplastia, achamos isto temer\u00e1rio.<br \/>\nA cirurgia pl\u00e1stica deve ser realizada por cirurgi\u00e3o pl\u00e1stico.<\/p>\n<\/div><\/div><\/div><\/div><div class=\"wpb_column vc_column_container\"><div class=\"vc_column-inner\"><div class=\"wpb_text_column\"><div class=\"wpb_wrapper\"><p style=\"text-align: justify;\">E no caso das rinoplastias, h\u00e1 que ser um cirurgi\u00e3o pl\u00e1stico devotado \u00e0 \u00e1rea posto que constituti quase que uma sub especialidade, e nunca um especialista de outra \u00e1rea. O p\u00f3s operat\u00f3rio exige um pequeno molde de gesso ou placa que permanecer\u00e1 at\u00e9 o 8\u00ba ou 10\u00ba dia de p\u00f3s operat\u00f3rio.<\/p>\n<p style=\"text-align: justify;\">Os pacientes devem estar informados de que esta cirurgia, pode necessitar algum ato operat\u00f3rio complementar tardio, com uma freq\u00fc\u00eancia maior que as outras cirurgias devido ao a distor\u00e7\u00f5es que podem surgir em m\u00e9dio e longo prazo, prejudicando o resultado obtido no p\u00f3s operat\u00f3rio imediato.<\/p>\n<\/div><\/div><\/div><\/div><\/div><\/div><\/div><\/div><\/div><\/section><section class=\"l-section wpb_row height_large color_alternate\"><div class=\"l-section-h i-cf\"><div class=\"g-cols vc_row via_grid cols_1 laptops-cols_inherit tablets-cols_inherit mobiles-cols_1 valign_top type_default stacking_default\"><div class=\"wpb_column vc_column_container\"><div class=\"vc_column-inner\"><div class=\"g-cols wpb_row via_grid cols_1 laptops-cols_inherit tablets-cols_inherit mobiles-cols_1 valign_top type_default stacking_default\"><div class=\"wpb_column vc_column_container\"><div class=\"vc_column-inner\"><div class=\"wpb_text_column\"><div class=\"wpb_wrapper\"><p>Isto ocorre \u00e0s vezes devido ao processo cicatricial que pode distorcer a posi\u00e7\u00e3o das cartilagens e dos tecidos moles, e ainda a cicatriza\u00e7\u00e3o \u00f3ssea que pode formar pequenas irregularidades.<\/p>\n<p>Estas distor\u00e7\u00f5es s\u00e3o pr\u00f3prias da natureza da cirurgia e da rea\u00e7\u00e3o de cada organismo humano. Este ato operat\u00f3rio complementar geralmente \u00e9 de pequeno porte e serve para ajustar estas eventuais imperfei\u00e7\u00f5es em busca do resultado melhor poss\u00edvel.<\/p>\n<\/div><\/div><div class=\"wpb_text_column\"><div class=\"wpb_wrapper\"><p>\u00c9 uma cirurgia bonita, seja sob o ponto de vista t\u00e9cnico seja pela possibilidade de surpreendentes resultados e sem a desvantagem de cicatrizes aparentes, o que s\u00f3 ocorreria nos casos de cirurgias reparadoras como traumas ou tumores.<\/p>\n<p>A alta hospitalar ocorre 24 horas ap\u00f3s a cirurgia e a libera\u00e7\u00e3o para as atividades totais, (exceto exerc\u00edcio f\u00edsico e exposi\u00e7\u00e3o ao sol), 8 a 10 dias ap\u00f3s a cirurgia. A libera\u00e7\u00e3o para tudo inclusive para esportes e exposi\u00e7\u00e3o ao sol, 30 dias ap\u00f3s a cirurgia.<\/p>\n<\/div><\/div><\/div><\/div><\/div><\/div><\/div><\/div><\/div><\/section><section class=\"l-section wpb_row height_large\"><div class=\"l-section-h i-cf\"><div class=\"g-cols vc_row via_grid cols_1 laptops-cols_inherit tablets-cols_inherit mobiles-cols_1 valign_top type_default stacking_default\"><div class=\"wpb_column vc_column_container\"><div class=\"vc_column-inner\"><div class=\"g-cols wpb_row via_grid cols_1-4-1 laptops-cols_inherit tablets-cols_inherit mobiles-cols_1 valign_top type_default stacking_default\"><div class=\"wpb_column vc_column_container\"><div class=\"vc_column-inner\"><\/div><\/div><div class=\"wpb_column vc_column_container\"><div class=\"vc_column-inner\"><div class=\"wpb_text_column\"><div class=\"wpb_wrapper\"><h2 style=\"text-align: center;\">Implantes Nasais &#8211; V\u00eddeo<\/h2>\n<\/div><\/div><div class=\"w-separator size_small\"><\/div>[vc_raw_html css=&#8221;%7B%22default%22%3A%7B%22text-align%22%3A%22center%22%7D%7D&#8221;]JTNDaWZyYW1lJTIwc3JjJTNEJTIyaHR0cHMlM0ElMkYlMkZwbGF5ZXIudW5kZXJzdGFuZC5jb20lMkZkcmpjZGFoZXIlMkZwdC1CUiUyRjJjMmE3NjA5LTQzMDYtNDU2MS05MDkzLWJlNmQ1YTc1ZTA4YiUyRjUxMjE1OGEwLTk0OGMtNDNhMi1iYzM2LTIyMTQ5NTUwZDYxZCUzRnBhdXNlRmlyc3RTdGVwJTNEMSUyMiUyMHdpZHRoJTNEJTIyMTAwJTI1JTIyJTIwaGVpZ2h0JTNEJTIyNDQwJTIyJTIwZnJhbWVib3JkZXIlM0QlMjIwJTIyJTIwc2Nyb2xsaW5nJTNEJTIybm8lMjIlMjBhbGxvd2Z1bGxzY3JlZW4lM0QlMjJhbGxvd2Z1bGxzY3JlZW4lMjIlM0UlM0MlMkZpZnJhbWUlM0U=[\/vc_raw_html]<\/div><\/div><div class=\"wpb_column vc_column_container\"><div class=\"vc_column-inner\"><\/div><\/div><\/div><\/div><\/div><\/div><\/div><\/section><section class=\"l-section wpb_row height_large color_alternate\"><div class=\"l-section-h i-cf\"><div class=\"g-cols vc_row via_grid cols_1 laptops-cols_inherit tablets-cols_inherit mobiles-cols_1 valign_top type_default stacking_default\"><div class=\"wpb_column vc_column_container\"><div class=\"vc_column-inner\"><div class=\"g-cols wpb_row via_grid cols_1-4-1 laptops-cols_inherit tablets-cols_inherit mobiles-cols_1 valign_top type_default stacking_default\"><div class=\"wpb_column vc_column_container\"><div class=\"vc_column-inner\"><\/div><\/div><div class=\"wpb_column vc_column_container\"><div class=\"vc_column-inner\"><div class=\"wpb_text_column\"><div class=\"wpb_wrapper\"><h2 style=\"text-align: center;\">Rinoplastia Aberta &#8211; V\u00eddeo<\/h2>\n<\/div><\/div><div class=\"w-separator size_small\"><\/div>[vc_raw_html css=&#8221;%7B%22default%22%3A%7B%22text-align%22%3A%22center%22%7D%7D&#8221;]JTNDaWZyYW1lJTIwc3JjJTNEJTIyaHR0cHMlM0ElMkYlMkZwbGF5ZXIudW5kZXJzdGFuZC5jb20lMkZkcmpjZGFoZXIlMkZwdC1CUiUyRjJjMmE3NjA5LTQzMDYtNDU2MS05MDkzLWJlNmQ1YTc1ZTA4YiUyRjRjOTU4MWYzLTI5NzEtNGZjNi1iZjVjLTc1OWNkOWQ3NTRiMCUzRnBhdXNlRmlyc3RTdGVwJTNEMSUyMiUyMHdpZHRoJTNEJTIyMTAwJTI1JTIyJTIwaGVpZ2h0JTNEJTIyNDQwJTIyJTIwZnJhbWVib3JkZXIlM0QlMjIwJTIyJTIwc2Nyb2xsaW5nJTNEJTIybm8lMjIlMjBhbGxvd2Z1bGxzY3JlZW4lM0QlMjJhbGxvd2Z1bGxzY3JlZW4lMjIlM0UlM0MlMkZpZnJhbWUlM0U=[\/vc_raw_html]<\/div><\/div><div class=\"wpb_column vc_column_container\"><div class=\"vc_column-inner\"><\/div><\/div><\/div><\/div><\/div><\/div><\/div><\/section><section class=\"l-section wpb_row height_large\"><div class=\"l-section-h i-cf\"><div class=\"g-cols vc_row via_grid cols_1 laptops-cols_inherit tablets-cols_inherit mobiles-cols_1 valign_top type_default stacking_default\"><div class=\"wpb_column vc_column_container\"><div class=\"vc_column-inner\"><div class=\"g-cols wpb_row via_grid cols_1-4-1 laptops-cols_inherit tablets-cols_inherit mobiles-cols_1 valign_top type_default stacking_default\"><div class=\"wpb_column vc_column_container\"><div class=\"vc_column-inner\"><\/div><\/div><div class=\"wpb_column vc_column_container\"><div class=\"vc_column-inner\"><div class=\"wpb_text_column\"><div class=\"wpb_wrapper\"><h2 style=\"text-align: center;\">Rinoplastia Fechada &#8211; V\u00eddeo<\/h2>\n<\/div><\/div><div class=\"w-separator size_small\"><\/div>[vc_raw_html css=&#8221;%7B%22default%22%3A%7B%22text-align%22%3A%22center%22%7D%7D&#8221;]JTNDaWZyYW1lJTIwc3JjJTNEJTIyaHR0cHMlM0ElMkYlMkZwbGF5ZXIudW5kZXJzdGFuZC5jb20lMkZkcmpjZGFoZXIlMkZwdC1CUiUyRjJjMmE3NjA5LTQzMDYtNDU2MS05MDkzLWJlNmQ1YTc1ZTA4YiUyRmQxN2NmMzVlLWZhYjctNDAxMC1iNzlhLThlYWIwNTc4MmI4NiUzRnBhdXNlRmlyc3RTdGVwJTNEMSUyMiUyMHdpZHRoJTNEJTIyMTAwJTI1JTIyJTIwaGVpZ2h0JTNEJTIyNDQwJTIyJTIwZnJhbWVib3JkZXIlM0QlMjIwJTIyJTIwc2Nyb2xsaW5nJTNEJTIybm8lMjIlMjBhbGxvd2Z1bGxzY3JlZW4lM0QlMjJhbGxvd2Z1bGxzY3JlZW4lMjIlM0UlM0MlMkZpZnJhbWUlM0U=[\/vc_raw_html]<\/div><\/div><div class=\"wpb_column vc_column_container\"><div class=\"vc_column-inner\"><\/div><\/div><\/div><\/div><\/div><\/div><\/div><\/section>\n","protected":false},"excerpt":{"rendered":"A Rinoplastia ou Cirurgia do Nariz tem como objetivo modelar a pir\u00e2mide nasal, esta estrutura anat\u00f4mica \u00edmpar que colocada no centro da face se relaciona esteticamente com todas as outras estruturas vizinhas, exercendo um papel fundamenta na harmonia do rosto. \u00c0s vezes, pequenos detalhes de posicionamento, \u00e2ngulo do nariz com o l\u00e1bio superior, largura dos...","protected":false},"author":3,"featured_media":0,"parent":7169,"menu_order":0,"comment_status":"closed","ping_status":"closed","template":"","meta":{"footnotes":""},"yoast_head":"<!-- This site is optimized with the Yoast SEO plugin v21.6 - https:\/\/yoast.com\/wordpress\/plugins\/seo\/ -->\n<title>Rinoplastia - Dr. Jos\u00e9 Carlos Daher<\/title>\n<meta name=\"robots\" content=\"index, follow, max-snippet:-1, max-image-preview:large, max-video-preview:-1\" \/>\n<link rel=\"canonical\" href=\"https:\/\/hospitaldaher.com.br\/plastica\/cirurgias-plasticas\/rinoplastia\/\" \/>\n<meta property=\"og:locale\" content=\"pt_BR\" \/>\n<meta property=\"og:type\" content=\"article\" \/>\n<meta property=\"og:title\" content=\"Rinoplastia - Dr. Jos\u00e9 Carlos Daher\" \/>\n<meta property=\"og:url\" content=\"https:\/\/hospitaldaher.com.br\/plastica\/cirurgias-plasticas\/rinoplastia\/\" \/>\n<meta property=\"og:site_name\" content=\"Dr. Jos\u00e9 Carlos Daher\" \/>\n<meta property=\"article:publisher\" content=\"https:\/\/www.facebook.com\/daherplastica\/\" \/>\n<meta property=\"article:modified_time\" content=\"2022-09-27T12:31:19+00:00\" \/>\n<meta name=\"twitter:card\" content=\"summary_large_image\" \/>\n<meta name=\"twitter:label1\" content=\"Est. tempo de leitura\" \/>\n\t<meta name=\"twitter:data1\" content=\"7 minutos\" \/>\n<script type=\"application\/ld+json\" class=\"yoast-schema-graph\">{\"@context\":\"https:\/\/schema.org\",\"@graph\":[{\"@type\":\"NewsArticle\",\"@id\":\"https:\/\/hospitaldaher.com.br\/plastica\/cirurgias-plasticas\/rinoplastia\/#article\",\"isPartOf\":{\"@id\":\"https:\/\/hospitaldaher.com.br\/plastica\/cirurgias-plasticas\/rinoplastia\/\"},\"author\":{\"name\":\"Juliana Vaz\",\"@id\":\"https:\/\/hospitaldaher.com.br\/plastica\/#\/schema\/person\/0bb76ae6158fc52d618a2577ef5ca2d6\"},\"headline\":\"Rinoplastia\",\"datePublished\":\"2016-11-08T18:32:28+00:00\",\"dateModified\":\"2022-09-27T12:31:19+00:00\",\"mainEntityOfPage\":{\"@id\":\"https:\/\/hospitaldaher.com.br\/plastica\/cirurgias-plasticas\/rinoplastia\/\"},\"wordCount\":1379,\"publisher\":{\"@id\":\"https:\/\/hospitaldaher.com.br\/plastica\/#organization\"},\"inLanguage\":\"pt-BR\"},{\"@type\":[\"WebPage\",\"MedicalWebPage\"],\"@id\":\"https:\/\/hospitaldaher.com.br\/plastica\/cirurgias-plasticas\/rinoplastia\/\",\"url\":\"https:\/\/hospitaldaher.com.br\/plastica\/cirurgias-plasticas\/rinoplastia\/\",\"name\":\"Rinoplastia - Dr. Jos\u00e9 Carlos Daher\",\"isPartOf\":{\"@id\":\"https:\/\/hospitaldaher.com.br\/plastica\/#website\"},\"datePublished\":\"2016-11-08T18:32:28+00:00\",\"dateModified\":\"2022-09-27T12:31:19+00:00\",\"breadcrumb\":{\"@id\":\"https:\/\/hospitaldaher.com.br\/plastica\/cirurgias-plasticas\/rinoplastia\/#breadcrumb\"},\"inLanguage\":\"pt-BR\",\"potentialAction\":[{\"@type\":\"ReadAction\",\"target\":[\"https:\/\/hospitaldaher.com.br\/plastica\/cirurgias-plasticas\/rinoplastia\/\"]}]},{\"@type\":\"BreadcrumbList\",\"@id\":\"https:\/\/hospitaldaher.com.br\/plastica\/cirurgias-plasticas\/rinoplastia\/#breadcrumb\",\"itemListElement\":[{\"@type\":\"ListItem\",\"position\":1,\"name\":\"In\u00edcio\",\"item\":\"https:\/\/hospitaldaher.com.br\/plastica\/\"},{\"@type\":\"ListItem\",\"position\":2,\"name\":\"Cirurgias Pl\u00e1sticas\",\"item\":\"https:\/\/hospitaldaher.com.br\/plastica\/cirurgias-plasticas\/\"},{\"@type\":\"ListItem\",\"position\":3,\"name\":\"Rinoplastia\"}]},{\"@type\":\"WebSite\",\"@id\":\"https:\/\/hospitaldaher.com.br\/plastica\/#website\",\"url\":\"https:\/\/hospitaldaher.com.br\/plastica\/\",\"name\":\"Dr. Jos\u00e9 Carlos Daher\",\"description\":\"Cirurgia Pl\u00e1stica\",\"publisher\":{\"@id\":\"https:\/\/hospitaldaher.com.br\/plastica\/#organization\"},\"potentialAction\":[{\"@type\":\"SearchAction\",\"target\":{\"@type\":\"EntryPoint\",\"urlTemplate\":\"https:\/\/hospitaldaher.com.br\/plastica\/?s={search_term_string}\"},\"query-input\":\"required name=search_term_string\"}],\"inLanguage\":\"pt-BR\"},{\"@type\":\"Organization\",\"@id\":\"https:\/\/hospitaldaher.com.br\/plastica\/#organization\",\"name\":\"Daher Pl\u00e1stica - Dr. Jos\u00e9 Carlos Daher e Dr. Leonardo Daher\",\"url\":\"https:\/\/hospitaldaher.com.br\/plastica\/\",\"logo\":{\"@type\":\"ImageObject\",\"inLanguage\":\"pt-BR\",\"@id\":\"https:\/\/hospitaldaher.com.br\/plastica\/#\/schema\/logo\/image\/\",\"url\":\"https:\/\/hospitaldaher.com.br\/plastica\/wp-content\/uploads\/2022\/09\/Logo_Jose_Carlos_Daher_em_Brasilia_Black.svg\",\"contentUrl\":\"https:\/\/hospitaldaher.com.br\/plastica\/wp-content\/uploads\/2022\/09\/Logo_Jose_Carlos_Daher_em_Brasilia_Black.svg\",\"width\":\"1030\",\"height\":\"1030\",\"caption\":\"Daher Pl\u00e1stica - Dr. Jos\u00e9 Carlos Daher e Dr. Leonardo Daher\"},\"image\":{\"@id\":\"https:\/\/hospitaldaher.com.br\/plastica\/#\/schema\/logo\/image\/\"},\"sameAs\":[\"https:\/\/www.facebook.com\/daherplastica\/\",\"https:\/\/www.instagram.com\/doutor_daher\/\"]},{\"@type\":\"Person\",\"@id\":\"https:\/\/hospitaldaher.com.br\/plastica\/#\/schema\/person\/0bb76ae6158fc52d618a2577ef5ca2d6\",\"name\":\"Juliana Vaz\",\"image\":{\"@type\":\"ImageObject\",\"inLanguage\":\"pt-BR\",\"@id\":\"https:\/\/hospitaldaher.com.br\/plastica\/#\/schema\/person\/image\/\",\"url\":\"https:\/\/hospitaldaher.com.br\/plastica\/wp-content\/litespeed\/avatar\/842d8ea3f17809cdac54bf9cada4a39c.jpg?ver=1775653742\",\"contentUrl\":\"https:\/\/hospitaldaher.com.br\/plastica\/wp-content\/litespeed\/avatar\/842d8ea3f17809cdac54bf9cada4a39c.jpg?ver=1775653742\",\"caption\":\"Juliana Vaz\"}}]}<\/script>\n<!-- \/ Yoast SEO plugin. -->","yoast_head_json":{"title":"Rinoplastia - Dr. Jos\u00e9 Carlos Daher","robots":{"index":"index","follow":"follow","max-snippet":"max-snippet:-1","max-image-preview":"max-image-preview:large","max-video-preview":"max-video-preview:-1"},"canonical":"https:\/\/hospitaldaher.com.br\/plastica\/cirurgias-plasticas\/rinoplastia\/","og_locale":"pt_BR","og_type":"article","og_title":"Rinoplastia - Dr. Jos\u00e9 Carlos Daher","og_url":"https:\/\/hospitaldaher.com.br\/plastica\/cirurgias-plasticas\/rinoplastia\/","og_site_name":"Dr. Jos\u00e9 Carlos Daher","article_publisher":"https:\/\/www.facebook.com\/daherplastica\/","article_modified_time":"2022-09-27T12:31:19+00:00","twitter_card":"summary_large_image","twitter_misc":{"Est. tempo de leitura":"7 minutos"},"schema":{"@context":"https:\/\/schema.org","@graph":[{"@type":"NewsArticle","@id":"https:\/\/hospitaldaher.com.br\/plastica\/cirurgias-plasticas\/rinoplastia\/#article","isPartOf":{"@id":"https:\/\/hospitaldaher.com.br\/plastica\/cirurgias-plasticas\/rinoplastia\/"},"author":{"name":"Juliana Vaz","@id":"https:\/\/hospitaldaher.com.br\/plastica\/#\/schema\/person\/0bb76ae6158fc52d618a2577ef5ca2d6"},"headline":"Rinoplastia","datePublished":"2016-11-08T18:32:28+00:00","dateModified":"2022-09-27T12:31:19+00:00","mainEntityOfPage":{"@id":"https:\/\/hospitaldaher.com.br\/plastica\/cirurgias-plasticas\/rinoplastia\/"},"wordCount":1379,"publisher":{"@id":"https:\/\/hospitaldaher.com.br\/plastica\/#organization"},"inLanguage":"pt-BR"},{"@type":["WebPage","MedicalWebPage"],"@id":"https:\/\/hospitaldaher.com.br\/plastica\/cirurgias-plasticas\/rinoplastia\/","url":"https:\/\/hospitaldaher.com.br\/plastica\/cirurgias-plasticas\/rinoplastia\/","name":"Rinoplastia - Dr. Jos\u00e9 Carlos Daher","isPartOf":{"@id":"https:\/\/hospitaldaher.com.br\/plastica\/#website"},"datePublished":"2016-11-08T18:32:28+00:00","dateModified":"2022-09-27T12:31:19+00:00","breadcrumb":{"@id":"https:\/\/hospitaldaher.com.br\/plastica\/cirurgias-plasticas\/rinoplastia\/#breadcrumb"},"inLanguage":"pt-BR","potentialAction":[{"@type":"ReadAction","target":["https:\/\/hospitaldaher.com.br\/plastica\/cirurgias-plasticas\/rinoplastia\/"]}]},{"@type":"BreadcrumbList","@id":"https:\/\/hospitaldaher.com.br\/plastica\/cirurgias-plasticas\/rinoplastia\/#breadcrumb","itemListElement":[{"@type":"ListItem","position":1,"name":"In\u00edcio","item":"https:\/\/hospitaldaher.com.br\/plastica\/"},{"@type":"ListItem","position":2,"name":"Cirurgias Pl\u00e1sticas","item":"https:\/\/hospitaldaher.com.br\/plastica\/cirurgias-plasticas\/"},{"@type":"ListItem","position":3,"name":"Rinoplastia"}]},{"@type":"WebSite","@id":"https:\/\/hospitaldaher.com.br\/plastica\/#website","url":"https:\/\/hospitaldaher.com.br\/plastica\/","name":"Dr. Jos\u00e9 Carlos Daher","description":"Cirurgia Pl\u00e1stica","publisher":{"@id":"https:\/\/hospitaldaher.com.br\/plastica\/#organization"},"potentialAction":[{"@type":"SearchAction","target":{"@type":"EntryPoint","urlTemplate":"https:\/\/hospitaldaher.com.br\/plastica\/?s={search_term_string}"},"query-input":"required name=search_term_string"}],"inLanguage":"pt-BR"},{"@type":"Organization","@id":"https:\/\/hospitaldaher.com.br\/plastica\/#organization","name":"Daher Pl\u00e1stica - Dr. Jos\u00e9 Carlos Daher e Dr. Leonardo Daher","url":"https:\/\/hospitaldaher.com.br\/plastica\/","logo":{"@type":"ImageObject","inLanguage":"pt-BR","@id":"https:\/\/hospitaldaher.com.br\/plastica\/#\/schema\/logo\/image\/","url":"https:\/\/hospitaldaher.com.br\/plastica\/wp-content\/uploads\/2022\/09\/Logo_Jose_Carlos_Daher_em_Brasilia_Black.svg","contentUrl":"https:\/\/hospitaldaher.com.br\/plastica\/wp-content\/uploads\/2022\/09\/Logo_Jose_Carlos_Daher_em_Brasilia_Black.svg","width":"1030","height":"1030","caption":"Daher Pl\u00e1stica - Dr. Jos\u00e9 Carlos Daher e Dr. Leonardo Daher"},"image":{"@id":"https:\/\/hospitaldaher.com.br\/plastica\/#\/schema\/logo\/image\/"},"sameAs":["https:\/\/www.facebook.com\/daherplastica\/","https:\/\/www.instagram.com\/doutor_daher\/"]},{"@type":"Person","@id":"https:\/\/hospitaldaher.com.br\/plastica\/#\/schema\/person\/0bb76ae6158fc52d618a2577ef5ca2d6","name":"Juliana Vaz","image":{"@type":"ImageObject","inLanguage":"pt-BR","@id":"https:\/\/hospitaldaher.com.br\/plastica\/#\/schema\/person\/image\/","url":"https:\/\/hospitaldaher.com.br\/plastica\/wp-content\/litespeed\/avatar\/842d8ea3f17809cdac54bf9cada4a39c.jpg?ver=1775653742","contentUrl":"https:\/\/hospitaldaher.com.br\/plastica\/wp-content\/litespeed\/avatar\/842d8ea3f17809cdac54bf9cada4a39c.jpg?ver=1775653742","caption":"Juliana Vaz"}}]}},"_links":{"self":[{"href":"https:\/\/hospitaldaher.com.br\/plastica\/wp-json\/wp\/v2\/pages\/4185"}],"collection":[{"href":"https:\/\/hospitaldaher.com.br\/plastica\/wp-json\/wp\/v2\/pages"}],"about":[{"href":"https:\/\/hospitaldaher.com.br\/plastica\/wp-json\/wp\/v2\/types\/page"}],"author":[{"embeddable":true,"href":"https:\/\/hospitaldaher.com.br\/plastica\/wp-json\/wp\/v2\/users\/3"}],"replies":[{"embeddable":true,"href":"https:\/\/hospitaldaher.com.br\/plastica\/wp-json\/wp\/v2\/comments?post=4185"}],"version-history":[{"count":6,"href":"https:\/\/hospitaldaher.com.br\/plastica\/wp-json\/wp\/v2\/pages\/4185\/revisions"}],"predecessor-version":[{"id":7252,"href":"https:\/\/hospitaldaher.com.br\/plastica\/wp-json\/wp\/v2\/pages\/4185\/revisions\/7252"}],"up":[{"embeddable":true,"href":"https:\/\/hospitaldaher.com.br\/plastica\/wp-json\/wp\/v2\/pages\/7169"}],"wp:attachment":[{"href":"https:\/\/hospitaldaher.com.br\/plastica\/wp-json\/wp\/v2\/media?parent=4185"}],"curies":[{"name":"wp","href":"https:\/\/api.w.org\/{rel}","templated":true}]}}