{"id":4230,"date":"2016-11-08T19:37:35","date_gmt":"2016-11-08T19:37:35","guid":{"rendered":"http:\/\/hospitaldaher.com.br\/plastica\/?page_id=4230"},"modified":"2022-09-28T16:33:44","modified_gmt":"2022-09-28T19:33:44","slug":"cirurgia-intima-genitalia-feminina","status":"publish","type":"page","link":"https:\/\/hospitaldaher.com.br\/plastica\/cirurgias-plasticas\/cirurgia-intima-genitalia-feminina\/","title":{"rendered":"Cirurgia \u00edntima feminina"},"content":{"rendered":"<section class=\"l-section wpb_row height_medium\"><div class=\"l-section-h i-cf\"><div class=\"g-cols vc_row via_grid cols_1 laptops-cols_inherit tablets-cols_inherit mobiles-cols_1 valign_top type_default stacking_default\"><div class=\"wpb_column vc_column_container\"><div class=\"vc_column-inner\"><div class=\"g-cols wpb_row via_grid cols_2 laptops-cols_inherit tablets-cols_inherit mobiles-cols_1 valign_top type_default stacking_default\"><div class=\"wpb_column vc_column_container\"><div class=\"vc_column-inner\"><div class=\"wpb_text_column\"><div class=\"wpb_wrapper\"><p style=\"text-align: justify;\">A cirurgia \u00edntima refere-se \u00e0 repara\u00e7\u00e3o dos pequenos l\u00e1bios da vagina. \u00c0s vezes eles s\u00e3o exuberantes e excessivos, ficando \u201csobrando\u201d al\u00e9m dos limites da vagina.<\/p>\n<p style=\"text-align: justify;\">Este aspecto que teoricamente s\u00e3o de import\u00e2ncia menor por estar em zonas escondidas, exatamente por isso tem import\u00e2ncia fundamental pois se exp\u00f5em nos momentos de amor e de intimidade. Ainda que n\u00e3o se considere o parceiro, a pessoa, ela mesma tem que aceitar sua condi\u00e7\u00e3o corporal, ficar confiante perante si pr\u00f3pria e da\u00ed perante os outros.<\/p>\n<p style=\"text-align: justify;\">O tratamento \u00e9 uma cirurgia de excelentes resultados, que pode ser realizada sob anestesia local ou peridural. Consiste em procedimento que visa, dependendo de cada caso, a redu\u00e7\u00e3o e regulariza\u00e7\u00e3o dos pequenos l\u00e1bios, a regulariza\u00e7\u00e3o do prep\u00facio que cobre o clit\u00f3ris (\u00e0s vezes \u00e9 muito exuberante) e ainda interven\u00e7\u00e3o nos grandes l\u00e1bios, injetando gordura quando s\u00e3o murchos ou fazendo a lipoescultura quando s\u00e3o exuberantes demais.<\/p>\n<\/div><\/div><\/div><\/div><div class=\"wpb_column vc_column_container\"><div class=\"vc_column-inner\"><div class=\"wpb_text_column\"><div class=\"wpb_wrapper\"><p style=\"text-align: justify;\">\u00c9 preciso ter consci\u00eancia de que grandes l\u00e1bios murchos n\u00e3o s\u00e3o graciosos, portanto esse modelo deve ser evitado por aquelas que pensam ter a vulva muito exuberante. \u00c9 preciso atingir o equil\u00edbrio.<\/p>\n<p style=\"text-align: justify;\">O p\u00f3s operat\u00f3rio \u00e9 semelhante a qualquer cirurgia ginecol\u00f3gica leve, com recupera\u00e7\u00e3o total em 8 a 10 dias. As Cirurgias \u00edntimas s\u00e3o cirurgias muito gratificantes e pouco invasivas.<\/p>\n<\/div><\/div><\/div><\/div><\/div><div class=\"w-separator size_medium\"><\/div><div class=\"g-cols wpb_row via_grid cols_1-4-1 laptops-cols_inherit tablets-cols_inherit mobiles-cols_1 valign_top type_default stacking_default\"><div class=\"wpb_column vc_column_container\"><div class=\"vc_column-inner\"><\/div><\/div><div class=\"wpb_column vc_column_container\"><div class=\"vc_column-inner\">[vc_raw_html]JTNDaWZyYW1lJTIwc3JjJTNEJTIyaHR0cHMlM0ElMkYlMkZwbGF5ZXIudW5kZXJzdGFuZC5jb20lMkZkcmpjZGFoZXIlMkZwdC1CUiUyRmRjMGQ3MmU5LWJiN2MtNDU0My1iNjFjLTJiMjU5ZGU1N2Q0YyUyRmFjN2ExYzg3LWFhMjQtNDJjMS05N2Y2LWMyMzM3YTNmOGViNCUzRnBhdXNlRmlyc3RTdGVwJTNEMSUyMiUyMHdpZHRoJTNEJTIyMTAwJTI1JTIyJTIwaGVpZ2h0JTNEJTIyNTU3JTIyJTIwZnJhbWVib3JkZXIlM0QlMjIwJTIyJTIwc2Nyb2xsaW5nJTNEJTIybm8lMjIlMjBhbGxvd2Z1bGxzY3JlZW4lM0QlMjJhbGxvd2Z1bGxzY3JlZW4lMjIlM0UlM0MlMkZpZnJhbWUlM0U=[\/vc_raw_html]<\/div><\/div><div class=\"wpb_column vc_column_container\"><div class=\"vc_column-inner\"><\/div><\/div><\/div><\/div><\/div><\/div><\/div><\/section>\n","protected":false},"excerpt":{"rendered":"A cirurgia \u00edntima refere-se \u00e0 repara\u00e7\u00e3o dos pequenos l\u00e1bios da vagina. \u00c0s vezes eles s\u00e3o exuberantes e excessivos, ficando \u201csobrando\u201d al\u00e9m dos limites da vagina. Este aspecto que teoricamente s\u00e3o de import\u00e2ncia menor por estar em zonas escondidas, exatamente por isso tem import\u00e2ncia fundamental pois se exp\u00f5em nos momentos de amor e de intimidade. Ainda...","protected":false},"author":3,"featured_media":0,"parent":7169,"menu_order":0,"comment_status":"closed","ping_status":"closed","template":"","meta":{"footnotes":""},"yoast_head":"<!-- This site is optimized with the Yoast SEO plugin v21.6 - https:\/\/yoast.com\/wordpress\/plugins\/seo\/ -->\n<title>Cirurgia \u00edntima feminina | Dr. Jos\u00e9 Carlos Daher<\/title>\n<meta name=\"robots\" content=\"index, follow, max-snippet:-1, max-image-preview:large, max-video-preview:-1\" \/>\n<link rel=\"canonical\" href=\"https:\/\/hospitaldaher.com.br\/plastica\/cirurgias-plasticas\/cirurgia-intima-genitalia-feminina\/\" \/>\n<meta property=\"og:locale\" content=\"pt_BR\" \/>\n<meta property=\"og:type\" content=\"article\" \/>\n<meta property=\"og:title\" content=\"Cirurgia \u00edntima feminina | Dr. Jos\u00e9 Carlos Daher\" \/>\n<meta property=\"og:url\" content=\"https:\/\/hospitaldaher.com.br\/plastica\/cirurgias-plasticas\/cirurgia-intima-genitalia-feminina\/\" \/>\n<meta property=\"og:site_name\" content=\"Dr. Jos\u00e9 Carlos Daher\" \/>\n<meta property=\"article:publisher\" content=\"https:\/\/www.facebook.com\/daherplastica\/\" \/>\n<meta property=\"article:modified_time\" content=\"2022-09-28T19:33:44+00:00\" \/>\n<meta name=\"twitter:card\" content=\"summary_large_image\" \/>\n<meta name=\"twitter:label1\" content=\"Est. tempo de leitura\" \/>\n\t<meta name=\"twitter:data1\" content=\"2 minutos\" \/>\n<script type=\"application\/ld+json\" class=\"yoast-schema-graph\">{\"@context\":\"https:\/\/schema.org\",\"@graph\":[{\"@type\":\"NewsArticle\",\"@id\":\"https:\/\/hospitaldaher.com.br\/plastica\/cirurgias-plasticas\/cirurgia-intima-genitalia-feminina\/#article\",\"isPartOf\":{\"@id\":\"https:\/\/hospitaldaher.com.br\/plastica\/cirurgias-plasticas\/cirurgia-intima-genitalia-feminina\/\"},\"author\":{\"name\":\"Juliana Vaz\",\"@id\":\"https:\/\/hospitaldaher.com.br\/plastica\/#\/schema\/person\/0bb76ae6158fc52d618a2577ef5ca2d6\"},\"headline\":\"Cirurgia \u00edntima feminina\",\"datePublished\":\"2016-11-08T19:37:35+00:00\",\"dateModified\":\"2022-09-28T19:33:44+00:00\",\"mainEntityOfPage\":{\"@id\":\"https:\/\/hospitaldaher.com.br\/plastica\/cirurgias-plasticas\/cirurgia-intima-genitalia-feminina\/\"},\"wordCount\":356,\"publisher\":{\"@id\":\"https:\/\/hospitaldaher.com.br\/plastica\/#organization\"},\"inLanguage\":\"pt-BR\"},{\"@type\":[\"WebPage\",\"MedicalWebPage\"],\"@id\":\"https:\/\/hospitaldaher.com.br\/plastica\/cirurgias-plasticas\/cirurgia-intima-genitalia-feminina\/\",\"url\":\"https:\/\/hospitaldaher.com.br\/plastica\/cirurgias-plasticas\/cirurgia-intima-genitalia-feminina\/\",\"name\":\"Cirurgia \u00edntima feminina | Dr. Jos\u00e9 Carlos Daher\",\"isPartOf\":{\"@id\":\"https:\/\/hospitaldaher.com.br\/plastica\/#website\"},\"datePublished\":\"2016-11-08T19:37:35+00:00\",\"dateModified\":\"2022-09-28T19:33:44+00:00\",\"breadcrumb\":{\"@id\":\"https:\/\/hospitaldaher.com.br\/plastica\/cirurgias-plasticas\/cirurgia-intima-genitalia-feminina\/#breadcrumb\"},\"inLanguage\":\"pt-BR\",\"potentialAction\":[{\"@type\":\"ReadAction\",\"target\":[\"https:\/\/hospitaldaher.com.br\/plastica\/cirurgias-plasticas\/cirurgia-intima-genitalia-feminina\/\"]}]},{\"@type\":\"BreadcrumbList\",\"@id\":\"https:\/\/hospitaldaher.com.br\/plastica\/cirurgias-plasticas\/cirurgia-intima-genitalia-feminina\/#breadcrumb\",\"itemListElement\":[{\"@type\":\"ListItem\",\"position\":1,\"name\":\"In\u00edcio\",\"item\":\"https:\/\/hospitaldaher.com.br\/plastica\/\"},{\"@type\":\"ListItem\",\"position\":2,\"name\":\"Cirurgias Pl\u00e1sticas\",\"item\":\"https:\/\/hospitaldaher.com.br\/plastica\/cirurgias-plasticas\/\"},{\"@type\":\"ListItem\",\"position\":3,\"name\":\"Cirurgia \u00edntima feminina\"}]},{\"@type\":\"WebSite\",\"@id\":\"https:\/\/hospitaldaher.com.br\/plastica\/#website\",\"url\":\"https:\/\/hospitaldaher.com.br\/plastica\/\",\"name\":\"Dr. Jos\u00e9 Carlos Daher\",\"description\":\"Cirurgia Pl\u00e1stica\",\"publisher\":{\"@id\":\"https:\/\/hospitaldaher.com.br\/plastica\/#organization\"},\"potentialAction\":[{\"@type\":\"SearchAction\",\"target\":{\"@type\":\"EntryPoint\",\"urlTemplate\":\"https:\/\/hospitaldaher.com.br\/plastica\/?s={search_term_string}\"},\"query-input\":\"required name=search_term_string\"}],\"inLanguage\":\"pt-BR\"},{\"@type\":\"Organization\",\"@id\":\"https:\/\/hospitaldaher.com.br\/plastica\/#organization\",\"name\":\"Daher Pl\u00e1stica - Dr. Jos\u00e9 Carlos Daher e Dr. Leonardo Daher\",\"url\":\"https:\/\/hospitaldaher.com.br\/plastica\/\",\"logo\":{\"@type\":\"ImageObject\",\"inLanguage\":\"pt-BR\",\"@id\":\"https:\/\/hospitaldaher.com.br\/plastica\/#\/schema\/logo\/image\/\",\"url\":\"https:\/\/hospitaldaher.com.br\/plastica\/wp-content\/uploads\/2022\/09\/Logo_Jose_Carlos_Daher_em_Brasilia_Black.svg\",\"contentUrl\":\"https:\/\/hospitaldaher.com.br\/plastica\/wp-content\/uploads\/2022\/09\/Logo_Jose_Carlos_Daher_em_Brasilia_Black.svg\",\"width\":\"1030\",\"height\":\"1030\",\"caption\":\"Daher Pl\u00e1stica - Dr. Jos\u00e9 Carlos Daher e Dr. Leonardo Daher\"},\"image\":{\"@id\":\"https:\/\/hospitaldaher.com.br\/plastica\/#\/schema\/logo\/image\/\"},\"sameAs\":[\"https:\/\/www.facebook.com\/daherplastica\/\",\"https:\/\/www.instagram.com\/doutor_daher\/\"]},{\"@type\":\"Person\",\"@id\":\"https:\/\/hospitaldaher.com.br\/plastica\/#\/schema\/person\/0bb76ae6158fc52d618a2577ef5ca2d6\",\"name\":\"Juliana Vaz\",\"image\":{\"@type\":\"ImageObject\",\"inLanguage\":\"pt-BR\",\"@id\":\"https:\/\/hospitaldaher.com.br\/plastica\/#\/schema\/person\/image\/\",\"url\":\"https:\/\/hospitaldaher.com.br\/plastica\/wp-content\/litespeed\/avatar\/842d8ea3f17809cdac54bf9cada4a39c.jpg?ver=1775653742\",\"contentUrl\":\"https:\/\/hospitaldaher.com.br\/plastica\/wp-content\/litespeed\/avatar\/842d8ea3f17809cdac54bf9cada4a39c.jpg?ver=1775653742\",\"caption\":\"Juliana Vaz\"}}]}<\/script>\n<!-- \/ Yoast SEO plugin. -->","yoast_head_json":{"title":"Cirurgia \u00edntima feminina | Dr. Jos\u00e9 Carlos Daher","robots":{"index":"index","follow":"follow","max-snippet":"max-snippet:-1","max-image-preview":"max-image-preview:large","max-video-preview":"max-video-preview:-1"},"canonical":"https:\/\/hospitaldaher.com.br\/plastica\/cirurgias-plasticas\/cirurgia-intima-genitalia-feminina\/","og_locale":"pt_BR","og_type":"article","og_title":"Cirurgia \u00edntima feminina | Dr. Jos\u00e9 Carlos Daher","og_url":"https:\/\/hospitaldaher.com.br\/plastica\/cirurgias-plasticas\/cirurgia-intima-genitalia-feminina\/","og_site_name":"Dr. Jos\u00e9 Carlos Daher","article_publisher":"https:\/\/www.facebook.com\/daherplastica\/","article_modified_time":"2022-09-28T19:33:44+00:00","twitter_card":"summary_large_image","twitter_misc":{"Est. tempo de leitura":"2 minutos"},"schema":{"@context":"https:\/\/schema.org","@graph":[{"@type":"NewsArticle","@id":"https:\/\/hospitaldaher.com.br\/plastica\/cirurgias-plasticas\/cirurgia-intima-genitalia-feminina\/#article","isPartOf":{"@id":"https:\/\/hospitaldaher.com.br\/plastica\/cirurgias-plasticas\/cirurgia-intima-genitalia-feminina\/"},"author":{"name":"Juliana Vaz","@id":"https:\/\/hospitaldaher.com.br\/plastica\/#\/schema\/person\/0bb76ae6158fc52d618a2577ef5ca2d6"},"headline":"Cirurgia \u00edntima feminina","datePublished":"2016-11-08T19:37:35+00:00","dateModified":"2022-09-28T19:33:44+00:00","mainEntityOfPage":{"@id":"https:\/\/hospitaldaher.com.br\/plastica\/cirurgias-plasticas\/cirurgia-intima-genitalia-feminina\/"},"wordCount":356,"publisher":{"@id":"https:\/\/hospitaldaher.com.br\/plastica\/#organization"},"inLanguage":"pt-BR"},{"@type":["WebPage","MedicalWebPage"],"@id":"https:\/\/hospitaldaher.com.br\/plastica\/cirurgias-plasticas\/cirurgia-intima-genitalia-feminina\/","url":"https:\/\/hospitaldaher.com.br\/plastica\/cirurgias-plasticas\/cirurgia-intima-genitalia-feminina\/","name":"Cirurgia \u00edntima feminina | Dr. Jos\u00e9 Carlos Daher","isPartOf":{"@id":"https:\/\/hospitaldaher.com.br\/plastica\/#website"},"datePublished":"2016-11-08T19:37:35+00:00","dateModified":"2022-09-28T19:33:44+00:00","breadcrumb":{"@id":"https:\/\/hospitaldaher.com.br\/plastica\/cirurgias-plasticas\/cirurgia-intima-genitalia-feminina\/#breadcrumb"},"inLanguage":"pt-BR","potentialAction":[{"@type":"ReadAction","target":["https:\/\/hospitaldaher.com.br\/plastica\/cirurgias-plasticas\/cirurgia-intima-genitalia-feminina\/"]}]},{"@type":"BreadcrumbList","@id":"https:\/\/hospitaldaher.com.br\/plastica\/cirurgias-plasticas\/cirurgia-intima-genitalia-feminina\/#breadcrumb","itemListElement":[{"@type":"ListItem","position":1,"name":"In\u00edcio","item":"https:\/\/hospitaldaher.com.br\/plastica\/"},{"@type":"ListItem","position":2,"name":"Cirurgias Pl\u00e1sticas","item":"https:\/\/hospitaldaher.com.br\/plastica\/cirurgias-plasticas\/"},{"@type":"ListItem","position":3,"name":"Cirurgia \u00edntima feminina"}]},{"@type":"WebSite","@id":"https:\/\/hospitaldaher.com.br\/plastica\/#website","url":"https:\/\/hospitaldaher.com.br\/plastica\/","name":"Dr. Jos\u00e9 Carlos Daher","description":"Cirurgia Pl\u00e1stica","publisher":{"@id":"https:\/\/hospitaldaher.com.br\/plastica\/#organization"},"potentialAction":[{"@type":"SearchAction","target":{"@type":"EntryPoint","urlTemplate":"https:\/\/hospitaldaher.com.br\/plastica\/?s={search_term_string}"},"query-input":"required name=search_term_string"}],"inLanguage":"pt-BR"},{"@type":"Organization","@id":"https:\/\/hospitaldaher.com.br\/plastica\/#organization","name":"Daher Pl\u00e1stica - Dr. Jos\u00e9 Carlos Daher e Dr. Leonardo Daher","url":"https:\/\/hospitaldaher.com.br\/plastica\/","logo":{"@type":"ImageObject","inLanguage":"pt-BR","@id":"https:\/\/hospitaldaher.com.br\/plastica\/#\/schema\/logo\/image\/","url":"https:\/\/hospitaldaher.com.br\/plastica\/wp-content\/uploads\/2022\/09\/Logo_Jose_Carlos_Daher_em_Brasilia_Black.svg","contentUrl":"https:\/\/hospitaldaher.com.br\/plastica\/wp-content\/uploads\/2022\/09\/Logo_Jose_Carlos_Daher_em_Brasilia_Black.svg","width":"1030","height":"1030","caption":"Daher Pl\u00e1stica - Dr. Jos\u00e9 Carlos Daher e Dr. Leonardo Daher"},"image":{"@id":"https:\/\/hospitaldaher.com.br\/plastica\/#\/schema\/logo\/image\/"},"sameAs":["https:\/\/www.facebook.com\/daherplastica\/","https:\/\/www.instagram.com\/doutor_daher\/"]},{"@type":"Person","@id":"https:\/\/hospitaldaher.com.br\/plastica\/#\/schema\/person\/0bb76ae6158fc52d618a2577ef5ca2d6","name":"Juliana Vaz","image":{"@type":"ImageObject","inLanguage":"pt-BR","@id":"https:\/\/hospitaldaher.com.br\/plastica\/#\/schema\/person\/image\/","url":"https:\/\/hospitaldaher.com.br\/plastica\/wp-content\/litespeed\/avatar\/842d8ea3f17809cdac54bf9cada4a39c.jpg?ver=1775653742","contentUrl":"https:\/\/hospitaldaher.com.br\/plastica\/wp-content\/litespeed\/avatar\/842d8ea3f17809cdac54bf9cada4a39c.jpg?ver=1775653742","caption":"Juliana Vaz"}}]}},"_links":{"self":[{"href":"https:\/\/hospitaldaher.com.br\/plastica\/wp-json\/wp\/v2\/pages\/4230"}],"collection":[{"href":"https:\/\/hospitaldaher.com.br\/plastica\/wp-json\/wp\/v2\/pages"}],"about":[{"href":"https:\/\/hospitaldaher.com.br\/plastica\/wp-json\/wp\/v2\/types\/page"}],"author":[{"embeddable":true,"href":"https:\/\/hospitaldaher.com.br\/plastica\/wp-json\/wp\/v2\/users\/3"}],"replies":[{"embeddable":true,"href":"https:\/\/hospitaldaher.com.br\/plastica\/wp-json\/wp\/v2\/comments?post=4230"}],"version-history":[{"count":4,"href":"https:\/\/hospitaldaher.com.br\/plastica\/wp-json\/wp\/v2\/pages\/4230\/revisions"}],"predecessor-version":[{"id":7315,"href":"https:\/\/hospitaldaher.com.br\/plastica\/wp-json\/wp\/v2\/pages\/4230\/revisions\/7315"}],"up":[{"embeddable":true,"href":"https:\/\/hospitaldaher.com.br\/plastica\/wp-json\/wp\/v2\/pages\/7169"}],"wp:attachment":[{"href":"https:\/\/hospitaldaher.com.br\/plastica\/wp-json\/wp\/v2\/media?parent=4230"}],"curies":[{"name":"wp","href":"https:\/\/api.w.org\/{rel}","templated":true}]}}