{"id":4236,"date":"2016-11-08T19:43:53","date_gmt":"2016-11-08T19:43:53","guid":{"rendered":"http:\/\/hospitaldaher.com.br\/plastica\/?page_id=4236"},"modified":"2022-09-28T15:53:57","modified_gmt":"2022-09-28T18:53:57","slug":"laser-e-preenchimentos-procedimentos-menos-invasivos","status":"publish","type":"page","link":"https:\/\/hospitaldaher.com.br\/plastica\/laser-e-preenchimentos-procedimentos-menos-invasivos\/","title":{"rendered":"Peeling e lasers"},"content":{"rendered":"<section class=\"l-section wpb_row height_medium\"><div class=\"l-section-h i-cf\"><div class=\"g-cols vc_row via_grid cols_1 laptops-cols_inherit tablets-cols_inherit mobiles-cols_1 valign_top type_default stacking_default\"><div class=\"wpb_column vc_column_container\"><div class=\"vc_column-inner\"><div class=\"wpb_text_column\"><div class=\"wpb_wrapper\"><h2><strong>Os raios laser<\/strong><\/h2>\n<\/div><\/div><div class=\"w-separator size_small\"><\/div><div class=\"g-cols wpb_row via_grid cols_2 laptops-cols_inherit tablets-cols_inherit mobiles-cols_1 valign_top type_default stacking_default\"><div class=\"wpb_column vc_column_container\"><div class=\"vc_column-inner\"><div class=\"wpb_text_column\"><div class=\"wpb_wrapper\"><p style=\"text-align: justify;\">A tecnologia do Laser \u00e9 indubitavelmente o setor da medicina que mais avan\u00e7ou nos \u00faltimos tempos. Serve para destrui\u00e7\u00e3o de c\u00e1culos intra renais e v\u00e1ria outras cirurgias endosc\u00f3picas.<\/p>\n<p style=\"text-align: justify;\">Na <strong>medicina est\u00e9tica <\/strong>entrou como uma poderosa ferramenta para melhorar a textura da pele, inibir cicatrizes, tratar hemangiomas e mais recentemente, o <strong>Spectra<\/strong> nos permite retirar tatuagens, tratar as manchas faciais, os cloasmas grav\u00eddicos as micoses das unhas, nevus cong\u00eanitos etc. al\u00e9m de melhorar o turgor da pele, fazendo-a mais jovial.<\/p>\n<p style=\"text-align: justify;\">Os Lasers passaram a ser uma nova vertente que, embora n\u00e3o substitua a cirurgia pl\u00e1stica quando as deformidades j\u00e1 est\u00e3o estabelecidas, s\u00e3o uma importante arama arma complementar. E se usado em pacientes mais jovens, que est\u00e3o beirando o envelhecimento apresentando os primeiros sinais, certamente o adia e protela os sinais indesej\u00e1veis da idade.<\/p>\n<p style=\"text-align: justify;\">Existem v\u00e1rios tipos de lasers. Citei inicialmente o Spectra por ser uma plataforma das mais modernas com excelentes resultados dermatol\u00f3gicos e cosmetol\u00f3gicos, abrangendo uma enorme gama de patologias e dentre elas principalmente as manchas da face e de outras partes do corpo, al\u00e9m de positivos aspectos do rejuvenescimento.<\/p>\n<\/div><\/div><\/div><\/div><div class=\"wpb_column vc_column_container\"><div class=\"vc_column-inner\"><div class=\"wpb_text_column\"><div class=\"wpb_wrapper\"><p style=\"text-align: justify;\">J\u00e1 outros casos de altera\u00e7\u00f5es mais profundas da pele, pode ser indicado o Laser de Co2 que atua de maneira segura e mais profundamente, tendo como principal efeito secund\u00e1rio a hiperemia da regi\u00e3o tratada, que pode persistir por alguns meses, por\u00e9m regredindo sempre.<\/p>\n<p style=\"text-align: justify;\"><strong>DEPILA\u00c7\u00c3O: <\/strong>\u00c9 outra finalidade que podemos tratar com esta forma de energia. Ao ser aplicado sobre o pelo, estes absorvem o calor da <strong>LUZ PULSADA<\/strong> e esta energia \u00e9 transmitida para o bulbo de cada fio, o eliminando. \u00c9 um processo extremamente interessante e eficiente para se eliminar alguns pelos ou todos os pelos de uma regi\u00e3o que se pretende tornar glabra.<\/p>\n<\/div><\/div><\/div><\/div><\/div><\/div><\/div><\/div><\/div><\/section><section class=\"l-section wpb_row height_medium color_alternate\"><div class=\"l-section-h i-cf\"><div class=\"g-cols vc_row via_grid cols_1 laptops-cols_inherit tablets-cols_inherit mobiles-cols_1 valign_top type_default stacking_default\"><div class=\"wpb_column vc_column_container\"><div class=\"vc_column-inner\"><div class=\"wpb_text_column\"><div class=\"wpb_wrapper\"><h2><strong>Os preenchimentos<\/strong><\/h2>\n<\/div><\/div><div class=\"w-separator size_small\"><\/div><div class=\"wpb_text_column\"><div class=\"wpb_wrapper\"><p><strong>Um dos grandes desafios para o cirurgi\u00e3o\u00a0<\/strong>pl\u00e1stico \u00e9 preencher as depress\u00f5es ou os vazios da superf\u00edcie corporal.<\/p>\n<p>Classificamos as subst\u00e2ncias de preenchimento em subst\u00e2ncias\u00a0<strong>halopl\u00e1sticas<\/strong>\u00a0(materiais sint\u00e9ticos estranhos ao organismo) que podem ser\u00a0<strong>inabsorv\u00edveis e absorv\u00edveis<\/strong>\u00a0e as\u00a0<strong>aut\u00f3logas\u00a0<\/strong>(que s\u00e3o tecidos do pr\u00f3prio organismo do paciente, como a gordura, fascia, etc).<\/p>\n<\/div><\/div><div class=\"w-separator size_medium\"><\/div><div class=\"wpb_text_column\"><div class=\"wpb_wrapper\"><h3><strong>Preenchimentos Alopl\u00e1sticas Inabsorv\u00edveis<\/strong><\/h3>\n<\/div><\/div><div class=\"w-separator size_small\"><\/div><div class=\"g-cols wpb_row via_grid cols_2 laptops-cols_inherit tablets-cols_inherit mobiles-cols_1 valign_top type_default stacking_default\"><div class=\"wpb_column vc_column_container\"><div class=\"vc_column-inner\"><div class=\"wpb_text_column\"><div class=\"wpb_wrapper\"><p style=\"text-align: justify;\">Tentou-se no passado a inje\u00e7\u00e3o de\u00a0<strong>silicone l\u00edquido<\/strong>, o que foi abandonado pois esta pr\u00e1tica mostrou uma s\u00e9rie de complica\u00e7\u00f5es como inflama\u00e7\u00f5es locais etc.<\/p>\n<p style=\"text-align: justify;\">Depois disto surgiu o\u00a0<strong>PMMA,<\/strong>\u00a0um produto tamb\u00e9m inabsorv\u00edvel e muito interessante. Al\u00e9m de ser supostamente inerte no organismo, n\u00e3o se espalhava para as regi\u00f5es vizinhas causando as rea\u00e7\u00f5es inflamat\u00f3ria do silicone l\u00edquido. O PMMA foi muito usado e com bons resultados, desde que usado dentro de uma t\u00e9cnica de consenso que limitava a quantidade injetada a pequenas doses e aplicado profundamente. Estas eram as limita\u00e7\u00f5es que conhec\u00edamos.<\/p>\n<p style=\"text-align: justify;\">Entretanto o uso do PMMA se disseminou rapidamente e passou ase usado por esteticistas ou pessoas de outras especialidades da \u00e1rea de sa\u00fade e surgiram no mercado v\u00e1rios produtos similares vendidos com \u201cgen\u00e9ricos\u201d do PMMA. Come\u00e7aram a surgir v\u00e1rias complica\u00e7\u00f5es e algumas delas graves. Alguns questionaram se estas complica\u00e7\u00f5es s\u00e3o efetivamente da subst\u00e2ncia POLIMETILMETACRILATO (PMMA), ou se seriam da t\u00e9cnica inadequada de uso associada \u00e0 possibilidade de produtos adulterados vendidos como tal e sem a devida inspe\u00e7\u00e3o sanit\u00e1ria.<\/p>\n<\/div><\/div><\/div><\/div><div class=\"wpb_column vc_column_container\"><div class=\"vc_column-inner\"><div class=\"wpb_text_column\"><div class=\"wpb_wrapper\"><p style=\"text-align: justify;\">Hoje, o PMMA continua um produto registrado na ANVISA e acreditamos que se tiver proced\u00eancia do fabricante atualizada naquele \u00f3rg\u00e3o e se usado em\u00a0 pequenas quantidades e com boa t\u00e9cnica (planos profundos da regi\u00e3o tratada), \u00e9 um excelente recurso para os preenchimentos menores para se corrigir pequenos defeitos nas diferentes regi\u00f5es da face, fronte, nariz, regi\u00e3o geniana etc.<\/p>\n<p style=\"text-align: justify;\">Pode tamb\u00e9m ser usados na recomposi\u00e7\u00e3o do volume das bochechas que ficam drasticamente encovadas nos paciente portadores de AIDS e com tratamento por uso dos retro virais. \u00c9 indicado em vez da hidroxi-apatita, um bom produto tamb\u00e9m inabsorv\u00edvel, muito usado em diversos outros pa\u00edses.<\/p>\n<\/div><\/div><\/div><\/div><\/div><\/div><\/div><\/div><\/div><\/section><section class=\"l-section wpb_row height_medium\"><div class=\"l-section-h i-cf\"><div class=\"g-cols vc_row via_grid cols_1 laptops-cols_inherit tablets-cols_inherit mobiles-cols_1 valign_top type_default stacking_default\"><div class=\"wpb_column vc_column_container\"><div class=\"vc_column-inner\"><div class=\"wpb_text_column\"><div class=\"wpb_wrapper\"><h3><strong> Preenchimentos Alopl\u00e1sticos absorv\u00edveis<\/strong><\/h3>\n<\/div><\/div><div class=\"w-separator size_small\"><\/div><div class=\"g-cols wpb_row via_grid cols_2 laptops-cols_inherit tablets-cols_inherit mobiles-cols_1 valign_top type_default stacking_default\"><div class=\"wpb_column vc_column_container\"><div class=\"vc_column-inner\"><div class=\"wpb_text_column\"><div class=\"wpb_wrapper\"><p style=\"text-align: justify;\">Os produtos inabsorv\u00edveis, uma vez colocados na intimidade dos tecidos, dificilmente s\u00e3o resgat\u00e1veis pois eles al\u00ed se entranham. Por esta raz\u00e3o procurou-se subst\u00e2ncia que, mesmo sabendo-se que permanecer\u00e3o temporariamente preenchendo os vazios da superf\u00edcie corporal, tem uma dura\u00e7\u00e3o razo\u00e1vel, podendo ser repostos quando de sua absor\u00e7\u00e3o.<\/p>\n<p style=\"text-align: justify;\">Surgiram ent\u00e3o v\u00e1rios produtos naturais ou sint\u00e9ticos, que tiveram seu in\u00edcio com o\u00a0<strong>\u00c1cido Hialur\u00f4nico.\u00a0<\/strong>Este marcou \u00e9poca e ainda hoje \u00e9 muito usado. Tem a caracter\u00edstica de poder ser aplicado superficialmente ou mesmo intrad\u00e9rmico para preenchimento dos vazios e depress\u00f5es tais como as rugas dos sulcos naso genianos (bigode chin\u00eas), e tamb\u00e9m as rugas finas que acometem os l\u00e1bios ou a regi\u00e3o dos olhos com p\u00e9s de galinha. Este produto usado h\u00e1 mais de 30 anos, s\u00f3 tem o inconveniente de rea\u00e7\u00f5es al\u00e9rgicas em raros pacientes, que devem ser tratadas aos primeiros sintomas.<\/p>\n<\/div><\/div><\/div><\/div><div class=\"wpb_column vc_column_container\"><div class=\"vc_column-inner\"><div class=\"wpb_text_column\"><div class=\"wpb_wrapper\"><p style=\"text-align: justify;\">Esta d\u00favida persistiu e persiste posto que para dirim\u00ed-la seriam necess\u00e1rios longos e dispendiosos estudos da ind\u00fastria farmac\u00eautica. Alega-s em favor do PMMA que as subst\u00e2ncias similares produzidas nos EEUU, n\u00e3o mostraram l\u00e1 as mesmas complica\u00e7\u00f5es aqui descritas.<\/p>\n<p>Depois, surgiram novos produtos com maior ciscosidade que podem dura de um a dois anos e indicados para as mesmas finalidades. Por\u00e9m com esta maior dura\u00e7\u00e3o j\u00e1 se pode planejar o aumento das ma\u00e7\u00e3s do rosto, preenchimento do vale das l\u00e1grimas, alargamento da mand\u00edbula, etc.<\/p>\n<p style=\"text-align: justify;\">As indica\u00e7\u00f5es precisas de que produto usar e o planejamento nestas v\u00e1rias indica\u00e7\u00f5es deve ser feita pelo m\u00e9dico cirurgi\u00e3o pl\u00e1stico ou por dermatologista agregado a servi\u00e7o de cirurgia pl\u00e1stica, quando se estudar\u00e1 cada paciente.<\/p>\n<\/div><\/div><\/div><\/div><\/div><\/div><\/div><\/div><\/div><\/section><section class=\"l-section wpb_row height_medium color_alternate\"><div class=\"l-section-h i-cf\"><div class=\"g-cols vc_row via_grid cols_1 laptops-cols_inherit tablets-cols_inherit mobiles-cols_1 valign_top type_default stacking_default\"><div class=\"wpb_column vc_column_container\"><div class=\"vc_column-inner\"><div class=\"wpb_text_column\"><div class=\"wpb_wrapper\"><h3><strong>Preenchimentos Aut\u00f3logoss<\/strong><\/h3>\n<\/div><\/div><div class=\"w-separator size_small\"><\/div><div class=\"g-cols wpb_row via_grid cols_2 laptops-cols_inherit tablets-cols_inherit mobiles-cols_1 valign_top type_default stacking_default\"><div class=\"wpb_column vc_column_container\"><div class=\"vc_column-inner\"><div class=\"wpb_text_column\"><div class=\"wpb_wrapper\"><p style=\"text-align: justify;\">Muitos tecidos humanos tirados do pr\u00f3prio indiv\u00edduo foram tirados para se preencher depress\u00f5es, irregularidades, sulcos de envelhecimento etc. Entretanto tudo ficou obsoleto depois que, nos tempos atuais est\u00e1 em franco uso os\u00a0<strong>ENXERTOS DE GORDURA.<\/strong><\/p>\n<p style=\"text-align: justify;\">Os\u00a0<strong>Enxertos de gordura\u00a0<\/strong>S\u00e3o na verdade um maravilhoso sub produto das lipoaspira\u00e7\u00f5es. Esta t\u00e9cnica desenvolvida pelo cirurgi\u00e3o franc\u00eas Yves G\u00e9rard Yllouz, produzia enormes quantidades de gordura que retirada, era automaticamente descartada. Na era das c\u00e9lulas tronco, descobriu-se que o tecido gorduroso era riqu\u00edssimo nestas c\u00e9lulas. O tecido gorduroso era fonte abundante de c\u00e9lulas tronco.<\/p>\n<p style=\"text-align: justify;\">Passou-se ent\u00e3o a usar enxertos de gordura para quase tudo, j\u00e1 que t\u00ednhamos a gordura como sub produto das lipos, j\u00e1 que n\u00e3o haviam contra indica\u00e7\u00f5es.<\/p>\n<\/div><\/div><\/div><\/div><div class=\"wpb_column vc_column_container\"><div class=\"vc_column-inner\"><div class=\"wpb_text_column\"><div class=\"wpb_wrapper\"><p style=\"text-align: justify;\">Depois, surgiram novos produtos com maior ciscosidade que podem dura de um a dois anos e indicados para as mesmas finalidades. Por\u00e9m com esta maior dura\u00e7\u00e3o j\u00e1 se pode planejar o aumento das ma\u00e7\u00e3s do rosto, preenchimento do vale das l\u00e1grimas, alargamento da mand\u00edbula, etc.<\/p>\n<p style=\"text-align: justify;\">As indica\u00e7\u00f5es precisas de que produto usar e o planejamento nestas v\u00e1rias indica\u00e7\u00f5es deve ser feita pelo m\u00e9dico cirurgi\u00e3o pl\u00e1stico ou por dermatologista agregado a servi\u00e7o de cirurgia pl\u00e1stica, quando se estudar\u00e1 cada paciente.<\/p>\n<p style=\"text-align: justify;\"><strong>Os enxertos aut\u00f3logos de gordura, t\u00eam baix\u00edssimo risco de complica\u00e7\u00e3o e s\u00e3o hoje uma grande ferramenta para o rejuvenescimento e uma grande esperan\u00e7a para o futuro, pela sua riqueza em c\u00e9lulas tronco.<\/strong><\/p>\n<\/div><\/div><\/div><\/div><\/div><div class=\"w-separator size_medium\"><\/div><div class=\"g-cols wpb_row via_grid cols_1-4-1 laptops-cols_inherit tablets-cols_inherit mobiles-cols_1 valign_top type_default stacking_default\"><div class=\"wpb_column vc_column_container\"><div class=\"vc_column-inner\"><\/div><\/div><div class=\"wpb_column vc_column_container\"><div class=\"vc_column-inner\">[vc_raw_html]JTNDaWZyYW1lJTIwc3JjJTNEJTIyaHR0cHMlM0ElMkYlMkZwbGF5ZXIudW5kZXJzdGFuZC5jb20lMkZkcmpjZGFoZXIlMkZwdC1CUiUyRjc4NTM1ZTI3LTI2MzktNDEzYy1iYzUxLTFmNTA5MGRlYTFkZiUyRmIxYTk2Y2I3LTE4MTItNGJmNS04MjgyLTNjZjdhMWRiZDZjMiUzRnBhdXNlRmlyc3RTdGVwJTNEMSUyMiUyMHdpZHRoJTNEJTIyNzAwJTIyJTIwaGVpZ2h0JTNEJTIyNDQwJTIyJTIwZnJhbWVib3JkZXIlM0QlMjIwJTIyJTIwc2Nyb2xsaW5nJTNEJTIybm8lMjIlMjBhbGxvd2Z1bGxzY3JlZW4lM0QlMjJhbGxvd2Z1bGxzY3JlZW4lMjIlM0UlM0MlMkZpZnJhbWUlM0U=[\/vc_raw_html]<\/div><\/div><div class=\"wpb_column vc_column_container\"><div class=\"vc_column-inner\"><\/div><\/div><\/div><\/div><\/div><\/div><\/div><\/section>\n","protected":false},"excerpt":{"rendered":"Os raios laser A tecnologia do Laser \u00e9 indubitavelmente o setor da medicina que mais avan\u00e7ou nos \u00faltimos tempos. Serve para destrui\u00e7\u00e3o de c\u00e1culos intra renais e v\u00e1ria outras cirurgias endosc\u00f3picas. Na medicina est\u00e9tica entrou como uma poderosa ferramenta para melhorar a textura da pele, inibir cicatrizes, tratar hemangiomas e mais recentemente, o Spectra nos...","protected":false},"author":3,"featured_media":0,"parent":0,"menu_order":0,"comment_status":"closed","ping_status":"closed","template":"","meta":{"footnotes":""},"yoast_head":"<!-- This site is optimized with the Yoast SEO plugin v21.6 - https:\/\/yoast.com\/wordpress\/plugins\/seo\/ -->\n<title>Peeling e lasers | Dr. Jos\u00e9 Carlos Daher<\/title>\n<meta name=\"robots\" content=\"index, follow, max-snippet:-1, max-image-preview:large, max-video-preview:-1\" \/>\n<link rel=\"canonical\" href=\"https:\/\/hospitaldaher.com.br\/plastica\/laser-e-preenchimentos-procedimentos-menos-invasivos\/\" \/>\n<meta property=\"og:locale\" content=\"pt_BR\" \/>\n<meta property=\"og:type\" content=\"article\" \/>\n<meta property=\"og:title\" content=\"Peeling e lasers | Dr. Jos\u00e9 Carlos Daher\" \/>\n<meta property=\"og:url\" content=\"https:\/\/hospitaldaher.com.br\/plastica\/laser-e-preenchimentos-procedimentos-menos-invasivos\/\" \/>\n<meta property=\"og:site_name\" content=\"Dr. Jos\u00e9 Carlos Daher\" \/>\n<meta property=\"article:publisher\" content=\"https:\/\/www.facebook.com\/daherplastica\/\" \/>\n<meta property=\"article:modified_time\" content=\"2022-09-28T18:53:57+00:00\" \/>\n<meta name=\"twitter:card\" content=\"summary_large_image\" \/>\n<meta name=\"twitter:label1\" content=\"Est. tempo de leitura\" \/>\n\t<meta name=\"twitter:data1\" content=\"7 minutos\" \/>\n<script type=\"application\/ld+json\" class=\"yoast-schema-graph\">{\"@context\":\"https:\/\/schema.org\",\"@graph\":[{\"@type\":\"NewsArticle\",\"@id\":\"https:\/\/hospitaldaher.com.br\/plastica\/laser-e-preenchimentos-procedimentos-menos-invasivos\/#article\",\"isPartOf\":{\"@id\":\"https:\/\/hospitaldaher.com.br\/plastica\/laser-e-preenchimentos-procedimentos-menos-invasivos\/\"},\"author\":{\"name\":\"Juliana Vaz\",\"@id\":\"https:\/\/hospitaldaher.com.br\/plastica\/#\/schema\/person\/0bb76ae6158fc52d618a2577ef5ca2d6\"},\"headline\":\"Peeling e lasers\",\"datePublished\":\"2016-11-08T19:43:53+00:00\",\"dateModified\":\"2022-09-28T18:53:57+00:00\",\"mainEntityOfPage\":{\"@id\":\"https:\/\/hospitaldaher.com.br\/plastica\/laser-e-preenchimentos-procedimentos-menos-invasivos\/\"},\"wordCount\":1571,\"publisher\":{\"@id\":\"https:\/\/hospitaldaher.com.br\/plastica\/#organization\"},\"inLanguage\":\"pt-BR\"},{\"@type\":[\"WebPage\",\"MedicalWebPage\"],\"@id\":\"https:\/\/hospitaldaher.com.br\/plastica\/laser-e-preenchimentos-procedimentos-menos-invasivos\/\",\"url\":\"https:\/\/hospitaldaher.com.br\/plastica\/laser-e-preenchimentos-procedimentos-menos-invasivos\/\",\"name\":\"Peeling e lasers | Dr. Jos\u00e9 Carlos Daher\",\"isPartOf\":{\"@id\":\"https:\/\/hospitaldaher.com.br\/plastica\/#website\"},\"datePublished\":\"2016-11-08T19:43:53+00:00\",\"dateModified\":\"2022-09-28T18:53:57+00:00\",\"breadcrumb\":{\"@id\":\"https:\/\/hospitaldaher.com.br\/plastica\/laser-e-preenchimentos-procedimentos-menos-invasivos\/#breadcrumb\"},\"inLanguage\":\"pt-BR\",\"potentialAction\":[{\"@type\":\"ReadAction\",\"target\":[\"https:\/\/hospitaldaher.com.br\/plastica\/laser-e-preenchimentos-procedimentos-menos-invasivos\/\"]}]},{\"@type\":\"BreadcrumbList\",\"@id\":\"https:\/\/hospitaldaher.com.br\/plastica\/laser-e-preenchimentos-procedimentos-menos-invasivos\/#breadcrumb\",\"itemListElement\":[{\"@type\":\"ListItem\",\"position\":1,\"name\":\"In\u00edcio\",\"item\":\"https:\/\/hospitaldaher.com.br\/plastica\/\"},{\"@type\":\"ListItem\",\"position\":2,\"name\":\"Peeling e lasers\"}]},{\"@type\":\"WebSite\",\"@id\":\"https:\/\/hospitaldaher.com.br\/plastica\/#website\",\"url\":\"https:\/\/hospitaldaher.com.br\/plastica\/\",\"name\":\"Dr. Jos\u00e9 Carlos Daher\",\"description\":\"Cirurgia Pl\u00e1stica\",\"publisher\":{\"@id\":\"https:\/\/hospitaldaher.com.br\/plastica\/#organization\"},\"potentialAction\":[{\"@type\":\"SearchAction\",\"target\":{\"@type\":\"EntryPoint\",\"urlTemplate\":\"https:\/\/hospitaldaher.com.br\/plastica\/?s={search_term_string}\"},\"query-input\":\"required name=search_term_string\"}],\"inLanguage\":\"pt-BR\"},{\"@type\":\"Organization\",\"@id\":\"https:\/\/hospitaldaher.com.br\/plastica\/#organization\",\"name\":\"Daher Pl\u00e1stica - Dr. Jos\u00e9 Carlos Daher e Dr. Leonardo Daher\",\"url\":\"https:\/\/hospitaldaher.com.br\/plastica\/\",\"logo\":{\"@type\":\"ImageObject\",\"inLanguage\":\"pt-BR\",\"@id\":\"https:\/\/hospitaldaher.com.br\/plastica\/#\/schema\/logo\/image\/\",\"url\":\"https:\/\/hospitaldaher.com.br\/plastica\/wp-content\/uploads\/2022\/09\/Logo_Jose_Carlos_Daher_em_Brasilia_Black.svg\",\"contentUrl\":\"https:\/\/hospitaldaher.com.br\/plastica\/wp-content\/uploads\/2022\/09\/Logo_Jose_Carlos_Daher_em_Brasilia_Black.svg\",\"width\":\"1030\",\"height\":\"1030\",\"caption\":\"Daher Pl\u00e1stica - Dr. Jos\u00e9 Carlos Daher e Dr. Leonardo Daher\"},\"image\":{\"@id\":\"https:\/\/hospitaldaher.com.br\/plastica\/#\/schema\/logo\/image\/\"},\"sameAs\":[\"https:\/\/www.facebook.com\/daherplastica\/\",\"https:\/\/www.instagram.com\/doutor_daher\/\"]},{\"@type\":\"Person\",\"@id\":\"https:\/\/hospitaldaher.com.br\/plastica\/#\/schema\/person\/0bb76ae6158fc52d618a2577ef5ca2d6\",\"name\":\"Juliana Vaz\",\"image\":{\"@type\":\"ImageObject\",\"inLanguage\":\"pt-BR\",\"@id\":\"https:\/\/hospitaldaher.com.br\/plastica\/#\/schema\/person\/image\/\",\"url\":\"https:\/\/hospitaldaher.com.br\/plastica\/wp-content\/litespeed\/avatar\/842d8ea3f17809cdac54bf9cada4a39c.jpg?ver=1775653742\",\"contentUrl\":\"https:\/\/hospitaldaher.com.br\/plastica\/wp-content\/litespeed\/avatar\/842d8ea3f17809cdac54bf9cada4a39c.jpg?ver=1775653742\",\"caption\":\"Juliana Vaz\"}}]}<\/script>\n<!-- \/ Yoast SEO plugin. -->","yoast_head_json":{"title":"Peeling e lasers | Dr. Jos\u00e9 Carlos Daher","robots":{"index":"index","follow":"follow","max-snippet":"max-snippet:-1","max-image-preview":"max-image-preview:large","max-video-preview":"max-video-preview:-1"},"canonical":"https:\/\/hospitaldaher.com.br\/plastica\/laser-e-preenchimentos-procedimentos-menos-invasivos\/","og_locale":"pt_BR","og_type":"article","og_title":"Peeling e lasers | Dr. Jos\u00e9 Carlos Daher","og_url":"https:\/\/hospitaldaher.com.br\/plastica\/laser-e-preenchimentos-procedimentos-menos-invasivos\/","og_site_name":"Dr. Jos\u00e9 Carlos Daher","article_publisher":"https:\/\/www.facebook.com\/daherplastica\/","article_modified_time":"2022-09-28T18:53:57+00:00","twitter_card":"summary_large_image","twitter_misc":{"Est. tempo de leitura":"7 minutos"},"schema":{"@context":"https:\/\/schema.org","@graph":[{"@type":"NewsArticle","@id":"https:\/\/hospitaldaher.com.br\/plastica\/laser-e-preenchimentos-procedimentos-menos-invasivos\/#article","isPartOf":{"@id":"https:\/\/hospitaldaher.com.br\/plastica\/laser-e-preenchimentos-procedimentos-menos-invasivos\/"},"author":{"name":"Juliana Vaz","@id":"https:\/\/hospitaldaher.com.br\/plastica\/#\/schema\/person\/0bb76ae6158fc52d618a2577ef5ca2d6"},"headline":"Peeling e lasers","datePublished":"2016-11-08T19:43:53+00:00","dateModified":"2022-09-28T18:53:57+00:00","mainEntityOfPage":{"@id":"https:\/\/hospitaldaher.com.br\/plastica\/laser-e-preenchimentos-procedimentos-menos-invasivos\/"},"wordCount":1571,"publisher":{"@id":"https:\/\/hospitaldaher.com.br\/plastica\/#organization"},"inLanguage":"pt-BR"},{"@type":["WebPage","MedicalWebPage"],"@id":"https:\/\/hospitaldaher.com.br\/plastica\/laser-e-preenchimentos-procedimentos-menos-invasivos\/","url":"https:\/\/hospitaldaher.com.br\/plastica\/laser-e-preenchimentos-procedimentos-menos-invasivos\/","name":"Peeling e lasers | Dr. Jos\u00e9 Carlos Daher","isPartOf":{"@id":"https:\/\/hospitaldaher.com.br\/plastica\/#website"},"datePublished":"2016-11-08T19:43:53+00:00","dateModified":"2022-09-28T18:53:57+00:00","breadcrumb":{"@id":"https:\/\/hospitaldaher.com.br\/plastica\/laser-e-preenchimentos-procedimentos-menos-invasivos\/#breadcrumb"},"inLanguage":"pt-BR","potentialAction":[{"@type":"ReadAction","target":["https:\/\/hospitaldaher.com.br\/plastica\/laser-e-preenchimentos-procedimentos-menos-invasivos\/"]}]},{"@type":"BreadcrumbList","@id":"https:\/\/hospitaldaher.com.br\/plastica\/laser-e-preenchimentos-procedimentos-menos-invasivos\/#breadcrumb","itemListElement":[{"@type":"ListItem","position":1,"name":"In\u00edcio","item":"https:\/\/hospitaldaher.com.br\/plastica\/"},{"@type":"ListItem","position":2,"name":"Peeling e lasers"}]},{"@type":"WebSite","@id":"https:\/\/hospitaldaher.com.br\/plastica\/#website","url":"https:\/\/hospitaldaher.com.br\/plastica\/","name":"Dr. Jos\u00e9 Carlos Daher","description":"Cirurgia Pl\u00e1stica","publisher":{"@id":"https:\/\/hospitaldaher.com.br\/plastica\/#organization"},"potentialAction":[{"@type":"SearchAction","target":{"@type":"EntryPoint","urlTemplate":"https:\/\/hospitaldaher.com.br\/plastica\/?s={search_term_string}"},"query-input":"required name=search_term_string"}],"inLanguage":"pt-BR"},{"@type":"Organization","@id":"https:\/\/hospitaldaher.com.br\/plastica\/#organization","name":"Daher Pl\u00e1stica - Dr. Jos\u00e9 Carlos Daher e Dr. Leonardo Daher","url":"https:\/\/hospitaldaher.com.br\/plastica\/","logo":{"@type":"ImageObject","inLanguage":"pt-BR","@id":"https:\/\/hospitaldaher.com.br\/plastica\/#\/schema\/logo\/image\/","url":"https:\/\/hospitaldaher.com.br\/plastica\/wp-content\/uploads\/2022\/09\/Logo_Jose_Carlos_Daher_em_Brasilia_Black.svg","contentUrl":"https:\/\/hospitaldaher.com.br\/plastica\/wp-content\/uploads\/2022\/09\/Logo_Jose_Carlos_Daher_em_Brasilia_Black.svg","width":"1030","height":"1030","caption":"Daher Pl\u00e1stica - Dr. Jos\u00e9 Carlos Daher e Dr. Leonardo Daher"},"image":{"@id":"https:\/\/hospitaldaher.com.br\/plastica\/#\/schema\/logo\/image\/"},"sameAs":["https:\/\/www.facebook.com\/daherplastica\/","https:\/\/www.instagram.com\/doutor_daher\/"]},{"@type":"Person","@id":"https:\/\/hospitaldaher.com.br\/plastica\/#\/schema\/person\/0bb76ae6158fc52d618a2577ef5ca2d6","name":"Juliana Vaz","image":{"@type":"ImageObject","inLanguage":"pt-BR","@id":"https:\/\/hospitaldaher.com.br\/plastica\/#\/schema\/person\/image\/","url":"https:\/\/hospitaldaher.com.br\/plastica\/wp-content\/litespeed\/avatar\/842d8ea3f17809cdac54bf9cada4a39c.jpg?ver=1775653742","contentUrl":"https:\/\/hospitaldaher.com.br\/plastica\/wp-content\/litespeed\/avatar\/842d8ea3f17809cdac54bf9cada4a39c.jpg?ver=1775653742","caption":"Juliana Vaz"}}]}},"_links":{"self":[{"href":"https:\/\/hospitaldaher.com.br\/plastica\/wp-json\/wp\/v2\/pages\/4236"}],"collection":[{"href":"https:\/\/hospitaldaher.com.br\/plastica\/wp-json\/wp\/v2\/pages"}],"about":[{"href":"https:\/\/hospitaldaher.com.br\/plastica\/wp-json\/wp\/v2\/types\/page"}],"author":[{"embeddable":true,"href":"https:\/\/hospitaldaher.com.br\/plastica\/wp-json\/wp\/v2\/users\/3"}],"replies":[{"embeddable":true,"href":"https:\/\/hospitaldaher.com.br\/plastica\/wp-json\/wp\/v2\/comments?post=4236"}],"version-history":[{"count":2,"href":"https:\/\/hospitaldaher.com.br\/plastica\/wp-json\/wp\/v2\/pages\/4236\/revisions"}],"predecessor-version":[{"id":7202,"href":"https:\/\/hospitaldaher.com.br\/plastica\/wp-json\/wp\/v2\/pages\/4236\/revisions\/7202"}],"wp:attachment":[{"href":"https:\/\/hospitaldaher.com.br\/plastica\/wp-json\/wp\/v2\/media?parent=4236"}],"curies":[{"name":"wp","href":"https:\/\/api.w.org\/{rel}","templated":true}]}}