{"id":4241,"date":"2016-11-08T20:02:54","date_gmt":"2016-11-08T20:02:54","guid":{"rendered":"http:\/\/hospitaldaher.com.br\/plastica\/?page_id=4241"},"modified":"2022-09-28T16:08:15","modified_gmt":"2022-09-28T19:08:15","slug":"lipoaspiracao-dos-flancos-pneus-dorso-coxas-culotes-joelhos-e-injecao-de-gordura","status":"publish","type":"page","link":"https:\/\/hospitaldaher.com.br\/plastica\/cirurgias-plasticas\/lipoaspiracao-dos-flancos-pneus-dorso-coxas-culotes-joelhos-e-injecao-de-gordura\/","title":{"rendered":"Lipoescultura de Ancas e Dorso"},"content":{"rendered":"<section class=\"l-section wpb_row height_medium\"><div class=\"l-section-h i-cf\"><div class=\"g-cols vc_row via_grid cols_1 laptops-cols_inherit tablets-cols_inherit mobiles-cols_1 valign_top type_default stacking_default\"><div class=\"wpb_column vc_column_container\"><div class=\"vc_column-inner\"><div class=\"wpb_text_column\"><div class=\"wpb_wrapper\"><h2><strong>Lipoesculturas e Lipoaspira\u00e7\u00e3o &#8211; LIPOESCULTURA DO DORSO<\/strong><\/h2>\n<\/div><\/div><div class=\"w-separator size_medium\"><\/div><div class=\"g-cols wpb_row via_grid cols_1 laptops-cols_inherit tablets-cols_inherit mobiles-cols_1 valign_top type_default stacking_default\"><div class=\"wpb_column vc_column_container\"><div class=\"vc_column-inner\"><div class=\"wpb_text_column\"><div class=\"wpb_wrapper\"><p><span style=\"font-weight: 400;\">\u00c9 a Lipoescultura de todas as costas. Excelente recurso para certas pessoas que acumulam muita gordura no dorso, de forma localizada.<\/span><\/p>\n<p><span style=\"font-weight: 400;\">Faz-se por pequeno orif\u00edcio na proje\u00e7\u00e3o da coluna ou nas partes laterais do dorso.<\/span><\/p>\n<p><span style=\"font-weight: 400;\">Pode-se estar em continuidade com a lipo das ancas (&#8220;pneus&#8221;) que tratamos separadamente por ser uma deformidade mais marcante e freq\u00fcente.<\/span><\/p>\n<p><span style=\"font-weight: 400;\">A lipo do dorso est\u00e1 tamb\u00e9m ligada \u00e0quela dos prolongamentos laterais das mamas.<\/span><\/p>\n<\/div><\/div><\/div><\/div><\/div><\/div><\/div><\/div><\/div><\/section><section class=\"l-section wpb_row height_medium color_alternate\"><div class=\"l-section-h i-cf\"><div class=\"g-cols vc_row via_grid cols_1 laptops-cols_inherit tablets-cols_inherit mobiles-cols_1 valign_top type_default stacking_default\"><div class=\"wpb_column vc_column_container\"><div class=\"vc_column-inner\"><div class=\"wpb_text_column\"><div class=\"wpb_wrapper\"><h2><strong>Lipoesculturas e Lipoaspira\u00e7\u00e3o &#8211; ANCAS<\/strong><\/h2>\n<\/div><\/div><div class=\"w-separator size_medium\"><\/div><div class=\"g-cols wpb_row via_grid cols_1 laptops-cols_inherit tablets-cols_inherit mobiles-cols_1 valign_top type_default stacking_default\"><div class=\"wpb_column vc_column_container\"><div class=\"vc_column-inner\"><div class=\"wpb_text_column\"><div class=\"wpb_wrapper\"><p><span style=\"font-weight: 400;\">Esta \u00e9 uma das regi\u00f5es de melhor resultado para a lipoaspira\u00e7\u00e3o. Trata-se da regi\u00e3o dos \u201cpneus\u201d laterais e das costas que tanto afligem as pessoas de ambos os sexos, mesmo os mais jovens.<\/span><\/p>\n<p><span style=\"font-weight: 400;\">Resolve-se por pequena incis\u00e3o, de meio a um cm, na proje\u00e7\u00e3o da coluna lombar, que d\u00e1 acesso aos dois lados e por onde se aspira gordura. Pode-se, tamb\u00e9m, usar duas pequenas incis\u00f5es laterais nos flancos.<\/span><\/p>\n<p><span style=\"font-weight: 400;\">O tratamento desta regi\u00e3o pode ser associada \u00e0 lipoescultura do abdomem (quando se procura afinar a cintura) dos culotes, joelhos,inje\u00e7\u00e3o de gordura nas n\u00e1degas e \u00e0 lipoescultura do dorso.<\/span><\/p>\n<\/div><\/div><\/div><\/div><\/div><\/div><\/div><\/div><\/div><\/section>\n","protected":false},"excerpt":{"rendered":"Lipoesculturas e Lipoaspira\u00e7\u00e3o &#8211; LIPOESCULTURA DO DORSO \u00c9 a Lipoescultura de todas as costas. Excelente recurso para certas pessoas que acumulam muita gordura no dorso, de forma localizada. Faz-se por pequeno orif\u00edcio na proje\u00e7\u00e3o da coluna ou nas partes laterais do dorso. Pode-se estar em continuidade com a lipo das ancas (&#8220;pneus&#8221;) que tratamos separadamente...","protected":false},"author":3,"featured_media":0,"parent":7169,"menu_order":0,"comment_status":"closed","ping_status":"closed","template":"","meta":{"footnotes":""},"yoast_head":"<!-- This site is optimized with the Yoast SEO plugin v21.6 - https:\/\/yoast.com\/wordpress\/plugins\/seo\/ -->\n<title>Lipoescultura Ancas e Dorso | Dr. Jos\u00e9 Carlos Daher<\/title>\n<meta name=\"description\" content=\"\u00c9 a Lipoescultura de todas as costas. Excelente recurso para certas pessoas que acumulam muita gordura no dorso, de forma localizada.\" \/>\n<meta name=\"robots\" content=\"index, follow, max-snippet:-1, max-image-preview:large, max-video-preview:-1\" \/>\n<link rel=\"canonical\" href=\"https:\/\/hospitaldaher.com.br\/plastica\/cirurgias-plasticas\/lipoaspiracao-dos-flancos-pneus-dorso-coxas-culotes-joelhos-e-injecao-de-gordura\/\" \/>\n<meta property=\"og:locale\" content=\"pt_BR\" \/>\n<meta property=\"og:type\" content=\"article\" \/>\n<meta property=\"og:title\" content=\"Lipoescultura Ancas e Dorso | Dr. Jos\u00e9 Carlos Daher\" \/>\n<meta property=\"og:description\" content=\"\u00c9 a Lipoescultura de todas as costas. Excelente recurso para certas pessoas que acumulam muita gordura no dorso, de forma localizada.\" \/>\n<meta property=\"og:url\" content=\"https:\/\/hospitaldaher.com.br\/plastica\/cirurgias-plasticas\/lipoaspiracao-dos-flancos-pneus-dorso-coxas-culotes-joelhos-e-injecao-de-gordura\/\" \/>\n<meta property=\"og:site_name\" content=\"Dr. Jos\u00e9 Carlos Daher\" \/>\n<meta property=\"article:publisher\" content=\"https:\/\/www.facebook.com\/daherplastica\/\" \/>\n<meta property=\"article:modified_time\" content=\"2022-09-28T19:08:15+00:00\" \/>\n<meta name=\"twitter:card\" content=\"summary_large_image\" \/>\n<meta name=\"twitter:label1\" content=\"Est. tempo de leitura\" \/>\n\t<meta name=\"twitter:data1\" content=\"2 minutos\" \/>\n<script type=\"application\/ld+json\" class=\"yoast-schema-graph\">{\"@context\":\"https:\/\/schema.org\",\"@graph\":[{\"@type\":\"NewsArticle\",\"@id\":\"https:\/\/hospitaldaher.com.br\/plastica\/cirurgias-plasticas\/lipoaspiracao-dos-flancos-pneus-dorso-coxas-culotes-joelhos-e-injecao-de-gordura\/#article\",\"isPartOf\":{\"@id\":\"https:\/\/hospitaldaher.com.br\/plastica\/cirurgias-plasticas\/lipoaspiracao-dos-flancos-pneus-dorso-coxas-culotes-joelhos-e-injecao-de-gordura\/\"},\"author\":{\"name\":\"Juliana Vaz\",\"@id\":\"https:\/\/hospitaldaher.com.br\/plastica\/#\/schema\/person\/0bb76ae6158fc52d618a2577ef5ca2d6\"},\"headline\":\"Lipoescultura de Ancas e Dorso\",\"datePublished\":\"2016-11-08T20:02:54+00:00\",\"dateModified\":\"2022-09-28T19:08:15+00:00\",\"mainEntityOfPage\":{\"@id\":\"https:\/\/hospitaldaher.com.br\/plastica\/cirurgias-plasticas\/lipoaspiracao-dos-flancos-pneus-dorso-coxas-culotes-joelhos-e-injecao-de-gordura\/\"},\"wordCount\":271,\"publisher\":{\"@id\":\"https:\/\/hospitaldaher.com.br\/plastica\/#organization\"},\"inLanguage\":\"pt-BR\"},{\"@type\":[\"WebPage\",\"MedicalWebPage\"],\"@id\":\"https:\/\/hospitaldaher.com.br\/plastica\/cirurgias-plasticas\/lipoaspiracao-dos-flancos-pneus-dorso-coxas-culotes-joelhos-e-injecao-de-gordura\/\",\"url\":\"https:\/\/hospitaldaher.com.br\/plastica\/cirurgias-plasticas\/lipoaspiracao-dos-flancos-pneus-dorso-coxas-culotes-joelhos-e-injecao-de-gordura\/\",\"name\":\"Lipoescultura Ancas e Dorso | Dr. Jos\u00e9 Carlos Daher\",\"isPartOf\":{\"@id\":\"https:\/\/hospitaldaher.com.br\/plastica\/#website\"},\"datePublished\":\"2016-11-08T20:02:54+00:00\",\"dateModified\":\"2022-09-28T19:08:15+00:00\",\"description\":\"\u00c9 a Lipoescultura de todas as costas. Excelente recurso para certas pessoas que acumulam muita gordura no dorso, de forma localizada.\",\"breadcrumb\":{\"@id\":\"https:\/\/hospitaldaher.com.br\/plastica\/cirurgias-plasticas\/lipoaspiracao-dos-flancos-pneus-dorso-coxas-culotes-joelhos-e-injecao-de-gordura\/#breadcrumb\"},\"inLanguage\":\"pt-BR\",\"potentialAction\":[{\"@type\":\"ReadAction\",\"target\":[\"https:\/\/hospitaldaher.com.br\/plastica\/cirurgias-plasticas\/lipoaspiracao-dos-flancos-pneus-dorso-coxas-culotes-joelhos-e-injecao-de-gordura\/\"]}]},{\"@type\":\"BreadcrumbList\",\"@id\":\"https:\/\/hospitaldaher.com.br\/plastica\/cirurgias-plasticas\/lipoaspiracao-dos-flancos-pneus-dorso-coxas-culotes-joelhos-e-injecao-de-gordura\/#breadcrumb\",\"itemListElement\":[{\"@type\":\"ListItem\",\"position\":1,\"name\":\"In\u00edcio\",\"item\":\"https:\/\/hospitaldaher.com.br\/plastica\/\"},{\"@type\":\"ListItem\",\"position\":2,\"name\":\"Cirurgias Pl\u00e1sticas\",\"item\":\"https:\/\/hospitaldaher.com.br\/plastica\/cirurgias-plasticas\/\"},{\"@type\":\"ListItem\",\"position\":3,\"name\":\"Lipoescultura de Ancas e Dorso\"}]},{\"@type\":\"WebSite\",\"@id\":\"https:\/\/hospitaldaher.com.br\/plastica\/#website\",\"url\":\"https:\/\/hospitaldaher.com.br\/plastica\/\",\"name\":\"Dr. Jos\u00e9 Carlos Daher\",\"description\":\"Cirurgia Pl\u00e1stica\",\"publisher\":{\"@id\":\"https:\/\/hospitaldaher.com.br\/plastica\/#organization\"},\"potentialAction\":[{\"@type\":\"SearchAction\",\"target\":{\"@type\":\"EntryPoint\",\"urlTemplate\":\"https:\/\/hospitaldaher.com.br\/plastica\/?s={search_term_string}\"},\"query-input\":\"required name=search_term_string\"}],\"inLanguage\":\"pt-BR\"},{\"@type\":\"Organization\",\"@id\":\"https:\/\/hospitaldaher.com.br\/plastica\/#organization\",\"name\":\"Daher Pl\u00e1stica - Dr. Jos\u00e9 Carlos Daher e Dr. Leonardo Daher\",\"url\":\"https:\/\/hospitaldaher.com.br\/plastica\/\",\"logo\":{\"@type\":\"ImageObject\",\"inLanguage\":\"pt-BR\",\"@id\":\"https:\/\/hospitaldaher.com.br\/plastica\/#\/schema\/logo\/image\/\",\"url\":\"https:\/\/hospitaldaher.com.br\/plastica\/wp-content\/uploads\/2022\/09\/Logo_Jose_Carlos_Daher_em_Brasilia_Black.svg\",\"contentUrl\":\"https:\/\/hospitaldaher.com.br\/plastica\/wp-content\/uploads\/2022\/09\/Logo_Jose_Carlos_Daher_em_Brasilia_Black.svg\",\"width\":\"1030\",\"height\":\"1030\",\"caption\":\"Daher Pl\u00e1stica - Dr. Jos\u00e9 Carlos Daher e Dr. Leonardo Daher\"},\"image\":{\"@id\":\"https:\/\/hospitaldaher.com.br\/plastica\/#\/schema\/logo\/image\/\"},\"sameAs\":[\"https:\/\/www.facebook.com\/daherplastica\/\",\"https:\/\/www.instagram.com\/doutor_daher\/\"]},{\"@type\":\"Person\",\"@id\":\"https:\/\/hospitaldaher.com.br\/plastica\/#\/schema\/person\/0bb76ae6158fc52d618a2577ef5ca2d6\",\"name\":\"Juliana Vaz\",\"image\":{\"@type\":\"ImageObject\",\"inLanguage\":\"pt-BR\",\"@id\":\"https:\/\/hospitaldaher.com.br\/plastica\/#\/schema\/person\/image\/\",\"url\":\"https:\/\/hospitaldaher.com.br\/plastica\/wp-content\/litespeed\/avatar\/842d8ea3f17809cdac54bf9cada4a39c.jpg?ver=1775653742\",\"contentUrl\":\"https:\/\/hospitaldaher.com.br\/plastica\/wp-content\/litespeed\/avatar\/842d8ea3f17809cdac54bf9cada4a39c.jpg?ver=1775653742\",\"caption\":\"Juliana Vaz\"}}]}<\/script>\n<!-- \/ Yoast SEO plugin. -->","yoast_head_json":{"title":"Lipoescultura Ancas e Dorso | Dr. Jos\u00e9 Carlos Daher","description":"\u00c9 a Lipoescultura de todas as costas. Excelente recurso para certas pessoas que acumulam muita gordura no dorso, de forma localizada.","robots":{"index":"index","follow":"follow","max-snippet":"max-snippet:-1","max-image-preview":"max-image-preview:large","max-video-preview":"max-video-preview:-1"},"canonical":"https:\/\/hospitaldaher.com.br\/plastica\/cirurgias-plasticas\/lipoaspiracao-dos-flancos-pneus-dorso-coxas-culotes-joelhos-e-injecao-de-gordura\/","og_locale":"pt_BR","og_type":"article","og_title":"Lipoescultura Ancas e Dorso | Dr. Jos\u00e9 Carlos Daher","og_description":"\u00c9 a Lipoescultura de todas as costas. Excelente recurso para certas pessoas que acumulam muita gordura no dorso, de forma localizada.","og_url":"https:\/\/hospitaldaher.com.br\/plastica\/cirurgias-plasticas\/lipoaspiracao-dos-flancos-pneus-dorso-coxas-culotes-joelhos-e-injecao-de-gordura\/","og_site_name":"Dr. Jos\u00e9 Carlos Daher","article_publisher":"https:\/\/www.facebook.com\/daherplastica\/","article_modified_time":"2022-09-28T19:08:15+00:00","twitter_card":"summary_large_image","twitter_misc":{"Est. tempo de leitura":"2 minutos"},"schema":{"@context":"https:\/\/schema.org","@graph":[{"@type":"NewsArticle","@id":"https:\/\/hospitaldaher.com.br\/plastica\/cirurgias-plasticas\/lipoaspiracao-dos-flancos-pneus-dorso-coxas-culotes-joelhos-e-injecao-de-gordura\/#article","isPartOf":{"@id":"https:\/\/hospitaldaher.com.br\/plastica\/cirurgias-plasticas\/lipoaspiracao-dos-flancos-pneus-dorso-coxas-culotes-joelhos-e-injecao-de-gordura\/"},"author":{"name":"Juliana Vaz","@id":"https:\/\/hospitaldaher.com.br\/plastica\/#\/schema\/person\/0bb76ae6158fc52d618a2577ef5ca2d6"},"headline":"Lipoescultura de Ancas e Dorso","datePublished":"2016-11-08T20:02:54+00:00","dateModified":"2022-09-28T19:08:15+00:00","mainEntityOfPage":{"@id":"https:\/\/hospitaldaher.com.br\/plastica\/cirurgias-plasticas\/lipoaspiracao-dos-flancos-pneus-dorso-coxas-culotes-joelhos-e-injecao-de-gordura\/"},"wordCount":271,"publisher":{"@id":"https:\/\/hospitaldaher.com.br\/plastica\/#organization"},"inLanguage":"pt-BR"},{"@type":["WebPage","MedicalWebPage"],"@id":"https:\/\/hospitaldaher.com.br\/plastica\/cirurgias-plasticas\/lipoaspiracao-dos-flancos-pneus-dorso-coxas-culotes-joelhos-e-injecao-de-gordura\/","url":"https:\/\/hospitaldaher.com.br\/plastica\/cirurgias-plasticas\/lipoaspiracao-dos-flancos-pneus-dorso-coxas-culotes-joelhos-e-injecao-de-gordura\/","name":"Lipoescultura Ancas e Dorso | Dr. Jos\u00e9 Carlos Daher","isPartOf":{"@id":"https:\/\/hospitaldaher.com.br\/plastica\/#website"},"datePublished":"2016-11-08T20:02:54+00:00","dateModified":"2022-09-28T19:08:15+00:00","description":"\u00c9 a Lipoescultura de todas as costas. Excelente recurso para certas pessoas que acumulam muita gordura no dorso, de forma localizada.","breadcrumb":{"@id":"https:\/\/hospitaldaher.com.br\/plastica\/cirurgias-plasticas\/lipoaspiracao-dos-flancos-pneus-dorso-coxas-culotes-joelhos-e-injecao-de-gordura\/#breadcrumb"},"inLanguage":"pt-BR","potentialAction":[{"@type":"ReadAction","target":["https:\/\/hospitaldaher.com.br\/plastica\/cirurgias-plasticas\/lipoaspiracao-dos-flancos-pneus-dorso-coxas-culotes-joelhos-e-injecao-de-gordura\/"]}]},{"@type":"BreadcrumbList","@id":"https:\/\/hospitaldaher.com.br\/plastica\/cirurgias-plasticas\/lipoaspiracao-dos-flancos-pneus-dorso-coxas-culotes-joelhos-e-injecao-de-gordura\/#breadcrumb","itemListElement":[{"@type":"ListItem","position":1,"name":"In\u00edcio","item":"https:\/\/hospitaldaher.com.br\/plastica\/"},{"@type":"ListItem","position":2,"name":"Cirurgias Pl\u00e1sticas","item":"https:\/\/hospitaldaher.com.br\/plastica\/cirurgias-plasticas\/"},{"@type":"ListItem","position":3,"name":"Lipoescultura de Ancas e Dorso"}]},{"@type":"WebSite","@id":"https:\/\/hospitaldaher.com.br\/plastica\/#website","url":"https:\/\/hospitaldaher.com.br\/plastica\/","name":"Dr. Jos\u00e9 Carlos Daher","description":"Cirurgia Pl\u00e1stica","publisher":{"@id":"https:\/\/hospitaldaher.com.br\/plastica\/#organization"},"potentialAction":[{"@type":"SearchAction","target":{"@type":"EntryPoint","urlTemplate":"https:\/\/hospitaldaher.com.br\/plastica\/?s={search_term_string}"},"query-input":"required name=search_term_string"}],"inLanguage":"pt-BR"},{"@type":"Organization","@id":"https:\/\/hospitaldaher.com.br\/plastica\/#organization","name":"Daher Pl\u00e1stica - Dr. Jos\u00e9 Carlos Daher e Dr. Leonardo Daher","url":"https:\/\/hospitaldaher.com.br\/plastica\/","logo":{"@type":"ImageObject","inLanguage":"pt-BR","@id":"https:\/\/hospitaldaher.com.br\/plastica\/#\/schema\/logo\/image\/","url":"https:\/\/hospitaldaher.com.br\/plastica\/wp-content\/uploads\/2022\/09\/Logo_Jose_Carlos_Daher_em_Brasilia_Black.svg","contentUrl":"https:\/\/hospitaldaher.com.br\/plastica\/wp-content\/uploads\/2022\/09\/Logo_Jose_Carlos_Daher_em_Brasilia_Black.svg","width":"1030","height":"1030","caption":"Daher Pl\u00e1stica - Dr. Jos\u00e9 Carlos Daher e Dr. Leonardo Daher"},"image":{"@id":"https:\/\/hospitaldaher.com.br\/plastica\/#\/schema\/logo\/image\/"},"sameAs":["https:\/\/www.facebook.com\/daherplastica\/","https:\/\/www.instagram.com\/doutor_daher\/"]},{"@type":"Person","@id":"https:\/\/hospitaldaher.com.br\/plastica\/#\/schema\/person\/0bb76ae6158fc52d618a2577ef5ca2d6","name":"Juliana Vaz","image":{"@type":"ImageObject","inLanguage":"pt-BR","@id":"https:\/\/hospitaldaher.com.br\/plastica\/#\/schema\/person\/image\/","url":"https:\/\/hospitaldaher.com.br\/plastica\/wp-content\/litespeed\/avatar\/842d8ea3f17809cdac54bf9cada4a39c.jpg?ver=1775653742","contentUrl":"https:\/\/hospitaldaher.com.br\/plastica\/wp-content\/litespeed\/avatar\/842d8ea3f17809cdac54bf9cada4a39c.jpg?ver=1775653742","caption":"Juliana Vaz"}}]}},"_links":{"self":[{"href":"https:\/\/hospitaldaher.com.br\/plastica\/wp-json\/wp\/v2\/pages\/4241"}],"collection":[{"href":"https:\/\/hospitaldaher.com.br\/plastica\/wp-json\/wp\/v2\/pages"}],"about":[{"href":"https:\/\/hospitaldaher.com.br\/plastica\/wp-json\/wp\/v2\/types\/page"}],"author":[{"embeddable":true,"href":"https:\/\/hospitaldaher.com.br\/plastica\/wp-json\/wp\/v2\/users\/3"}],"replies":[{"embeddable":true,"href":"https:\/\/hospitaldaher.com.br\/plastica\/wp-json\/wp\/v2\/comments?post=4241"}],"version-history":[{"count":2,"href":"https:\/\/hospitaldaher.com.br\/plastica\/wp-json\/wp\/v2\/pages\/4241\/revisions"}],"predecessor-version":[{"id":7210,"href":"https:\/\/hospitaldaher.com.br\/plastica\/wp-json\/wp\/v2\/pages\/4241\/revisions\/7210"}],"up":[{"embeddable":true,"href":"https:\/\/hospitaldaher.com.br\/plastica\/wp-json\/wp\/v2\/pages\/7169"}],"wp:attachment":[{"href":"https:\/\/hospitaldaher.com.br\/plastica\/wp-json\/wp\/v2\/media?parent=4241"}],"curies":[{"name":"wp","href":"https:\/\/api.w.org\/{rel}","templated":true}]}}