{"id":4265,"date":"2016-11-08T21:20:44","date_gmt":"2016-11-08T21:20:44","guid":{"rendered":"http:\/\/hospitaldaher.com.br\/plastica\/?page_id=4265"},"modified":"2022-09-28T16:15:40","modified_gmt":"2022-09-28T19:15:40","slug":"face","status":"publish","type":"page","link":"https:\/\/hospitaldaher.com.br\/plastica\/cirurgias-plasticas\/face\/","title":{"rendered":"Face"},"content":{"rendered":"<section class=\"l-section wpb_row height_small\"><div class=\"l-section-h i-cf\"><div class=\"g-cols vc_row via_grid cols_1 laptops-cols_inherit tablets-cols_inherit mobiles-cols_1 valign_top type_default stacking_default\"><div class=\"wpb_column vc_column_container\"><div class=\"vc_column-inner\"><div class=\"g-cols wpb_row via_grid cols_1 laptops-cols_inherit tablets-cols_inherit mobiles-cols_1 valign_top type_default stacking_default\"><div class=\"wpb_column vc_column_container\"><div class=\"vc_column-inner\"><div class=\"wpb_text_column\"><div class=\"wpb_wrapper\"><p style=\"text-align: justify;\">Este \u00e9 um capitulo muito especial da lipoaspira\u00e7\u00e3o, que j\u00e1 abordamos parcialmente quando falamos da pl\u00e1stica face, pois veio valorizar enormemente os tratamentos de rejuvenescimento .<\/p>\n<p style=\"text-align: justify;\">Explico melhor: a tradicional pl\u00e1stica facial, consistia basicamente na tra\u00e7\u00e3o dos tecidos e retirada dos excessos de pele. Esta t\u00e9cnica tem sido grandemente melhorada nos \u00faltimos tempos por tratamento da musculatura profunda etc., mas sempre seguida de uma tra\u00e7\u00e3o da pele que ficar\u00e1 mais esticada, com menos rugas, revestindo os tecidos profundos.<\/p>\n<\/div><\/div><div class=\"w-separator size_medium\"><\/div><\/div><\/div><\/div><div class=\"g-cols wpb_row via_grid cols_2 laptops-cols_inherit tablets-cols_inherit mobiles-cols_1 valign_top type_default stacking_default\"><div class=\"wpb_column vc_column_container\"><div class=\"vc_column-inner\"><div class=\"w-image align_none\"><div class=\"w-image-h\"><img loading=\"lazy\" decoding=\"async\" width=\"1030\" height=\"751\" src=\"https:\/\/hospitaldaher.com.br\/plastica\/wp-content\/uploads\/2016\/10\/20161024112247047_0001-1-1030x751.jpg\" class=\"attachment-large size-large\" alt=\"\" srcset=\"https:\/\/hospitaldaher.com.br\/plastica\/wp-content\/uploads\/2016\/10\/20161024112247047_0001-1-1030x751.jpg 1030w, https:\/\/hospitaldaher.com.br\/plastica\/wp-content\/uploads\/2016\/10\/20161024112247047_0001-1-300x219.jpg 300w, https:\/\/hospitaldaher.com.br\/plastica\/wp-content\/uploads\/2016\/10\/20161024112247047_0001-1-768x560.jpg 768w, https:\/\/hospitaldaher.com.br\/plastica\/wp-content\/uploads\/2016\/10\/20161024112247047_0001-1-1500x1093.jpg 1500w, https:\/\/hospitaldaher.com.br\/plastica\/wp-content\/uploads\/2016\/10\/20161024112247047_0001-1-705x514.jpg 705w, https:\/\/hospitaldaher.com.br\/plastica\/wp-content\/uploads\/2016\/10\/20161024112247047_0001-1-450x328.jpg 450w, https:\/\/hospitaldaher.com.br\/plastica\/wp-content\/uploads\/2016\/10\/20161024112247047_0001-1-150x109.jpg 150w, https:\/\/hospitaldaher.com.br\/plastica\/wp-content\/uploads\/2016\/10\/20161024112247047_0001-1-600x437.jpg 600w\" sizes=\"(max-width: 1030px) 100vw, 1030px\" \/><\/div><\/div><div class=\"w-separator size_small\"><\/div><div class=\"wpb_text_column\"><div class=\"wpb_wrapper\"><p style=\"text-align: center;\">Daher em 1988 descreveu as 6 regi\u00f5es da face que fazem ac\u00famulos at\u00edpicos de gordura.<\/p>\n<\/div><\/div><\/div><\/div><div class=\"wpb_column vc_column_container\"><div class=\"vc_column-inner\"><div class=\"w-image align_none\"><div class=\"w-image-h\"><img loading=\"lazy\" decoding=\"async\" width=\"1030\" height=\"751\" src=\"https:\/\/hospitaldaher.com.br\/plastica\/wp-content\/uploads\/2016\/10\/20161024112247047_0001-1-1030x751.jpg\" class=\"attachment-large size-large\" alt=\"\" srcset=\"https:\/\/hospitaldaher.com.br\/plastica\/wp-content\/uploads\/2016\/10\/20161024112247047_0001-1-1030x751.jpg 1030w, https:\/\/hospitaldaher.com.br\/plastica\/wp-content\/uploads\/2016\/10\/20161024112247047_0001-1-300x219.jpg 300w, https:\/\/hospitaldaher.com.br\/plastica\/wp-content\/uploads\/2016\/10\/20161024112247047_0001-1-768x560.jpg 768w, https:\/\/hospitaldaher.com.br\/plastica\/wp-content\/uploads\/2016\/10\/20161024112247047_0001-1-1500x1093.jpg 1500w, https:\/\/hospitaldaher.com.br\/plastica\/wp-content\/uploads\/2016\/10\/20161024112247047_0001-1-705x514.jpg 705w, https:\/\/hospitaldaher.com.br\/plastica\/wp-content\/uploads\/2016\/10\/20161024112247047_0001-1-450x328.jpg 450w, https:\/\/hospitaldaher.com.br\/plastica\/wp-content\/uploads\/2016\/10\/20161024112247047_0001-1-150x109.jpg 150w, https:\/\/hospitaldaher.com.br\/plastica\/wp-content\/uploads\/2016\/10\/20161024112247047_0001-1-600x437.jpg 600w\" sizes=\"(max-width: 1030px) 100vw, 1030px\" \/><\/div><\/div><div class=\"w-separator size_small\"><\/div><div class=\"wpb_text_column\"><div class=\"wpb_wrapper\"><p style=\"text-align: center;\">Sistematizou a lipoaspira\u00e7\u00e3o delicada destas \u00e1reas, e o enxerto de gordura das regi\u00f5es que v\u00e3o murchando, como a regi\u00e3o malar e os l\u00e1bios.<\/p>\n<\/div><\/div><\/div><\/div><\/div><\/div><\/div><\/div><\/div><\/section><section class=\"l-section wpb_row height_medium color_alternate\"><div class=\"l-section-h i-cf\"><div class=\"g-cols vc_row via_grid cols_1 laptops-cols_inherit tablets-cols_inherit mobiles-cols_1 valign_top type_default stacking_default\"><div class=\"wpb_column vc_column_container\"><div class=\"vc_column-inner\"><div class=\"g-cols wpb_row via_grid cols_2 laptops-cols_inherit tablets-cols_inherit mobiles-cols_1 valign_top type_default stacking_default\"><div class=\"wpb_column vc_column_container\"><div class=\"vc_column-inner\"><div class=\"wpb_text_column\"><div class=\"wpb_wrapper\"><p style=\"text-align: justify;\">Acontece que os tecidos profundos, o conte\u00fado (chamaremos os tecidos profundos de \u201cconte\u00fado\u201d e a pele que o recobre, de \u201ccontinente\u201d), se modificam no decorrer dos anos, com um acumulo de gordura em regi\u00f5es especificas, dando ao rosto um contorno pr\u00f3prio da velhice. Estas regi\u00f5es s\u00e3o o sub-mento (3) onde se instala a indesej\u00e1vel &#8220;papada&#8221;, as bordas laterais da mand\u00edbula (2), onde se criam aquelas bolsas que lembram as bochechas do bull-dog (1), as rugas naso-genianas (4 e 5), conhecidas como &#8220;bigode chin\u00eas&#8221;, a regi\u00e3o pr\u00e9-auricular (6), etc.<\/p>\n<p style=\"text-align: justify;\">Paralelamente existe um esvaziamento de outras regi\u00f5es como as ma\u00e7\u00e3s do rosto, a reborda das p\u00e1lpebras inferiores e uma sensa\u00e7\u00e3o generalizada de q a face \u201cmurcha\u201d com a idade.<\/p>\n<p style=\"text-align: justify;\">Ora, se tracionamos a pele que \u00e9 o envolt\u00f3rio externo da face, o \u201ccontinente\u201d, sem trabalhar o conte\u00fado, teremos uma pele mais jovem, com menos rugas, e um contorno de face envelhecido. \u00c9 por isto que existe aquele rosto estigmatizado de \u201cface operada\u201d, que deve ser evitado pelos cirurgi\u00f5es pl\u00e1sticos.<\/p>\n<p style=\"text-align: justify;\">A\u00ed, entra a lipoaspira\u00e7\u00e3o da face que, praticada com uma c\u00e2nula bem delicada. Quando associada \u00e0 pl\u00e1stica facial, deve ser realizada logo no inicio da cirurgia, nos permitindo trabalhar os ac\u00famulos de gordura em lugares indesej\u00e1veis (o duplo mento, a bolsas do bull-dog, o \u201cbigode chin\u00eas\u201d), resgatando e redefinindo um contorno jovem da face.<\/p>\n<p style=\"text-align: justify;\">Da mesma forma que existe ac\u00famulos de gordura localizada na face com padr\u00f5es pr\u00f3prios do envelhecimento, existem \u00e1reas que a idade torna \u201cvazias\u201d. \u00c9 o caso das ma\u00e7\u00e3s do rosto, das p\u00e1lpebras inferiores onde a gordura se afasta da borda \u00f3ssea da \u00f3rbita, produzindo os olhos fundos e com \u2018\u2019olheiras\u2019\u2019, as rugas em volta da boca e nos l\u00e1bios propriamente dito que ficam finos demais.<\/p>\n<\/div><\/div><\/div><\/div><div class=\"wpb_column vc_column_container\"><div class=\"vc_column-inner\"><div class=\"wpb_text_column\"><div class=\"wpb_wrapper\"><p style=\"text-align: justify;\">Assim como retiramos a gordura excessiva e mal distribu\u00edda, temos hoje plena consci\u00eancia de que esta recomposi\u00e7\u00e3o dos contornos e volumes passa obrigatoriamente pelos enxertos de gordura na face. Para tal, desenvolvemos t\u00e9cnicas para a coleta da gordura, sua prepara\u00e7\u00e3o e sua inje\u00e7\u00e3o.<\/p>\n<p style=\"text-align: justify;\">A gordura enxertada na face \u00e9 absorvida em parte, em percentuais que variam de indiv\u00edduo para indiv\u00edduo. Nossos trabalhos recentes demonstram que cerca de 43% da gordura injetada permanecem. Da\u00ed ter-se em mente uma programa\u00e7\u00e3o para enxertos sucessivos, com intervalos de 6 a 9 meses, ou ainda maiores, para que com efeitos cumulativos o paciente tenha resultados mais duradouros.<\/p>\n<p style=\"text-align: justify;\">Al\u00e9m de preencher certas rugas (bigode chin\u00eas, rugas dos cantos da boca, etc.), a inje\u00e7\u00e3o com hipercorre\u00e7\u00e3o dos l\u00e1bios \u00e9 muito boa, pois devolve um vigor geral aos tecidos da regi\u00e3o, bem como melhora a qualidade daquela pele. Ali\u00e1s. \u00c0s vezes enxertamos gordura sob toda a pele da face, o que chamamos de enxerto de gordura pan-facial, para termos efeitos ben\u00e9fico na textura da pele.<\/p>\n<\/div><\/div><\/div><\/div><\/div><\/div><\/div><\/div><\/div><\/section><section class=\"l-section wpb_row height_medium\"><div class=\"l-section-h i-cf\"><div class=\"g-cols vc_row via_grid cols_1 laptops-cols_inherit tablets-cols_inherit mobiles-cols_1 valign_top type_default stacking_default\"><div class=\"wpb_column vc_column_container\"><div class=\"vc_column-inner\"><div class=\"wpb_text_column\"><div class=\"wpb_wrapper\"><h2>A lipoescultura da face sem a pl\u00e1stica facial.<\/h2>\n<\/div><\/div><div class=\"w-separator size_small\"><\/div><div class=\"g-cols wpb_row via_grid cols_2 laptops-cols_inherit tablets-cols_inherit mobiles-cols_1 valign_top type_default stacking_default\"><div class=\"wpb_column vc_column_container\"><div class=\"vc_column-inner\"><div class=\"wpb_text_column\"><div class=\"wpb_wrapper\"><p style=\"text-align: justify;\">Existem pacientes que t\u00eam contornos de uma face envelhecida em bora n\u00e3o tenham idade para tal. Por exemplo as pessoas jovens ou de meia idade que apresentam duplo mento (papada) ou ainda as bolsas da gravidade (as bolinhas de gordura na borda da mand\u00edbula), ao lado do mento como as papadas do \u201cbuldog\u201d.<\/p>\n<p style=\"text-align: justify;\">Estes casos podem ser tratados com a lipoescultura facial isolada da pl\u00e1stica facial, desde que s pele apresente turgor e alguma capacidade de retra\u00e7\u00e3o. Entretanto o paciente deve entender que caso n\u00e3o haja a retra\u00e7\u00e3o de pele esperada, pode haver um aumento da flacidez em troca da retirada dos volumes indesej\u00e1veis.<\/p>\n<\/div><\/div><\/div><\/div><div class=\"wpb_column vc_column_container\"><div class=\"vc_column-inner\"><div class=\"wpb_text_column\"><div class=\"wpb_wrapper\"><p style=\"text-align: justify;\">Indico muito este tratamento em pacientes muito jovens com rosto gordo e arredondado e em alguns pacientes \u2018\u2019border line\u2019\u2019 de jovens para meia idade.<\/p>\n<p style=\"text-align: justify;\">A lipoescultura da face, sem d\u00favida, revolucionou e conferiu grandes progressos ao tratamento do rejuvenescimento facial, modificando a\u00a0 pl\u00e1stica tradicional da face, tornando-a menos invasiva e muito mais eficiente e natural.<\/p>\n<\/div><\/div><\/div><\/div><\/div><\/div><\/div><\/div><\/div><\/section>\n","protected":false},"excerpt":{"rendered":"Este \u00e9 um capitulo muito especial da lipoaspira\u00e7\u00e3o, que j\u00e1 abordamos parcialmente quando falamos da pl\u00e1stica face, pois veio valorizar enormemente os tratamentos de rejuvenescimento . Explico melhor: a tradicional pl\u00e1stica facial, consistia basicamente na tra\u00e7\u00e3o dos tecidos e retirada dos excessos de pele. Esta t\u00e9cnica tem sido grandemente melhorada nos \u00faltimos tempos por tratamento...","protected":false},"author":3,"featured_media":0,"parent":7169,"menu_order":0,"comment_status":"closed","ping_status":"closed","template":"","meta":{"footnotes":""},"yoast_head":"<!-- This site is optimized with the Yoast SEO plugin v21.6 - https:\/\/yoast.com\/wordpress\/plugins\/seo\/ -->\n<title>Face | Dr. Jos\u00e9 Carlos Daher<\/title>\n<meta name=\"robots\" content=\"index, follow, max-snippet:-1, max-image-preview:large, max-video-preview:-1\" \/>\n<link rel=\"canonical\" href=\"https:\/\/hospitaldaher.com.br\/plastica\/cirurgias-plasticas\/face\/\" \/>\n<meta property=\"og:locale\" content=\"pt_BR\" \/>\n<meta property=\"og:type\" content=\"article\" \/>\n<meta property=\"og:title\" content=\"Face | Dr. Jos\u00e9 Carlos Daher\" \/>\n<meta property=\"og:url\" content=\"https:\/\/hospitaldaher.com.br\/plastica\/cirurgias-plasticas\/face\/\" \/>\n<meta property=\"og:site_name\" content=\"Dr. Jos\u00e9 Carlos Daher\" \/>\n<meta property=\"article:publisher\" content=\"https:\/\/www.facebook.com\/daherplastica\/\" \/>\n<meta property=\"article:modified_time\" content=\"2022-09-28T19:15:40+00:00\" \/>\n<meta name=\"twitter:card\" content=\"summary_large_image\" \/>\n<meta name=\"twitter:label1\" content=\"Est. tempo de leitura\" \/>\n\t<meta name=\"twitter:data1\" content=\"5 minutos\" \/>\n<script type=\"application\/ld+json\" class=\"yoast-schema-graph\">{\"@context\":\"https:\/\/schema.org\",\"@graph\":[{\"@type\":\"NewsArticle\",\"@id\":\"https:\/\/hospitaldaher.com.br\/plastica\/cirurgias-plasticas\/face\/#article\",\"isPartOf\":{\"@id\":\"https:\/\/hospitaldaher.com.br\/plastica\/cirurgias-plasticas\/face\/\"},\"author\":{\"name\":\"Juliana Vaz\",\"@id\":\"https:\/\/hospitaldaher.com.br\/plastica\/#\/schema\/person\/0bb76ae6158fc52d618a2577ef5ca2d6\"},\"headline\":\"Face\",\"datePublished\":\"2016-11-08T21:20:44+00:00\",\"dateModified\":\"2022-09-28T19:15:40+00:00\",\"mainEntityOfPage\":{\"@id\":\"https:\/\/hospitaldaher.com.br\/plastica\/cirurgias-plasticas\/face\/\"},\"wordCount\":964,\"publisher\":{\"@id\":\"https:\/\/hospitaldaher.com.br\/plastica\/#organization\"},\"inLanguage\":\"pt-BR\"},{\"@type\":[\"WebPage\",\"MedicalWebPage\"],\"@id\":\"https:\/\/hospitaldaher.com.br\/plastica\/cirurgias-plasticas\/face\/\",\"url\":\"https:\/\/hospitaldaher.com.br\/plastica\/cirurgias-plasticas\/face\/\",\"name\":\"Face | Dr. Jos\u00e9 Carlos Daher\",\"isPartOf\":{\"@id\":\"https:\/\/hospitaldaher.com.br\/plastica\/#website\"},\"datePublished\":\"2016-11-08T21:20:44+00:00\",\"dateModified\":\"2022-09-28T19:15:40+00:00\",\"breadcrumb\":{\"@id\":\"https:\/\/hospitaldaher.com.br\/plastica\/cirurgias-plasticas\/face\/#breadcrumb\"},\"inLanguage\":\"pt-BR\",\"potentialAction\":[{\"@type\":\"ReadAction\",\"target\":[\"https:\/\/hospitaldaher.com.br\/plastica\/cirurgias-plasticas\/face\/\"]}]},{\"@type\":\"BreadcrumbList\",\"@id\":\"https:\/\/hospitaldaher.com.br\/plastica\/cirurgias-plasticas\/face\/#breadcrumb\",\"itemListElement\":[{\"@type\":\"ListItem\",\"position\":1,\"name\":\"In\u00edcio\",\"item\":\"https:\/\/hospitaldaher.com.br\/plastica\/\"},{\"@type\":\"ListItem\",\"position\":2,\"name\":\"Cirurgias Pl\u00e1sticas\",\"item\":\"https:\/\/hospitaldaher.com.br\/plastica\/cirurgias-plasticas\/\"},{\"@type\":\"ListItem\",\"position\":3,\"name\":\"Face\"}]},{\"@type\":\"WebSite\",\"@id\":\"https:\/\/hospitaldaher.com.br\/plastica\/#website\",\"url\":\"https:\/\/hospitaldaher.com.br\/plastica\/\",\"name\":\"Dr. Jos\u00e9 Carlos Daher\",\"description\":\"Cirurgia Pl\u00e1stica\",\"publisher\":{\"@id\":\"https:\/\/hospitaldaher.com.br\/plastica\/#organization\"},\"potentialAction\":[{\"@type\":\"SearchAction\",\"target\":{\"@type\":\"EntryPoint\",\"urlTemplate\":\"https:\/\/hospitaldaher.com.br\/plastica\/?s={search_term_string}\"},\"query-input\":\"required name=search_term_string\"}],\"inLanguage\":\"pt-BR\"},{\"@type\":\"Organization\",\"@id\":\"https:\/\/hospitaldaher.com.br\/plastica\/#organization\",\"name\":\"Daher Pl\u00e1stica - Dr. Jos\u00e9 Carlos Daher e Dr. Leonardo Daher\",\"url\":\"https:\/\/hospitaldaher.com.br\/plastica\/\",\"logo\":{\"@type\":\"ImageObject\",\"inLanguage\":\"pt-BR\",\"@id\":\"https:\/\/hospitaldaher.com.br\/plastica\/#\/schema\/logo\/image\/\",\"url\":\"https:\/\/hospitaldaher.com.br\/plastica\/wp-content\/uploads\/2022\/09\/Logo_Jose_Carlos_Daher_em_Brasilia_Black.svg\",\"contentUrl\":\"https:\/\/hospitaldaher.com.br\/plastica\/wp-content\/uploads\/2022\/09\/Logo_Jose_Carlos_Daher_em_Brasilia_Black.svg\",\"width\":\"1030\",\"height\":\"1030\",\"caption\":\"Daher Pl\u00e1stica - Dr. Jos\u00e9 Carlos Daher e Dr. Leonardo Daher\"},\"image\":{\"@id\":\"https:\/\/hospitaldaher.com.br\/plastica\/#\/schema\/logo\/image\/\"},\"sameAs\":[\"https:\/\/www.facebook.com\/daherplastica\/\",\"https:\/\/www.instagram.com\/doutor_daher\/\"]},{\"@type\":\"Person\",\"@id\":\"https:\/\/hospitaldaher.com.br\/plastica\/#\/schema\/person\/0bb76ae6158fc52d618a2577ef5ca2d6\",\"name\":\"Juliana Vaz\",\"image\":{\"@type\":\"ImageObject\",\"inLanguage\":\"pt-BR\",\"@id\":\"https:\/\/hospitaldaher.com.br\/plastica\/#\/schema\/person\/image\/\",\"url\":\"https:\/\/hospitaldaher.com.br\/plastica\/wp-content\/litespeed\/avatar\/842d8ea3f17809cdac54bf9cada4a39c.jpg?ver=1775653742\",\"contentUrl\":\"https:\/\/hospitaldaher.com.br\/plastica\/wp-content\/litespeed\/avatar\/842d8ea3f17809cdac54bf9cada4a39c.jpg?ver=1775653742\",\"caption\":\"Juliana Vaz\"}}]}<\/script>\n<!-- \/ Yoast SEO plugin. -->","yoast_head_json":{"title":"Face | Dr. Jos\u00e9 Carlos Daher","robots":{"index":"index","follow":"follow","max-snippet":"max-snippet:-1","max-image-preview":"max-image-preview:large","max-video-preview":"max-video-preview:-1"},"canonical":"https:\/\/hospitaldaher.com.br\/plastica\/cirurgias-plasticas\/face\/","og_locale":"pt_BR","og_type":"article","og_title":"Face | Dr. Jos\u00e9 Carlos Daher","og_url":"https:\/\/hospitaldaher.com.br\/plastica\/cirurgias-plasticas\/face\/","og_site_name":"Dr. Jos\u00e9 Carlos Daher","article_publisher":"https:\/\/www.facebook.com\/daherplastica\/","article_modified_time":"2022-09-28T19:15:40+00:00","twitter_card":"summary_large_image","twitter_misc":{"Est. tempo de leitura":"5 minutos"},"schema":{"@context":"https:\/\/schema.org","@graph":[{"@type":"NewsArticle","@id":"https:\/\/hospitaldaher.com.br\/plastica\/cirurgias-plasticas\/face\/#article","isPartOf":{"@id":"https:\/\/hospitaldaher.com.br\/plastica\/cirurgias-plasticas\/face\/"},"author":{"name":"Juliana Vaz","@id":"https:\/\/hospitaldaher.com.br\/plastica\/#\/schema\/person\/0bb76ae6158fc52d618a2577ef5ca2d6"},"headline":"Face","datePublished":"2016-11-08T21:20:44+00:00","dateModified":"2022-09-28T19:15:40+00:00","mainEntityOfPage":{"@id":"https:\/\/hospitaldaher.com.br\/plastica\/cirurgias-plasticas\/face\/"},"wordCount":964,"publisher":{"@id":"https:\/\/hospitaldaher.com.br\/plastica\/#organization"},"inLanguage":"pt-BR"},{"@type":["WebPage","MedicalWebPage"],"@id":"https:\/\/hospitaldaher.com.br\/plastica\/cirurgias-plasticas\/face\/","url":"https:\/\/hospitaldaher.com.br\/plastica\/cirurgias-plasticas\/face\/","name":"Face | Dr. Jos\u00e9 Carlos Daher","isPartOf":{"@id":"https:\/\/hospitaldaher.com.br\/plastica\/#website"},"datePublished":"2016-11-08T21:20:44+00:00","dateModified":"2022-09-28T19:15:40+00:00","breadcrumb":{"@id":"https:\/\/hospitaldaher.com.br\/plastica\/cirurgias-plasticas\/face\/#breadcrumb"},"inLanguage":"pt-BR","potentialAction":[{"@type":"ReadAction","target":["https:\/\/hospitaldaher.com.br\/plastica\/cirurgias-plasticas\/face\/"]}]},{"@type":"BreadcrumbList","@id":"https:\/\/hospitaldaher.com.br\/plastica\/cirurgias-plasticas\/face\/#breadcrumb","itemListElement":[{"@type":"ListItem","position":1,"name":"In\u00edcio","item":"https:\/\/hospitaldaher.com.br\/plastica\/"},{"@type":"ListItem","position":2,"name":"Cirurgias Pl\u00e1sticas","item":"https:\/\/hospitaldaher.com.br\/plastica\/cirurgias-plasticas\/"},{"@type":"ListItem","position":3,"name":"Face"}]},{"@type":"WebSite","@id":"https:\/\/hospitaldaher.com.br\/plastica\/#website","url":"https:\/\/hospitaldaher.com.br\/plastica\/","name":"Dr. Jos\u00e9 Carlos Daher","description":"Cirurgia Pl\u00e1stica","publisher":{"@id":"https:\/\/hospitaldaher.com.br\/plastica\/#organization"},"potentialAction":[{"@type":"SearchAction","target":{"@type":"EntryPoint","urlTemplate":"https:\/\/hospitaldaher.com.br\/plastica\/?s={search_term_string}"},"query-input":"required name=search_term_string"}],"inLanguage":"pt-BR"},{"@type":"Organization","@id":"https:\/\/hospitaldaher.com.br\/plastica\/#organization","name":"Daher Pl\u00e1stica - Dr. Jos\u00e9 Carlos Daher e Dr. Leonardo Daher","url":"https:\/\/hospitaldaher.com.br\/plastica\/","logo":{"@type":"ImageObject","inLanguage":"pt-BR","@id":"https:\/\/hospitaldaher.com.br\/plastica\/#\/schema\/logo\/image\/","url":"https:\/\/hospitaldaher.com.br\/plastica\/wp-content\/uploads\/2022\/09\/Logo_Jose_Carlos_Daher_em_Brasilia_Black.svg","contentUrl":"https:\/\/hospitaldaher.com.br\/plastica\/wp-content\/uploads\/2022\/09\/Logo_Jose_Carlos_Daher_em_Brasilia_Black.svg","width":"1030","height":"1030","caption":"Daher Pl\u00e1stica - Dr. Jos\u00e9 Carlos Daher e Dr. Leonardo Daher"},"image":{"@id":"https:\/\/hospitaldaher.com.br\/plastica\/#\/schema\/logo\/image\/"},"sameAs":["https:\/\/www.facebook.com\/daherplastica\/","https:\/\/www.instagram.com\/doutor_daher\/"]},{"@type":"Person","@id":"https:\/\/hospitaldaher.com.br\/plastica\/#\/schema\/person\/0bb76ae6158fc52d618a2577ef5ca2d6","name":"Juliana Vaz","image":{"@type":"ImageObject","inLanguage":"pt-BR","@id":"https:\/\/hospitaldaher.com.br\/plastica\/#\/schema\/person\/image\/","url":"https:\/\/hospitaldaher.com.br\/plastica\/wp-content\/litespeed\/avatar\/842d8ea3f17809cdac54bf9cada4a39c.jpg?ver=1775653742","contentUrl":"https:\/\/hospitaldaher.com.br\/plastica\/wp-content\/litespeed\/avatar\/842d8ea3f17809cdac54bf9cada4a39c.jpg?ver=1775653742","caption":"Juliana Vaz"}}]}},"_links":{"self":[{"href":"https:\/\/hospitaldaher.com.br\/plastica\/wp-json\/wp\/v2\/pages\/4265"}],"collection":[{"href":"https:\/\/hospitaldaher.com.br\/plastica\/wp-json\/wp\/v2\/pages"}],"about":[{"href":"https:\/\/hospitaldaher.com.br\/plastica\/wp-json\/wp\/v2\/types\/page"}],"author":[{"embeddable":true,"href":"https:\/\/hospitaldaher.com.br\/plastica\/wp-json\/wp\/v2\/users\/3"}],"replies":[{"embeddable":true,"href":"https:\/\/hospitaldaher.com.br\/plastica\/wp-json\/wp\/v2\/comments?post=4265"}],"version-history":[{"count":6,"href":"https:\/\/hospitaldaher.com.br\/plastica\/wp-json\/wp\/v2\/pages\/4265\/revisions"}],"predecessor-version":[{"id":7278,"href":"https:\/\/hospitaldaher.com.br\/plastica\/wp-json\/wp\/v2\/pages\/4265\/revisions\/7278"}],"up":[{"embeddable":true,"href":"https:\/\/hospitaldaher.com.br\/plastica\/wp-json\/wp\/v2\/pages\/7169"}],"wp:attachment":[{"href":"https:\/\/hospitaldaher.com.br\/plastica\/wp-json\/wp\/v2\/media?parent=4265"}],"curies":[{"name":"wp","href":"https:\/\/api.w.org\/{rel}","templated":true}]}}