{"id":4279,"date":"2016-11-08T21:37:33","date_gmt":"2016-11-08T21:37:33","guid":{"rendered":"http:\/\/hospitaldaher.com.br\/plastica\/?page_id=4279"},"modified":"2022-09-28T16:04:25","modified_gmt":"2022-09-28T19:04:25","slug":"informacoes-basicas","status":"publish","type":"page","link":"https:\/\/hospitaldaher.com.br\/plastica\/cirurgias-plasticas\/informacoes-basicas\/","title":{"rendered":"Informa\u00e7\u00f5es b\u00e1sicas &#8211; Lipoescultura"},"content":{"rendered":"<section class=\"l-section wpb_row height_medium\"><div class=\"l-section-h i-cf\"><div class=\"g-cols vc_row via_grid cols_1 laptops-cols_inherit tablets-cols_inherit mobiles-cols_1 valign_top type_default stacking_default\"><div class=\"wpb_column vc_column_container\"><div class=\"vc_column-inner\"><div class=\"g-cols wpb_row via_grid cols_2 laptops-cols_inherit tablets-cols_inherit mobiles-cols_1 valign_top type_default stacking_default\"><div class=\"wpb_column vc_column_container\"><div class=\"vc_column-inner\"><div class=\"wpb_text_column\"><div class=\"wpb_wrapper\"><p style=\"text-align: justify;\">A lipoescultura representa hoje mais de 50% das cirurgias est\u00e9ticas praticadas no mundo.<\/p>\n<p style=\"text-align: justify;\">Inicialmente foi denominada de lipoaspira\u00e7\u00e3o, pois significava a retirada da gordura de regi\u00f5es localizadas do corpo. Depois, esta gordura retirada passou a ser injetada em \u00e1reas onde se necessitava de preenchimento para melhor contorno e da\u00ed o nome ter evolu\u00eddo para lipoescultura.<\/p>\n<p style=\"text-align: justify;\">Este \u00e9 um dos mais fascinantes cap\u00edtulos da Cirurgia Pl\u00e1stica por sua historia contempor\u00e2nea e pela revolu\u00e7\u00e3o que causou, acrescentando uma lista infinita de novos recursos aumentando enormemente o campo de a\u00e7\u00e3o da especialidade.<\/p>\n<p style=\"text-align: justify;\">Este processo revolucion\u00e1rio, foi descoberto casualmente, como o pr\u00f3prio autor define, pelo franc\u00eas Yves G\u00e9rard Illouz.<\/p>\n<p style=\"text-align: justify;\">Costumo dizer que Illouz colocou a Fran\u00e7a no quadro mundial da cirurgia pl\u00e1stica.<\/p>\n<p style=\"text-align: justify;\">Na verdade aquele pa\u00eds j\u00e1 era bem desenvolvido na cirurgia pl\u00e1stica por grandes nomes da cirurgia reparadora (Paul Tessier, por exemplo, especialista das cirurgia Cr\u00e2nio &#8211; Maxilo Facial), mas n\u00e3o tinha notoriedade na cirurgia est\u00e9tica como o Brasil, numero um do mundo pela notoriedade que Ivo Pitanguy lhe deu. Coube a Illouz dar esta notoriedade \u00e0 Fran\u00e7a.<\/p>\n<\/div><\/div><\/div><\/div><div class=\"wpb_column vc_column_container\"><div class=\"vc_column-inner\"><div class=\"wpb_text_column\"><div class=\"wpb_wrapper\"><p style=\"text-align: justify;\">A lipoescultura, \u00e9 um procedimento simples em seu princ\u00edpio t\u00e9cnico e \u00e9 aplic\u00e1vel em praticamente todas as regi\u00f5es do corpo humano: consiste em introduzir por pequeno orif\u00edcio na pele um tubo com um furo na ponta (ou v\u00e1rios furos), que vai deslizar na intimidade do tecido gorduroso imediatamente mais ou menos pr\u00f3ximo \u00e0 pele. Este tubo \u00e9 conectado a um sistema de press\u00e3o negativa (uma seringa ou um aparelho de suc\u00e7\u00e3o), e sugar\u00e1 o tecido gorduroso.<\/p>\n<p style=\"text-align: justify;\">Interessante \u00e9 que n\u00e3o h\u00e1 suc\u00e7\u00e3o da gordura somente, mas de parte do tecido gorduroso, trazendo consigo c\u00e9lulas gordurosas, que s\u00e3o o dep\u00f3sito desta gordura.<\/p>\n<p style=\"text-align: justify;\">Assim, de maneira surpreendente, o corpo perde a possibilidade de engordar seletivamente naquela \u00e1rea, modificando aquilo que e uma caracter\u00edstica gen\u00e9tica de cada um.<\/p>\n<p style=\"text-align: justify;\">Este processo, Illouz descobriu, como ele pr\u00f3prio relata, quando tentava tirar lipomas (pequenos tumores gordurosos benignos) de uma paciente sua que queria cicatrizes m\u00ednimas e da\u00ed evoluiu para as retiradas maiores e em diferentes partes do corpo.<\/p>\n<\/div><\/div><\/div><\/div><\/div><div class=\"w-separator size_medium\"><\/div><div class=\"wpb_text_column\"><div class=\"wpb_wrapper\"><p><a ref=\"magnificPopup\" href=\"http:\/\/hospitaldaher.com.br\/plastica\/wp-content\/uploads\/2016\/11\/Screenshot_31.jpg\"><img loading=\"lazy\" decoding=\"async\" class=\"wp-image-5068 size-full aligncenter\" src=\"http:\/\/hospitaldaher.com.br\/plastica\/wp-content\/uploads\/2016\/11\/Screenshot_31.jpg\" width=\"335\" height=\"280\" srcset=\"https:\/\/hospitaldaher.com.br\/plastica\/wp-content\/uploads\/2016\/11\/Screenshot_31.jpg 335w, https:\/\/hospitaldaher.com.br\/plastica\/wp-content\/uploads\/2016\/11\/Screenshot_31-300x251.jpg 300w, https:\/\/hospitaldaher.com.br\/plastica\/wp-content\/uploads\/2016\/11\/Screenshot_31-150x125.jpg 150w\" sizes=\"(max-width: 335px) 100vw, 335px\" \/><\/a><\/p>\n<p style=\"text-align: center;\"><em>Yves G\u00e9rard Illouz, inventor da Lipoescultura<\/em><br \/>\n<em>e Dr. Jos\u00e9 Carlos Daher<\/em><\/p>\n<\/div><\/div><\/div><\/div><\/div><\/div><\/section><section class=\"l-section wpb_row height_medium color_alternate\" id=\"lipo\"><div class=\"l-section-h i-cf\"><div class=\"g-cols vc_row via_grid cols_1 laptops-cols_inherit tablets-cols_inherit mobiles-cols_1 valign_top type_default stacking_default\"><div class=\"wpb_column vc_column_container\"><div class=\"vc_column-inner\"><div class=\"wpb_text_column\"><div class=\"wpb_wrapper\"><h2 style=\"text-align: justify;\"><strong>A t\u00e9cnica da lipoaspira\u00e7\u00e3o<\/strong><\/h2>\n<\/div><\/div><div class=\"w-separator size_small\"><\/div><div class=\"g-cols wpb_row via_grid cols_2 laptops-cols_inherit tablets-cols_inherit mobiles-cols_1 valign_top type_default stacking_default\"><div class=\"wpb_column vc_column_container\"><div class=\"vc_column-inner\"><div class=\"wpb_text_column\"><div class=\"wpb_wrapper\"><p style=\"text-align: justify;\">Este processo, quando foi divulgado, por ser aparentemente f\u00e1cil, atraiu v\u00e1rias pessoas despreparadas para o procedimento, gerando uma serie de complica\u00e7\u00f5es que foram atribu\u00eddos \u00e0 t\u00e9cnica.<\/p>\n<p style=\"text-align: justify;\">Isto n\u00e3o correspondia \u00e0 realidade da t\u00e9cnica que, embora simples n\u00e3o \u00e9 f\u00e1cil. Demonstrava que teria que ser aplicada por Cirurgi\u00f5es Pl\u00e1sticos devidamente habilitados, com forma\u00e7\u00e3o m\u00e9dico-cir\u00fargica especializada e total dom\u00ednio na arte da Medicina e treinamento para praticar a lipoaspira\u00e7\u00e3o.<\/p>\n<p style=\"text-align: justify;\">Tirar a gordura \u00e9 simples, mas retir\u00e1-la com exatid\u00e3o \u00e9 dif\u00edcil e exige per\u00edcia e conhecimento especializado em Cirurgia Pl\u00e1stica. Os Cirurgi\u00f5es pl\u00e1sticos foram preparados e se desenvolveram junto \u00e0 t\u00e9cnica.<\/p>\n<\/div><\/div><\/div><\/div><div class=\"wpb_column vc_column_container\"><div class=\"vc_column-inner\"><div class=\"wpb_text_column\"><div class=\"wpb_wrapper\"><p style=\"text-align: justify;\">Como o processo parece simples outros profissionais da sa\u00fade se aventuram a faz\u00ea-lo, o que deve ser recusado pelos \u00f3rg\u00e3o de classe e pelos pacientes.<\/p>\n<p style=\"text-align: justify;\">Soma-se a isto a necessidade de estrutura de apoio de anestesistas, enfermeiros e equipamento e local apropriados, conferindo seguran\u00e7a m\u00e1xima ao paciente. \u00c9 um trabalho exclusivo de especialistas.<\/p>\n<p style=\"text-align: justify;\">\u00c9 um procedimento que pode ser aplicada em quase todas a regi\u00f5es do corpo humano, respeitadas as caracter\u00edsticas anat\u00f4micas de cada regi\u00e3o.<\/p>\n<\/div><\/div><\/div><\/div><\/div><\/div><\/div><\/div><\/div><\/section><section class=\"l-section wpb_row height_medium\"><div class=\"l-section-h i-cf\"><div class=\"g-cols vc_row via_grid cols_1 laptops-cols_inherit tablets-cols_inherit mobiles-cols_1 valign_top type_default stacking_default\"><div class=\"wpb_column vc_column_container\"><div class=\"vc_column-inner\"><div class=\"wpb_text_column\"><div class=\"wpb_wrapper\"><h2 style=\"text-align: justify;\"><strong>A inje\u00e7\u00e3o de gordura, ou implante de gordura ou lipo implante<\/strong><\/h2>\n<\/div><\/div><div class=\"w-separator size_small\"><\/div><div class=\"g-cols wpb_row via_grid cols_2 laptops-cols_inherit tablets-cols_inherit mobiles-cols_1 valign_top type_default stacking_default\"><div class=\"wpb_column vc_column_container\"><div class=\"vc_column-inner\"><div class=\"wpb_text_column\"><div class=\"wpb_wrapper\"><p style=\"text-align: justify;\">A gordura retirada era automaticamente desprezada. Depois come\u00e7amos a injet\u00e1-la nas \u00e1reas deprimidas do corpo ou onde quer\u00edamos maior volume. Nas n\u00e1degas por exemplo.<\/p>\n<p style=\"text-align: justify;\">Alguns cirurgi\u00f5es ficaram c\u00e9ticos no in\u00edcio pois sentiam que a gordura injetada era absorvida. Passaram depois a perceber que era absorvida em parte, mas que outra parte permanecia, ficava integrada como tecido vivo transplantado para a regi\u00e3o e que at\u00e9 engordava qdo o paciente ganhava peso. O primeiro lugar que se consagrou como excelente receptor de implante de gordura foram as n\u00e1degas, cuja modelagem quando se retira culotes e flancos e a aumentamos, da resultados incrivelmente bons.<\/p>\n<p style=\"text-align: justify;\">J\u00e1 na face, por alguma raz\u00e3o a absor\u00e7\u00e3o era maior. Desenvolvemos ent\u00e3o m\u00e9todos de coleta e prepara\u00e7\u00e3o desta gordura, passamos a fazer hipercorre\u00e7\u00f5es que apareciam no p\u00f3s operat\u00f3rio imediato, mas que evolu\u00edam de maneira extraordin\u00e1ria ap\u00f3s a absor\u00e7\u00e3o parcial esperada.<\/p>\n<\/div><\/div><\/div><\/div><div class=\"wpb_column vc_column_container\"><div class=\"vc_column-inner\"><div class=\"wpb_text_column\"><div class=\"wpb_wrapper\"><p style=\"text-align: justify;\">Desenvolvemos trabalho que mostra que\u00a0 cerca de 45% da gordura injetada \u00e9 incorporada.<\/p>\n<p style=\"text-align: justify;\">As inje\u00e7\u00f5es de gordura na face tornaram-se imperativas para a recupera\u00e7\u00e3o dos volumes e contornos perdidos no processo do envelhecimento. Paralelamente observou-se os maravilhosos resultados que o enxerto de gordura tr\u00e1s \u00e0 textura da pele circunvizinha, \u00e0 melhora das cicatrizes, etc etc.<\/p>\n<p style=\"text-align: justify;\">Os enxertos de gordura, definitivamente incorporados \u00e0s pr\u00e1ticas da cirurgia pl\u00e1stica, somou-se \u00e0 j\u00e1 consagrada lipoaspira\u00e7\u00e3o, ensejando o termo absolutamente correto e pertinente: Lipoesculturas.<\/p>\n<\/div><\/div><\/div><\/div><\/div><div class=\"w-separator size_medium\"><\/div><div class=\"g-cols wpb_row via_grid cols_1-4-1 laptops-cols_inherit tablets-cols_inherit mobiles-cols_1 valign_top type_default stacking_default\"><div class=\"wpb_column vc_column_container\"><div class=\"vc_column-inner\"><\/div><\/div><div class=\"wpb_column vc_column_container\"><div class=\"vc_column-inner\"><div class=\"wpb_text_column\"><div class=\"wpb_wrapper\"><p><iframe loading=\"lazy\" src=\"https:\/\/player.understand.com\/drjcdaher\/pt-BR\/2c2a7609-4306-4561-9093-be6d5a75e08b\/955ee79b-c6dd-495f-921f-70cc941bbc52?pauseFirstStep=1\" width=\"100%\" height=\"557\" frameborder=\"0\" scrolling=\"no\" allowfullscreen=\"allowfullscreen\"><\/iframe><\/p>\n<\/div><\/div><\/div><\/div><div class=\"wpb_column vc_column_container\"><div class=\"vc_column-inner\"><\/div><\/div><\/div><\/div><\/div><\/div><\/div><\/section>\n","protected":false},"excerpt":{"rendered":"A lipoescultura representa hoje mais de 50% das cirurgias est\u00e9ticas praticadas no mundo. Inicialmente foi denominada de lipoaspira\u00e7\u00e3o, pois significava a retirada da gordura de regi\u00f5es localizadas do corpo. Depois, esta gordura retirada passou a ser injetada em \u00e1reas onde se necessitava de preenchimento para melhor contorno e da\u00ed o nome ter evolu\u00eddo para lipoescultura....","protected":false},"author":3,"featured_media":0,"parent":7169,"menu_order":0,"comment_status":"closed","ping_status":"closed","template":"","meta":{"footnotes":""},"yoast_head":"<!-- This site is optimized with the Yoast SEO plugin v21.6 - https:\/\/yoast.com\/wordpress\/plugins\/seo\/ -->\n<title>Informa\u00e7\u00f5es b\u00e1sicas - Lipoescultura | Dr. Jos\u00e9 Carlos Daher<\/title>\n<meta name=\"robots\" content=\"index, follow, max-snippet:-1, max-image-preview:large, max-video-preview:-1\" \/>\n<link rel=\"canonical\" href=\"https:\/\/hospitaldaher.com.br\/plastica\/cirurgias-plasticas\/informacoes-basicas\/\" \/>\n<meta property=\"og:locale\" content=\"pt_BR\" \/>\n<meta property=\"og:type\" content=\"article\" \/>\n<meta property=\"og:title\" content=\"Informa\u00e7\u00f5es b\u00e1sicas - Lipoescultura | Dr. Jos\u00e9 Carlos Daher\" \/>\n<meta property=\"og:url\" content=\"https:\/\/hospitaldaher.com.br\/plastica\/cirurgias-plasticas\/informacoes-basicas\/\" \/>\n<meta property=\"og:site_name\" content=\"Dr. Jos\u00e9 Carlos Daher\" \/>\n<meta property=\"article:publisher\" content=\"https:\/\/www.facebook.com\/daherplastica\/\" \/>\n<meta property=\"article:modified_time\" content=\"2022-09-28T19:04:25+00:00\" \/>\n<meta property=\"og:image\" content=\"http:\/\/hospitaldaher.com.br\/plastica\/wp-content\/uploads\/2016\/11\/Screenshot_31.jpg\" \/>\n<meta name=\"twitter:card\" content=\"summary_large_image\" \/>\n<meta name=\"twitter:label1\" content=\"Est. tempo de leitura\" \/>\n\t<meta name=\"twitter:data1\" content=\"5 minutos\" \/>\n<script type=\"application\/ld+json\" class=\"yoast-schema-graph\">{\"@context\":\"https:\/\/schema.org\",\"@graph\":[{\"@type\":\"NewsArticle\",\"@id\":\"https:\/\/hospitaldaher.com.br\/plastica\/cirurgias-plasticas\/informacoes-basicas\/#article\",\"isPartOf\":{\"@id\":\"https:\/\/hospitaldaher.com.br\/plastica\/cirurgias-plasticas\/informacoes-basicas\/\"},\"author\":{\"name\":\"Juliana Vaz\",\"@id\":\"https:\/\/hospitaldaher.com.br\/plastica\/#\/schema\/person\/0bb76ae6158fc52d618a2577ef5ca2d6\"},\"headline\":\"Informa\u00e7\u00f5es b\u00e1sicas &#8211; Lipoescultura\",\"datePublished\":\"2016-11-08T21:37:33+00:00\",\"dateModified\":\"2022-09-28T19:04:25+00:00\",\"mainEntityOfPage\":{\"@id\":\"https:\/\/hospitaldaher.com.br\/plastica\/cirurgias-plasticas\/informacoes-basicas\/\"},\"wordCount\":1057,\"publisher\":{\"@id\":\"https:\/\/hospitaldaher.com.br\/plastica\/#organization\"},\"inLanguage\":\"pt-BR\"},{\"@type\":[\"WebPage\",\"MedicalWebPage\"],\"@id\":\"https:\/\/hospitaldaher.com.br\/plastica\/cirurgias-plasticas\/informacoes-basicas\/\",\"url\":\"https:\/\/hospitaldaher.com.br\/plastica\/cirurgias-plasticas\/informacoes-basicas\/\",\"name\":\"Informa\u00e7\u00f5es b\u00e1sicas - Lipoescultura | Dr. Jos\u00e9 Carlos Daher\",\"isPartOf\":{\"@id\":\"https:\/\/hospitaldaher.com.br\/plastica\/#website\"},\"datePublished\":\"2016-11-08T21:37:33+00:00\",\"dateModified\":\"2022-09-28T19:04:25+00:00\",\"breadcrumb\":{\"@id\":\"https:\/\/hospitaldaher.com.br\/plastica\/cirurgias-plasticas\/informacoes-basicas\/#breadcrumb\"},\"inLanguage\":\"pt-BR\",\"potentialAction\":[{\"@type\":\"ReadAction\",\"target\":[\"https:\/\/hospitaldaher.com.br\/plastica\/cirurgias-plasticas\/informacoes-basicas\/\"]}]},{\"@type\":\"BreadcrumbList\",\"@id\":\"https:\/\/hospitaldaher.com.br\/plastica\/cirurgias-plasticas\/informacoes-basicas\/#breadcrumb\",\"itemListElement\":[{\"@type\":\"ListItem\",\"position\":1,\"name\":\"In\u00edcio\",\"item\":\"https:\/\/hospitaldaher.com.br\/plastica\/\"},{\"@type\":\"ListItem\",\"position\":2,\"name\":\"Cirurgias Pl\u00e1sticas\",\"item\":\"https:\/\/hospitaldaher.com.br\/plastica\/cirurgias-plasticas\/\"},{\"@type\":\"ListItem\",\"position\":3,\"name\":\"Informa\u00e7\u00f5es b\u00e1sicas &#8211; Lipoescultura\"}]},{\"@type\":\"WebSite\",\"@id\":\"https:\/\/hospitaldaher.com.br\/plastica\/#website\",\"url\":\"https:\/\/hospitaldaher.com.br\/plastica\/\",\"name\":\"Dr. Jos\u00e9 Carlos Daher\",\"description\":\"Cirurgia Pl\u00e1stica\",\"publisher\":{\"@id\":\"https:\/\/hospitaldaher.com.br\/plastica\/#organization\"},\"potentialAction\":[{\"@type\":\"SearchAction\",\"target\":{\"@type\":\"EntryPoint\",\"urlTemplate\":\"https:\/\/hospitaldaher.com.br\/plastica\/?s={search_term_string}\"},\"query-input\":\"required name=search_term_string\"}],\"inLanguage\":\"pt-BR\"},{\"@type\":\"Organization\",\"@id\":\"https:\/\/hospitaldaher.com.br\/plastica\/#organization\",\"name\":\"Daher Pl\u00e1stica - Dr. Jos\u00e9 Carlos Daher e Dr. Leonardo Daher\",\"url\":\"https:\/\/hospitaldaher.com.br\/plastica\/\",\"logo\":{\"@type\":\"ImageObject\",\"inLanguage\":\"pt-BR\",\"@id\":\"https:\/\/hospitaldaher.com.br\/plastica\/#\/schema\/logo\/image\/\",\"url\":\"https:\/\/hospitaldaher.com.br\/plastica\/wp-content\/uploads\/2022\/09\/Logo_Jose_Carlos_Daher_em_Brasilia_Black.svg\",\"contentUrl\":\"https:\/\/hospitaldaher.com.br\/plastica\/wp-content\/uploads\/2022\/09\/Logo_Jose_Carlos_Daher_em_Brasilia_Black.svg\",\"width\":\"1030\",\"height\":\"1030\",\"caption\":\"Daher Pl\u00e1stica - Dr. Jos\u00e9 Carlos Daher e Dr. Leonardo Daher\"},\"image\":{\"@id\":\"https:\/\/hospitaldaher.com.br\/plastica\/#\/schema\/logo\/image\/\"},\"sameAs\":[\"https:\/\/www.facebook.com\/daherplastica\/\",\"https:\/\/www.instagram.com\/doutor_daher\/\"]},{\"@type\":\"Person\",\"@id\":\"https:\/\/hospitaldaher.com.br\/plastica\/#\/schema\/person\/0bb76ae6158fc52d618a2577ef5ca2d6\",\"name\":\"Juliana Vaz\",\"image\":{\"@type\":\"ImageObject\",\"inLanguage\":\"pt-BR\",\"@id\":\"https:\/\/hospitaldaher.com.br\/plastica\/#\/schema\/person\/image\/\",\"url\":\"https:\/\/hospitaldaher.com.br\/plastica\/wp-content\/litespeed\/avatar\/842d8ea3f17809cdac54bf9cada4a39c.jpg?ver=1775653742\",\"contentUrl\":\"https:\/\/hospitaldaher.com.br\/plastica\/wp-content\/litespeed\/avatar\/842d8ea3f17809cdac54bf9cada4a39c.jpg?ver=1775653742\",\"caption\":\"Juliana Vaz\"}}]}<\/script>\n<!-- \/ Yoast SEO plugin. -->","yoast_head_json":{"title":"Informa\u00e7\u00f5es b\u00e1sicas - Lipoescultura | Dr. Jos\u00e9 Carlos Daher","robots":{"index":"index","follow":"follow","max-snippet":"max-snippet:-1","max-image-preview":"max-image-preview:large","max-video-preview":"max-video-preview:-1"},"canonical":"https:\/\/hospitaldaher.com.br\/plastica\/cirurgias-plasticas\/informacoes-basicas\/","og_locale":"pt_BR","og_type":"article","og_title":"Informa\u00e7\u00f5es b\u00e1sicas - Lipoescultura | Dr. Jos\u00e9 Carlos Daher","og_url":"https:\/\/hospitaldaher.com.br\/plastica\/cirurgias-plasticas\/informacoes-basicas\/","og_site_name":"Dr. Jos\u00e9 Carlos Daher","article_publisher":"https:\/\/www.facebook.com\/daherplastica\/","article_modified_time":"2022-09-28T19:04:25+00:00","og_image":[{"url":"http:\/\/hospitaldaher.com.br\/plastica\/wp-content\/uploads\/2016\/11\/Screenshot_31.jpg"}],"twitter_card":"summary_large_image","twitter_misc":{"Est. tempo de leitura":"5 minutos"},"schema":{"@context":"https:\/\/schema.org","@graph":[{"@type":"NewsArticle","@id":"https:\/\/hospitaldaher.com.br\/plastica\/cirurgias-plasticas\/informacoes-basicas\/#article","isPartOf":{"@id":"https:\/\/hospitaldaher.com.br\/plastica\/cirurgias-plasticas\/informacoes-basicas\/"},"author":{"name":"Juliana Vaz","@id":"https:\/\/hospitaldaher.com.br\/plastica\/#\/schema\/person\/0bb76ae6158fc52d618a2577ef5ca2d6"},"headline":"Informa\u00e7\u00f5es b\u00e1sicas &#8211; Lipoescultura","datePublished":"2016-11-08T21:37:33+00:00","dateModified":"2022-09-28T19:04:25+00:00","mainEntityOfPage":{"@id":"https:\/\/hospitaldaher.com.br\/plastica\/cirurgias-plasticas\/informacoes-basicas\/"},"wordCount":1057,"publisher":{"@id":"https:\/\/hospitaldaher.com.br\/plastica\/#organization"},"inLanguage":"pt-BR"},{"@type":["WebPage","MedicalWebPage"],"@id":"https:\/\/hospitaldaher.com.br\/plastica\/cirurgias-plasticas\/informacoes-basicas\/","url":"https:\/\/hospitaldaher.com.br\/plastica\/cirurgias-plasticas\/informacoes-basicas\/","name":"Informa\u00e7\u00f5es b\u00e1sicas - Lipoescultura | Dr. Jos\u00e9 Carlos Daher","isPartOf":{"@id":"https:\/\/hospitaldaher.com.br\/plastica\/#website"},"datePublished":"2016-11-08T21:37:33+00:00","dateModified":"2022-09-28T19:04:25+00:00","breadcrumb":{"@id":"https:\/\/hospitaldaher.com.br\/plastica\/cirurgias-plasticas\/informacoes-basicas\/#breadcrumb"},"inLanguage":"pt-BR","potentialAction":[{"@type":"ReadAction","target":["https:\/\/hospitaldaher.com.br\/plastica\/cirurgias-plasticas\/informacoes-basicas\/"]}]},{"@type":"BreadcrumbList","@id":"https:\/\/hospitaldaher.com.br\/plastica\/cirurgias-plasticas\/informacoes-basicas\/#breadcrumb","itemListElement":[{"@type":"ListItem","position":1,"name":"In\u00edcio","item":"https:\/\/hospitaldaher.com.br\/plastica\/"},{"@type":"ListItem","position":2,"name":"Cirurgias Pl\u00e1sticas","item":"https:\/\/hospitaldaher.com.br\/plastica\/cirurgias-plasticas\/"},{"@type":"ListItem","position":3,"name":"Informa\u00e7\u00f5es b\u00e1sicas &#8211; Lipoescultura"}]},{"@type":"WebSite","@id":"https:\/\/hospitaldaher.com.br\/plastica\/#website","url":"https:\/\/hospitaldaher.com.br\/plastica\/","name":"Dr. Jos\u00e9 Carlos Daher","description":"Cirurgia Pl\u00e1stica","publisher":{"@id":"https:\/\/hospitaldaher.com.br\/plastica\/#organization"},"potentialAction":[{"@type":"SearchAction","target":{"@type":"EntryPoint","urlTemplate":"https:\/\/hospitaldaher.com.br\/plastica\/?s={search_term_string}"},"query-input":"required name=search_term_string"}],"inLanguage":"pt-BR"},{"@type":"Organization","@id":"https:\/\/hospitaldaher.com.br\/plastica\/#organization","name":"Daher Pl\u00e1stica - Dr. Jos\u00e9 Carlos Daher e Dr. Leonardo Daher","url":"https:\/\/hospitaldaher.com.br\/plastica\/","logo":{"@type":"ImageObject","inLanguage":"pt-BR","@id":"https:\/\/hospitaldaher.com.br\/plastica\/#\/schema\/logo\/image\/","url":"https:\/\/hospitaldaher.com.br\/plastica\/wp-content\/uploads\/2022\/09\/Logo_Jose_Carlos_Daher_em_Brasilia_Black.svg","contentUrl":"https:\/\/hospitaldaher.com.br\/plastica\/wp-content\/uploads\/2022\/09\/Logo_Jose_Carlos_Daher_em_Brasilia_Black.svg","width":"1030","height":"1030","caption":"Daher Pl\u00e1stica - Dr. Jos\u00e9 Carlos Daher e Dr. Leonardo Daher"},"image":{"@id":"https:\/\/hospitaldaher.com.br\/plastica\/#\/schema\/logo\/image\/"},"sameAs":["https:\/\/www.facebook.com\/daherplastica\/","https:\/\/www.instagram.com\/doutor_daher\/"]},{"@type":"Person","@id":"https:\/\/hospitaldaher.com.br\/plastica\/#\/schema\/person\/0bb76ae6158fc52d618a2577ef5ca2d6","name":"Juliana Vaz","image":{"@type":"ImageObject","inLanguage":"pt-BR","@id":"https:\/\/hospitaldaher.com.br\/plastica\/#\/schema\/person\/image\/","url":"https:\/\/hospitaldaher.com.br\/plastica\/wp-content\/litespeed\/avatar\/842d8ea3f17809cdac54bf9cada4a39c.jpg?ver=1775653742","contentUrl":"https:\/\/hospitaldaher.com.br\/plastica\/wp-content\/litespeed\/avatar\/842d8ea3f17809cdac54bf9cada4a39c.jpg?ver=1775653742","caption":"Juliana Vaz"}}]}},"_links":{"self":[{"href":"https:\/\/hospitaldaher.com.br\/plastica\/wp-json\/wp\/v2\/pages\/4279"}],"collection":[{"href":"https:\/\/hospitaldaher.com.br\/plastica\/wp-json\/wp\/v2\/pages"}],"about":[{"href":"https:\/\/hospitaldaher.com.br\/plastica\/wp-json\/wp\/v2\/types\/page"}],"author":[{"embeddable":true,"href":"https:\/\/hospitaldaher.com.br\/plastica\/wp-json\/wp\/v2\/users\/3"}],"replies":[{"embeddable":true,"href":"https:\/\/hospitaldaher.com.br\/plastica\/wp-json\/wp\/v2\/comments?post=4279"}],"version-history":[{"count":3,"href":"https:\/\/hospitaldaher.com.br\/plastica\/wp-json\/wp\/v2\/pages\/4279\/revisions"}],"predecessor-version":[{"id":7431,"href":"https:\/\/hospitaldaher.com.br\/plastica\/wp-json\/wp\/v2\/pages\/4279\/revisions\/7431"}],"up":[{"embeddable":true,"href":"https:\/\/hospitaldaher.com.br\/plastica\/wp-json\/wp\/v2\/pages\/7169"}],"wp:attachment":[{"href":"https:\/\/hospitaldaher.com.br\/plastica\/wp-json\/wp\/v2\/media?parent=4279"}],"curies":[{"name":"wp","href":"https:\/\/api.w.org\/{rel}","templated":true}]}}