{"id":7139,"date":"2022-09-16T09:15:43","date_gmt":"2022-09-16T12:15:43","guid":{"rendered":"https:\/\/hospitaldaher.com.br\/plastica\/?page_id=7139"},"modified":"2022-12-05T13:13:42","modified_gmt":"2022-12-05T16:13:42","slug":"hospital-daher","status":"publish","type":"page","link":"https:\/\/hospitaldaher.com.br\/plastica\/hospital-daher\/","title":{"rendered":"Hospital Daher"},"content":{"rendered":"<section class=\"l-section wpb_row height_auto\"><div class=\"l-section-h i-cf\"><div class=\"g-cols vc_row via_grid cols_1 laptops-cols_inherit tablets-cols_inherit mobiles-cols_1 valign_top type_default stacking_default\"><div class=\"wpb_column vc_column_container\"><div class=\"vc_column-inner\"><div class=\"wpb_text_column\"><div class=\"wpb_wrapper\"><h2 style=\"text-align: left;\"><span style=\"font-weight: 400; color: #142333;\">Mais que um <strong>hospital<\/strong>,<br \/>\num centro de <strong>hospitalidade<\/strong><\/span><\/h2>\n<\/div><\/div><div class=\"w-separator size_small\"><\/div><div class=\"g-cols wpb_row via_grid cols_2 laptops-cols_inherit tablets-cols_inherit mobiles-cols_1 valign_top type_default stacking_default\"><div class=\"wpb_column vc_column_container\"><div class=\"vc_column-inner\"><div class=\"wpb_text_column\"><div class=\"wpb_wrapper\"><p style=\"text-align: justify;\"><span style=\"font-weight: 400;\">O Hospital Daher Lago Sul \u00e9 refer\u00eancia em Cirurgia Pl\u00e1stica no Distrito Federal. A unidade funciona h\u00e1 mais de 20 anos em uma \u00e1rea nobre de Bras\u00edlia, onde o paciente encontra toda a comodidade, seguran\u00e7a e acolhimento de que precisa.\u00a0<\/span><\/p>\n<p style=\"text-align: justify;\"><span style=\"font-weight: 400;\">Em um mesmo lugar, centraliza atendimentos em diversas especialidades, pronto-socorro, unidade de terapia intensiva, centro cir\u00fargico, laborat\u00f3rios, bem como procedimentos modernos e eficazes voltados para o diagn\u00f3stico, acompanhamento e tratamento das doen\u00e7as.\u00a0<\/span><\/p>\n<p style=\"text-align: justify;\"><span style=\"font-weight: 400;\">Por promover um servi\u00e7o humanizado, acolhedor e seguro, impulsionando a sa\u00fade e o bem-estar das pessoas, o Hospital Daher agora \u00e9 visto como um Centro de Hospitalidade, apto a promover os melhores procedimentos de Cirurgia Pl\u00e1stica de Bras\u00edlia.<\/span><\/p>\n<\/div><\/div><\/div><\/div><div class=\"wpb_column vc_column_container\"><div class=\"vc_column-inner\"><div class=\"w-slider us_custom_04570ec2 style_none fit_scaledown has_border_radius\"><div class=\"w-slider-h\"><div class=\"royalSlider\"><div class=\"rsContent\"><a class=\"rsImg\" data-rsw=\"1030\" data-rsh=\"661\" href=\"https:\/\/hospitaldaher.com.br\/plastica\/wp-content\/uploads\/2022\/09\/Estrutura-Hospital-Daher-Lago-Sul-9-1030x661.webp\"><span data-alt=\"\"><\/span><\/a><\/div><div class=\"rsContent\"><a class=\"rsImg\" data-rsw=\"1030\" data-rsh=\"661\" href=\"https:\/\/hospitaldaher.com.br\/plastica\/wp-content\/uploads\/2022\/09\/Estrutura-Hospital-Daher-Lago-Sul-10-1030x661.webp\"><span data-alt=\"\"><\/span><\/a><\/div><div class=\"rsContent\"><a class=\"rsImg\" data-rsw=\"1030\" data-rsh=\"661\" href=\"https:\/\/hospitaldaher.com.br\/plastica\/wp-content\/uploads\/2022\/09\/Estrutura-Hospital-Daher-Lago-Sul-8-1030x661.webp\"><span data-alt=\"\"><\/span><\/a><\/div><div class=\"rsContent\"><a class=\"rsImg\" data-rsw=\"1030\" data-rsh=\"661\" href=\"https:\/\/hospitaldaher.com.br\/plastica\/wp-content\/uploads\/2022\/09\/Estrutura-Hospital-Daher-Lago-Sul-7-1030x661.webp\"><span data-alt=\"\"><\/span><\/a><\/div><div class=\"rsContent\"><a class=\"rsImg\" data-rsw=\"1030\" data-rsh=\"661\" href=\"https:\/\/hospitaldaher.com.br\/plastica\/wp-content\/uploads\/2022\/09\/Estrutura-Hospital-Daher-Lago-Sul-6-1030x661.webp\"><span data-alt=\"\"><\/span><\/a><\/div><div class=\"rsContent\"><a class=\"rsImg\" data-rsw=\"1030\" data-rsh=\"661\" href=\"https:\/\/hospitaldaher.com.br\/plastica\/wp-content\/uploads\/2022\/09\/Estrutura-Hospital-Daher-Lago-Sul-5-1030x661.webp\"><span data-alt=\"\"><\/span><\/a><\/div><div class=\"rsContent\"><a class=\"rsImg\" data-rsw=\"1030\" data-rsh=\"661\" href=\"https:\/\/hospitaldaher.com.br\/plastica\/wp-content\/uploads\/2022\/09\/Estrutura-Hospital-Daher-Lago-Sul-4-1030x661.webp\"><span data-alt=\"\"><\/span><\/a><\/div><div class=\"rsContent\"><a class=\"rsImg\" data-rsw=\"1030\" data-rsh=\"661\" href=\"https:\/\/hospitaldaher.com.br\/plastica\/wp-content\/uploads\/2022\/09\/Estrutura-Hospital-Daher-Lago-Sul-3-1030x661.webp\"><span data-alt=\"\"><\/span><\/a><\/div><div class=\"rsContent\"><a class=\"rsImg\" data-rsw=\"1030\" data-rsh=\"661\" href=\"https:\/\/hospitaldaher.com.br\/plastica\/wp-content\/uploads\/2022\/09\/Estrutura-Hospital-Daher-Lago-Sul-2-1030x661.webp\"><span data-alt=\"\"><\/span><\/a><\/div><\/div><img decoding=\"async\" src=\"https:\/\/hospitaldaher.com.br\/plastica\/wp-content\/uploads\/2022\/09\/Estrutura-Hospital-Daher-Lago-Sul-9-1030x661.webp\" width=\"1030\" height=\"661\" alt loading=\"lazy\"><\/div><div class=\"w-slider-json\" onclick='return {&quot;loop&quot;:true,&quot;fadeInLoadedSlide&quot;:false,&quot;slidesSpacing&quot;:0,&quot;imageScalePadding&quot;:0,&quot;numImagesToPreload&quot;:2,&quot;arrowsNav&quot;:true,&quot;arrowsNavAutoHide&quot;:false,&quot;transitionType&quot;:&quot;move&quot;,&quot;transitionSpeed&quot;:250,&quot;block&quot;:{&quot;moveEffect&quot;:&quot;none&quot;,&quot;speed&quot;:300},&quot;controlNavigation&quot;:&quot;none&quot;,&quot;autoplay&quot;:{&quot;enabled&quot;:true,&quot;pauseOnHover&quot;:true,&quot;delay&quot;:3000},&quot;imageScaleMode&quot;:&quot;fit-if-smaller&quot;,&quot;autoScaleSlider&quot;:true,&quot;autoScaleSliderWidth&quot;:1030,&quot;autoScaleSliderHeight&quot;:661,&quot;fitInViewport&quot;:false}'><\/div><\/div><\/div><\/div><\/div><div class=\"w-separator size_large\"><\/div><div class=\"w-image align_center\"><div class=\"w-image-h\"><img loading=\"lazy\" decoding=\"async\" width=\"968\" height=\"367\" src=\"https:\/\/hospitaldaher.com.br\/plastica\/wp-content\/uploads\/2022\/09\/Linha_do_Tempo_Hospital_Daher.webp\" class=\"attachment-full size-full\" alt=\"\" srcset=\"https:\/\/hospitaldaher.com.br\/plastica\/wp-content\/uploads\/2022\/09\/Linha_do_Tempo_Hospital_Daher.webp 968w, https:\/\/hospitaldaher.com.br\/plastica\/wp-content\/uploads\/2022\/09\/Linha_do_Tempo_Hospital_Daher-300x114.webp 300w, https:\/\/hospitaldaher.com.br\/plastica\/wp-content\/uploads\/2022\/09\/Linha_do_Tempo_Hospital_Daher-150x57.webp 150w, https:\/\/hospitaldaher.com.br\/plastica\/wp-content\/uploads\/2022\/09\/Linha_do_Tempo_Hospital_Daher-600x227.webp 600w, https:\/\/hospitaldaher.com.br\/plastica\/wp-content\/uploads\/2022\/09\/Linha_do_Tempo_Hospital_Daher-480x182.webp 480w\" sizes=\"(max-width: 968px) 100vw, 968px\" \/><\/div><\/div><div class=\"w-separator size_large\"><\/div><\/div><\/div><\/div><\/div><\/section><section class=\"l-section wpb_row height_large color_alternate\"><div class=\"l-section-h i-cf\"><div class=\"g-cols vc_row via_grid cols_1 laptops-cols_inherit tablets-cols_inherit mobiles-cols_1 valign_top type_default stacking_default\"><div class=\"wpb_column vc_column_container\"><div class=\"vc_column-inner\"><div class=\"wpb_text_column\"><div class=\"wpb_wrapper\"><h2 style=\"text-align: center;\"><b>Conhe\u00e7a o Hospital Daher<\/b><\/h2>\n<\/div><\/div><div class=\"w-separator size_medium\"><\/div><div class=\"g-cols wpb_row via_grid cols_1 laptops-cols_inherit tablets-cols_inherit mobiles-cols_1 valign_top type_default stacking_default\"><div class=\"wpb_column vc_column_container\"><div class=\"vc_column-inner\"><div class=\"w-video us_custom_04570ec2 align_center ratio_16x9 has_border_radius\" onclick=\"return {&quot;player_id&quot;:&quot;youtube-dc66&quot;,&quot;player_api&quot;:&quot;\\\/\\\/www.youtube.com\\\/player_api&quot;,&quot;player_html&quot;:&quot;&lt;div id=\\&quot;youtube-dc66\\&quot;&gt;&lt;\\\/div&gt;&lt;script&gt;\\r\\n\\t\\t\\tif ( window.USYTPlayers === undefined ) {\\r\\n\\t\\t\\t\\twindow.USYTPlayers = [];\\r\\n\\t\\t\\t}\\r\\n\\t\\t\\twindow.USYTPlayers.push( {\\r\\n\\t\\t\\t\\tplayerID: \\&quot;youtube-dc66\\&quot;,\\r\\n\\t\\t\\t\\tvideoID: \\&quot;shxW6zyPIeU\\&quot;,\\r\\n\\t\\t\\t\\tplayerVars: {\\&quot;origin\\&quot;:\\&quot;https:\\\\\\\/\\\\\\\/hospitaldaher.com.br\\\\\\\/plastica\\&quot;,\\&quot;controls\\&quot;:0}\\t\\t\\t\\r\\n\\t\\t\\t} );\\r\\n\\t\\t\\tif ( window.USYTInited === undefined ) {\\r\\n\\t\\t\\t\\t\\\/\\\/ Trying to override other possible WP YT API calls if our element is used\\r\\n\\t\\t\\t\\twindow.USYTInited = true;\\r\\n\\t\\t\\t\\twindow.onYouTubePlayerAPIReady = function() {\\r\\n\\t\\t\\t\\t\\tfor ( var i in window.USYTPlayers ) {\\r\\n\\t\\t\\t\\t\\t\\tvar _playerParams = window.USYTPlayers[ i ];\\r\\n\\t\\t\\t\\t\\t\\t$us.YTPlayers[ _playerParams.playerID ] = new YT.Player( _playerParams.playerID, {\\r\\n\\t\\t\\t\\t\\t\\t\\tvideoId: _playerParams.videoID,\\r\\n\\t\\t\\t\\t\\t\\t\\tplayerVars: _playerParams.playerVars\\r\\n\\t\\t\\t\\t\\t\\t} );\\r\\n\\t\\t\\t\\t\\t}\\r\\n\\t\\t\\t\\t}\\r\\n\\t\\t\\t}\\r\\n\\t\\t\\tif ( !! window.YT ) {\\r\\n\\t\\t\\t\\t$us.YTPlayers[\\&quot;youtube-dc66\\&quot;] = new YT.Player( \\&quot;youtube-dc66\\&quot;, {\\r\\n\\t\\t\\t\\t\\tvideoId: \\&quot;shxW6zyPIeU\\&quot;,\\r\\n\\t\\t\\t\\t\\tplayerVars: {\\&quot;origin\\&quot;:\\&quot;https:\\\\\\\/\\\\\\\/hospitaldaher.com.br\\\\\\\/plastica\\&quot;,\\&quot;controls\\&quot;:0}\\r\\n\\t\\t\\t\\t} );\\r\\n\\t\\t\\t}\\r\\n\\t\\t&lt;\\\/script&gt;&quot;}\"><div class=\"w-video-h\"><iframe title=\"Youtube video player\" src=\"\/\/www.youtube.com\/embed\/shxW6zyPIeU?origin=https:\/\/hospitaldaher.com.br\/plastica&controls=0\" allowfullscreen=\"1\" loading=\"lazy\"><\/iframe><\/div><div class=\"w-video-icon\" style=\"font-size:1.5rem;background:rgba(0,0,0,0.5);color:#fff\"><\/div><\/div><\/div><\/div><\/div><div class=\"w-separator size_medium\"><\/div><\/div><\/div><\/div><\/div><\/section><section class=\"l-section wpb_row height_medium\"><div class=\"l-section-h i-cf\"><div class=\"g-cols vc_row via_grid cols_1 laptops-cols_inherit tablets-cols_inherit mobiles-cols_1 valign_top type_default stacking_default\"><div class=\"wpb_column vc_column_container\"><div class=\"vc_column-inner\"><div class=\"g-cols wpb_row via_grid cols_2 laptops-cols_inherit tablets-cols_inherit mobiles-cols_1 valign_top type_default stacking_default\"><div class=\"wpb_column vc_column_container\"><div class=\"vc_column-inner\"><div class=\"wpb_text_column\"><div class=\"wpb_wrapper\"><h3><b>Qualidade no servi\u00e7o<\/b><\/h3>\n<\/div><\/div><div class=\"w-separator size_small\"><\/div><div class=\"wpb_text_column\"><div class=\"wpb_wrapper\"><p style=\"text-align: justify;\"><span style=\"font-weight: 400;\">O cliente sa\u00fade Daher encontra nas amplas instala\u00e7\u00f5es do hospital qualidade em todos os servi\u00e7os ofertados, como ambulat\u00f3rio com diversas especialidades m\u00e9dicas, centro cir\u00fargico, pronto-socorro, UTI e unidade coronariana, al\u00e9m de excelentes centros de oncologia e terapia infusional, cardiologia, dermatologia, cirurgia pl\u00e1stica, entre outros.<\/span><\/p>\n<p style=\"text-align: justify;\"><span style=\"font-weight: 400;\">Prova de sua qualidade foram as auditorias da ISO 9001, que garantiram a certifica\u00e7\u00e3o do Hospital Daher Lago Sul em hotelaria hospitalar \u2014 a primeira da regi\u00e3o Centro-Oeste do Brasil. Al\u00e9m disso, o hospital ainda possui selo de qualifica\u00e7\u00e3o em n\u00edvel III da Organiza\u00e7\u00e3o Nacional de Acredita\u00e7\u00e3o, que avalia os crit\u00e9rios de seguran\u00e7a da unidade de sa\u00fade, bem como seus aspectos estruturais e de gest\u00e3o.<\/span><\/p>\n<p style=\"text-align: justify;\"><span style=\"font-weight: 400;\">O Hospital Daher Lago Sul tamb\u00e9m faz parte do seleto grupo de associados da Associa\u00e7\u00e3o Nacional de Hospitais Privados (Anahp), que representa os principais hospitais privados de excel\u00eancia do pa\u00eds. Hospitais reconhecidos pela certifica\u00e7\u00e3o de qualidade e seguran\u00e7a no atendimento hospitalar nacional e internacionalmente. O resultado dessa conquista \u00e9 uma grande contribui\u00e7\u00e3o para os nossos padr\u00f5es de satisfa\u00e7\u00e3o de clientes sa\u00fade e qualidade de processos.<\/span><\/p>\n<\/div><\/div><\/div><\/div><div class=\"wpb_column vc_column_container\"><div class=\"vc_column-inner\"><div class=\"wpb_text_column\"><div class=\"wpb_wrapper\"><h3><b>Servi\u00e7os<\/b><\/h3>\n<\/div><\/div><div class=\"w-separator size_small\"><\/div><div class=\"wpb_text_column\"><div class=\"wpb_wrapper\"><p><span style=\"font-weight: 400;\"><i class=\"fal fa-check-circle\"><\/i> <a href=\"https:\/\/hospitaldaher.com.br\/ambulatorio\/\">Ambulat\u00f3rio<\/a><br \/>\n<\/span><span style=\"font-weight: 400;\"><i class=\"fal fa-check-circle\"><\/i> <a href=\"https:\/\/hospitaldaher.com.br\/centro-de-oncologia-hospital-daher\/\">Centro de Oncologia<\/a><br \/>\n<\/span><span style=\"font-weight: 400;\"><i class=\"fal fa-check-circle\"><\/i> <a href=\"https:\/\/leonardo.dahercirurgiaplastica.com.br\/\">Centro de Cirurgia Pl\u00e1stica<\/a><br \/>\n<\/span><span style=\"font-weight: 400;\"><i class=\"fal fa-check-circle\"><\/i> <a href=\"https:\/\/hospitaldaher.com.br\/uti\/\">UTI<\/a><br \/>\n<\/span><span style=\"font-weight: 400;\"><i class=\"fal fa-check-circle\"><\/i> <a href=\"https:\/\/hospitaldaher.com.br\/laboratorio-sabin\/\">Laborat\u00f3rio Sabin de An\u00e1lises Cl\u00ednicas<\/a><br \/>\n<\/span><span style=\"font-weight: 400;\"><i class=\"fal fa-check-circle\"><\/i> <a href=\"https:\/\/hospitaldaher.com.br\/pronto-socorro\/\">Pronto-socorro 24 horas<\/a><br \/>\n<\/span><span style=\"font-weight: 400;\"><i class=\"fal fa-check-circle\"><\/i> <a href=\"https:\/\/hospitaldaher.com.br\/gastrolago\/\">Gastrolago<\/a><br \/>\n<\/span><span style=\"font-weight: 400;\"><i class=\"fal fa-check-circle\"><\/i> <a href=\"https:\/\/hospitaldaher.com.br\/centro-de-imagem\/\">Centro de Imagem<\/a><br \/>\n<\/span><span style=\"font-weight: 400;\"><i class=\"fal fa-check-circle\"><\/i> <a href=\"https:\/\/hospitaldaher.com.br\/hemodinamica\/\">Hemodin\u00e2mica<\/a><br \/>\n<\/span><span style=\"font-weight: 400;\"><i class=\"fal fa-check-circle\"><\/i> <a href=\"https:\/\/hospitaldaher.com.br\/centro-cirurgico\/\">Centro Cir\u00fargico<\/a><br \/>\n<\/span><span style=\"font-weight: 400;\"><i class=\"fal fa-check-circle\"><\/i> <a href=\"https:\/\/hospitaldaher.com.br\/cardiolago\/\">Cardiolago<\/a><\/span><\/p>\n<\/div><\/div><\/div><\/div><\/div><div class=\"w-separator size_medium\"><\/div><div class=\"g-cols wpb_row via_grid cols_4 laptops-cols_inherit tablets-cols_inherit mobiles-cols_1 valign_top type_default stacking_default\"><div class=\"wpb_column vc_column_container\"><div class=\"vc_column-inner\"><\/div><\/div><div class=\"wpb_column vc_column_container\"><div class=\"vc_column-inner\"><div class=\"w-image align_none\"><div class=\"w-image-h\"><img loading=\"lazy\" decoding=\"async\" width=\"200\" height=\"200\" src=\"https:\/\/hospitaldaher.com.br\/plastica\/wp-content\/uploads\/2022\/09\/certificacao_ona.png\" class=\"attachment-medium size-medium\" alt=\"\" srcset=\"https:\/\/hospitaldaher.com.br\/plastica\/wp-content\/uploads\/2022\/09\/certificacao_ona.png 200w, https:\/\/hospitaldaher.com.br\/plastica\/wp-content\/uploads\/2022\/09\/certificacao_ona-80x80.png 80w, https:\/\/hospitaldaher.com.br\/plastica\/wp-content\/uploads\/2022\/09\/certificacao_ona-150x150.png 150w, https:\/\/hospitaldaher.com.br\/plastica\/wp-content\/uploads\/2022\/09\/certificacao_ona-75x75.png 75w\" sizes=\"(max-width: 200px) 100vw, 200px\" \/><\/div><\/div><\/div><\/div><div class=\"wpb_column vc_column_container\"><div class=\"vc_column-inner\"><div class=\"w-image align_none\"><div class=\"w-image-h\"><img loading=\"lazy\" decoding=\"async\" width=\"200\" height=\"200\" src=\"https:\/\/hospitaldaher.com.br\/plastica\/wp-content\/uploads\/2022\/09\/certificado_iso_9001.webp\" class=\"attachment-large size-large\" alt=\"\" srcset=\"https:\/\/hospitaldaher.com.br\/plastica\/wp-content\/uploads\/2022\/09\/certificado_iso_9001.webp 200w, https:\/\/hospitaldaher.com.br\/plastica\/wp-content\/uploads\/2022\/09\/certificado_iso_9001-80x80.webp 80w, https:\/\/hospitaldaher.com.br\/plastica\/wp-content\/uploads\/2022\/09\/certificado_iso_9001-150x150.webp 150w, https:\/\/hospitaldaher.com.br\/plastica\/wp-content\/uploads\/2022\/09\/certificado_iso_9001-75x75.webp 75w\" sizes=\"(max-width: 200px) 100vw, 200px\" \/><\/div><\/div><\/div><\/div><div class=\"wpb_column vc_column_container\"><div class=\"vc_column-inner\"><\/div><\/div><\/div><\/div><\/div><\/div><\/div><\/section>\n","protected":false},"excerpt":{"rendered":"Mais que um hospital, um centro de hospitalidade O Hospital Daher Lago Sul \u00e9 refer\u00eancia em Cirurgia Pl\u00e1stica no Distrito Federal. A unidade funciona h\u00e1 mais de 20 anos em uma \u00e1rea nobre de Bras\u00edlia, onde o paciente encontra toda a comodidade, seguran\u00e7a e acolhimento de que precisa.\u00a0 Em um mesmo lugar, centraliza atendimentos em...","protected":false},"author":1,"featured_media":0,"parent":0,"menu_order":0,"comment_status":"closed","ping_status":"closed","template":"","meta":{"footnotes":""},"yoast_head":"<!-- This site is optimized with the Yoast SEO plugin v21.6 - https:\/\/yoast.com\/wordpress\/plugins\/seo\/ -->\n<title>Hospital Daher | Dr. Jos\u00e9 Carlos Daher<\/title>\n<meta name=\"robots\" content=\"index, follow, max-snippet:-1, max-image-preview:large, max-video-preview:-1\" \/>\n<link rel=\"canonical\" href=\"https:\/\/hospitaldaher.com.br\/plastica\/?page_id=7139\" \/>\n<meta property=\"og:locale\" content=\"pt_BR\" \/>\n<meta property=\"og:type\" content=\"article\" \/>\n<meta property=\"og:title\" content=\"Hospital Daher | Dr. Jos\u00e9 Carlos Daher\" \/>\n<meta property=\"og:url\" content=\"https:\/\/hospitaldaher.com.br\/plastica\/?page_id=7139\" \/>\n<meta property=\"og:site_name\" content=\"Dr. Jos\u00e9 Carlos Daher\" \/>\n<meta property=\"article:publisher\" content=\"https:\/\/www.facebook.com\/daherplastica\/\" \/>\n<meta property=\"article:modified_time\" content=\"2022-12-05T16:13:42+00:00\" \/>\n<meta name=\"twitter:card\" content=\"summary_large_image\" \/>\n<meta name=\"twitter:label1\" content=\"Est. tempo de leitura\" \/>\n\t<meta name=\"twitter:data1\" content=\"3 minutos\" \/>\n<script type=\"application\/ld+json\" class=\"yoast-schema-graph\">{\"@context\":\"https:\/\/schema.org\",\"@graph\":[{\"@type\":\"NewsArticle\",\"@id\":\"https:\/\/hospitaldaher.com.br\/plastica\/?page_id=7139#article\",\"isPartOf\":{\"@id\":\"https:\/\/hospitaldaher.com.br\/plastica\/?page_id=7139\"},\"author\":{\"name\":\"dah_plastica\",\"@id\":\"https:\/\/hospitaldaher.com.br\/plastica\/#\/schema\/person\/990274ce18410601a15d815dac9cd1ce\"},\"headline\":\"Hospital Daher\",\"datePublished\":\"2022-09-16T12:15:43+00:00\",\"dateModified\":\"2022-12-05T16:13:42+00:00\",\"mainEntityOfPage\":{\"@id\":\"https:\/\/hospitaldaher.com.br\/plastica\/?page_id=7139\"},\"wordCount\":622,\"publisher\":{\"@id\":\"https:\/\/hospitaldaher.com.br\/plastica\/#organization\"},\"inLanguage\":\"pt-BR\"},{\"@type\":[\"WebPage\",\"MedicalWebPage\"],\"@id\":\"https:\/\/hospitaldaher.com.br\/plastica\/?page_id=7139\",\"url\":\"https:\/\/hospitaldaher.com.br\/plastica\/?page_id=7139\",\"name\":\"Hospital Daher | Dr. Jos\u00e9 Carlos Daher\",\"isPartOf\":{\"@id\":\"https:\/\/hospitaldaher.com.br\/plastica\/#website\"},\"datePublished\":\"2022-09-16T12:15:43+00:00\",\"dateModified\":\"2022-12-05T16:13:42+00:00\",\"breadcrumb\":{\"@id\":\"https:\/\/hospitaldaher.com.br\/plastica\/?page_id=7139#breadcrumb\"},\"inLanguage\":\"pt-BR\",\"potentialAction\":[{\"@type\":\"ReadAction\",\"target\":[\"https:\/\/hospitaldaher.com.br\/plastica\/?page_id=7139\"]}]},{\"@type\":\"BreadcrumbList\",\"@id\":\"https:\/\/hospitaldaher.com.br\/plastica\/?page_id=7139#breadcrumb\",\"itemListElement\":[{\"@type\":\"ListItem\",\"position\":1,\"name\":\"In\u00edcio\",\"item\":\"https:\/\/hospitaldaher.com.br\/plastica\/\"},{\"@type\":\"ListItem\",\"position\":2,\"name\":\"Hospital Daher\"}]},{\"@type\":\"WebSite\",\"@id\":\"https:\/\/hospitaldaher.com.br\/plastica\/#website\",\"url\":\"https:\/\/hospitaldaher.com.br\/plastica\/\",\"name\":\"Dr. Jos\u00e9 Carlos Daher\",\"description\":\"Cirurgia Pl\u00e1stica\",\"publisher\":{\"@id\":\"https:\/\/hospitaldaher.com.br\/plastica\/#organization\"},\"potentialAction\":[{\"@type\":\"SearchAction\",\"target\":{\"@type\":\"EntryPoint\",\"urlTemplate\":\"https:\/\/hospitaldaher.com.br\/plastica\/?s={search_term_string}\"},\"query-input\":\"required name=search_term_string\"}],\"inLanguage\":\"pt-BR\"},{\"@type\":\"Organization\",\"@id\":\"https:\/\/hospitaldaher.com.br\/plastica\/#organization\",\"name\":\"Daher Pl\u00e1stica - Dr. Jos\u00e9 Carlos Daher e Dr. Leonardo Daher\",\"url\":\"https:\/\/hospitaldaher.com.br\/plastica\/\",\"logo\":{\"@type\":\"ImageObject\",\"inLanguage\":\"pt-BR\",\"@id\":\"https:\/\/hospitaldaher.com.br\/plastica\/#\/schema\/logo\/image\/\",\"url\":\"https:\/\/hospitaldaher.com.br\/plastica\/wp-content\/uploads\/2022\/09\/Logo_Jose_Carlos_Daher_em_Brasilia_Black.svg\",\"contentUrl\":\"https:\/\/hospitaldaher.com.br\/plastica\/wp-content\/uploads\/2022\/09\/Logo_Jose_Carlos_Daher_em_Brasilia_Black.svg\",\"width\":\"1030\",\"height\":\"1030\",\"caption\":\"Daher Pl\u00e1stica - Dr. Jos\u00e9 Carlos Daher e Dr. Leonardo Daher\"},\"image\":{\"@id\":\"https:\/\/hospitaldaher.com.br\/plastica\/#\/schema\/logo\/image\/\"},\"sameAs\":[\"https:\/\/www.facebook.com\/daherplastica\/\",\"https:\/\/www.instagram.com\/doutor_daher\/\"]},{\"@type\":\"Person\",\"@id\":\"https:\/\/hospitaldaher.com.br\/plastica\/#\/schema\/person\/990274ce18410601a15d815dac9cd1ce\",\"name\":\"dah_plastica\",\"image\":{\"@type\":\"ImageObject\",\"inLanguage\":\"pt-BR\",\"@id\":\"https:\/\/hospitaldaher.com.br\/plastica\/#\/schema\/person\/image\/\",\"url\":\"https:\/\/hospitaldaher.com.br\/plastica\/wp-content\/litespeed\/avatar\/219b5c57043255d7a73fc02ab67a7860.jpg?ver=1775653742\",\"contentUrl\":\"https:\/\/hospitaldaher.com.br\/plastica\/wp-content\/litespeed\/avatar\/219b5c57043255d7a73fc02ab67a7860.jpg?ver=1775653742\",\"caption\":\"dah_plastica\"}}]}<\/script>\n<!-- \/ Yoast SEO plugin. -->","yoast_head_json":{"title":"Hospital Daher | Dr. Jos\u00e9 Carlos Daher","robots":{"index":"index","follow":"follow","max-snippet":"max-snippet:-1","max-image-preview":"max-image-preview:large","max-video-preview":"max-video-preview:-1"},"canonical":"https:\/\/hospitaldaher.com.br\/plastica\/?page_id=7139","og_locale":"pt_BR","og_type":"article","og_title":"Hospital Daher | Dr. Jos\u00e9 Carlos Daher","og_url":"https:\/\/hospitaldaher.com.br\/plastica\/?page_id=7139","og_site_name":"Dr. Jos\u00e9 Carlos Daher","article_publisher":"https:\/\/www.facebook.com\/daherplastica\/","article_modified_time":"2022-12-05T16:13:42+00:00","twitter_card":"summary_large_image","twitter_misc":{"Est. tempo de leitura":"3 minutos"},"schema":{"@context":"https:\/\/schema.org","@graph":[{"@type":"NewsArticle","@id":"https:\/\/hospitaldaher.com.br\/plastica\/?page_id=7139#article","isPartOf":{"@id":"https:\/\/hospitaldaher.com.br\/plastica\/?page_id=7139"},"author":{"name":"dah_plastica","@id":"https:\/\/hospitaldaher.com.br\/plastica\/#\/schema\/person\/990274ce18410601a15d815dac9cd1ce"},"headline":"Hospital Daher","datePublished":"2022-09-16T12:15:43+00:00","dateModified":"2022-12-05T16:13:42+00:00","mainEntityOfPage":{"@id":"https:\/\/hospitaldaher.com.br\/plastica\/?page_id=7139"},"wordCount":622,"publisher":{"@id":"https:\/\/hospitaldaher.com.br\/plastica\/#organization"},"inLanguage":"pt-BR"},{"@type":["WebPage","MedicalWebPage"],"@id":"https:\/\/hospitaldaher.com.br\/plastica\/?page_id=7139","url":"https:\/\/hospitaldaher.com.br\/plastica\/?page_id=7139","name":"Hospital Daher | Dr. Jos\u00e9 Carlos Daher","isPartOf":{"@id":"https:\/\/hospitaldaher.com.br\/plastica\/#website"},"datePublished":"2022-09-16T12:15:43+00:00","dateModified":"2022-12-05T16:13:42+00:00","breadcrumb":{"@id":"https:\/\/hospitaldaher.com.br\/plastica\/?page_id=7139#breadcrumb"},"inLanguage":"pt-BR","potentialAction":[{"@type":"ReadAction","target":["https:\/\/hospitaldaher.com.br\/plastica\/?page_id=7139"]}]},{"@type":"BreadcrumbList","@id":"https:\/\/hospitaldaher.com.br\/plastica\/?page_id=7139#breadcrumb","itemListElement":[{"@type":"ListItem","position":1,"name":"In\u00edcio","item":"https:\/\/hospitaldaher.com.br\/plastica\/"},{"@type":"ListItem","position":2,"name":"Hospital Daher"}]},{"@type":"WebSite","@id":"https:\/\/hospitaldaher.com.br\/plastica\/#website","url":"https:\/\/hospitaldaher.com.br\/plastica\/","name":"Dr. Jos\u00e9 Carlos Daher","description":"Cirurgia Pl\u00e1stica","publisher":{"@id":"https:\/\/hospitaldaher.com.br\/plastica\/#organization"},"potentialAction":[{"@type":"SearchAction","target":{"@type":"EntryPoint","urlTemplate":"https:\/\/hospitaldaher.com.br\/plastica\/?s={search_term_string}"},"query-input":"required name=search_term_string"}],"inLanguage":"pt-BR"},{"@type":"Organization","@id":"https:\/\/hospitaldaher.com.br\/plastica\/#organization","name":"Daher Pl\u00e1stica - Dr. Jos\u00e9 Carlos Daher e Dr. Leonardo Daher","url":"https:\/\/hospitaldaher.com.br\/plastica\/","logo":{"@type":"ImageObject","inLanguage":"pt-BR","@id":"https:\/\/hospitaldaher.com.br\/plastica\/#\/schema\/logo\/image\/","url":"https:\/\/hospitaldaher.com.br\/plastica\/wp-content\/uploads\/2022\/09\/Logo_Jose_Carlos_Daher_em_Brasilia_Black.svg","contentUrl":"https:\/\/hospitaldaher.com.br\/plastica\/wp-content\/uploads\/2022\/09\/Logo_Jose_Carlos_Daher_em_Brasilia_Black.svg","width":"1030","height":"1030","caption":"Daher Pl\u00e1stica - Dr. Jos\u00e9 Carlos Daher e Dr. Leonardo Daher"},"image":{"@id":"https:\/\/hospitaldaher.com.br\/plastica\/#\/schema\/logo\/image\/"},"sameAs":["https:\/\/www.facebook.com\/daherplastica\/","https:\/\/www.instagram.com\/doutor_daher\/"]},{"@type":"Person","@id":"https:\/\/hospitaldaher.com.br\/plastica\/#\/schema\/person\/990274ce18410601a15d815dac9cd1ce","name":"dah_plastica","image":{"@type":"ImageObject","inLanguage":"pt-BR","@id":"https:\/\/hospitaldaher.com.br\/plastica\/#\/schema\/person\/image\/","url":"https:\/\/hospitaldaher.com.br\/plastica\/wp-content\/litespeed\/avatar\/219b5c57043255d7a73fc02ab67a7860.jpg?ver=1775653742","contentUrl":"https:\/\/hospitaldaher.com.br\/plastica\/wp-content\/litespeed\/avatar\/219b5c57043255d7a73fc02ab67a7860.jpg?ver=1775653742","caption":"dah_plastica"}}]}},"_links":{"self":[{"href":"https:\/\/hospitaldaher.com.br\/plastica\/wp-json\/wp\/v2\/pages\/7139"}],"collection":[{"href":"https:\/\/hospitaldaher.com.br\/plastica\/wp-json\/wp\/v2\/pages"}],"about":[{"href":"https:\/\/hospitaldaher.com.br\/plastica\/wp-json\/wp\/v2\/types\/page"}],"author":[{"embeddable":true,"href":"https:\/\/hospitaldaher.com.br\/plastica\/wp-json\/wp\/v2\/users\/1"}],"replies":[{"embeddable":true,"href":"https:\/\/hospitaldaher.com.br\/plastica\/wp-json\/wp\/v2\/comments?post=7139"}],"version-history":[{"count":30,"href":"https:\/\/hospitaldaher.com.br\/plastica\/wp-json\/wp\/v2\/pages\/7139\/revisions"}],"predecessor-version":[{"id":7418,"href":"https:\/\/hospitaldaher.com.br\/plastica\/wp-json\/wp\/v2\/pages\/7139\/revisions\/7418"}],"wp:attachment":[{"href":"https:\/\/hospitaldaher.com.br\/plastica\/wp-json\/wp\/v2\/media?parent=7139"}],"curies":[{"name":"wp","href":"https:\/\/api.w.org\/{rel}","templated":true}]}}