{"id":7408,"date":"2022-09-26T12:19:51","date_gmt":"2022-09-26T15:19:51","guid":{"rendered":"https:\/\/hospitaldaher.com.br\/plastica\/?page_id=7408"},"modified":"2022-09-26T12:22:32","modified_gmt":"2022-09-26T15:22:32","slug":"termos-de-uso","status":"publish","type":"page","link":"https:\/\/hospitaldaher.com.br\/plastica\/termos-de-uso\/","title":{"rendered":"Termos de uso"},"content":{"rendered":"<section class=\"l-section wpb_row height_medium\"><div class=\"l-section-h i-cf\"><div class=\"g-cols vc_row via_grid cols_1 laptops-cols_inherit tablets-cols_inherit mobiles-cols_1 valign_top type_default stacking_default\"><div class=\"wpb_column vc_column_container\"><div class=\"vc_column-inner\"><div class=\"g-cols wpb_row via_grid cols_1 laptops-cols_inherit tablets-cols_inherit mobiles-cols_1 valign_top type_default stacking_default\"><div class=\"wpb_column vc_column_container\"><div class=\"vc_column-inner\"><div class=\"wpb_text_column\"><div class=\"wpb_wrapper\"><p><i><span style=\"font-weight: 400;\">Vers\u00e3o 1.0 atualizada em 26\/09\/2022.\u00a0<\/span><\/i><\/p>\n<p>&nbsp;<\/p>\n<p><b>1.Contrato<\/b><\/p>\n<p><span style=\"font-weight: 400;\">Ao acessar qualquer conte\u00fado deste site ou usar qualquer um dos nossos servi\u00e7os, voc\u00ea estar\u00e1 celebrando um contrato vinculativo com a seguinte pessoa jur\u00eddica:\u00a0<\/span><\/p>\n<p><span style=\"font-weight: 400;\">Nome: Daher Pl\u00e1stica<\/span><\/p>\n<p><span style=\"font-weight: 400;\">Enrede\u00e7o: SHIS, QI 7, Conj. F, Lago Sul, Bras\u00edlia-DF, 71615-660<\/span><\/p>\n<p>&nbsp;<\/p>\n<p><b>2.Uso<\/b><\/p>\n<p><span style=\"font-weight: 400;\">As informa\u00e7\u00f5es contidas neste site t\u00eam car\u00e1ter meramente informativo e educacional e n\u00e3o devem ser utilizadas para autodiagn\u00f3stico ou automedica\u00e7\u00e3o. Em caso de d\u00favidas, consulte seu m\u00e9dico, porque somente ele est\u00e1 habilitado a realizar a formula\u00e7\u00e3o do diagn\u00f3stico nosol\u00f3gico e a respectiva prescri\u00e7\u00e3o terap\u00eautica.<\/span><\/p>\n<p><span style=\"font-weight: 400;\">\u200b<\/span><span style=\"font-weight: 400;\">Durante a visita, o usu\u00e1rio poder\u00e1 ser requisitado a fornecer informa\u00e7\u00f5es em formul\u00e1rios ou por meio de cookies. Ao concordar, voc\u00ea garante que as informa\u00e7\u00f5es prestadas ser\u00e3o verdadeiras, atuais e completas e nos autoriza a utilizar os dados coletados segundo a Lei Geral de Prote\u00e7\u00e3o de Dados Pessoais, de 14 de agosto de 2018 (<\/span><a href=\"http:\/\/www.planalto.gov.br\/ccivil_03\/_ato2015-2018\/2018\/lei\/L13709.htm\"><span style=\"font-weight: 400;\">Lei N.\u00ba 13.709\/18<\/span><\/a><span style=\"font-weight: 400;\">).<\/span><\/p>\n<p><span style=\"font-weight: 400;\">\u200b<\/span><\/p>\n<p><b>3.Responsabilidades<\/b><\/p>\n<p><span style=\"font-weight: 400;\">O Daher Pl\u00e1stica far\u00e1 o poss\u00edvel para assegurar que as informa\u00e7\u00f5es deste site estejam atualizadas, precisas e completas. Entretanto, em nenhuma circunst\u00e2ncia n\u00f3s poderemos ser responsabilizados por fatos eivados de dolo quanto \u00e0 integridade, atualidade e exatid\u00e3o de tais informa\u00e7\u00f5es.<\/span><\/p>\n<p><span style=\"font-weight: 400;\">\u200b<\/span><span style=\"font-weight: 400;\">N\u00f3s n\u00e3o podemos garantir que o acesso ao site seja livre de erros ou problemas decorrentes de casos fortuitos, internos ou externos, casos de for\u00e7a maior ou por outros casos n\u00e3o inteiramente sujeitos ao nosso controle direto. Em tais hip\u00f3teses, voc\u00ea declara e se obriga a isentar o Daher Pl\u00e1stica de quaisquer reclama\u00e7\u00f5es referentes a interrup\u00e7\u00f5es, intercepta\u00e7\u00f5es, invas\u00f5es, dissemina\u00e7\u00e3o de v\u00edrus e outros atos il\u00edcitos.<\/span><\/p>\n<p><span style=\"font-weight: 400;\">Eventualmente, o Daher Pl\u00e1stica poder\u00e1 disponibilizar links de acesso para outros sites. N\u00f3s n\u00e3o teremos qualquer responsabilidade pelos servi\u00e7os ou funcionalidades de terceiros. Voc\u00ea concorda, ainda, que n\u00e3o \u00e9 dever do Daher Pl\u00e1stica fiscalizar o conte\u00fado de tais outros sites. O site tamb\u00e9m poder\u00e1 conter not\u00edcias escritas por terceiros. Nesses casos, n\u00f3s n\u00e3o nos responsabilizamos pela exatid\u00e3o e autoria desses materiais.<\/span><\/p>\n<p><span style=\"font-weight: 400;\">\u200b<\/span><\/p>\n<p><b>4.Propriedades<\/b><\/p>\n<p><span style=\"font-weight: 400;\">Voc\u00ea concorda que todos os textos, imagens, v\u00eddeos, informa\u00e7\u00f5es, \u00edcones, softwares, \u00e1udios, logotipos, designs, c\u00f3digos de computador e outros conte\u00fados contidos neste site s\u00e3o de nossa propriedade exclusiva e est\u00e3o protegidos pelas leis de direitos autorais, marcas e outras.\u00a0<\/span><\/p>\n<p><span style=\"font-weight: 400;\">Voc\u00ea n\u00e3o dever\u00e1 reproduzir, modificar, compilar, descompilar, transmitir, publicar, sublicenciar, alugar, vender ou distribuir, no todo ou em parte, qualquer conte\u00fado deste site sem nossa pr\u00e9via autoriza\u00e7\u00e3o por escrito.<\/span><\/p>\n<p><span style=\"font-weight: 400;\">\u200bVoc\u00ea garante que n\u00e3o registrar\u00e1 nomes de dom\u00ednio na internet, perante quaisquer entidades, contendo marcas e nomes do Daher Pl\u00e1stica. Voc\u00ea se compromete a respeitar a nossa marca, n\u00e3o devendo utiliz\u00e1-la sem pr\u00e9via autoriza\u00e7\u00e3o por escrito da empresa nem praticar atos que possam denegri-la.<\/span><\/p>\n<p>&nbsp;<\/p>\n<p><b>5.Altera\u00e7\u00f5es na pol\u00edtica de privacidade<\/b><\/p>\n<p><span style=\"font-weight: 400;\">Reservamos o direito de modificar estes termos para melhorar nosso servi\u00e7o, acrescentar novas solu\u00e7\u00f5es e realizar ajustes t\u00e9cnicos. Dessa forma, pedimos que os revise com frequ\u00eancia. Caso autorize, podemos avis\u00e1-lo por e-mail sobre as altera\u00e7\u00f5es realizadas.<\/span><\/p>\n<p><span style=\"font-weight: 400;\">A data de atualiza\u00e7\u00e3o se encontrar\u00e1 sempre no cabe\u00e7alho desta p\u00e1gina, e as vers\u00f5es anteriores podem ser acessadas no mesmo local ou solicitadas pelo e-mail atendimento@agenciarizzo.com.br.\u00a0<\/span><\/p>\n<p><span style=\"font-weight: 400;\">\u200b<\/span><\/p>\n<p><b>6.Legisla\u00e7\u00e3o e jurisdi\u00e7\u00e3o<\/b><\/p>\n<p><span style=\"font-weight: 400;\">Este termo de uso ser\u00e1 regido pelas leis brasileiras e suas controv\u00e9rsias dever\u00e3o ser solucionadas entre o usu\u00e1rio e o Daher Pl\u00e1stica no Foro de Bras\u00edlia, com expressa ren\u00fancia a qualquer outro, por mais privilegiado que seja.<\/span><\/p>\n<p><span style=\"font-weight: 400;\">\u00a0<\/span><span style=\"font-weight: 400;\">Ao navegar neste site, o usu\u00e1rio ter\u00e1 aceito explicitamente todos os termos de uso aqui estabelecidos. Se voc\u00ea n\u00e3o concordar com estas condi\u00e7\u00f5es, pedimos, por gentileza, que interrompa seu acesso.<\/span><\/p>\n<\/div><\/div><\/div><\/div><\/div><\/div><\/div><\/div><\/div><\/section>\n","protected":false},"excerpt":{"rendered":"Vers\u00e3o 1.0 atualizada em 26\/09\/2022.\u00a0 &nbsp; 1.Contrato Ao acessar qualquer conte\u00fado deste site ou usar qualquer um dos nossos servi\u00e7os, voc\u00ea estar\u00e1 celebrando um contrato vinculativo com a seguinte pessoa jur\u00eddica:\u00a0 Nome: Daher Pl\u00e1stica Enrede\u00e7o: SHIS, QI 7, Conj. F, Lago Sul, Bras\u00edlia-DF, 71615-660 &nbsp; 2.Uso As informa\u00e7\u00f5es contidas neste site t\u00eam car\u00e1ter meramente informativo...","protected":false},"author":1,"featured_media":0,"parent":0,"menu_order":0,"comment_status":"closed","ping_status":"closed","template":"","meta":{"footnotes":""},"yoast_head":"<!-- This site is optimized with the Yoast SEO plugin v21.6 - https:\/\/yoast.com\/wordpress\/plugins\/seo\/ -->\n<title>Termos de uso - Dr. Jos\u00e9 Carlos Daher<\/title>\n<meta name=\"robots\" content=\"index, follow, max-snippet:-1, max-image-preview:large, max-video-preview:-1\" \/>\n<link rel=\"canonical\" href=\"https:\/\/hospitaldaher.com.br\/plastica\/termos-de-uso\/\" \/>\n<meta property=\"og:locale\" content=\"pt_BR\" \/>\n<meta property=\"og:type\" content=\"article\" \/>\n<meta property=\"og:title\" content=\"Termos de uso - Dr. Jos\u00e9 Carlos Daher\" \/>\n<meta property=\"og:url\" content=\"https:\/\/hospitaldaher.com.br\/plastica\/termos-de-uso\/\" \/>\n<meta property=\"og:site_name\" content=\"Dr. Jos\u00e9 Carlos Daher\" \/>\n<meta property=\"article:publisher\" content=\"https:\/\/www.facebook.com\/daherplastica\/\" \/>\n<meta property=\"article:modified_time\" content=\"2022-09-26T15:22:32+00:00\" \/>\n<meta name=\"twitter:card\" content=\"summary_large_image\" \/>\n<meta name=\"twitter:label1\" content=\"Est. tempo de leitura\" \/>\n\t<meta name=\"twitter:data1\" content=\"3 minutos\" \/>\n<script type=\"application\/ld+json\" class=\"yoast-schema-graph\">{\"@context\":\"https:\/\/schema.org\",\"@graph\":[{\"@type\":\"NewsArticle\",\"@id\":\"https:\/\/hospitaldaher.com.br\/plastica\/termos-de-uso\/#article\",\"isPartOf\":{\"@id\":\"https:\/\/hospitaldaher.com.br\/plastica\/termos-de-uso\/\"},\"author\":{\"name\":\"dah_plastica\",\"@id\":\"https:\/\/hospitaldaher.com.br\/plastica\/#\/schema\/person\/990274ce18410601a15d815dac9cd1ce\"},\"headline\":\"Termos de uso\",\"datePublished\":\"2022-09-26T15:19:51+00:00\",\"dateModified\":\"2022-09-26T15:22:32+00:00\",\"mainEntityOfPage\":{\"@id\":\"https:\/\/hospitaldaher.com.br\/plastica\/termos-de-uso\/\"},\"wordCount\":689,\"publisher\":{\"@id\":\"https:\/\/hospitaldaher.com.br\/plastica\/#organization\"},\"inLanguage\":\"pt-BR\"},{\"@type\":[\"WebPage\",\"MedicalWebPage\"],\"@id\":\"https:\/\/hospitaldaher.com.br\/plastica\/termos-de-uso\/\",\"url\":\"https:\/\/hospitaldaher.com.br\/plastica\/termos-de-uso\/\",\"name\":\"Termos de uso - Dr. Jos\u00e9 Carlos Daher\",\"isPartOf\":{\"@id\":\"https:\/\/hospitaldaher.com.br\/plastica\/#website\"},\"datePublished\":\"2022-09-26T15:19:51+00:00\",\"dateModified\":\"2022-09-26T15:22:32+00:00\",\"breadcrumb\":{\"@id\":\"https:\/\/hospitaldaher.com.br\/plastica\/termos-de-uso\/#breadcrumb\"},\"inLanguage\":\"pt-BR\",\"potentialAction\":[{\"@type\":\"ReadAction\",\"target\":[\"https:\/\/hospitaldaher.com.br\/plastica\/termos-de-uso\/\"]}]},{\"@type\":\"BreadcrumbList\",\"@id\":\"https:\/\/hospitaldaher.com.br\/plastica\/termos-de-uso\/#breadcrumb\",\"itemListElement\":[{\"@type\":\"ListItem\",\"position\":1,\"name\":\"In\u00edcio\",\"item\":\"https:\/\/hospitaldaher.com.br\/plastica\/\"},{\"@type\":\"ListItem\",\"position\":2,\"name\":\"Termos de uso\"}]},{\"@type\":\"WebSite\",\"@id\":\"https:\/\/hospitaldaher.com.br\/plastica\/#website\",\"url\":\"https:\/\/hospitaldaher.com.br\/plastica\/\",\"name\":\"Dr. Jos\u00e9 Carlos Daher\",\"description\":\"Cirurgia Pl\u00e1stica\",\"publisher\":{\"@id\":\"https:\/\/hospitaldaher.com.br\/plastica\/#organization\"},\"potentialAction\":[{\"@type\":\"SearchAction\",\"target\":{\"@type\":\"EntryPoint\",\"urlTemplate\":\"https:\/\/hospitaldaher.com.br\/plastica\/?s={search_term_string}\"},\"query-input\":\"required name=search_term_string\"}],\"inLanguage\":\"pt-BR\"},{\"@type\":\"Organization\",\"@id\":\"https:\/\/hospitaldaher.com.br\/plastica\/#organization\",\"name\":\"Daher Pl\u00e1stica - Dr. Jos\u00e9 Carlos Daher e Dr. Leonardo Daher\",\"url\":\"https:\/\/hospitaldaher.com.br\/plastica\/\",\"logo\":{\"@type\":\"ImageObject\",\"inLanguage\":\"pt-BR\",\"@id\":\"https:\/\/hospitaldaher.com.br\/plastica\/#\/schema\/logo\/image\/\",\"url\":\"https:\/\/hospitaldaher.com.br\/plastica\/wp-content\/uploads\/2022\/09\/Logo_Jose_Carlos_Daher_em_Brasilia_Black.svg\",\"contentUrl\":\"https:\/\/hospitaldaher.com.br\/plastica\/wp-content\/uploads\/2022\/09\/Logo_Jose_Carlos_Daher_em_Brasilia_Black.svg\",\"width\":\"1030\",\"height\":\"1030\",\"caption\":\"Daher Pl\u00e1stica - Dr. Jos\u00e9 Carlos Daher e Dr. Leonardo Daher\"},\"image\":{\"@id\":\"https:\/\/hospitaldaher.com.br\/plastica\/#\/schema\/logo\/image\/\"},\"sameAs\":[\"https:\/\/www.facebook.com\/daherplastica\/\",\"https:\/\/www.instagram.com\/doutor_daher\/\"]},{\"@type\":\"Person\",\"@id\":\"https:\/\/hospitaldaher.com.br\/plastica\/#\/schema\/person\/990274ce18410601a15d815dac9cd1ce\",\"name\":\"dah_plastica\",\"image\":{\"@type\":\"ImageObject\",\"inLanguage\":\"pt-BR\",\"@id\":\"https:\/\/hospitaldaher.com.br\/plastica\/#\/schema\/person\/image\/\",\"url\":\"https:\/\/hospitaldaher.com.br\/plastica\/wp-content\/litespeed\/avatar\/219b5c57043255d7a73fc02ab67a7860.jpg?ver=1777469907\",\"contentUrl\":\"https:\/\/hospitaldaher.com.br\/plastica\/wp-content\/litespeed\/avatar\/219b5c57043255d7a73fc02ab67a7860.jpg?ver=1777469907\",\"caption\":\"dah_plastica\"}}]}<\/script>\n<!-- \/ Yoast SEO plugin. -->","yoast_head_json":{"title":"Termos de uso - Dr. Jos\u00e9 Carlos Daher","robots":{"index":"index","follow":"follow","max-snippet":"max-snippet:-1","max-image-preview":"max-image-preview:large","max-video-preview":"max-video-preview:-1"},"canonical":"https:\/\/hospitaldaher.com.br\/plastica\/termos-de-uso\/","og_locale":"pt_BR","og_type":"article","og_title":"Termos de uso - Dr. Jos\u00e9 Carlos Daher","og_url":"https:\/\/hospitaldaher.com.br\/plastica\/termos-de-uso\/","og_site_name":"Dr. Jos\u00e9 Carlos Daher","article_publisher":"https:\/\/www.facebook.com\/daherplastica\/","article_modified_time":"2022-09-26T15:22:32+00:00","twitter_card":"summary_large_image","twitter_misc":{"Est. tempo de leitura":"3 minutos"},"schema":{"@context":"https:\/\/schema.org","@graph":[{"@type":"NewsArticle","@id":"https:\/\/hospitaldaher.com.br\/plastica\/termos-de-uso\/#article","isPartOf":{"@id":"https:\/\/hospitaldaher.com.br\/plastica\/termos-de-uso\/"},"author":{"name":"dah_plastica","@id":"https:\/\/hospitaldaher.com.br\/plastica\/#\/schema\/person\/990274ce18410601a15d815dac9cd1ce"},"headline":"Termos de uso","datePublished":"2022-09-26T15:19:51+00:00","dateModified":"2022-09-26T15:22:32+00:00","mainEntityOfPage":{"@id":"https:\/\/hospitaldaher.com.br\/plastica\/termos-de-uso\/"},"wordCount":689,"publisher":{"@id":"https:\/\/hospitaldaher.com.br\/plastica\/#organization"},"inLanguage":"pt-BR"},{"@type":["WebPage","MedicalWebPage"],"@id":"https:\/\/hospitaldaher.com.br\/plastica\/termos-de-uso\/","url":"https:\/\/hospitaldaher.com.br\/plastica\/termos-de-uso\/","name":"Termos de uso - Dr. Jos\u00e9 Carlos Daher","isPartOf":{"@id":"https:\/\/hospitaldaher.com.br\/plastica\/#website"},"datePublished":"2022-09-26T15:19:51+00:00","dateModified":"2022-09-26T15:22:32+00:00","breadcrumb":{"@id":"https:\/\/hospitaldaher.com.br\/plastica\/termos-de-uso\/#breadcrumb"},"inLanguage":"pt-BR","potentialAction":[{"@type":"ReadAction","target":["https:\/\/hospitaldaher.com.br\/plastica\/termos-de-uso\/"]}]},{"@type":"BreadcrumbList","@id":"https:\/\/hospitaldaher.com.br\/plastica\/termos-de-uso\/#breadcrumb","itemListElement":[{"@type":"ListItem","position":1,"name":"In\u00edcio","item":"https:\/\/hospitaldaher.com.br\/plastica\/"},{"@type":"ListItem","position":2,"name":"Termos de uso"}]},{"@type":"WebSite","@id":"https:\/\/hospitaldaher.com.br\/plastica\/#website","url":"https:\/\/hospitaldaher.com.br\/plastica\/","name":"Dr. Jos\u00e9 Carlos Daher","description":"Cirurgia Pl\u00e1stica","publisher":{"@id":"https:\/\/hospitaldaher.com.br\/plastica\/#organization"},"potentialAction":[{"@type":"SearchAction","target":{"@type":"EntryPoint","urlTemplate":"https:\/\/hospitaldaher.com.br\/plastica\/?s={search_term_string}"},"query-input":"required name=search_term_string"}],"inLanguage":"pt-BR"},{"@type":"Organization","@id":"https:\/\/hospitaldaher.com.br\/plastica\/#organization","name":"Daher Pl\u00e1stica - Dr. Jos\u00e9 Carlos Daher e Dr. Leonardo Daher","url":"https:\/\/hospitaldaher.com.br\/plastica\/","logo":{"@type":"ImageObject","inLanguage":"pt-BR","@id":"https:\/\/hospitaldaher.com.br\/plastica\/#\/schema\/logo\/image\/","url":"https:\/\/hospitaldaher.com.br\/plastica\/wp-content\/uploads\/2022\/09\/Logo_Jose_Carlos_Daher_em_Brasilia_Black.svg","contentUrl":"https:\/\/hospitaldaher.com.br\/plastica\/wp-content\/uploads\/2022\/09\/Logo_Jose_Carlos_Daher_em_Brasilia_Black.svg","width":"1030","height":"1030","caption":"Daher Pl\u00e1stica - Dr. Jos\u00e9 Carlos Daher e Dr. Leonardo Daher"},"image":{"@id":"https:\/\/hospitaldaher.com.br\/plastica\/#\/schema\/logo\/image\/"},"sameAs":["https:\/\/www.facebook.com\/daherplastica\/","https:\/\/www.instagram.com\/doutor_daher\/"]},{"@type":"Person","@id":"https:\/\/hospitaldaher.com.br\/plastica\/#\/schema\/person\/990274ce18410601a15d815dac9cd1ce","name":"dah_plastica","image":{"@type":"ImageObject","inLanguage":"pt-BR","@id":"https:\/\/hospitaldaher.com.br\/plastica\/#\/schema\/person\/image\/","url":"https:\/\/hospitaldaher.com.br\/plastica\/wp-content\/litespeed\/avatar\/219b5c57043255d7a73fc02ab67a7860.jpg?ver=1777469907","contentUrl":"https:\/\/hospitaldaher.com.br\/plastica\/wp-content\/litespeed\/avatar\/219b5c57043255d7a73fc02ab67a7860.jpg?ver=1777469907","caption":"dah_plastica"}}]}},"_links":{"self":[{"href":"https:\/\/hospitaldaher.com.br\/plastica\/wp-json\/wp\/v2\/pages\/7408"}],"collection":[{"href":"https:\/\/hospitaldaher.com.br\/plastica\/wp-json\/wp\/v2\/pages"}],"about":[{"href":"https:\/\/hospitaldaher.com.br\/plastica\/wp-json\/wp\/v2\/types\/page"}],"author":[{"embeddable":true,"href":"https:\/\/hospitaldaher.com.br\/plastica\/wp-json\/wp\/v2\/users\/1"}],"replies":[{"embeddable":true,"href":"https:\/\/hospitaldaher.com.br\/plastica\/wp-json\/wp\/v2\/comments?post=7408"}],"version-history":[{"count":3,"href":"https:\/\/hospitaldaher.com.br\/plastica\/wp-json\/wp\/v2\/pages\/7408\/revisions"}],"predecessor-version":[{"id":7411,"href":"https:\/\/hospitaldaher.com.br\/plastica\/wp-json\/wp\/v2\/pages\/7408\/revisions\/7411"}],"wp:attachment":[{"href":"https:\/\/hospitaldaher.com.br\/plastica\/wp-json\/wp\/v2\/media?parent=7408"}],"curies":[{"name":"wp","href":"https:\/\/api.w.org\/{rel}","templated":true}]}}